{"id":15038,"date":"2026-02-12T15:08:29","date_gmt":"2026-02-12T13:08:29","guid":{"rendered":"https:\/\/icdp.ro\/?page_id=15038"},"modified":"2026-02-12T15:08:29","modified_gmt":"2026-02-12T13:08:29","slug":"rezultate","status":"publish","type":"page","link":"https:\/\/icdp.ro\/ro\/cercetare\/proiecte-nationale\/plan-tematic-asas\/asas-5-2023-2027\/rezultate\/","title":{"rendered":"Rezultate"},"content":{"rendered":"<h5 class=\"fusion-responsive-typography-calculated\" data-fontsize=\"22\" data-lineheight=\"30.8px\">Rezultate<\/h5>\n<p>&#8211;&nbsp; Expozi\u021bii de fructe, cu fi\u0219e de degustare \u0219i apreciere a calit\u0103\u021bilor organoleptice a fructelor;<br \/>\n&#8211; Participare la manifest\u0103ri \u0219tiin\u021bifice interna\u021bionale \u0219i na\u021bionale (workshopuri, simpozioane, conferin\u021be, sesiuni de referate);<br \/>\n&#8211; List\u0103 cu soiurile \/ speciile care au ob\u021binut rezultate importante la evaluarea \u00eensu\u0219irilor agronomice, fiziologice \u0219i biochimice, pentru recomandarea extinderii lor \u00een cultur\u0103 \u00een zonele de maxim\u0103 favorabilitate climatic\u0103.<\/p>\n<p>&nbsp;<\/p>\n","protected":false},"excerpt":{"rendered":"<p>Rezultate &#8211;&nbsp; Expozi\u021bii de fructe, cu fi\u0219e de degustare \u0219i apreciere a calit\u0103\u021bilor organoleptice a fructelor; &#8211; Participare la manifest\u0103ri \u0219tiin\u021bifice interna\u021bionale \u0219i na\u021bionale (workshopuri, simpozioane, conferin\u021be, sesiuni de referate); &#8211; List\u0103 cu soiurile \/ speciile care au ob\u021binut rezultate importante la evaluarea \u00eensu\u0219irilor agronomice, fiziologice \u0219i biochimice, pentru recomandarea extinderii lor \u00een cultur\u0103 \u00een  [&#8230;]<\/p>\n","protected":false},"author":1,"featured_media":0,"parent":15026,"menu_order":0,"comment_status":"closed","ping_status":"closed","template":"","meta":{"ngg_post_thumbnail":0,"footnotes":""},"categories":[],"tags":[],"class_list":["post-15038","page","type-page","status-publish","hentry"],"_links":{"self":[{"href":"https:\/\/icdp.ro\/ro\/wp-json\/wp\/v2\/pages\/15038","targetHints":{"allow":["GET"]}}],"collection":[{"href":"https:\/\/icdp.ro\/ro\/wp-json\/wp\/v2\/pages"}],"about":[{"href":"https:\/\/icdp.ro\/ro\/wp-json\/wp\/v2\/types\/page"}],"author":[{"embeddable":true,"href":"https:\/\/icdp.ro\/ro\/wp-json\/wp\/v2\/users\/1"}],"replies":[{"embeddable":true,"href":"https:\/\/icdp.ro\/ro\/wp-json\/wp\/v2\/comments?post=15038"}],"version-history":[{"count":1,"href":"https:\/\/icdp.ro\/ro\/wp-json\/wp\/v2\/pages\/15038\/revisions"}],"predecessor-version":[{"id":15039,"href":"https:\/\/icdp.ro\/ro\/wp-json\/wp\/v2\/pages\/15038\/revisions\/15039"}],"up":[{"embeddable":true,"href":"https:\/\/icdp.ro\/ro\/wp-json\/wp\/v2\/pages\/15026"}],"wp:attachment":[{"href":"https:\/\/icdp.ro\/ro\/wp-json\/wp\/v2\/media?parent=15038"}],"wp:term":[{"taxonomy":"category","embeddable":true,"href":"https:\/\/icdp.ro\/ro\/wp-json\/wp\/v2\/categories?post=15038"},{"taxonomy":"post_tag","embeddable":true,"href":"https:\/\/icdp.ro\/ro\/wp-json\/wp\/v2\/tags?post=15038"}],"curies":[{"name":"wp","href":"https:\/\/api.w.org\/{rel}","templated":true}]}}