{"id":15020,"date":"2026-02-12T15:02:00","date_gmt":"2026-02-12T13:02:00","guid":{"rendered":"https:\/\/icdp.ro\/?page_id=15020"},"modified":"2026-02-12T15:02:00","modified_gmt":"2026-02-12T13:02:00","slug":"scop-si-obiective","status":"publish","type":"page","link":"https:\/\/icdp.ro\/ro\/cercetare\/proiecte-nationale\/plan-tematic-asas\/asas-4-2023-2027\/scop-si-obiective\/","title":{"rendered":"Scop si obiective"},"content":{"rendered":"<h5 class=\"fusion-responsive-typography-calculated\" data-fontsize=\"22\" data-lineheight=\"30.8px\">Scop si obiective<\/h5>\n<p><strong>Scopul proiectului<\/strong>: Elaborarea unor secven\u0163e tehnologice de prevenire \u0219i combatere a organismelor d\u0103un\u0103toare din planta\u0163iile de <em>m\u0103r<\/em>, <em>alun <\/em>\u0219i <em>aronia<\/em>, care s\u0103 conduc\u0103 la reabilitarea mediului \u0219i ob\u021binerea unor produse s\u0103n\u0103toase, \u00een sistem ecologic.<\/p>\n<p><strong>Obiectivele proiectului<\/strong>:<\/p>\n<p>&#8211; Realizarea de secven\u021be tehnologice ecologice privind managementul combaterii organismelor d\u0103un\u0103toare din planta\u021biile de <em>m\u0103r<\/em>, <em>aronia <\/em>\u0219i <em>alun<\/em>.<\/p>\n<p>&#8211; Promovarea soiurilor de pomi \u0219i arbu\u0219ti fructiferi cu rezisten\u021b\u0103\/toleran\u021b\u0103 la boli \u0219i d\u0103un\u0103tori, pretabile pentru pomicultura ecologic\u0103.<\/p>\n<p>&nbsp;<\/p>\n","protected":false},"excerpt":{"rendered":"<p>Scop si obiective Scopul proiectului: Elaborarea unor secven\u0163e tehnologice de prevenire \u0219i combatere a organismelor d\u0103un\u0103toare din planta\u0163iile de m\u0103r, alun \u0219i aronia, care s\u0103 conduc\u0103 la reabilitarea mediului \u0219i ob\u021binerea unor produse s\u0103n\u0103toase, \u00een sistem ecologic. Obiectivele proiectului: &#8211; Realizarea de secven\u021be tehnologice ecologice privind managementul combaterii organismelor d\u0103un\u0103toare din planta\u021biile de m\u0103r, aronia  [&#8230;]<\/p>\n","protected":false},"author":1,"featured_media":0,"parent":15014,"menu_order":3,"comment_status":"closed","ping_status":"closed","template":"","meta":{"ngg_post_thumbnail":0,"footnotes":""},"categories":[],"tags":[],"class_list":["post-15020","page","type-page","status-publish","hentry"],"_links":{"self":[{"href":"https:\/\/icdp.ro\/ro\/wp-json\/wp\/v2\/pages\/15020","targetHints":{"allow":["GET"]}}],"collection":[{"href":"https:\/\/icdp.ro\/ro\/wp-json\/wp\/v2\/pages"}],"about":[{"href":"https:\/\/icdp.ro\/ro\/wp-json\/wp\/v2\/types\/page"}],"author":[{"embeddable":true,"href":"https:\/\/icdp.ro\/ro\/wp-json\/wp\/v2\/users\/1"}],"replies":[{"embeddable":true,"href":"https:\/\/icdp.ro\/ro\/wp-json\/wp\/v2\/comments?post=15020"}],"version-history":[{"count":1,"href":"https:\/\/icdp.ro\/ro\/wp-json\/wp\/v2\/pages\/15020\/revisions"}],"predecessor-version":[{"id":15021,"href":"https:\/\/icdp.ro\/ro\/wp-json\/wp\/v2\/pages\/15020\/revisions\/15021"}],"up":[{"embeddable":true,"href":"https:\/\/icdp.ro\/ro\/wp-json\/wp\/v2\/pages\/15014"}],"wp:attachment":[{"href":"https:\/\/icdp.ro\/ro\/wp-json\/wp\/v2\/media?parent=15020"}],"wp:term":[{"taxonomy":"category","embeddable":true,"href":"https:\/\/icdp.ro\/ro\/wp-json\/wp\/v2\/categories?post=15020"},{"taxonomy":"post_tag","embeddable":true,"href":"https:\/\/icdp.ro\/ro\/wp-json\/wp\/v2\/tags?post=15020"}],"curies":[{"name":"wp","href":"https:\/\/api.w.org\/{rel}","templated":true}]}}