{"id":15018,"date":"2026-02-12T15:01:24","date_gmt":"2026-02-12T13:01:24","guid":{"rendered":"https:\/\/icdp.ro\/?page_id=15018"},"modified":"2026-02-12T15:01:24","modified_gmt":"2026-02-12T13:01:24","slug":"rezumat","status":"publish","type":"page","link":"https:\/\/icdp.ro\/ro\/cercetare\/proiecte-nationale\/plan-tematic-asas\/asas-4-2023-2027\/rezumat\/","title":{"rendered":"Rezumat"},"content":{"rendered":"<h5 class=\"fusion-responsive-typography-calculated\" data-fontsize=\"22\" data-lineheight=\"30.8px\">Rezumat<\/h5>\n<p>Proiectul va aborda o problematic\u0103 complex\u0103: identificarea unor solu\u0163ii eficiente de combatere a organismelor d\u0103un\u0103toare din planta\u021biile pomicole, bazate pe mijloace <em>biotehnice<\/em> &#8211; <em>produse feromonale<\/em>, produse pe baz\u0103 de <em>microorganisme<\/em> (bacterii, virusuri \u0219i ciuperci entomopatogeme), produse fortifiante de origine natural\u0103, cu efect <em>stimulent al mecanismelor de inducere a rezisten\u021bei<\/em> plantelor la stresul abiotic, precum \u0219i produse <em>fitosanitare ecologice<\/em> &#8211; \u00een limitele autorizate de reglement\u0103rile \u00een domeniu.<\/p>\n<p>&nbsp;&nbsp;&nbsp;&nbsp;&nbsp;&nbsp;&nbsp;&nbsp;&nbsp;&nbsp; Gradul de noutate este dat de:<\/p>\n<p>&#8211; utilizarea unor produse biologice inovative, pentru controlul agen\u021bilor d\u0103un\u0103tori specifici;<br \/>\n&#8211; utilizatea unor instrumente integrate de asisten\u021b\u0103 pentru monitorizarea principalilor d\u0103un\u0103tori, care ofer\u0103 informa\u021bii \u00een timp real despre dinamica popula\u021biei acestora \u00een planta\u021bii;<br \/>\n-utilizarea metodei biotehnice \u201d<em>Atract and Kill<\/em>\u201d (atrage \u0219i ucide) respectiv a metodei \u201d<em>Matting disruption<\/em>\u201d (perturbarea \u00eemperecherii adul\u021bilor), pentru combaterea principalelor microlepidoptere d\u0103un\u0103toare.<\/p>\n<p>&nbsp;&nbsp;&nbsp;&nbsp;&nbsp;&nbsp;&nbsp; Gradul de complexitate al proiectului propus este foarte mare, deoarece vizeaz\u0103 at\u00e2t organismele d\u0103un\u0103toare, c\u00e2t \u015fi planta gazd\u0103 (soiul\/selec\u0163ia), sub influen\u0163a direct\u0103 a factorilor de mediu, urm\u0103rindu-se \u0163inerea sub control \u015fi limitarea r\u0103sp\u00e2ndirii acestora, utiliz\u00e2nd metode de prevenire \u015fi combatere acceptate \u00een agricultura ecologic\u0103.<br \/>\nDerularea proiectului urm\u0103re\u015fte elaborarea unor seven\u021be tehnologice ecologice, care au drept scop&nbsp; asigurarea&nbsp; unui echilibru \u00een sistemul sol &#8211; plant\u0103 &#8211; mediu &#8211; habitat uman &#8211; societate, conduc\u00e2nd \u00een final la conservarea stabilit\u0103\u0163ii agro-ecosistemelor \u015fi calit\u0103\u0163ii mediului, la protec\u0163ia \u015fi ameliorarea resurselor naturale.<\/p>\n<p>&nbsp;<\/p>\n","protected":false},"excerpt":{"rendered":"<p>Rezumat Proiectul va aborda o problematic\u0103 complex\u0103: identificarea unor solu\u0163ii eficiente de combatere a organismelor d\u0103un\u0103toare din planta\u021biile pomicole, bazate pe mijloace biotehnice &#8211; produse feromonale, produse pe baz\u0103 de microorganisme (bacterii, virusuri \u0219i ciuperci entomopatogeme), produse fortifiante de origine natural\u0103, cu efect stimulent al mecanismelor de inducere a rezisten\u021bei plantelor la stresul abiotic, precum  [&#8230;]<\/p>\n","protected":false},"author":1,"featured_media":0,"parent":15014,"menu_order":2,"comment_status":"closed","ping_status":"closed","template":"","meta":{"ngg_post_thumbnail":0,"footnotes":""},"categories":[],"tags":[],"class_list":["post-15018","page","type-page","status-publish","hentry"],"_links":{"self":[{"href":"https:\/\/icdp.ro\/ro\/wp-json\/wp\/v2\/pages\/15018","targetHints":{"allow":["GET"]}}],"collection":[{"href":"https:\/\/icdp.ro\/ro\/wp-json\/wp\/v2\/pages"}],"about":[{"href":"https:\/\/icdp.ro\/ro\/wp-json\/wp\/v2\/types\/page"}],"author":[{"embeddable":true,"href":"https:\/\/icdp.ro\/ro\/wp-json\/wp\/v2\/users\/1"}],"replies":[{"embeddable":true,"href":"https:\/\/icdp.ro\/ro\/wp-json\/wp\/v2\/comments?post=15018"}],"version-history":[{"count":1,"href":"https:\/\/icdp.ro\/ro\/wp-json\/wp\/v2\/pages\/15018\/revisions"}],"predecessor-version":[{"id":15019,"href":"https:\/\/icdp.ro\/ro\/wp-json\/wp\/v2\/pages\/15018\/revisions\/15019"}],"up":[{"embeddable":true,"href":"https:\/\/icdp.ro\/ro\/wp-json\/wp\/v2\/pages\/15014"}],"wp:attachment":[{"href":"https:\/\/icdp.ro\/ro\/wp-json\/wp\/v2\/media?parent=15018"}],"wp:term":[{"taxonomy":"category","embeddable":true,"href":"https:\/\/icdp.ro\/ro\/wp-json\/wp\/v2\/categories?post=15018"},{"taxonomy":"post_tag","embeddable":true,"href":"https:\/\/icdp.ro\/ro\/wp-json\/wp\/v2\/tags?post=15018"}],"curies":[{"name":"wp","href":"https:\/\/api.w.org\/{rel}","templated":true}]}}