{"id":15012,"date":"2026-02-12T14:57:43","date_gmt":"2026-02-12T12:57:43","guid":{"rendered":"https:\/\/icdp.ro\/?page_id=15012"},"modified":"2026-02-12T14:57:43","modified_gmt":"2026-02-12T12:57:43","slug":"rezultate","status":"publish","type":"page","link":"https:\/\/icdp.ro\/ro\/cercetare\/proiecte-nationale\/plan-tematic-asas\/asas-3-2023-2027\/rezultate\/","title":{"rendered":"Rezultate"},"content":{"rendered":"<h5 class=\"fusion-responsive-typography-calculated\" data-fontsize=\"22\" data-lineheight=\"30.8px\">Rezultate<\/h5>\n<p>-Tehnologii de \u00eenmul\u021bire prin buta\u0219i verzi;<br \/>\n-Tehnologii de \u00eenmul\u021bire prin marcotaj la portaltoi de p\u0103r \/gutui;<br \/>\n-Procedeu pentru formarea coroanei cu l\u0103stari anticipa\u021bi \u00een c\u00e2mpul II al pepinierei;<br \/>\n-Protocol altoire la mas\u0103;<br \/>\n-Tehnologie \u00eenmul\u021bire <em>in vitro<\/em> portaltoi pomicoli \u0219i alun;<br \/>\n-Perfec\u021bionarea procedeelor de micropropagre a unor soiuri de c\u0103p\u0219un \u0219i arbu\u0219ti fructiferi;<\/p>\n","protected":false},"excerpt":{"rendered":"<p>Rezultate -Tehnologii de \u00eenmul\u021bire prin buta\u0219i verzi; -Tehnologii de \u00eenmul\u021bire prin marcotaj la portaltoi de p\u0103r \/gutui; -Procedeu pentru formarea coroanei cu l\u0103stari anticipa\u021bi \u00een c\u00e2mpul II al pepinierei; -Protocol altoire la mas\u0103; -Tehnologie \u00eenmul\u021bire in vitro portaltoi pomicoli \u0219i alun; -Perfec\u021bionarea procedeelor de micropropagre a unor soiuri de c\u0103p\u0219un \u0219i arbu\u0219ti fructiferi;<\/p>\n","protected":false},"author":1,"featured_media":0,"parent":15000,"menu_order":0,"comment_status":"closed","ping_status":"closed","template":"","meta":{"ngg_post_thumbnail":0,"footnotes":""},"categories":[],"tags":[],"class_list":["post-15012","page","type-page","status-publish","hentry"],"_links":{"self":[{"href":"https:\/\/icdp.ro\/ro\/wp-json\/wp\/v2\/pages\/15012","targetHints":{"allow":["GET"]}}],"collection":[{"href":"https:\/\/icdp.ro\/ro\/wp-json\/wp\/v2\/pages"}],"about":[{"href":"https:\/\/icdp.ro\/ro\/wp-json\/wp\/v2\/types\/page"}],"author":[{"embeddable":true,"href":"https:\/\/icdp.ro\/ro\/wp-json\/wp\/v2\/users\/1"}],"replies":[{"embeddable":true,"href":"https:\/\/icdp.ro\/ro\/wp-json\/wp\/v2\/comments?post=15012"}],"version-history":[{"count":1,"href":"https:\/\/icdp.ro\/ro\/wp-json\/wp\/v2\/pages\/15012\/revisions"}],"predecessor-version":[{"id":15013,"href":"https:\/\/icdp.ro\/ro\/wp-json\/wp\/v2\/pages\/15012\/revisions\/15013"}],"up":[{"embeddable":true,"href":"https:\/\/icdp.ro\/ro\/wp-json\/wp\/v2\/pages\/15000"}],"wp:attachment":[{"href":"https:\/\/icdp.ro\/ro\/wp-json\/wp\/v2\/media?parent=15012"}],"wp:term":[{"taxonomy":"category","embeddable":true,"href":"https:\/\/icdp.ro\/ro\/wp-json\/wp\/v2\/categories?post=15012"},{"taxonomy":"post_tag","embeddable":true,"href":"https:\/\/icdp.ro\/ro\/wp-json\/wp\/v2\/tags?post=15012"}],"curies":[{"name":"wp","href":"https:\/\/api.w.org\/{rel}","templated":true}]}}