{"id":15010,"date":"2026-02-12T14:56:53","date_gmt":"2026-02-12T12:56:53","guid":{"rendered":"https:\/\/icdp.ro\/?page_id=15010"},"modified":"2026-02-12T14:56:53","modified_gmt":"2026-02-12T12:56:53","slug":"schema-de-realizare","status":"publish","type":"page","link":"https:\/\/icdp.ro\/ro\/cercetare\/proiecte-nationale\/plan-tematic-asas\/asas-3-2023-2027\/schema-de-realizare\/","title":{"rendered":"Schema de realizare"},"content":{"rendered":"<h5 class=\"fusion-responsive-typography-calculated\" data-fontsize=\"22\" data-lineheight=\"30.8px\">Schema de realizare<\/h5>\n<p>&nbsp; &nbsp;<\/p>\n<div class=\"table-1\">\n<table>\n<tbody>\n<tr>\n<td rowspan=\"2\" width=\"36\"><strong>Nr. crt.<\/strong><\/td>\n<td rowspan=\"2\" width=\"47\"><strong>Anul<\/strong><\/td>\n<td rowspan=\"2\" width=\"57\"><strong>Luna<\/strong><\/td>\n<td colspan=\"2\" width=\"340\"><strong>&nbsp;<\/strong><\/td>\n<td width=\"85\"><strong>Valoare&nbsp;&nbsp; <\/strong><\/td>\n<td rowspan=\"2\" width=\"97\"><strong>Termen de predare<\/strong><\/td>\n<\/tr>\n<tr>\n<td width=\"47\"><strong>Cod faza<\/strong><\/td>\n<td width=\"293\"><strong>Denumire faza<\/strong><\/td>\n<td width=\"85\"><strong>lei<\/strong><\/td>\n<\/tr>\n<tr>\n<td width=\"36\">1.<\/td>\n<td width=\"47\">Anul 1<\/td>\n<td width=\"57\">1\u202612<\/td>\n<td width=\"47\"><strong>I<\/strong><\/td>\n<td width=\"293\"><strong>Documentare \u0219i&nbsp; elaborare model experimental.<\/strong><\/p>\n<p>Activitatea I. 1. Model conceptual &#8211; Plan de lucru intern, proiec\u021bie rezultate \u0219i termene la nivel de&nbsp; echip\u0103 de lucru. Analiz\u0103 factori de influen\u021b\u0103 (variabile) identifica\u021bi pentru derularea activit\u0103\u021bilor.<\/td>\n<td width=\"85\">3.000.000<\/td>\n<td width=\"97\">15.12.2023<\/td>\n<\/tr>\n<tr>\n<td width=\"36\">2<\/td>\n<td width=\"47\">Anul 2<\/td>\n<td width=\"57\">13-24<\/td>\n<td width=\"47\"><strong>II<\/strong><\/td>\n<td width=\"293\"><strong>Evaluarea rezultatelor \u00een primul an de observa\u021bii \u0219i determin\u0103ri.<\/strong><\/p>\n<p>Activitatea II. 1. Evaluarea comport\u0103rii la \u00eenr\u0103d\u0103cinare a buta\u0219ilor verzi \u0219i a marcotelor din genotipurile selectate.<\/p>\n<p>Activitatea II. 2. Evaluarea comport\u0103rii la tehnica de formare coroan\u0103 cu l\u0103stari anticipa\u021bi \u0219i a plantelor altoite la mas\u0103.<\/p>\n<p>Activitatea II. 3 &#8211; Introducerea \u00een procesul de micropropagare a sortimentului selectat. Stabilire protocol optim pentru diferen\u021bierea explantelor.<\/td>\n<td width=\"85\">3.000.000<\/td>\n<td width=\"97\">15.12.2024<\/td>\n<\/tr>\n<tr>\n<td width=\"36\">3<\/td>\n<td width=\"47\">Anul 3<\/td>\n<td width=\"57\">25-36<\/td>\n<td width=\"47\"><strong>III<\/strong><\/td>\n<td width=\"293\"><strong>Evaluarea rezultatelor \u00een anul II de observa\u021bii \u0219i determin\u0103ri.<\/strong><\/p>\n<p>Activitatea III. 1. Evaluarea comport\u0103rii la \u00eenr\u0103d\u0103cinare a buta\u0219ilor verzi \u0219i a marcotelor din genotipurile selectate.<\/p>\n<p>Activitatea III. 2 Evaluarea comport\u0103rii la tehnica de formare coroan\u0103 cu l\u0103stari anticipa\u021bi \u0219i a plantelor altoite la mas\u0103.<\/p>\n<p>Activitatea III. 3 \u2013 Evaluarea comport\u0103rii la multiplicare a sortimentului luat \u00een studiu. Stabilire protocol optim.<\/td>\n<td width=\"85\">3.500.000<\/td>\n<td width=\"97\">15.12.2025<\/td>\n<\/tr>\n<tr>\n<td width=\"36\">4.<\/td>\n<td width=\"47\">Anul 4<\/td>\n<td width=\"57\">37-48<\/td>\n<td width=\"47\"><strong>IV<\/strong><\/td>\n<td width=\"293\"><strong>Evaluarea rezultatelor \u00een anul III de observa\u021bii \u0219i determin\u0103ri.<\/strong><\/p>\n<p>Activitatea IV. 1. Evaluarea comport\u0103rii la \u00eenr\u0103d\u0103cinare a buta\u0219ilor verzi \u0219i a marcotelor din genotipurile selectate.<\/p>\n<p>Activitatea IV. 2 Evaluarea comport\u0103rii la tehnica de formare coroan\u0103 cu l\u0103stari anticipa\u021bi \u0219i a plantelor altoite la mas\u0103.<\/p>\n<p>Activitatea IV. 3 \u2013 Evaluarea comport\u0103rii la&nbsp; \u00eenr\u0103d\u0103cinare \u0219i aclimatizare a sortimentului luat \u00een studiu. Stabilire protocol optim.<\/td>\n<td width=\"85\">3.500.000<\/td>\n<td width=\"97\">15.12.2026<\/td>\n<\/tr>\n<tr>\n<td width=\"36\">5.<\/td>\n<td width=\"47\">Anul 5<\/td>\n<td width=\"57\">48-60<\/td>\n<td width=\"47\"><strong>V<\/strong><\/td>\n<td width=\"293\"><strong>Validarea solu\u021biilor propuse pentru cre\u0219terea randamentelor de \u00eenmul\u021bire a plantelor pomicole.<\/strong><\/p>\n<p>Activitatea V.1. Diseminare rezultate, prin:<\/p>\n<p>-\u00centrunire cu cercet\u0103tori, pepinieri\u0219tii, fermieri, pentru prezentarea rezultatelor \u00een scopul disemin\u0103rii; Publicare lucr\u0103ri.<\/td>\n<td width=\"85\">3.500.000<\/td>\n<td width=\"97\">15.12.2027<\/td>\n<\/tr>\n<tr>\n<td colspan=\"5\" width=\"480\"><strong>TOTAL GENERAL<\/strong><\/td>\n<td width=\"85\"><strong>16.500.000<\/strong><\/td>\n<td width=\"97\">&nbsp;<\/td>\n<\/tr>\n<\/tbody>\n<\/table>\n<\/div>\n","protected":false},"excerpt":{"rendered":"<p>Schema de realizare &nbsp; &nbsp; Nr. crt. Anul Luna &nbsp; Valoare&nbsp;&nbsp; Termen de predare Cod faza Denumire faza lei 1. Anul 1 1\u202612 I Documentare \u0219i&nbsp; elaborare model experimental. Activitatea I. 1. Model conceptual &#8211; Plan de lucru intern, proiec\u021bie rezultate \u0219i termene la nivel de&nbsp; echip\u0103 de lucru. Analiz\u0103 factori de influen\u021b\u0103 (variabile) identifica\u021bi  [&#8230;]<\/p>\n","protected":false},"author":1,"featured_media":0,"parent":15000,"menu_order":4,"comment_status":"closed","ping_status":"closed","template":"","meta":{"ngg_post_thumbnail":0,"footnotes":""},"categories":[],"tags":[],"class_list":["post-15010","page","type-page","status-publish","hentry"],"_links":{"self":[{"href":"https:\/\/icdp.ro\/ro\/wp-json\/wp\/v2\/pages\/15010","targetHints":{"allow":["GET"]}}],"collection":[{"href":"https:\/\/icdp.ro\/ro\/wp-json\/wp\/v2\/pages"}],"about":[{"href":"https:\/\/icdp.ro\/ro\/wp-json\/wp\/v2\/types\/page"}],"author":[{"embeddable":true,"href":"https:\/\/icdp.ro\/ro\/wp-json\/wp\/v2\/users\/1"}],"replies":[{"embeddable":true,"href":"https:\/\/icdp.ro\/ro\/wp-json\/wp\/v2\/comments?post=15010"}],"version-history":[{"count":1,"href":"https:\/\/icdp.ro\/ro\/wp-json\/wp\/v2\/pages\/15010\/revisions"}],"predecessor-version":[{"id":15011,"href":"https:\/\/icdp.ro\/ro\/wp-json\/wp\/v2\/pages\/15010\/revisions\/15011"}],"up":[{"embeddable":true,"href":"https:\/\/icdp.ro\/ro\/wp-json\/wp\/v2\/pages\/15000"}],"wp:attachment":[{"href":"https:\/\/icdp.ro\/ro\/wp-json\/wp\/v2\/media?parent=15010"}],"wp:term":[{"taxonomy":"category","embeddable":true,"href":"https:\/\/icdp.ro\/ro\/wp-json\/wp\/v2\/categories?post=15010"},{"taxonomy":"post_tag","embeddable":true,"href":"https:\/\/icdp.ro\/ro\/wp-json\/wp\/v2\/tags?post=15010"}],"curies":[{"name":"wp","href":"https:\/\/api.w.org\/{rel}","templated":true}]}}