{"id":15008,"date":"2026-02-12T14:56:00","date_gmt":"2026-02-12T12:56:00","guid":{"rendered":"https:\/\/icdp.ro\/?page_id=15008"},"modified":"2026-02-12T14:56:00","modified_gmt":"2026-02-12T12:56:00","slug":"scop-si-obiective","status":"publish","type":"page","link":"https:\/\/icdp.ro\/ro\/cercetare\/proiecte-nationale\/plan-tematic-asas\/asas-3-2023-2027\/scop-si-obiective\/","title":{"rendered":"Scop si obiective"},"content":{"rendered":"<h5 class=\"fusion-responsive-typography-calculated\" data-fontsize=\"22\" data-lineheight=\"30.8px\">Scop si obiective<\/h5>\n<p>&nbsp;&nbsp;&nbsp;&nbsp;&nbsp;&nbsp;&nbsp; <strong>Scopul proiectului:<\/strong> Aplicarea\/dezvoltarea unor tehnologii \u0219i metode de \u00eenmul\u021bire care s\u0103 asigure conservarea caracterelor&nbsp; genotipului \u0219i un randament crescut.&nbsp;<\/p>\n<p><strong>Obiective: <\/strong><\/p>\n<ol>\n<li>Perfec\u0163ionarea tehnologiilor de \u00eenmul\u0163ire a unor portaltoi vegetativi nou introdu\u0219i \u00een cultur\u0103;<\/li>\n<li>Metode \u015fi tehnici noi de scurtare a timpului de producere a materialuluii s\u0103ditor pomicol;<\/li>\n<\/ol>\n<p>III. Stabilirea \u015fi perfec\u0163ionarea tehnologiilor de micropropagare <em>in vitro<\/em> a soiurilor \u015fi portaltoilor la unele specii pomicole.<\/p>\n","protected":false},"excerpt":{"rendered":"<p>Scop si obiective &nbsp;&nbsp;&nbsp;&nbsp;&nbsp;&nbsp;&nbsp; Scopul proiectului: Aplicarea\/dezvoltarea unor tehnologii \u0219i metode de \u00eenmul\u021bire care s\u0103 asigure conservarea caracterelor&nbsp; genotipului \u0219i un randament crescut.&nbsp; Obiective: Perfec\u0163ionarea tehnologiilor de \u00eenmul\u0163ire a unor portaltoi vegetativi nou introdu\u0219i \u00een cultur\u0103; Metode \u015fi tehnici noi de scurtare a timpului de producere a materialuluii s\u0103ditor pomicol; III. Stabilirea \u015fi perfec\u0163ionarea tehnologiilor  [&#8230;]<\/p>\n","protected":false},"author":1,"featured_media":0,"parent":15000,"menu_order":3,"comment_status":"closed","ping_status":"closed","template":"","meta":{"ngg_post_thumbnail":0,"footnotes":""},"categories":[],"tags":[],"class_list":["post-15008","page","type-page","status-publish","hentry"],"_links":{"self":[{"href":"https:\/\/icdp.ro\/ro\/wp-json\/wp\/v2\/pages\/15008","targetHints":{"allow":["GET"]}}],"collection":[{"href":"https:\/\/icdp.ro\/ro\/wp-json\/wp\/v2\/pages"}],"about":[{"href":"https:\/\/icdp.ro\/ro\/wp-json\/wp\/v2\/types\/page"}],"author":[{"embeddable":true,"href":"https:\/\/icdp.ro\/ro\/wp-json\/wp\/v2\/users\/1"}],"replies":[{"embeddable":true,"href":"https:\/\/icdp.ro\/ro\/wp-json\/wp\/v2\/comments?post=15008"}],"version-history":[{"count":1,"href":"https:\/\/icdp.ro\/ro\/wp-json\/wp\/v2\/pages\/15008\/revisions"}],"predecessor-version":[{"id":15009,"href":"https:\/\/icdp.ro\/ro\/wp-json\/wp\/v2\/pages\/15008\/revisions\/15009"}],"up":[{"embeddable":true,"href":"https:\/\/icdp.ro\/ro\/wp-json\/wp\/v2\/pages\/15000"}],"wp:attachment":[{"href":"https:\/\/icdp.ro\/ro\/wp-json\/wp\/v2\/media?parent=15008"}],"wp:term":[{"taxonomy":"category","embeddable":true,"href":"https:\/\/icdp.ro\/ro\/wp-json\/wp\/v2\/categories?post=15008"},{"taxonomy":"post_tag","embeddable":true,"href":"https:\/\/icdp.ro\/ro\/wp-json\/wp\/v2\/tags?post=15008"}],"curies":[{"name":"wp","href":"https:\/\/api.w.org\/{rel}","templated":true}]}}