{"id":15002,"date":"2026-02-12T14:53:22","date_gmt":"2026-02-12T12:53:22","guid":{"rendered":"https:\/\/icdp.ro\/?page_id=15002"},"modified":"2026-02-12T14:54:07","modified_gmt":"2026-02-12T12:54:07","slug":"informatii-generale","status":"publish","type":"page","link":"https:\/\/icdp.ro\/ro\/cercetare\/proiecte-nationale\/plan-tematic-asas\/asas-3-2023-2027\/informatii-generale\/","title":{"rendered":"Informatii generale"},"content":{"rendered":"<h5 class=\"fusion-responsive-typography-calculated\" data-fontsize=\"22\" data-lineheight=\"30.8px\">Informatii generale<\/h5>\n<p>OBIECTIV GENERAL: <strong>DEZVOLTAREA DE NOI PRODUSE, PRACTICI, PROCESE \u015eI TEHNOLOGII INTEGRATE PRODUC\u021aIEI HORTICOLE.<br \/>\n<\/strong>Obiectiv specific: <strong>3.1.6. Men\u021binerea materialului de \u00eenmul\u021bire horticol (categoriile Prebaz\u0103\/material ini\u021bial de \u00eenmul\u021bire, Baz\u0103 \u0219i Certificat). Tehnologii de \u00eenmul\u021bire a materialului de plantare horticol prin macro \u0219i micropropagare. 3.1.6.1. \u00cembun\u0103t\u0103\u021birea tehnicilor de \u00eenmul\u021bire a materialului de plantare fructifer la speciile de pomi, arbu\u0219ti fructiferi \u0219i c\u0103p\u0219un, prin macro \u0219i micropropagare.<br \/>\n<\/strong>Titlul proiectului:<strong> <em>Producerea materialului de \u00eenmul\u021bire \u0219i plantare fructifer, suport pentru viitoarele planta\u021bii mam\u0103 pomicole \u0219i livezi<\/em><\/strong><\/p>\n<p>Nr. proiect:<strong> 3887 din 20.09.2022<br \/>\n<\/strong>Autoritatea contractant\u0103:<strong> Academia de \u0218tiin\u021be Agricole ,,Gheorghe Ionescu-\u0218i\u0219e\u0219ti\u201d<br \/>\n<\/strong>UCDI Executant\u0103:<strong>&nbsp;Institutul de Cercetare &#8211; Dezvoltare pentru Pomicultur\u0103 Pite\u0219ti-M\u0103r\u0103cineni <\/strong><\/p>\n<p>Durata proiectului:&nbsp;<strong>60<\/strong><strong> luni: ianuarie 2023 &#8211; decembrie 2027<br \/>\n<\/strong>Bugetul proiectului:<strong>&nbsp;<\/strong><strong>16.500.000 lei<\/strong><\/p>\n<p>Date de contact director de proiect:<br \/>\n<strong><a class=\"fusion-modal-text-link\" data-toggle=\"modal\" data-target=\".fusion-modal.catita\" href=\"#\">Dr. ing. Cati\u021ba \u0218ARPE<div class=\"fusion-modal modal fade modal-1 catita\" tabindex=\"-1\" role=\"dialog\" aria-labelledby=\"modal-heading-1\" aria-hidden=\"true\" style=\"--awb-border-color:#ebebeb;--awb-background:#f6f6f6;\"><div class=\"modal-dialog modal-lg\" role=\"document\"><div class=\"modal-content fusion-modal-content\"><div class=\"modal-header\"><button class=\"close\" type=\"button\" data-dismiss=\"modal\" aria-hidden=\"true\" aria-label=\"Close\">&times;<\/button><h3 class=\"modal-title\" id=\"modal-heading-1\" data-dismiss=\"modal\" aria-hidden=\"true\">Dr. ing. Cati\u021ba \u0218ARPE<\/h3><\/div><div class=\"modal-body fusion-clearfix\"><\/strong><\/p>\n<div data-post-id=\"11303\" class=\"insert-page insert-page-11303 \"><div class=\"fusion-fullwidth fullwidth-box fusion-builder-row-1 nonhundred-percent-fullwidth non-hundred-percent-height-scrolling\" style=\"--awb-border-radius-top-left:0px;--awb-border-radius-top-right:0px;--awb-border-radius-bottom-right:0px;--awb-border-radius-bottom-left:0px;--awb-flex-wrap:wrap;\" ><div class=\"fusion-builder-row fusion-row\"><div class=\"fusion-layout-column fusion_builder_column fusion-builder-column-0 fusion_builder_column_1_2 1_2 fusion-one-half fusion-column-first\" style=\"--awb-bg-size:cover;width:50%;width:calc(50% - ( ( 4% ) * 0.5 ) );margin-right: 4%;\"><div class=\"fusion-column-wrapper fusion-flex-column-wrapper-legacy\"><div class=\"fusion-text fusion-text-1\"><p><img decoding=\"async\" class=\"size-full wp-image-10832 alignleft\" src=\"http:\/\/icdp.ro\/wp-content\/uploads\/2018\/10\/placeholder-people-pic.png\" alt=\"\" width=\"320\" height=\"200\" srcset=\"https:\/\/icdp.ro\/wp-content\/uploads\/2018\/10\/placeholder-people-pic-200x125.png 200w, https:\/\/icdp.ro\/wp-content\/uploads\/2018\/10\/placeholder-people-pic-300x188.png 300w, https:\/\/icdp.ro\/wp-content\/uploads\/2018\/10\/placeholder-people-pic.png 320w\" sizes=\"(max-width: 320px) 100vw, 320px\" \/><br \/>\nEmail:\u00a0<strong><a href=\"mailto:catitasarpe@hotmail.com\">catitasarpe@hotmail.com<\/a><\/strong><div class=\"fusion-button-wrapper\"><a class=\"fusion-button button-flat fusion-button-default-size button-default fusion-button-default button-1 fusion-button-default-span fusion-button-default-type\" style=\"--button-border-radius-top-left:0;--button-border-radius-top-right:0;--button-border-radius-bottom-right:0;--button-border-radius-bottom-left:0;\" target=\"_self\" href=\"http:\/\/icdp.ro\/wp-content\/uploads\/2019\/01\/CV-PLOPA-CATITA-ro.pdf\"><span class=\"fusion-button-text awb-button__text awb-button__text--default\">Descarc\u0103 CV<\/span><\/a><\/div><\/p>\n<\/div><div class=\"fusion-clearfix\"><\/div><\/div><\/div><div class=\"fusion-layout-column fusion_builder_column fusion-builder-column-1 fusion_builder_column_1_2 1_2 fusion-one-half fusion-column-last\" style=\"--awb-bg-size:cover;width:50%;width:calc(50% - ( ( 4% ) * 0.5 ) );\"><div class=\"fusion-column-wrapper fusion-flex-column-wrapper-legacy\"><div class=\"fusion-sep-clear\"><\/div><div class=\"fusion-separator fusion-full-width-sep\" style=\"margin-left: auto;margin-right: auto;margin-bottom:20px;width:100%;\"><\/div><div class=\"fusion-sep-clear\"><\/div><div class=\"fusion-text fusion-text-2\"><div style=\"line-height: 130% !important;\"><h5>Institutul de Cercetare Dezvoltare pentru Pomicultur\u0103<\/h5>\n<div>Pite\u015fti, 117450 M\u0103r\u0103cineni, strada M\u0103rului, nr. 402, jude\u0163ul Arge\u015f, codul po\u015ftal 117450<br \/>\n<strong>Telefon:<\/strong> 0248 278066<br \/>\n<strong>Fax:<\/strong> 0248 278477<br \/>\n<strong>E-mail:<\/strong> <a href=\"mailto:office@icdp-pitesti.ro\">office@icdp-pitesti.ro<\/a><br \/>\nWeb: <a href=\"http:\/\/www.icdp.ro\/\">www.icdp.ro<\/a><\/div>\n<\/div>\n<\/div><div class=\"fusion-clearfix\"><\/div><\/div><\/div><\/div><\/div>\n<\/div>\n<p>&nbsp;<\/p>\n<p><strong><\/div><div class=\"modal-footer\"><button class=\"fusion-button button-default button-medium button default medium\" type=\"button\" data-dismiss=\"modal\">Close<\/button><\/div><\/div><\/div><\/div><\/a><\/strong><\/p>\n<p><strong>e-mail:&nbsp;catitasarpe1@hotmail.com<\/strong><\/p>\n<p><strong>Tel:+40-248-278066<\/strong><br \/>\n<strong>Fax: +40-248-278477<\/strong><\/p>\n<p>&nbsp;<\/p>\n","protected":false},"excerpt":{"rendered":"<p>Informatii generale OBIECTIV GENERAL: DEZVOLTAREA DE NOI PRODUSE, PRACTICI, PROCESE \u015eI TEHNOLOGII INTEGRATE PRODUC\u021aIEI HORTICOLE. Obiectiv specific: 3.1.6. Men\u021binerea materialului de \u00eenmul\u021bire horticol (categoriile Prebaz\u0103\/material ini\u021bial de \u00eenmul\u021bire, Baz\u0103 \u0219i Certificat). Tehnologii de \u00eenmul\u021bire a materialului de plantare horticol prin macro \u0219i micropropagare. 3.1.6.1. \u00cembun\u0103t\u0103\u021birea tehnicilor de \u00eenmul\u021bire a materialului de plantare fructifer la speciile  [&#8230;]<\/p>\n","protected":false},"author":1,"featured_media":0,"parent":15000,"menu_order":1,"comment_status":"closed","ping_status":"closed","template":"","meta":{"ngg_post_thumbnail":0,"footnotes":""},"categories":[],"tags":[],"class_list":["post-15002","page","type-page","status-publish","hentry"],"_links":{"self":[{"href":"https:\/\/icdp.ro\/ro\/wp-json\/wp\/v2\/pages\/15002","targetHints":{"allow":["GET"]}}],"collection":[{"href":"https:\/\/icdp.ro\/ro\/wp-json\/wp\/v2\/pages"}],"about":[{"href":"https:\/\/icdp.ro\/ro\/wp-json\/wp\/v2\/types\/page"}],"author":[{"embeddable":true,"href":"https:\/\/icdp.ro\/ro\/wp-json\/wp\/v2\/users\/1"}],"replies":[{"embeddable":true,"href":"https:\/\/icdp.ro\/ro\/wp-json\/wp\/v2\/comments?post=15002"}],"version-history":[{"count":2,"href":"https:\/\/icdp.ro\/ro\/wp-json\/wp\/v2\/pages\/15002\/revisions"}],"predecessor-version":[{"id":15004,"href":"https:\/\/icdp.ro\/ro\/wp-json\/wp\/v2\/pages\/15002\/revisions\/15004"}],"up":[{"embeddable":true,"href":"https:\/\/icdp.ro\/ro\/wp-json\/wp\/v2\/pages\/15000"}],"wp:attachment":[{"href":"https:\/\/icdp.ro\/ro\/wp-json\/wp\/v2\/media?parent=15002"}],"wp:term":[{"taxonomy":"category","embeddable":true,"href":"https:\/\/icdp.ro\/ro\/wp-json\/wp\/v2\/categories?post=15002"},{"taxonomy":"post_tag","embeddable":true,"href":"https:\/\/icdp.ro\/ro\/wp-json\/wp\/v2\/tags?post=15002"}],"curies":[{"name":"wp","href":"https:\/\/api.w.org\/{rel}","templated":true}]}}