{"id":14996,"date":"2026-02-12T14:49:23","date_gmt":"2026-02-12T12:49:23","guid":{"rendered":"https:\/\/icdp.ro\/?page_id=14996"},"modified":"2026-02-12T14:49:23","modified_gmt":"2026-02-12T12:49:23","slug":"schema-de-realizare","status":"publish","type":"page","link":"https:\/\/icdp.ro\/ro\/cercetare\/proiecte-nationale\/plan-tematic-asas\/asas-2-2023-2027\/schema-de-realizare\/","title":{"rendered":"Schema de realizare"},"content":{"rendered":"<h5 class=\"fusion-responsive-typography-calculated\" data-fontsize=\"22\" data-lineheight=\"30.8px\">Schema de realizare<\/h5>\n<div class=\"table-1\">\n<table>\n<tbody>\n<tr>\n<td rowspan=\"2\" width=\"6%\"><strong>Nr. crt.<\/strong><\/td>\n<td rowspan=\"2\" width=\"6%\"><strong>Anul<\/strong><\/td>\n<td rowspan=\"2\" width=\"11%\"><strong>Luna<\/strong><\/td>\n<td colspan=\"2\" width=\"44%\"><strong>&nbsp;<\/strong><\/td>\n<td width=\"18%\"><strong>Valoare&nbsp;&nbsp; <\/strong><\/td>\n<td rowspan=\"2\" width=\"12%\"><strong>Termen de predare<\/strong><\/td>\n<\/tr>\n<tr>\n<td width=\"6%\"><strong>Cod faza<\/strong><\/td>\n<td width=\"38%\"><strong>Denumire faza<\/strong><\/td>\n<td width=\"18%\"><strong>lei<\/strong><\/td>\n<\/tr>\n<tr>\n<td width=\"6%\">1.<\/td>\n<td width=\"6%\">Anul 1<\/p>\n<p>(2023)<\/td>\n<td width=\"11%\">Luna<\/p>\n<p>1-12<\/td>\n<td width=\"6%\">1<\/td>\n<td width=\"38%\"><strong>Documentarea, analiza, elaborarea modelului \u0219i metodologiei de cercetare<\/strong><\/p>\n<p>1.1. Documentarea \u0219i analiza privind fertirigarea \u0219i fertilizarea extraradicular\u0103 \u0219i metodele de diagnosticare rapid\u0103 a stresului abiotic la m\u0103r, cire\u0219, afin \u0219i alun, existente pe plan na\u021bional \u0219i interna\u021bional;<\/p>\n<p>1.2. Elaborarea modelului experimental \u0219i a metodologiei de cercetare;<\/p>\n<p>Raport de activitate faza I.<\/td>\n<td width=\"18%\">2.000.000<\/td>\n<td width=\"12%\">15.12.2023<\/td>\n<\/tr>\n<tr>\n<td width=\"6%\">2.<\/td>\n<td width=\"6%\">Anul 2<\/p>\n<p>(2024)<\/td>\n<td width=\"11%\">Luna<\/p>\n<p>13-24<\/td>\n<td width=\"6%\">2<\/td>\n<td width=\"38%\"><strong>Experimentare model de cercetare \u2013 anul 1<\/strong><\/p>\n<p>2.1. Amplasarea pe teren a modelului de cercetare stabilit \u00een faza I-a a proiectului;<\/p>\n<p>2.2. Studii privind influen\u021ba variantelor de fertilizare stabilite \u00een modelul de cercetare asupra diminu\u0103rii efectelor stresului abiotic, asupra proceselor fiziologice, produc\u021biei de fructe, cre\u0219terii \u0219i dezvolt\u0103rii pomilor \u00een primul an de experimentare;<\/p>\n<p>2.3. Evaluarea impactului variantelor experimentale aplicate;<\/p>\n<p>Raport de activitate faza II<\/td>\n<td width=\"18%\">2.100.000<\/td>\n<td width=\"12%\">15.12.2024<\/td>\n<\/tr>\n<tr>\n<td width=\"6%\">3.<\/td>\n<td width=\"6%\">Anul 3<\/p>\n<p>(2025)<\/td>\n<td width=\"11%\">Luna<\/p>\n<p>25 &#8211; 36<\/td>\n<td width=\"6%\">3<\/td>\n<td width=\"38%\"><strong>Experimentare model de cercetare \u2013 anul 2<\/strong><\/p>\n<p>3.1. Studii privind influen\u021ba variantelor de fertilizare stabilite \u00een modelul experimental asupra proceselor fiziologice, produc\u021biei de fructe, cre\u0219terii \u0219i dezvolt\u0103rii pomilor, \u00een al doilea an de experimentare;<\/p>\n<p>3.2. Evaluarea impactului variantelor experimentale aplicate;<\/p>\n<p>Raport de activitate faza III<\/td>\n<td width=\"18%\">2.100.000<\/td>\n<td width=\"12%\">15.12.2025<\/td>\n<\/tr>\n<tr>\n<td width=\"6%\">4.<\/td>\n<td width=\"6%\">Anul 4<\/p>\n<p>(2026)<\/td>\n<td width=\"11%\">Luna<\/p>\n<p>37 &#8211; 48<\/td>\n<td width=\"6%\">4<\/td>\n<td width=\"38%\"><strong>Experimentare model de cercetare \u2013 anul 3 \u0219i validarea rezultatelor<\/strong><\/p>\n<p>4.1. Studii privind influen\u021ba variantelor de fertilizare stabilite \u00een modelul experimental asupra proceselor fiziologice, produc\u021biei de fructe, cre\u0219terii \u0219i dezvolt\u0103rii pomilor, \u00een al treilea an de experimentare;<\/p>\n<p>4.2. Evaluarea impactului variantelor experimentale aplicate \u0219i validarea rezultatelor. Diseminarea rezultatelor;<\/p>\n<p>Raport de activitate faza IV<\/td>\n<td width=\"18%\">2.200.000<\/td>\n<td width=\"12%\">15.12.2026<\/td>\n<\/tr>\n<tr>\n<td width=\"6%\">5.<\/td>\n<td width=\"6%\">Anul 5<\/p>\n<p>(2027)<\/td>\n<td width=\"11%\">Luna<\/p>\n<p>49 &#8211; 60<\/td>\n<td width=\"6%\">5<\/td>\n<td width=\"38%\"><strong>Elaborarea secven\u021belor tehnologice<\/strong><\/p>\n<p>5.1. Evaluarea \u0219i validarea secven\u021belor tehnologice \u00eembun\u0103t\u0103\u021bite, cu efect de diminuarea a efectelor stresului abiotic \u00een livezi intensive de cultur\u0103 performant\u0103 a m\u0103rului, cire\u0219ului, afinului \u0219i alunului;<\/p>\n<p>5.2. Diseminarea rezultatelor \u0219tiin\u021bifice finale;<\/p>\n<p>Raport de activitate faza V<\/td>\n<td width=\"18%\">2.200.000<\/td>\n<td width=\"12%\">15.12.2027<\/td>\n<\/tr>\n<tr>\n<td colspan=\"3\" width=\"24%\"><strong>TOTAL GENERAL<\/strong><\/td>\n<td colspan=\"2\" width=\"44%\"><strong>Raport final<\/strong><\/td>\n<td width=\"18%\"><strong>10.600.000<\/strong><\/td>\n<td width=\"12%\"><strong>15.12.2027<\/strong><\/td>\n<\/tr>\n<\/tbody>\n<\/table>\n<\/div>\n","protected":false},"excerpt":{"rendered":"<p>Schema de realizare Nr. crt. Anul Luna &nbsp; Valoare&nbsp;&nbsp; Termen de predare Cod faza Denumire faza lei 1. Anul 1 (2023) Luna 1-12 1 Documentarea, analiza, elaborarea modelului \u0219i metodologiei de cercetare 1.1. Documentarea \u0219i analiza privind fertirigarea \u0219i fertilizarea extraradicular\u0103 \u0219i metodele de diagnosticare rapid\u0103 a stresului abiotic la m\u0103r, cire\u0219, afin \u0219i alun,  [&#8230;]<\/p>\n","protected":false},"author":1,"featured_media":0,"parent":14986,"menu_order":4,"comment_status":"closed","ping_status":"closed","template":"","meta":{"ngg_post_thumbnail":0,"footnotes":""},"categories":[],"tags":[],"class_list":["post-14996","page","type-page","status-publish","hentry"],"_links":{"self":[{"href":"https:\/\/icdp.ro\/ro\/wp-json\/wp\/v2\/pages\/14996","targetHints":{"allow":["GET"]}}],"collection":[{"href":"https:\/\/icdp.ro\/ro\/wp-json\/wp\/v2\/pages"}],"about":[{"href":"https:\/\/icdp.ro\/ro\/wp-json\/wp\/v2\/types\/page"}],"author":[{"embeddable":true,"href":"https:\/\/icdp.ro\/ro\/wp-json\/wp\/v2\/users\/1"}],"replies":[{"embeddable":true,"href":"https:\/\/icdp.ro\/ro\/wp-json\/wp\/v2\/comments?post=14996"}],"version-history":[{"count":1,"href":"https:\/\/icdp.ro\/ro\/wp-json\/wp\/v2\/pages\/14996\/revisions"}],"predecessor-version":[{"id":14997,"href":"https:\/\/icdp.ro\/ro\/wp-json\/wp\/v2\/pages\/14996\/revisions\/14997"}],"up":[{"embeddable":true,"href":"https:\/\/icdp.ro\/ro\/wp-json\/wp\/v2\/pages\/14986"}],"wp:attachment":[{"href":"https:\/\/icdp.ro\/ro\/wp-json\/wp\/v2\/media?parent=14996"}],"wp:term":[{"taxonomy":"category","embeddable":true,"href":"https:\/\/icdp.ro\/ro\/wp-json\/wp\/v2\/categories?post=14996"},{"taxonomy":"post_tag","embeddable":true,"href":"https:\/\/icdp.ro\/ro\/wp-json\/wp\/v2\/tags?post=14996"}],"curies":[{"name":"wp","href":"https:\/\/api.w.org\/{rel}","templated":true}]}}