{"id":14990,"date":"2026-02-12T14:47:42","date_gmt":"2026-02-12T12:47:42","guid":{"rendered":"https:\/\/icdp.ro\/?page_id=14990"},"modified":"2026-02-12T14:47:42","modified_gmt":"2026-02-12T12:47:42","slug":"rezumat","status":"publish","type":"page","link":"https:\/\/icdp.ro\/ro\/cercetare\/proiecte-nationale\/plan-tematic-asas\/asas-2-2023-2027\/rezumat\/","title":{"rendered":"Rezumat"},"content":{"rendered":"<h5 class=\"fusion-responsive-typography-calculated\" data-fontsize=\"22\" data-lineheight=\"30.8px\"><strong>Rezumat<\/strong><\/h5>\n<p>Proiectul va investiga \u00eentregul sistem sol-plant\u0103-atmosfer\u0103 (SPAC) prin \u00eenregistrarea continu\u0103 cu data-loggere sau alte dispozitive, a unor variabile SPAC, cum ar fi: poten\u021bialul de ap\u0103 al solului \u0219i con\u021binutul de ap\u0103, micro-oscila\u021biile orare ale diametrului trunchiului pomilor \u0219i fructelor, temperatura de la nivelul frunzei, presiunea de turgescen\u021b\u0103 foliar\u0103, fluxul de sev\u0103 prin plant\u0103, fluorescen\u021ba clorofilei, precum \u0219i indexul con\u021binutului foliar de clorofil\u0103 (Chlorophyll Content Index = CCI) \u0219i indicele de vegeta\u021bie a diferen\u021bei normalizate (Normalized Difference Vegetation Index = NDVI) care pot diagnostica foarte devreme stresul hidric \u0219i nutri\u021bional din culturi.&nbsp;<\/p>\n<p>Cercet\u0103rile \u00eentreprinse se vor caracteriza prin:&nbsp;&nbsp;&nbsp;&nbsp;<\/p>\n<p>&#8211; Diagnosticarea timpurie a stresului hidric \u0219i nutri\u021bional din sol \u0219i plant\u0103.<br \/>\n&#8211; Alegerea celor mai sensibile organe ale plantei pentru determinarea stresului abiotic.<br \/>\n&#8211; Monitorizarea \u00een timp real a oscila\u021biilor indicatorilor specifici culturilor \u00een condi\u021bii de stres abiotice la ap\u0103 cu ajutorul aparaturii specifice de \u00eenregistrare a datelor \u0219i transmiterea acestora \u00een timp util.<br \/>\n&#8211; Metodele de cercetare utilizate \u00een proiect nu reprezint\u0103 o noutate absolut\u0103 pe plan mondial. Cu toate acestea, este necesar a se considera faptul c\u0103 \u00een cadrul proiectului propus, acestea se vor aplica \u00een condi\u021biile unor tendin\u021be climatice regionale, locale, iar agricultura \u00een general este o \u0219tiin\u021b\u0103 a locului.<\/p>\n<p>Realizarea obiectivelor principale ale proiectului, de identificare timpurie prin monitorizarea indicatorilor specifici \u0219i de diminuare a&nbsp; efectelor negative ale stresului abiotic \u00een planta\u021biile de pomi (m\u0103r \u0219i cire\u0219) \u0219i arbu\u0219ti (afin \u0219i alun), prin realizarea de secven\u021be tehnologice de suplimentare a fertirig\u0103rii de baz\u0103, asigur\u0103 exploatarea durabil\u0103 \u0219i eficient\u0103 economic a culturilor horticole.<br \/>\nAl\u0103turi de rezultatele scontate ale proiectului, se va ob\u021bine \u00eembun\u0103t\u0103\u021birea unor indicatori tehnico-economici, concretizat\u0103 prin:<\/p>\n<p>&#8211; reducerea consumului prin utilizarea cu eficien\u021b\u0103 sporit\u0103 a apei \u0219i fertilizan\u021bilor;<br \/>\n&#8211; reducerea cheltuielilor aferente for\u021bei de munc\u0103;<br \/>\n-optimizarea produc\u021biei de fructe, cantitativ \u0219i calitativ.<\/p>\n<p>Este deosebit de important faptul c\u0103, prin acest proiect se va aduce un plus de cuno\u0219tin\u021be referitoare la sistemul SPAC (sol-plant\u0103-atmosfer\u0103) pentru cele trei component ale sistemului:<\/p>\n<p>1) Fizica solului ce caracterizeaz\u0103 apa din sol \u00een termeni de tensiune, umiditate \u0219i conductivitate, at\u00e2t saturate, c\u00e2t \u0219i nesaturate;<br \/>\n2 Fiziologia plantelor ce caracterizeaz\u0103 apa din organisme \u00een termeni de difuzie, deficit de presiune, transpira\u021bie \u0219i determin\u0103 alte caracteristici vegetale cum ar fi temperatura frunzei, fluorescen\u021ba clorofilei, etc.,<br \/>\n3) Meteorologia care folose\u0219te presiunea (tensiunea) vaporilor de ap\u0103, umiditatea relativ\u0103 pentru a caracteriza apa atmosferic\u0103 \u0219i determina diferite propriet\u0103\u021bi ale plantelor.<\/p>\n<p>SPAC integreaz\u0103 aceste componente \u0219i este definit ca un concept de integrare care confirm\u0103 c\u0103 acest ansamblu, cu toate componentele sale (sol, plante \u0219i atmosfer\u0103 luate \u00eempreun\u0103) constituie un sistem integrat fizic \u0219i dinamic.<br \/>\nProiectul propus are un&nbsp; grad de complexitate \u0219i noutate mare, prin aceea c\u0103 aplic\u0103 o gam\u0103 foarte variat\u0103 de metode de monitorizare \u00een vederea diagnostic\u0103rii \u00een timp real a stresului abiotic, prin utilizarea de aparatur\u0103 de ultim\u0103 genera\u021bie \u0219i crearea unei baze de date care s\u0103 integreze informa\u021biile culese din teren. Acest lucru ofer\u0103 o viziune ampl\u0103 asupra modului \u00een care plantele r\u0103spund la anumite modific\u0103ri ale condi\u021biilor de mediu \u0219i pot sta la baza cre\u0103rii de programe de prevenire \u0219i combatere a efectelor stresului abiotic.<\/p>\n<p>&nbsp;<\/p>\n","protected":false},"excerpt":{"rendered":"<p>Rezumat Proiectul va investiga \u00eentregul sistem sol-plant\u0103-atmosfer\u0103 (SPAC) prin \u00eenregistrarea continu\u0103 cu data-loggere sau alte dispozitive, a unor variabile SPAC, cum ar fi: poten\u021bialul de ap\u0103 al solului \u0219i con\u021binutul de ap\u0103, micro-oscila\u021biile orare ale diametrului trunchiului pomilor \u0219i fructelor, temperatura de la nivelul frunzei, presiunea de turgescen\u021b\u0103 foliar\u0103, fluxul de sev\u0103 prin plant\u0103, fluorescen\u021ba  [&#8230;]<\/p>\n","protected":false},"author":1,"featured_media":0,"parent":14986,"menu_order":3,"comment_status":"closed","ping_status":"closed","template":"","meta":{"ngg_post_thumbnail":0,"footnotes":""},"categories":[],"tags":[],"class_list":["post-14990","page","type-page","status-publish","hentry"],"_links":{"self":[{"href":"https:\/\/icdp.ro\/ro\/wp-json\/wp\/v2\/pages\/14990","targetHints":{"allow":["GET"]}}],"collection":[{"href":"https:\/\/icdp.ro\/ro\/wp-json\/wp\/v2\/pages"}],"about":[{"href":"https:\/\/icdp.ro\/ro\/wp-json\/wp\/v2\/types\/page"}],"author":[{"embeddable":true,"href":"https:\/\/icdp.ro\/ro\/wp-json\/wp\/v2\/users\/1"}],"replies":[{"embeddable":true,"href":"https:\/\/icdp.ro\/ro\/wp-json\/wp\/v2\/comments?post=14990"}],"version-history":[{"count":2,"href":"https:\/\/icdp.ro\/ro\/wp-json\/wp\/v2\/pages\/14990\/revisions"}],"predecessor-version":[{"id":14992,"href":"https:\/\/icdp.ro\/ro\/wp-json\/wp\/v2\/pages\/14990\/revisions\/14992"}],"up":[{"embeddable":true,"href":"https:\/\/icdp.ro\/ro\/wp-json\/wp\/v2\/pages\/14986"}],"wp:attachment":[{"href":"https:\/\/icdp.ro\/ro\/wp-json\/wp\/v2\/media?parent=14990"}],"wp:term":[{"taxonomy":"category","embeddable":true,"href":"https:\/\/icdp.ro\/ro\/wp-json\/wp\/v2\/categories?post=14990"},{"taxonomy":"post_tag","embeddable":true,"href":"https:\/\/icdp.ro\/ro\/wp-json\/wp\/v2\/tags?post=14990"}],"curies":[{"name":"wp","href":"https:\/\/api.w.org\/{rel}","templated":true}]}}