{"id":14969,"date":"2026-02-12T14:33:08","date_gmt":"2026-02-12T12:33:08","guid":{"rendered":"https:\/\/icdp.ro\/?page_id=14969"},"modified":"2026-02-12T14:36:10","modified_gmt":"2026-02-12T12:36:10","slug":"informatii-generale","status":"publish","type":"page","link":"https:\/\/icdp.ro\/ro\/cercetare\/proiecte-nationale\/plan-tematic-asas\/asas-1-2023-2027\/informatii-generale\/","title":{"rendered":"Informa\u021bii generale"},"content":{"rendered":"<h5><strong>Informa\u021bii generale:<\/strong><\/h5>\n<p><strong>OBIECTIVUL GENERAL:<\/strong><\/p>\n<p>3.1. DEZVOLTAREA DE NOI PRODUSE, PRACTICI, PROCESE \u0218I TEHNOLOGII INTEGRATE PRODUC\u021aIEI HORTICOLE<\/p>\n<p><strong>Obiectivul specific:<\/strong><\/p>\n<p>3.1.1. Conservarea \u0219i gestionarea biodiversit\u0103\u021bii horticole pentru genera\u021biile viitoare<br \/>\n3.1.2. Ameliorarea speciilor horticole \u00een vederea cre\u0219terii siguran\u021bei \u0219i securit\u0103\u021bii alimentare<\/p>\n<p>Titlul proiectului: Resurse genetice \u0219i ameliorarea soiurilor \u0219i portaltoilor pomicoli<\/p>\n<p>Nr. proiect: 3888\/20.09.2022<\/p>\n<p>Autoritatea contractant\u0103: Academia de \u0218tiin\u021be Agricole ,,Gheorghe Ionescu-\u0218i\u0219e\u0219ti\u201d<br \/>\nUCDI Executant\u0103: Institutul de Cercetare Dezvoltare pentru Pomicultur\u0103 Pite\u015fti-M\u0103r\u0103cineni<br \/>\nDurata proiectului: 60 luni \u2013 01.2023 \u201312.2027&nbsp;<\/p>\n<p>Bugetul proiectului: 10.600.000 lei<\/p>\n<p><strong>Date de contact director de proiect:<\/strong><br \/>\n<a class=\"fusion-modal-text-link\" data-toggle=\"modal\" data-target=\".fusion-modal.madalina\" href=\"#\">Dr. ing. M\u0103d\u0103lina BUTAC<\/a><br \/>\ne-mail: madalinabutac@yahoo.com<\/p>\n<p>Tel: +40-248-278066<br \/>\nFax: +40-248-278477<\/p>\n<div class=\"fusion-modal modal fade modal-1 madalina\" tabindex=\"-1\" role=\"dialog\" aria-labelledby=\"modal-heading-1\" aria-hidden=\"true\" style=\"--awb-border-color:#ebebeb;--awb-background:#f6f6f6;\"><div class=\"modal-dialog modal-lg\" role=\"document\"><div class=\"modal-content fusion-modal-content\"><div class=\"modal-header\"><button class=\"close\" type=\"button\" data-dismiss=\"modal\" aria-hidden=\"true\" aria-label=\"Close\">&times;<\/button><h3 class=\"modal-title\" id=\"modal-heading-1\" data-dismiss=\"modal\" aria-hidden=\"true\">Dr. ing. M\u0103d\u0103lina BUTAC<\/h3><\/div><div class=\"modal-body fusion-clearfix\"><\/p>\n<p><div data-post-id=\"11524\" class=\"insert-page insert-page-11524 \"><div class=\"fusion-fullwidth fullwidth-box fusion-builder-row-1 nonhundred-percent-fullwidth non-hundred-percent-height-scrolling\" style=\"--awb-border-radius-top-left:0px;--awb-border-radius-top-right:0px;--awb-border-radius-bottom-right:0px;--awb-border-radius-bottom-left:0px;--awb-flex-wrap:wrap;\" ><div class=\"fusion-builder-row fusion-row\"><div class=\"fusion-layout-column fusion_builder_column fusion-builder-column-0 fusion_builder_column_1_2 1_2 fusion-one-half fusion-column-first\" style=\"--awb-bg-size:cover;width:50%;width:calc(50% - ( ( 4% ) * 0.5 ) );margin-right: 4%;\"><div class=\"fusion-column-wrapper fusion-flex-column-wrapper-legacy\"><div class=\"fusion-text fusion-text-1\"><p><img decoding=\"async\" class=\"size-full wp-image-10832 alignleft\" src=\"http:\/\/icdp.ro\/wp-content\/uploads\/2018\/10\/placeholder-people-pic.png\" alt=\"\" width=\"320\" height=\"200\" srcset=\"https:\/\/icdp.ro\/wp-content\/uploads\/2018\/10\/placeholder-people-pic-200x125.png 200w, https:\/\/icdp.ro\/wp-content\/uploads\/2018\/10\/placeholder-people-pic-300x188.png 300w, https:\/\/icdp.ro\/wp-content\/uploads\/2018\/10\/placeholder-people-pic.png 320w\" sizes=\"(max-width: 320px) 100vw, 320px\" \/><br \/>\nEmail:\u00a0<strong><a href=\"mailto:madalinabutac@yahoo.com\">madalinabutac@yahoo.com<\/a><\/strong><div class=\"fusion-button-wrapper\"><a class=\"fusion-button button-flat fusion-button-default-size button-default fusion-button-default button-1 fusion-button-default-span fusion-button-default-type\" style=\"--button-border-radius-top-left:0;--button-border-radius-top-right:0;--button-border-radius-bottom-right:0;--button-border-radius-bottom-left:0;\" target=\"_self\" href=\"http:\/\/icdp.ro\/wp-content\/uploads\/2019\/01\/CV-Butac-romana-actualizat.pdf\"><span class=\"fusion-button-text awb-button__text awb-button__text--default\">Descarc\u0103 CV<\/span><\/a><\/div><\/p>\n<\/div><div class=\"fusion-clearfix\"><\/div><\/div><\/div><div class=\"fusion-layout-column fusion_builder_column fusion-builder-column-1 fusion_builder_column_1_2 1_2 fusion-one-half fusion-column-last\" style=\"--awb-bg-size:cover;width:50%;width:calc(50% - ( ( 4% ) * 0.5 ) );\"><div class=\"fusion-column-wrapper fusion-flex-column-wrapper-legacy\"><div class=\"fusion-sep-clear\"><\/div><div class=\"fusion-separator fusion-full-width-sep\" style=\"margin-left: auto;margin-right: auto;margin-bottom:20px;width:100%;\"><\/div><div class=\"fusion-sep-clear\"><\/div><div class=\"fusion-text fusion-text-2\"><div style=\"line-height: 130% !important;\"><h5>Institutul de Cercetare Dezvoltare pentru Pomicultur\u0103<\/h5>\n<div>Pite\u015fti, 117450 M\u0103r\u0103cineni, strada M\u0103rului, nr. 402, jude\u0163ul Arge\u015f, codul po\u015ftal 117450<br \/>\n<strong>Telefon:<\/strong> 0248 278066<br \/>\n<strong>Fax:<\/strong> 0248 278477<br \/>\n<strong>E-mail:<\/strong> <a href=\"mailto:office@icdp-pitesti.ro\">office@icdp-pitesti.ro<\/a><br \/>\nWeb: <a href=\"http:\/\/www.icdp.ro\/\">www.icdp.ro<\/a><\/div>\n<\/div>\n<\/div><div class=\"fusion-clearfix\"><\/div><\/div><\/div><\/div><\/div>\n<\/div><\/p>\n<p><\/div><div class=\"modal-footer\"><button class=\"fusion-button button-default button-medium button default medium\" type=\"button\" data-dismiss=\"modal\">Close<\/button><\/div><\/div><\/div><\/div>\n","protected":false},"excerpt":{"rendered":"<p>Informa\u021bii generale: OBIECTIVUL GENERAL: 3.1. DEZVOLTAREA DE NOI PRODUSE, PRACTICI, PROCESE \u0218I TEHNOLOGII INTEGRATE PRODUC\u021aIEI HORTICOLE Obiectivul specific: 3.1.1. Conservarea \u0219i gestionarea biodiversit\u0103\u021bii horticole pentru genera\u021biile viitoare 3.1.2. Ameliorarea speciilor horticole \u00een vederea cre\u0219terii siguran\u021bei \u0219i securit\u0103\u021bii alimentare Titlul proiectului: Resurse genetice \u0219i ameliorarea soiurilor \u0219i portaltoilor pomicoli Nr. proiect: 3888\/20.09.2022 Autoritatea contractant\u0103: Academia de  [&#8230;]<\/p>\n","protected":false},"author":1,"featured_media":0,"parent":14961,"menu_order":0,"comment_status":"closed","ping_status":"closed","template":"","meta":{"ngg_post_thumbnail":0,"footnotes":""},"categories":[],"tags":[],"class_list":["post-14969","page","type-page","status-publish","hentry"],"_links":{"self":[{"href":"https:\/\/icdp.ro\/ro\/wp-json\/wp\/v2\/pages\/14969","targetHints":{"allow":["GET"]}}],"collection":[{"href":"https:\/\/icdp.ro\/ro\/wp-json\/wp\/v2\/pages"}],"about":[{"href":"https:\/\/icdp.ro\/ro\/wp-json\/wp\/v2\/types\/page"}],"author":[{"embeddable":true,"href":"https:\/\/icdp.ro\/ro\/wp-json\/wp\/v2\/users\/1"}],"replies":[{"embeddable":true,"href":"https:\/\/icdp.ro\/ro\/wp-json\/wp\/v2\/comments?post=14969"}],"version-history":[{"count":4,"href":"https:\/\/icdp.ro\/ro\/wp-json\/wp\/v2\/pages\/14969\/revisions"}],"predecessor-version":[{"id":14973,"href":"https:\/\/icdp.ro\/ro\/wp-json\/wp\/v2\/pages\/14969\/revisions\/14973"}],"up":[{"embeddable":true,"href":"https:\/\/icdp.ro\/ro\/wp-json\/wp\/v2\/pages\/14961"}],"wp:attachment":[{"href":"https:\/\/icdp.ro\/ro\/wp-json\/wp\/v2\/media?parent=14969"}],"wp:term":[{"taxonomy":"category","embeddable":true,"href":"https:\/\/icdp.ro\/ro\/wp-json\/wp\/v2\/categories?post=14969"},{"taxonomy":"post_tag","embeddable":true,"href":"https:\/\/icdp.ro\/ro\/wp-json\/wp\/v2\/tags?post=14969"}],"curies":[{"name":"wp","href":"https:\/\/api.w.org\/{rel}","templated":true}]}}