{"id":14753,"date":"2025-10-31T20:00:22","date_gmt":"2025-10-31T18:00:22","guid":{"rendered":"https:\/\/icdp.ro\/?page_id=14753"},"modified":"2025-11-01T13:18:32","modified_gmt":"2025-11-01T11:18:32","slug":"testarea-noilor-produse-de-protectie-a-plantelor","status":"publish","type":"page","link":"https:\/\/icdp.ro\/ro\/cercetare\/tehnici-tehnologii-protectie-fitosanitara\/testarea-noilor-produse-de-protectie-a-plantelor\/","title":{"rendered":"Testarea noilor produse de protec\u021bie a plantelor"},"content":{"rendered":"<h3 data-start=\"3\" data-end=\"150\"><strong data-start=\"3\" data-end=\"150\">Testarea noilor produse de protec\u021bie a plantelor pentru stabilirea eficacit\u0103\u021bii biologice \u00een combaterea bolilor \u0219i d\u0103un\u0103torilor din pomicultur\u0103<\/strong><\/h3>\n<p data-start=\"152\" data-end=\"168\"><strong data-start=\"152\" data-end=\"166\">Obiective:<\/strong><\/p>\n<ul data-start=\"169\" data-end=\"442\">\n<li data-start=\"169\" data-end=\"299\">\n<p data-start=\"171\" data-end=\"299\">Stabilirea eficacit\u0103\u021bii biologice a produselor de protec\u021bie a plantelor, \u00een conformitate cu Practica Experimental\u0103 Bun\u0103 (GEP);<\/p>\n<\/li>\n<li data-start=\"300\" data-end=\"442\">\n<p data-start=\"302\" data-end=\"442\">Managementul controlului integrat al bolilor \u0219i d\u0103un\u0103torilor cu implica\u021bii economice \u00een culturile de fructe mici, c\u0103p\u0219un \u0219i livezi pomicole.<\/p>\n<\/li>\n<\/ul>\n<p data-start=\"444\" data-end=\"460\"><strong data-start=\"444\" data-end=\"458\">Realiz\u0103ri:<\/strong><\/p>\n<ul data-start=\"461\" data-end=\"755\">\n<li data-start=\"461\" data-end=\"604\">\n<p data-start=\"463\" data-end=\"604\">Rapoarte privind eficacitatea biologic\u0103 a produselor de protec\u021bie a plantelor \u00een vederea omolog\u0103rii acestora pentru domeniul \u201ePomicultur\u0103\u201d;<\/p>\n<\/li>\n<li data-start=\"605\" data-end=\"755\">\n<p data-start=\"607\" data-end=\"755\">Solu\u021bii pentru reducerea riscului de poluare a apei \u0219i solului cauzat\u0103 de efluen\u021bii rezulta\u021bi \u00een urma aplic\u0103rii produselor de protec\u021bie a plantelor.<\/p>\n<\/li>\n<\/ul>\n<style type=\"text\/css\">\n#foogallery-gallery-14868 .fg-image { width: 270px; }\n#foogallery-gallery-14868 { --fg-gutter: 10px; }<\/style>\n\t\t\t<div class=\"foogallery foogallery-container foogallery-default foogallery-lightbox-foogallery fg-left fg-default fg-ready fg-light fg-shadow-medium fg-loading-default fg-loaded-fade-in fg-preset fg-brad fg-preset-small fg-preset fg-brad fg-preset-small\" id=\"foogallery-gallery-14868\" data-foogallery=\"{&quot;item&quot;:{&quot;showCaptionTitle&quot;:false,&quot;showCaptionDescription&quot;:true},&quot;lazy&quot;:true}\" data-foogallery-lightbox=\"{&quot;thumbs&quot;:&quot;bottom&quot;,&quot;thumbsCaptions&quot;:false,&quot;thumbsBestFit&quot;:false,&quot;thumbsSmall&quot;:false,&quot;thumbsCaptionsAlign&quot;:&quot;default&quot;,&quot;info&quot;:&quot;bottom&quot;,&quot;infoVisible&quot;:true,&quot;infoOverlay&quot;:true,&quot;infoAlign&quot;:&quot;default&quot;,&quot;transition&quot;:&quot;fade&quot;,&quot;hoverButtons&quot;:false,&quot;fitMedia&quot;:false,&quot;noScrollbars&quot;:true,&quot;preserveButtonSpace&quot;:true,&quot;buttons&quot;:{&quot;fullscreen&quot;:true,&quot;info&quot;:true,&quot;thumbs&quot;:false},&quot;video&quot;:{&quot;autoPlay&quot;:true}}\" style=\"--fg-title-line-clamp: 0; --fg-description-line-clamp: 0;\" >\n\t<div class=\"fg-item fg-type-image fg-idle\"><figure class=\"fg-item-inner\"><a href=\"https:\/\/icdp.ro\/wp-content\/uploads\/2025\/11\/42-Verificarea-uniformitatii-tratamentelor.jpg\" data-caption-desc=\"42 Verificarea uniformitatii tratamentelor\" data-attachment-id=\"14869\" data-type=\"image\" class=\"fg-thumb\"><span class=\"fg-image-wrap\"><img fetchpriority=\"high\" decoding=\"async\" width=\"270\" height=\"230\" class=\"skip-lazy fg-image\" data-src-fg=\"https:\/\/icdp.ro\/wp-content\/uploads\/cache\/2025\/11\/42-Verificarea-uniformitatii-tratamentelor\/262323113.jpg\" src=\"data:image\/svg+xml,%3Csvg%20xmlns%3D%22http%3A%2F%2Fwww.w3.org%2F2000%2Fsvg%22%20width%3D%22270%22%20height%3D%22230%22%20viewBox%3D%220%200%20270%20230%22%3E%3C%2Fsvg%3E\" loading=\"eager\"><\/span><span class=\"fg-image-overlay\"><\/span><\/a><figcaption class=\"fg-caption\"><div class=\"fg-caption-inner\"><div class=\"fg-caption-desc\">42 Verificarea uniformitatii tratamentelor<\/div><\/div><\/figcaption><\/figure><div class=\"fg-loader\"><\/div><\/div><div class=\"fg-item fg-type-image fg-idle\"><figure class=\"fg-item-inner\"><a href=\"https:\/\/icdp.ro\/wp-content\/uploads\/2025\/11\/43-Efectuarea-tratamentelor-fitosanitare-in-plantatiile-pomicole.jpg\" data-caption-desc=\"43 Efectuarea tratamentelor fitosanitare in plantatiile pomicole\" data-attachment-id=\"14870\" data-type=\"image\" class=\"fg-thumb\"><span class=\"fg-image-wrap\"><img decoding=\"async\" width=\"270\" height=\"230\" class=\"skip-lazy fg-image\" data-src-fg=\"https:\/\/icdp.ro\/wp-content\/uploads\/cache\/2025\/11\/43-Efectuarea-tratamentelor-fitosanitare-in-plantatiile-pomicole\/1853717016.jpg\" src=\"data:image\/svg+xml,%3Csvg%20xmlns%3D%22http%3A%2F%2Fwww.w3.org%2F2000%2Fsvg%22%20width%3D%22270%22%20height%3D%22230%22%20viewBox%3D%220%200%20270%20230%22%3E%3C%2Fsvg%3E\" loading=\"eager\"><\/span><span class=\"fg-image-overlay\"><\/span><\/a><figcaption class=\"fg-caption\"><div class=\"fg-caption-inner\"><div class=\"fg-caption-desc\">43 Efectuarea tratamentelor fitosanitare in plantatiile pomicole<\/div><\/div><\/figcaption><\/figure><div class=\"fg-loader\"><\/div><\/div><div class=\"fg-item fg-type-image fg-idle\"><figure class=\"fg-item-inner\"><a href=\"https:\/\/icdp.ro\/wp-content\/uploads\/2025\/11\/44-Efectuarea-tratamentelor-fitosanitare-in-plantatiile-pomicole.jpg\" data-caption-desc=\"44 Efectuarea tratamentelor fitosanitare in plantatiile pomicole\" data-attachment-id=\"14871\" data-type=\"image\" class=\"fg-thumb\"><span class=\"fg-image-wrap\"><img decoding=\"async\" width=\"270\" height=\"230\" class=\"skip-lazy fg-image\" data-src-fg=\"https:\/\/icdp.ro\/wp-content\/uploads\/cache\/2025\/11\/44-Efectuarea-tratamentelor-fitosanitare-in-plantatiile-pomicole\/3567381983.jpg\" src=\"data:image\/svg+xml,%3Csvg%20xmlns%3D%22http%3A%2F%2Fwww.w3.org%2F2000%2Fsvg%22%20width%3D%22270%22%20height%3D%22230%22%20viewBox%3D%220%200%20270%20230%22%3E%3C%2Fsvg%3E\" loading=\"eager\"><\/span><span class=\"fg-image-overlay\"><\/span><\/a><figcaption class=\"fg-caption\"><div class=\"fg-caption-inner\"><div class=\"fg-caption-desc\">44 Efectuarea tratamentelor fitosanitare in plantatiile pomicole<\/div><\/div><\/figcaption><\/figure><div class=\"fg-loader\"><\/div><\/div><div class=\"fg-item fg-type-image fg-idle\"><figure class=\"fg-item-inner\"><a href=\"https:\/\/icdp.ro\/wp-content\/uploads\/2025\/11\/45-Sistem-de-neutralizare-a-efluentilor-rezultati-de-la-interventiile-fitosanitare-scaled.jpg\" data-caption-desc=\"45 Sistem de neutralizare a efluentilor rezultati de la interventiile fitosanitare\" data-attachment-id=\"14872\" data-type=\"image\" class=\"fg-thumb\"><span class=\"fg-image-wrap\"><img decoding=\"async\" width=\"270\" height=\"230\" class=\"skip-lazy fg-image\" data-src-fg=\"https:\/\/icdp.ro\/wp-content\/uploads\/cache\/2025\/11\/45-Sistem-de-neutralizare-a-efluentilor-rezultati-de-la-interventiile-fitosanitare-scaled\/1661292288.jpg\" src=\"data:image\/svg+xml,%3Csvg%20xmlns%3D%22http%3A%2F%2Fwww.w3.org%2F2000%2Fsvg%22%20width%3D%22270%22%20height%3D%22230%22%20viewBox%3D%220%200%20270%20230%22%3E%3C%2Fsvg%3E\" loading=\"eager\"><\/span><span class=\"fg-image-overlay\"><\/span><\/a><figcaption class=\"fg-caption\"><div class=\"fg-caption-inner\"><div class=\"fg-caption-desc\">45 Sistem de neutralizare a efluentilor rezultati de la interventiile fitosanitare<\/div><\/div><\/figcaption><\/figure><div class=\"fg-loader\"><\/div><\/div><div class=\"fg-item fg-type-image fg-idle\"><figure class=\"fg-item-inner\"><a href=\"https:\/\/icdp.ro\/wp-content\/uploads\/2025\/11\/46-Sistem-de-neutralizare-a-efluentilor-rezultati-de-la-interventiile-fitosanitare-scaled.jpg\" data-caption-desc=\"46 Sistem de neutralizare a efluentilor rezultati de la interventiile fitosanitare\" data-attachment-id=\"14874\" data-type=\"image\" class=\"fg-thumb\"><span class=\"fg-image-wrap\"><img decoding=\"async\" width=\"270\" height=\"230\" class=\"skip-lazy fg-image\" data-src-fg=\"https:\/\/icdp.ro\/wp-content\/uploads\/cache\/2025\/11\/46-Sistem-de-neutralizare-a-efluentilor-rezultati-de-la-interventiile-fitosanitare-scaled\/964470013.jpg\" src=\"data:image\/svg+xml,%3Csvg%20xmlns%3D%22http%3A%2F%2Fwww.w3.org%2F2000%2Fsvg%22%20width%3D%22270%22%20height%3D%22230%22%20viewBox%3D%220%200%20270%20230%22%3E%3C%2Fsvg%3E\" loading=\"eager\"><\/span><span class=\"fg-image-overlay\"><\/span><\/a><figcaption class=\"fg-caption\"><div class=\"fg-caption-inner\"><div class=\"fg-caption-desc\">46 Sistem de neutralizare a efluentilor rezultati de la interventiile fitosanitare<\/div><\/div><\/figcaption><\/figure><div class=\"fg-loader\"><\/div><\/div><div class=\"fg-item fg-type-image fg-idle\"><figure class=\"fg-item-inner\"><a href=\"https:\/\/icdp.ro\/wp-content\/uploads\/2025\/11\/47-Sistem-de-neutralizare-a-efluentilor-rezultati-de-la-interventiile-fitosanitare-scaled.jpg\" data-caption-desc=\"47 Sistem de neutralizare a efluentilor rezultati de la interventiile fitosanitare\" data-attachment-id=\"14875\" data-type=\"image\" class=\"fg-thumb\"><span class=\"fg-image-wrap\"><img decoding=\"async\" width=\"270\" height=\"230\" class=\"skip-lazy fg-image\" data-src-fg=\"https:\/\/icdp.ro\/wp-content\/uploads\/cache\/2025\/11\/47-Sistem-de-neutralizare-a-efluentilor-rezultati-de-la-interventiile-fitosanitare-scaled\/2592306674.jpg\" src=\"data:image\/svg+xml,%3Csvg%20xmlns%3D%22http%3A%2F%2Fwww.w3.org%2F2000%2Fsvg%22%20width%3D%22270%22%20height%3D%22230%22%20viewBox%3D%220%200%20270%20230%22%3E%3C%2Fsvg%3E\" loading=\"eager\"><\/span><span class=\"fg-image-overlay\"><\/span><\/a><figcaption class=\"fg-caption\"><div class=\"fg-caption-inner\"><div class=\"fg-caption-desc\">47 Sistem de neutralizare a efluentilor rezultati de la interventiile fitosanitare<\/div><\/div><\/figcaption><\/figure><div class=\"fg-loader\"><\/div><\/div><\/div>\n\n<p data-start=\"757\" data-end=\"923\" data-is-last-node=\"\" data-is-only-node=\"\"><strong data-start=\"757\" data-end=\"773\">Cercet\u0103tori:<\/strong><\/p>\n<p><em><a class=\"fusion-modal-text-link\" data-toggle=\"modal\" data-target=\".fusion-modal.mihaela\" href=\"#\">Dr. Mihaela Sumedrea<\/a> (<\/em><a href=\"mailto:mihaela_sumedrea@yahoo.com\"><em>mihaela_sumedrea@yahoo.com<\/em><\/a><em>)<br \/>\n<\/em><em><a class=\"fusion-modal-text-link\" data-toggle=\"modal\" data-target=\".fusion-modal.mirela\" href=\"#\">Dr. Mirela C\u0103linescu<\/a> (<\/em><a href=\"mailto:elacalinescu@yahoo.com\"><em>elacalinescu@yahoo.com<\/em><\/a><em>)<br \/>\n<\/em><em><a class=\"fusion-modal-text-link\" data-toggle=\"modal\" data-target=\".fusion-modal.cristian\" href=\"#\">Dr. Cristian-Florin Marin<\/a> (<\/em><a href=\"mailto:c_marin69@yahoo.com\"><em>c_marin69@yahoo.com<\/em><\/a><em>)<\/em><\/p>\n<div class=\"fusion-modal modal fade modal-1 mihaela\" tabindex=\"-1\" role=\"dialog\" aria-labelledby=\"modal-heading-1\" aria-hidden=\"true\" style=\"--awb-border-color:#ebebeb;--awb-background:#f6f6f6;\"><div class=\"modal-dialog modal-lg\" role=\"document\"><div class=\"modal-content fusion-modal-content\"><div class=\"modal-header\"><button class=\"close\" type=\"button\" data-dismiss=\"modal\" aria-hidden=\"true\" aria-label=\"Close\">&times;<\/button><h3 class=\"modal-title\" id=\"modal-heading-1\" data-dismiss=\"modal\" aria-hidden=\"true\">Dr. ing. Mihaela Sumedrea<\/h3><\/div><div class=\"modal-body fusion-clearfix\"><\/p>\n<p><div data-post-id=\"11227\" class=\"insert-page insert-page-11227 \"><div class=\"fusion-fullwidth fullwidth-box fusion-builder-row-1 nonhundred-percent-fullwidth non-hundred-percent-height-scrolling\" style=\"--awb-border-radius-top-left:0px;--awb-border-radius-top-right:0px;--awb-border-radius-bottom-right:0px;--awb-border-radius-bottom-left:0px;--awb-flex-wrap:wrap;\" ><div class=\"fusion-builder-row fusion-row\"><div class=\"fusion-layout-column fusion_builder_column fusion-builder-column-0 fusion_builder_column_1_2 1_2 fusion-one-half fusion-column-first\" style=\"--awb-bg-size:cover;width:50%;width:calc(50% - ( ( 4% ) * 0.5 ) );margin-right: 4%;\"><div class=\"fusion-column-wrapper fusion-flex-column-wrapper-legacy\"><div class=\"fusion-text fusion-text-1\"><p><img decoding=\"async\" class=\"size-full wp-image-10832 alignleft\" src=\"http:\/\/icdp.ro\/wp-content\/uploads\/2018\/10\/placeholder-people-pic.png\" alt=\"\" width=\"320\" height=\"200\" srcset=\"https:\/\/icdp.ro\/wp-content\/uploads\/2018\/10\/placeholder-people-pic-200x125.png 200w, https:\/\/icdp.ro\/wp-content\/uploads\/2018\/10\/placeholder-people-pic-300x188.png 300w, https:\/\/icdp.ro\/wp-content\/uploads\/2018\/10\/placeholder-people-pic.png 320w\" sizes=\"(max-width: 320px) 100vw, 320px\" \/><br \/>\nEmail: <strong><a href=\"mailto:mihaela_sumedrea@yahoo.com\">mihaela_sumedrea@yahoo.com <\/a><\/strong><div class=\"fusion-button-wrapper\"><a class=\"fusion-button button-flat fusion-button-default-size button-default fusion-button-default button-1 fusion-button-default-span fusion-button-default-type\" style=\"--button-border-radius-top-left:0;--button-border-radius-top-right:0;--button-border-radius-bottom-right:0;--button-border-radius-bottom-left:0;\" target=\"_self\" href=\"https:\/\/icdp.ro\/wp-content\/uploads\/2025\/11\/CV-Sumedrea-Mihaela-RO.pdf\"><span class=\"fusion-button-text awb-button__text awb-button__text--default\">Descarc\u0103 CV<\/span><\/a><\/div><\/p>\n<\/div><div class=\"fusion-clearfix\"><\/div><\/div><\/div><div class=\"fusion-layout-column fusion_builder_column fusion-builder-column-1 fusion_builder_column_1_2 1_2 fusion-one-half fusion-column-last\" style=\"--awb-bg-size:cover;width:50%;width:calc(50% - ( ( 4% ) * 0.5 ) );\"><div class=\"fusion-column-wrapper fusion-flex-column-wrapper-legacy\"><div class=\"fusion-sep-clear\"><\/div><div class=\"fusion-separator fusion-full-width-sep\" style=\"margin-left: auto;margin-right: auto;margin-bottom:20px;width:100%;\"><\/div><div class=\"fusion-sep-clear\"><\/div><div class=\"fusion-text fusion-text-2\"><div style=\"line-height: 130% !important;\"><h5>Institutul de Cercetare Dezvoltare pentru Pomicultur\u0103<\/h5>\n<div>Pite\u015fti, 117450 M\u0103r\u0103cineni, strada M\u0103rului, nr. 402, jude\u0163ul Arge\u015f, codul po\u015ftal 117450<br \/>\n<strong>Telefon:<\/strong> 0248 278066<br \/>\n<strong>Fax:<\/strong> 0248 278477<br \/>\n<strong>E-mail:<\/strong> <a href=\"mailto:office@icdp-pitesti.ro\">office@icdp-pitesti.ro<\/a><br \/>\nWeb: <a href=\"http:\/\/www.icdp.ro\/\">www.icdp.ro<\/a><\/div>\n<\/div>\n<\/div><div class=\"fusion-clearfix\"><\/div><\/div><\/div><\/div><\/div>\n<\/div><\/p>\n<p><\/div><div class=\"modal-footer\"><button class=\"fusion-button button-default button-medium button default medium\" type=\"button\" data-dismiss=\"modal\">Close<\/button><\/div><\/div><\/div><\/div>\n<div class=\"fusion-modal modal fade modal-2 cristian\" tabindex=\"-1\" role=\"dialog\" aria-labelledby=\"modal-heading-2\" aria-hidden=\"true\" style=\"--awb-border-color:#ebebeb;--awb-background:#f6f6f6;\"><div class=\"modal-dialog modal-lg\" role=\"document\"><div class=\"modal-content fusion-modal-content\"><div class=\"modal-header\"><button class=\"close\" type=\"button\" data-dismiss=\"modal\" aria-hidden=\"true\" aria-label=\"Close\">&times;<\/button><h3 class=\"modal-title\" id=\"modal-heading-2\" data-dismiss=\"modal\" aria-hidden=\"true\">Dr. ing. Cristian-Florin Marin<\/h3><\/div><div class=\"modal-body fusion-clearfix\"><\/p>\n<p><div data-post-id=\"14723\" class=\"insert-page insert-page-14723 \"><div class=\"fusion-fullwidth fullwidth-box fusion-builder-row-2 nonhundred-percent-fullwidth non-hundred-percent-height-scrolling\" style=\"--awb-border-radius-top-left:0px;--awb-border-radius-top-right:0px;--awb-border-radius-bottom-right:0px;--awb-border-radius-bottom-left:0px;--awb-flex-wrap:wrap;\" ><div class=\"fusion-builder-row fusion-row\"><div class=\"fusion-layout-column fusion_builder_column fusion-builder-column-2 fusion_builder_column_1_2 1_2 fusion-one-half fusion-column-first\" style=\"--awb-bg-size:cover;width:50%;width:calc(50% - ( ( 4% ) * 0.5 ) );margin-right: 4%;\"><div class=\"fusion-column-wrapper fusion-flex-column-wrapper-legacy\"><div class=\"fusion-text fusion-text-3\" style=\"--awb-text-transform:none;\"><p><img decoding=\"async\" class=\"size-full wp-image-10832 alignleft\" src=\"http:\/\/icdp.ro\/wp-content\/uploads\/2018\/10\/placeholder-people-pic.png\" alt=\"\" width=\"320\" height=\"200\" srcset=\"https:\/\/icdp.ro\/wp-content\/uploads\/2018\/10\/placeholder-people-pic-200x125.png 200w, https:\/\/icdp.ro\/wp-content\/uploads\/2018\/10\/placeholder-people-pic-300x188.png 300w, https:\/\/icdp.ro\/wp-content\/uploads\/2018\/10\/placeholder-people-pic.png 320w\" sizes=\"(max-width: 320px) 100vw, 320px\" \/><br \/>\nEmail:&nbsp;<strong><a href=\"mailto:c_marin69@yahoo.com\">c_marin69@yahoo.com<\/a><\/strong><div class=\"fusion-button-wrapper\"><a class=\"fusion-button button-flat fusion-button-default-size button-default fusion-button-default button-2 fusion-button-default-span fusion-button-default-type\" style=\"--button-border-radius-top-left:0;--button-border-radius-top-right:0;--button-border-radius-bottom-right:0;--button-border-radius-bottom-left:0;\" target=\"_self\" href=\"https:\/\/icdp.ro\/wp-content\/uploads\/2025\/10\/CV-MARIN-Forin-Cristian-RO.pdf\"><span class=\"fusion-button-text awb-button__text awb-button__text--default\">Descarc\u0103 CV<\/span><\/a><\/div><\/p>\n<\/div><div class=\"fusion-clearfix\"><\/div><\/div><\/div><div class=\"fusion-layout-column fusion_builder_column fusion-builder-column-3 fusion_builder_column_1_2 1_2 fusion-one-half fusion-column-last\" style=\"--awb-bg-size:cover;width:50%;width:calc(50% - ( ( 4% ) * 0.5 ) );\"><div class=\"fusion-column-wrapper fusion-flex-column-wrapper-legacy\"><div class=\"fusion-sep-clear\"><\/div><div class=\"fusion-separator fusion-full-width-sep\" style=\"margin-left: auto;margin-right: auto;margin-bottom:20px;width:100%;\"><\/div><div class=\"fusion-sep-clear\"><\/div><div class=\"fusion-text fusion-text-4\"><div style=\"line-height: 130% !important;\"><h5>Institutul de Cercetare Dezvoltare pentru Pomicultur\u0103<\/h5>\n<div>Pite\u015fti, 117450 M\u0103r\u0103cineni, strada M\u0103rului, nr. 402, jude\u0163ul Arge\u015f, codul po\u015ftal 117450<br \/>\n<strong>Telefon:<\/strong> 0248 278066<br \/>\n<strong>Fax:<\/strong> 0248 278477<br \/>\n<strong>E-mail:<\/strong> <a href=\"mailto:office@icdp-pitesti.ro\">office@icdp-pitesti.ro<\/a><br \/>\nWeb: <a href=\"http:\/\/www.icdp.ro\/\">www.icdp.ro<\/a><\/div>\n<\/div>\n<\/div><div class=\"fusion-clearfix\"><\/div><\/div><\/div><\/div><\/div>\n<\/div><\/p>\n<p><\/div><div class=\"modal-footer\"><button class=\"fusion-button button-default button-medium button default medium\" type=\"button\" data-dismiss=\"modal\">Close<\/button><\/div><\/div><\/div><\/div>\n<div class=\"fusion-modal modal fade modal-3 mirela\" tabindex=\"-1\" role=\"dialog\" aria-labelledby=\"modal-heading-3\" aria-hidden=\"true\" style=\"--awb-border-color:#ebebeb;--awb-background:#f6f6f6;\"><div class=\"modal-dialog modal-lg\" role=\"document\"><div class=\"modal-content fusion-modal-content\"><div class=\"modal-header\"><button class=\"close\" type=\"button\" data-dismiss=\"modal\" aria-hidden=\"true\" aria-label=\"Close\">&times;<\/button><h3 class=\"modal-title\" id=\"modal-heading-3\" data-dismiss=\"modal\" aria-hidden=\"true\">Dr. ing. Mirela C\u0103linescu<\/h3><\/div><div class=\"modal-body fusion-clearfix\"><\/p>\n<p><div data-post-id=\"11441\" class=\"insert-page insert-page-11441 \"><div class=\"fusion-fullwidth fullwidth-box fusion-builder-row-3 nonhundred-percent-fullwidth non-hundred-percent-height-scrolling\" style=\"--awb-border-radius-top-left:0px;--awb-border-radius-top-right:0px;--awb-border-radius-bottom-right:0px;--awb-border-radius-bottom-left:0px;--awb-flex-wrap:wrap;\" ><div class=\"fusion-builder-row fusion-row\"><div class=\"fusion-layout-column fusion_builder_column fusion-builder-column-4 fusion_builder_column_1_2 1_2 fusion-one-half fusion-column-first\" style=\"--awb-bg-size:cover;width:50%;width:calc(50% - ( ( 4% ) * 0.5 ) );margin-right: 4%;\"><div class=\"fusion-column-wrapper fusion-flex-column-wrapper-legacy\"><div class=\"fusion-text fusion-text-5\"><p><img decoding=\"async\" class=\"size-full wp-image-10832 alignleft\" src=\"http:\/\/icdp.ro\/wp-content\/uploads\/2018\/10\/placeholder-people-pic.png\" alt=\"\" width=\"320\" height=\"200\" srcset=\"https:\/\/icdp.ro\/wp-content\/uploads\/2018\/10\/placeholder-people-pic-200x125.png 200w, https:\/\/icdp.ro\/wp-content\/uploads\/2018\/10\/placeholder-people-pic-300x188.png 300w, https:\/\/icdp.ro\/wp-content\/uploads\/2018\/10\/placeholder-people-pic.png 320w\" sizes=\"(max-width: 320px) 100vw, 320px\" \/><br \/>\nEmail:&nbsp;<strong><a href=\"mailto:elacalinescu@yahoo.com\">elacalinescu@yahoo.com<\/a><\/strong><div class=\"fusion-button-wrapper\"><a class=\"fusion-button button-flat fusion-button-default-size button-default fusion-button-default button-3 fusion-button-default-span fusion-button-default-type\" style=\"--button-border-radius-top-left:0;--button-border-radius-top-right:0;--button-border-radius-bottom-right:0;--button-border-radius-bottom-left:0;\" target=\"_self\" href=\"https:\/\/icdp.ro\/wp-content\/uploads\/2025\/11\/CV-CALINESCU-Mirela-RO.pdf\"><span class=\"fusion-button-text awb-button__text awb-button__text--default\">Descarc\u0103 CV<\/span><\/a><\/div><\/p>\n<\/div><div class=\"fusion-clearfix\"><\/div><\/div><\/div><div class=\"fusion-layout-column fusion_builder_column fusion-builder-column-5 fusion_builder_column_1_2 1_2 fusion-one-half fusion-column-last\" style=\"--awb-bg-size:cover;width:50%;width:calc(50% - ( ( 4% ) * 0.5 ) );\"><div class=\"fusion-column-wrapper fusion-flex-column-wrapper-legacy\"><div class=\"fusion-sep-clear\"><\/div><div class=\"fusion-separator fusion-full-width-sep\" style=\"margin-left: auto;margin-right: auto;margin-bottom:20px;width:100%;\"><\/div><div class=\"fusion-sep-clear\"><\/div><div class=\"fusion-text fusion-text-6\"><div style=\"line-height: 130% !important;\"><h5>Institutul de Cercetare Dezvoltare pentru Pomicultur\u0103<\/h5>\n<div>Pite\u015fti, 117450 M\u0103r\u0103cineni, strada M\u0103rului, nr. 402, jude\u0163ul Arge\u015f, codul po\u015ftal 117450<br \/>\n<strong>Telefon:<\/strong> 0248 278066<br \/>\n<strong>Fax:<\/strong> 0248 278477<br \/>\n<strong>E-mail:<\/strong> <a href=\"mailto:office@icdp-pitesti.ro\">office@icdp-pitesti.ro<\/a><br \/>\nWeb: <a href=\"http:\/\/www.icdp.ro\/\">www.icdp.ro<\/a><\/div>\n<\/div>\n<\/div><div class=\"fusion-clearfix\"><\/div><\/div><\/div><\/div><\/div>\n<\/div><\/p>\n<p><\/div><div class=\"modal-footer\"><button class=\"fusion-button button-default button-medium button default medium\" type=\"button\" data-dismiss=\"modal\">Close<\/button><\/div><\/div><\/div><\/div>\n","protected":false},"excerpt":{"rendered":"<p>Testarea noilor produse de protec\u021bie a plantelor pentru stabilirea eficacit\u0103\u021bii biologice \u00een combaterea bolilor \u0219i d\u0103un\u0103torilor din pomicultur\u0103 Obiective: Stabilirea eficacit\u0103\u021bii biologice a produselor de protec\u021bie a plantelor, \u00een conformitate cu Practica Experimental\u0103 Bun\u0103 (GEP); Managementul controlului integrat al bolilor \u0219i d\u0103un\u0103torilor cu implica\u021bii economice \u00een culturile de fructe mici, c\u0103p\u0219un \u0219i livezi pomicole. Realiz\u0103ri:  [&#8230;]<\/p>\n","protected":false},"author":1,"featured_media":0,"parent":10966,"menu_order":6,"comment_status":"closed","ping_status":"closed","template":"","meta":{"ngg_post_thumbnail":0,"footnotes":""},"categories":[],"tags":[],"class_list":["post-14753","page","type-page","status-publish","hentry"],"_links":{"self":[{"href":"https:\/\/icdp.ro\/ro\/wp-json\/wp\/v2\/pages\/14753","targetHints":{"allow":["GET"]}}],"collection":[{"href":"https:\/\/icdp.ro\/ro\/wp-json\/wp\/v2\/pages"}],"about":[{"href":"https:\/\/icdp.ro\/ro\/wp-json\/wp\/v2\/types\/page"}],"author":[{"embeddable":true,"href":"https:\/\/icdp.ro\/ro\/wp-json\/wp\/v2\/users\/1"}],"replies":[{"embeddable":true,"href":"https:\/\/icdp.ro\/ro\/wp-json\/wp\/v2\/comments?post=14753"}],"version-history":[{"count":3,"href":"https:\/\/icdp.ro\/ro\/wp-json\/wp\/v2\/pages\/14753\/revisions"}],"predecessor-version":[{"id":14876,"href":"https:\/\/icdp.ro\/ro\/wp-json\/wp\/v2\/pages\/14753\/revisions\/14876"}],"up":[{"embeddable":true,"href":"https:\/\/icdp.ro\/ro\/wp-json\/wp\/v2\/pages\/10966"}],"wp:attachment":[{"href":"https:\/\/icdp.ro\/ro\/wp-json\/wp\/v2\/media?parent=14753"}],"wp:term":[{"taxonomy":"category","embeddable":true,"href":"https:\/\/icdp.ro\/ro\/wp-json\/wp\/v2\/categories?post=14753"},{"taxonomy":"post_tag","embeddable":true,"href":"https:\/\/icdp.ro\/ro\/wp-json\/wp\/v2\/tags?post=14753"}],"curies":[{"name":"wp","href":"https:\/\/api.w.org\/{rel}","templated":true}]}}