{"id":14210,"date":"2024-05-09T12:56:34","date_gmt":"2024-05-09T09:56:34","guid":{"rendered":"https:\/\/icdp.ro\/?page_id=14210"},"modified":"2024-05-09T13:09:23","modified_gmt":"2024-05-09T10:09:23","slug":"producerea-materialului-de-inmultire-fructifer","status":"publish","type":"page","link":"https:\/\/icdp.ro\/ro\/cercetare\/inmultirea-plantelor-pomicole\/producerea-materialului-de-inmultire-fructifer\/","title":{"rendered":"Producerea materialului de \u00eenmul\u021bire fructifer"},"content":{"rendered":"<p><strong> TEHNICI DE \u00ceNMUL\u0162IRE LA SPECIILE POMICOLE<\/strong><\/p>\n<p><strong><em>Obiective:<br \/>\n<\/em><\/strong>Cre\u015fterea randamentelor de \u00eenmul\u0163ire a plantelor pomicole, prin elaborarea unor tehnologii cu rentabilitate economic\u0103;<\/p>\n<p><strong><em>Rezultate:<br \/>\n<\/em><\/strong>-Tehnologia but\u0103\u0219irii \u00een verde a portaltoilor pentru speciile s\u00e2mburoase<\/p>\n<style type=\"text\/css\">\n#foogallery-gallery-14213.fg-simple_portfolio { justify-content: flex-start; --fg-gutter: 7px; }\n#foogallery-gallery-14213.fg-simple_portfolio .fg-item { flex-basis: 250px; }<\/style>\n\t\t\t<div class=\"foogallery foogallery-container foogallery-simple_portfolio foogallery-lightbox-foogallery fg-simple_portfolio fg-ready fg-light fg-border-thin fg-shadow-outline fg-loading-default fg-loaded-fade-in fg-caption-always fg-hover-fade fg-hover-zoom fg-caption-always\" id=\"foogallery-gallery-14213\" data-foogallery=\"{&quot;item&quot;:{&quot;showCaptionTitle&quot;:true,&quot;showCaptionDescription&quot;:true},&quot;lazy&quot;:true}\" data-foogallery-lightbox=\"{&quot;thumbs&quot;:&quot;bottom&quot;,&quot;thumbsCaptions&quot;:false,&quot;thumbsBestFit&quot;:false,&quot;thumbsSmall&quot;:false,&quot;thumbsCaptionsAlign&quot;:&quot;default&quot;,&quot;info&quot;:&quot;bottom&quot;,&quot;infoVisible&quot;:true,&quot;infoOverlay&quot;:true,&quot;infoAlign&quot;:&quot;default&quot;,&quot;transition&quot;:&quot;fade&quot;,&quot;hoverButtons&quot;:false,&quot;fitMedia&quot;:false,&quot;noScrollbars&quot;:true,&quot;preserveButtonSpace&quot;:true,&quot;buttons&quot;:{&quot;fullscreen&quot;:true,&quot;info&quot;:true,&quot;thumbs&quot;:false},&quot;video&quot;:{&quot;autoPlay&quot;:true}}\" style=\"--fg-title-line-clamp: 0; --fg-description-line-clamp: 0;\" >\n\t<div class=\"fg-item fg-type-image fg-idle\"><figure class=\"fg-item-inner\"><a href=\"https:\/\/icdp.ro\/wp-content\/uploads\/2024\/05\/Mirodad-1-in-conditii-de-inradacinare-scaled.jpg\" data-caption-title=\"MIRODAD 1  (prun)\" data-attachment-id=\"14214\" class=\"foogallery-thumb fg-thumb\" data-type=\"image\"><span class=\"fg-image-wrap\"><img fetchpriority=\"high\" decoding=\"async\" title=\"MIRODAD 1  (prun)\" class=\"bf-img skip-lazy fg-image\" height=\"200\" width=\"250\" data-src-fg=\"https:\/\/icdp.ro\/wp-content\/uploads\/cache\/2024\/05\/Mirodad-1-in-conditii-de-inradacinare-scaled\/4165400774.jpg\" src=\"data:image\/svg+xml,%3Csvg%20xmlns%3D%22http%3A%2F%2Fwww.w3.org%2F2000%2Fsvg%22%20width%3D%22250%22%20height%3D%22200%22%20viewBox%3D%220%200%20250%20200%22%3E%3C%2Fsvg%3E\" loading=\"eager\"><\/span><span class=\"fg-image-overlay\"><\/span><\/a><figcaption class=\"fg-caption\"><div class=\"fg-caption-inner\"><div class=\"fg-caption-title\">MIRODAD 1  (prun)<\/div><\/div><\/figcaption><\/figure><div class=\"fg-loader\"><\/div><\/div><div class=\"fg-item fg-type-image fg-idle\"><figure class=\"fg-item-inner\"><a href=\"https:\/\/icdp.ro\/wp-content\/uploads\/2024\/05\/Miroper-in-conditii-de-inradacinare-scaled.jpg\" data-caption-title=\"MIROPER (piersic)\" data-attachment-id=\"14215\" class=\"foogallery-thumb fg-thumb\" data-type=\"image\"><span class=\"fg-image-wrap\"><img decoding=\"async\" title=\"MIROPER (piersic)\" class=\"bf-img skip-lazy fg-image\" height=\"200\" width=\"250\" data-src-fg=\"https:\/\/icdp.ro\/wp-content\/uploads\/cache\/2024\/05\/Miroper-in-conditii-de-inradacinare-scaled\/4147847227.jpg\" src=\"data:image\/svg+xml,%3Csvg%20xmlns%3D%22http%3A%2F%2Fwww.w3.org%2F2000%2Fsvg%22%20width%3D%22250%22%20height%3D%22200%22%20viewBox%3D%220%200%20250%20200%22%3E%3C%2Fsvg%3E\" loading=\"eager\"><\/span><span class=\"fg-image-overlay\"><\/span><\/a><figcaption class=\"fg-caption\"><div class=\"fg-caption-inner\"><div class=\"fg-caption-title\">MIROPER (piersic)<\/div><\/div><\/figcaption><\/figure><div class=\"fg-loader\"><\/div><\/div><div class=\"fg-item fg-type-image fg-idle\"><figure class=\"fg-item-inner\"><a href=\"https:\/\/icdp.ro\/wp-content\/uploads\/2024\/05\/Adaptabil-in-conditii-de-inradacinare-scaled.jpg\" data-caption-title=\"ADAPTABIL (piersic)\" data-attachment-id=\"14216\" class=\"foogallery-thumb fg-thumb\" data-type=\"image\"><span class=\"fg-image-wrap\"><img decoding=\"async\" title=\"ADAPTABIL (piersic)\" class=\"bf-img skip-lazy fg-image\" height=\"200\" width=\"250\" data-src-fg=\"https:\/\/icdp.ro\/wp-content\/uploads\/cache\/2024\/05\/Adaptabil-in-conditii-de-inradacinare-scaled\/892382201.jpg\" src=\"data:image\/svg+xml,%3Csvg%20xmlns%3D%22http%3A%2F%2Fwww.w3.org%2F2000%2Fsvg%22%20width%3D%22250%22%20height%3D%22200%22%20viewBox%3D%220%200%20250%20200%22%3E%3C%2Fsvg%3E\" loading=\"eager\"><\/span><span class=\"fg-image-overlay\"><\/span><\/a><figcaption class=\"fg-caption\"><div class=\"fg-caption-inner\"><div class=\"fg-caption-title\">ADAPTABIL (piersic)<\/div><\/div><\/figcaption><\/figure><div class=\"fg-loader\"><\/div><\/div><div class=\"fg-item fg-type-image fg-idle\"><figure class=\"fg-item-inner\"><a href=\"https:\/\/icdp.ro\/wp-content\/uploads\/2024\/05\/Apricor-in-conditii-de-inradacinare-scaled.jpg\" data-caption-title=\"APRICOR (cais)\" data-attachment-id=\"14217\" class=\"foogallery-thumb fg-thumb\" data-type=\"image\"><span class=\"fg-image-wrap\"><img decoding=\"async\" title=\"APRICOR (cais)\" class=\"bf-img skip-lazy fg-image\" height=\"200\" width=\"250\" data-src-fg=\"https:\/\/icdp.ro\/wp-content\/uploads\/cache\/2024\/05\/Apricor-in-conditii-de-inradacinare-scaled\/2909148135.jpg\" src=\"data:image\/svg+xml,%3Csvg%20xmlns%3D%22http%3A%2F%2Fwww.w3.org%2F2000%2Fsvg%22%20width%3D%22250%22%20height%3D%22200%22%20viewBox%3D%220%200%20250%20200%22%3E%3C%2Fsvg%3E\" loading=\"eager\"><\/span><span class=\"fg-image-overlay\"><\/span><\/a><figcaption class=\"fg-caption\"><div class=\"fg-caption-inner\"><div class=\"fg-caption-title\">APRICOR (cais)<\/div><\/div><\/figcaption><\/figure><div class=\"fg-loader\"><\/div><\/div><div class=\"fg-item fg-type-image fg-idle\"><figure class=\"fg-item-inner\"><a href=\"https:\/\/icdp.ro\/wp-content\/uploads\/2024\/05\/Baroc-in-conditii-de-inradacinare-scaled.jpg\" data-caption-title=\"BAROC (cais)\" data-attachment-id=\"14218\" class=\"foogallery-thumb fg-thumb\" data-type=\"image\"><span class=\"fg-image-wrap\"><img decoding=\"async\" title=\"BAROC (cais)\" class=\"bf-img skip-lazy fg-image\" height=\"200\" width=\"250\" data-src-fg=\"https:\/\/icdp.ro\/wp-content\/uploads\/cache\/2024\/05\/Baroc-in-conditii-de-inradacinare-scaled\/2972319045.jpg\" src=\"data:image\/svg+xml,%3Csvg%20xmlns%3D%22http%3A%2F%2Fwww.w3.org%2F2000%2Fsvg%22%20width%3D%22250%22%20height%3D%22200%22%20viewBox%3D%220%200%20250%20200%22%3E%3C%2Fsvg%3E\" loading=\"eager\"><\/span><span class=\"fg-image-overlay\"><\/span><\/a><figcaption class=\"fg-caption\"><div class=\"fg-caption-inner\"><div class=\"fg-caption-title\">BAROC (cais)<\/div><\/div><\/figcaption><\/figure><div class=\"fg-loader\"><\/div><\/div><div class=\"fg-item fg-type-image fg-idle\"><figure class=\"fg-item-inner\"><a href=\"https:\/\/icdp.ro\/wp-content\/uploads\/2024\/05\/Mirodad-1-butasi-inradacinati-scaled.jpg\" data-caption-title=\"MIRODAD 1 (prun)\" data-attachment-id=\"14219\" class=\"foogallery-thumb fg-thumb\" data-type=\"image\"><span class=\"fg-image-wrap\"><img decoding=\"async\" title=\"MIRODAD 1 (prun)\" class=\"bf-img skip-lazy fg-image\" height=\"200\" width=\"250\" data-src-fg=\"https:\/\/icdp.ro\/wp-content\/uploads\/cache\/2024\/05\/Mirodad-1-butasi-inradacinati-scaled\/284106856.jpg\" src=\"data:image\/svg+xml,%3Csvg%20xmlns%3D%22http%3A%2F%2Fwww.w3.org%2F2000%2Fsvg%22%20width%3D%22250%22%20height%3D%22200%22%20viewBox%3D%220%200%20250%20200%22%3E%3C%2Fsvg%3E\" loading=\"eager\"><\/span><span class=\"fg-image-overlay\"><\/span><\/a><figcaption class=\"fg-caption\"><div class=\"fg-caption-inner\"><div class=\"fg-caption-title\">MIRODAD 1 (prun)<\/div><\/div><\/figcaption><\/figure><div class=\"fg-loader\"><\/div><\/div><div class=\"fg-item fg-type-image fg-idle\"><figure class=\"fg-item-inner\"><a href=\"https:\/\/icdp.ro\/wp-content\/uploads\/2024\/05\/Adaptabil-butasi-inradacinati-scaled.jpg\" data-caption-title=\"ADAPTABIL (piersic)\" data-attachment-id=\"14220\" class=\"foogallery-thumb fg-thumb\" data-type=\"image\"><span class=\"fg-image-wrap\"><img decoding=\"async\" title=\"ADAPTABIL (piersic)\" class=\"bf-img skip-lazy fg-image\" height=\"200\" width=\"250\" data-src-fg=\"https:\/\/icdp.ro\/wp-content\/uploads\/cache\/2024\/05\/Adaptabil-butasi-inradacinati-scaled\/2455422506.jpg\" src=\"data:image\/svg+xml,%3Csvg%20xmlns%3D%22http%3A%2F%2Fwww.w3.org%2F2000%2Fsvg%22%20width%3D%22250%22%20height%3D%22200%22%20viewBox%3D%220%200%20250%20200%22%3E%3C%2Fsvg%3E\" loading=\"eager\"><\/span><span class=\"fg-image-overlay\"><\/span><\/a><figcaption class=\"fg-caption\"><div class=\"fg-caption-inner\"><div class=\"fg-caption-title\">ADAPTABIL (piersic)<\/div><\/div><\/figcaption><\/figure><div class=\"fg-loader\"><\/div><\/div><div class=\"fg-item fg-type-image fg-idle\"><figure class=\"fg-item-inner\"><a href=\"https:\/\/icdp.ro\/wp-content\/uploads\/2024\/05\/Miroper-butasi-inradacinati-scaled.jpg\" data-caption-title=\"MIROPER (piersic)\" data-attachment-id=\"14221\" class=\"foogallery-thumb fg-thumb\" data-type=\"image\"><span class=\"fg-image-wrap\"><img decoding=\"async\" title=\"MIROPER (piersic)\" class=\"bf-img skip-lazy fg-image\" height=\"200\" width=\"250\" data-src-fg=\"https:\/\/icdp.ro\/wp-content\/uploads\/cache\/2024\/05\/Miroper-butasi-inradacinati-scaled\/3586365793.jpg\" src=\"data:image\/svg+xml,%3Csvg%20xmlns%3D%22http%3A%2F%2Fwww.w3.org%2F2000%2Fsvg%22%20width%3D%22250%22%20height%3D%22200%22%20viewBox%3D%220%200%20250%20200%22%3E%3C%2Fsvg%3E\" loading=\"eager\"><\/span><span class=\"fg-image-overlay\"><\/span><\/a><figcaption class=\"fg-caption\"><div class=\"fg-caption-inner\"><div class=\"fg-caption-title\">MIROPER (piersic)<\/div><\/div><\/figcaption><\/figure><div class=\"fg-loader\"><\/div><\/div><div class=\"fg-item fg-type-image fg-idle\"><figure class=\"fg-item-inner\"><a href=\"https:\/\/icdp.ro\/wp-content\/uploads\/2024\/05\/Apricor-butasi-inradacinati-scaled.jpg\" data-caption-title=\"APRICOR  (cais)\" data-attachment-id=\"14222\" class=\"foogallery-thumb fg-thumb\" data-type=\"image\"><span class=\"fg-image-wrap\"><img decoding=\"async\" title=\"APRICOR  (cais)\" class=\"bf-img skip-lazy fg-image\" height=\"200\" width=\"250\" data-src-fg=\"https:\/\/icdp.ro\/wp-content\/uploads\/cache\/2024\/05\/Apricor-butasi-inradacinati-scaled\/3002451705.jpg\" src=\"data:image\/svg+xml,%3Csvg%20xmlns%3D%22http%3A%2F%2Fwww.w3.org%2F2000%2Fsvg%22%20width%3D%22250%22%20height%3D%22200%22%20viewBox%3D%220%200%20250%20200%22%3E%3C%2Fsvg%3E\" loading=\"eager\"><\/span><span class=\"fg-image-overlay\"><\/span><\/a><figcaption class=\"fg-caption\"><div class=\"fg-caption-inner\"><div class=\"fg-caption-title\">APRICOR  (cais)<\/div><\/div><\/figcaption><\/figure><div class=\"fg-loader\"><\/div><\/div><div class=\"fg-item fg-type-image fg-idle\"><figure class=\"fg-item-inner\"><a href=\"https:\/\/icdp.ro\/wp-content\/uploads\/2024\/05\/Baroc-butasi-inradacinati-scaled.jpg\" data-caption-title=\"BAROC (cais)\" data-attachment-id=\"14223\" class=\"foogallery-thumb fg-thumb\" data-type=\"image\"><span class=\"fg-image-wrap\"><img decoding=\"async\" title=\"BAROC (cais)\" class=\"bf-img skip-lazy fg-image\" height=\"200\" width=\"250\" data-src-fg=\"https:\/\/icdp.ro\/wp-content\/uploads\/cache\/2024\/05\/Baroc-butasi-inradacinati-scaled\/175296084.jpg\" src=\"data:image\/svg+xml,%3Csvg%20xmlns%3D%22http%3A%2F%2Fwww.w3.org%2F2000%2Fsvg%22%20width%3D%22250%22%20height%3D%22200%22%20viewBox%3D%220%200%20250%20200%22%3E%3C%2Fsvg%3E\" loading=\"eager\"><\/span><span class=\"fg-image-overlay\"><\/span><\/a><figcaption class=\"fg-caption\"><div class=\"fg-caption-inner\"><div class=\"fg-caption-title\">BAROC (cais)<\/div><\/div><\/figcaption><\/figure><div class=\"fg-loader\"><\/div><\/div><div class=\"fg-item fg-type-image fg-idle\"><figure class=\"fg-item-inner\"><a href=\"https:\/\/icdp.ro\/wp-content\/uploads\/2024\/05\/IP-C2-butasi-inradacinati-scaled.jpg\" data-caption-title=\"IPC 2  (cire\u0219)\" data-attachment-id=\"14224\" class=\"foogallery-thumb fg-thumb\" data-type=\"image\"><span class=\"fg-image-wrap\"><img decoding=\"async\" title=\"IPC 2  (cire\u0219)\" class=\"bf-img skip-lazy fg-image\" height=\"200\" width=\"250\" data-src-fg=\"https:\/\/icdp.ro\/wp-content\/uploads\/cache\/2024\/05\/IP-C2-butasi-inradacinati-scaled\/705590836.jpg\" src=\"data:image\/svg+xml,%3Csvg%20xmlns%3D%22http%3A%2F%2Fwww.w3.org%2F2000%2Fsvg%22%20width%3D%22250%22%20height%3D%22200%22%20viewBox%3D%220%200%20250%20200%22%3E%3C%2Fsvg%3E\" loading=\"eager\"><\/span><span class=\"fg-image-overlay\"><\/span><\/a><figcaption class=\"fg-caption\"><div class=\"fg-caption-inner\"><div class=\"fg-caption-title\">IPC 2  (cire\u0219)<\/div><\/div><\/figcaption><\/figure><div class=\"fg-loader\"><\/div><\/div><div class=\"fg-item fg-type-image fg-idle\"><figure class=\"fg-item-inner\"><a href=\"https:\/\/icdp.ro\/wp-content\/uploads\/2024\/05\/IP-C3-butasi-inradacinati-scaled.jpg\" data-caption-title=\"IPC 3  (cire\u0219)\" data-attachment-id=\"14225\" class=\"foogallery-thumb fg-thumb\" data-type=\"image\"><span class=\"fg-image-wrap\"><img decoding=\"async\" title=\"IPC 3  (cire\u0219)\" class=\"bf-img skip-lazy fg-image\" height=\"200\" width=\"250\" data-src-fg=\"https:\/\/icdp.ro\/wp-content\/uploads\/cache\/2024\/05\/IP-C3-butasi-inradacinati-scaled\/509077180.jpg\" src=\"data:image\/svg+xml,%3Csvg%20xmlns%3D%22http%3A%2F%2Fwww.w3.org%2F2000%2Fsvg%22%20width%3D%22250%22%20height%3D%22200%22%20viewBox%3D%220%200%20250%20200%22%3E%3C%2Fsvg%3E\" loading=\"eager\"><\/span><span class=\"fg-image-overlay\"><\/span><\/a><figcaption class=\"fg-caption\"><div class=\"fg-caption-inner\"><div class=\"fg-caption-title\">IPC 3  (cire\u0219)<\/div><\/div><\/figcaption><\/figure><div class=\"fg-loader\"><\/div><\/div><div class=\"fg-item fg-type-image fg-idle\"><figure class=\"fg-item-inner\"><a href=\"https:\/\/icdp.ro\/wp-content\/uploads\/2024\/05\/IP-C4-butasi-inradacinati-scaled.jpg\" data-caption-title=\"IPC 4  (cire\u0219)\" data-attachment-id=\"14226\" class=\"foogallery-thumb fg-thumb\" data-type=\"image\"><span class=\"fg-image-wrap\"><img decoding=\"async\" title=\"IPC 4  (cire\u0219)\" class=\"bf-img skip-lazy fg-image\" height=\"200\" width=\"250\" data-src-fg=\"https:\/\/icdp.ro\/wp-content\/uploads\/cache\/2024\/05\/IP-C4-butasi-inradacinati-scaled\/3391554694.jpg\" src=\"data:image\/svg+xml,%3Csvg%20xmlns%3D%22http%3A%2F%2Fwww.w3.org%2F2000%2Fsvg%22%20width%3D%22250%22%20height%3D%22200%22%20viewBox%3D%220%200%20250%20200%22%3E%3C%2Fsvg%3E\" loading=\"eager\"><\/span><span class=\"fg-image-overlay\"><\/span><\/a><figcaption class=\"fg-caption\"><div class=\"fg-caption-inner\"><div class=\"fg-caption-title\">IPC 4  (cire\u0219)<\/div><\/div><\/figcaption><\/figure><div class=\"fg-loader\"><\/div><\/div><div class=\"fg-item fg-type-image fg-idle\"><figure class=\"fg-item-inner\"><a href=\"https:\/\/icdp.ro\/wp-content\/uploads\/2024\/05\/IP-C5-butasi-inradacinati-scaled.jpg\" data-caption-title=\"IPC 5  (cire\u0219)\" data-attachment-id=\"14227\" class=\"foogallery-thumb fg-thumb\" data-type=\"image\"><span class=\"fg-image-wrap\"><img decoding=\"async\" title=\"IPC 5  (cire\u0219)\" class=\"bf-img skip-lazy fg-image\" height=\"200\" width=\"250\" data-src-fg=\"https:\/\/icdp.ro\/wp-content\/uploads\/cache\/2024\/05\/IP-C5-butasi-inradacinati-scaled\/4269708302.jpg\" src=\"data:image\/svg+xml,%3Csvg%20xmlns%3D%22http%3A%2F%2Fwww.w3.org%2F2000%2Fsvg%22%20width%3D%22250%22%20height%3D%22200%22%20viewBox%3D%220%200%20250%20200%22%3E%3C%2Fsvg%3E\" loading=\"eager\"><\/span><span class=\"fg-image-overlay\"><\/span><\/a><figcaption class=\"fg-caption\"><div class=\"fg-caption-inner\"><div class=\"fg-caption-title\">IPC 5  (cire\u0219)<\/div><\/div><\/figcaption><\/figure><div class=\"fg-loader\"><\/div><\/div><div class=\"fg-item fg-type-image fg-idle\"><figure class=\"fg-item-inner\"><a href=\"https:\/\/icdp.ro\/wp-content\/uploads\/2024\/05\/IP-C8-butasi-inradacinati.jpg\" data-caption-title=\"IPC 8  (cire\u0219)\" data-attachment-id=\"14228\" class=\"foogallery-thumb fg-thumb\" data-type=\"image\"><span class=\"fg-image-wrap\"><img decoding=\"async\" title=\"IPC 8  (cire\u0219)\" class=\"bf-img skip-lazy fg-image\" height=\"200\" width=\"250\" data-src-fg=\"https:\/\/icdp.ro\/wp-content\/uploads\/cache\/2024\/05\/IP-C8-butasi-inradacinati\/1055082264.jpg\" src=\"data:image\/svg+xml,%3Csvg%20xmlns%3D%22http%3A%2F%2Fwww.w3.org%2F2000%2Fsvg%22%20width%3D%22250%22%20height%3D%22200%22%20viewBox%3D%220%200%20250%20200%22%3E%3C%2Fsvg%3E\" loading=\"eager\"><\/span><span class=\"fg-image-overlay\"><\/span><\/a><figcaption class=\"fg-caption\"><div class=\"fg-caption-inner\"><div class=\"fg-caption-title\">IPC 8  (cire\u0219)<\/div><\/div><\/figcaption><\/figure><div class=\"fg-loader\"><\/div><\/div><\/div>\n<p><strong>Cercet\u0103tori:<br \/>\n<\/strong>Dr. ing. Silvia Nicolae \u2013 m\u0103r, p\u0103r, gutui \u2013 <a href=\"mailto:silvia_eu2001@yahoo.com\">silvia_eu2001@yahoo.com<\/a><br \/>\nDrd. ing. Mihai Chivu \u2013 prun,&nbsp; cais, piersic &#8211; <a href=\"mailto:mihai_chivu7915@yahoo.com\">mihai_chivu7915@yahoo.com<\/a><\/p>\n","protected":false},"excerpt":{"rendered":"<p>TEHNICI DE \u00ceNMUL\u0162IRE LA SPECIILE POMICOLE Obiective: Cre\u015fterea randamentelor de \u00eenmul\u0163ire a plantelor pomicole, prin elaborarea unor tehnologii cu rentabilitate economic\u0103; Rezultate: -Tehnologia but\u0103\u0219irii \u00een verde a portaltoilor pentru speciile s\u00e2mburoase Cercet\u0103tori: Dr. ing. Silvia Nicolae \u2013 m\u0103r, p\u0103r, gutui \u2013 silvia_eu2001@yahoo.com Drd. ing. Mihai Chivu \u2013 prun,&nbsp; cais, piersic &#8211; mihai_chivu7915@yahoo.com<\/p>\n","protected":false},"author":1,"featured_media":0,"parent":10963,"menu_order":1,"comment_status":"closed","ping_status":"closed","template":"","meta":{"ngg_post_thumbnail":0,"footnotes":""},"categories":[],"tags":[],"class_list":["post-14210","page","type-page","status-publish","hentry"],"_links":{"self":[{"href":"https:\/\/icdp.ro\/ro\/wp-json\/wp\/v2\/pages\/14210","targetHints":{"allow":["GET"]}}],"collection":[{"href":"https:\/\/icdp.ro\/ro\/wp-json\/wp\/v2\/pages"}],"about":[{"href":"https:\/\/icdp.ro\/ro\/wp-json\/wp\/v2\/types\/page"}],"author":[{"embeddable":true,"href":"https:\/\/icdp.ro\/ro\/wp-json\/wp\/v2\/users\/1"}],"replies":[{"embeddable":true,"href":"https:\/\/icdp.ro\/ro\/wp-json\/wp\/v2\/comments?post=14210"}],"version-history":[{"count":3,"href":"https:\/\/icdp.ro\/ro\/wp-json\/wp\/v2\/pages\/14210\/revisions"}],"predecessor-version":[{"id":14230,"href":"https:\/\/icdp.ro\/ro\/wp-json\/wp\/v2\/pages\/14210\/revisions\/14230"}],"up":[{"embeddable":true,"href":"https:\/\/icdp.ro\/ro\/wp-json\/wp\/v2\/pages\/10963"}],"wp:attachment":[{"href":"https:\/\/icdp.ro\/ro\/wp-json\/wp\/v2\/media?parent=14210"}],"wp:term":[{"taxonomy":"category","embeddable":true,"href":"https:\/\/icdp.ro\/ro\/wp-json\/wp\/v2\/categories?post=14210"},{"taxonomy":"post_tag","embeddable":true,"href":"https:\/\/icdp.ro\/ro\/wp-json\/wp\/v2\/tags?post=14210"}],"curies":[{"name":"wp","href":"https:\/\/api.w.org\/{rel}","templated":true}]}}