{"id":14198,"date":"2024-05-09T12:30:18","date_gmt":"2024-05-09T09:30:18","guid":{"rendered":"https:\/\/icdp.ro\/?page_id=14198"},"modified":"2024-05-09T12:30:18","modified_gmt":"2024-05-09T09:30:18","slug":"ipc-4-cires","status":"publish","type":"page","link":"https:\/\/icdp.ro\/ro\/cercetare\/inmultirea-plantelor-pomicole\/resurse-genetice-si-ameliorarea-portaltoilor-pomicoli\/ipc-4-cires\/","title":{"rendered":"IPC 4 (cire\u0219)"},"content":{"rendered":"<p><strong>Anul omolog\u0103rii<\/strong>: 2002<br \/>\n<strong>Origine: <\/strong><em> pseudocerasus <\/em>x<em> P.avium<\/em> 77-33-26;<br \/>\nPortaltoi vegetativ pentru cire\u015f \u015fi vi\u015fin, cu urm\u0103toarele caracteristici:<\/p>\n<ul>\n<li style=\"list-style-type: none;\">\n<ul>\n<li>este tolerant la <em>Coccomyces hiemalis<\/em>;<\/li>\n<li>tolerant la ger \u0219i secet\u0103;<\/li>\n<li>se \u00eenmul\u0163e\u015fte prin buta\u015fi verzi (peste 90% \u00eenr\u0103d\u0103cinare);<\/li>\n<li>compatibilitate la altoire cu soiuri de cire\u015f (Daria, Severin, Boambe de Cotnari, \u0218tefan) \u015fi soiuri de vi\u015fin de tip Moc\u0103ne\u0219ti;<\/li>\n<li>\u00een livad\u0103 imprim\u0103 soiurilor altoite vigoare medie-mare;<\/li>\n<li>nu drajoneaz\u0103;<\/li>\n<li>se preteaz\u0103 pe diferite tipuri de sol cu o textur\u0103 de la nisipo-lutoas\u0103 la luto-argiloas\u0103.<\/li>\n<li>\u00een livad\u0103 prezint\u0103 o bun\u0103 compatibilitate cu soiurile altoite, c\u0103rora le imprim\u0103 o vigoare moderat\u0103, precocitate de rodire \u015fi productivitate ridicat\u0103.<\/li>\n<\/ul>\n<\/li>\n<\/ul>\n<ul>\n<li style=\"list-style-type: none;\">&nbsp;<\/li>\n<\/ul>\n<p>&nbsp;<\/p>\n","protected":false},"excerpt":{"rendered":"<p>Anul omolog\u0103rii: 2002 Origine: pseudocerasus x P.avium 77-33-26; Portaltoi vegetativ pentru cire\u015f \u015fi vi\u015fin, cu urm\u0103toarele caracteristici: este tolerant la Coccomyces hiemalis; tolerant la ger \u0219i secet\u0103; se \u00eenmul\u0163e\u015fte prin buta\u015fi verzi (peste 90% \u00eenr\u0103d\u0103cinare); compatibilitate la altoire cu soiuri de cire\u015f (Daria, Severin, Boambe de Cotnari, \u0218tefan) \u015fi soiuri de vi\u015fin de tip Moc\u0103ne\u0219ti;  [&#8230;]<\/p>\n","protected":false},"author":1,"featured_media":14199,"parent":14141,"menu_order":12,"comment_status":"closed","ping_status":"closed","template":"","meta":{"ngg_post_thumbnail":0,"footnotes":""},"categories":[67],"tags":[],"class_list":["post-14198","page","type-page","status-publish","has-post-thumbnail","hentry","category-portaltoi-vegetativi"],"_links":{"self":[{"href":"https:\/\/icdp.ro\/ro\/wp-json\/wp\/v2\/pages\/14198","targetHints":{"allow":["GET"]}}],"collection":[{"href":"https:\/\/icdp.ro\/ro\/wp-json\/wp\/v2\/pages"}],"about":[{"href":"https:\/\/icdp.ro\/ro\/wp-json\/wp\/v2\/types\/page"}],"author":[{"embeddable":true,"href":"https:\/\/icdp.ro\/ro\/wp-json\/wp\/v2\/users\/1"}],"replies":[{"embeddable":true,"href":"https:\/\/icdp.ro\/ro\/wp-json\/wp\/v2\/comments?post=14198"}],"version-history":[{"count":2,"href":"https:\/\/icdp.ro\/ro\/wp-json\/wp\/v2\/pages\/14198\/revisions"}],"predecessor-version":[{"id":14201,"href":"https:\/\/icdp.ro\/ro\/wp-json\/wp\/v2\/pages\/14198\/revisions\/14201"}],"up":[{"embeddable":true,"href":"https:\/\/icdp.ro\/ro\/wp-json\/wp\/v2\/pages\/14141"}],"wp:featuredmedia":[{"embeddable":true,"href":"https:\/\/icdp.ro\/ro\/wp-json\/wp\/v2\/media\/14199"}],"wp:attachment":[{"href":"https:\/\/icdp.ro\/ro\/wp-json\/wp\/v2\/media?parent=14198"}],"wp:term":[{"taxonomy":"category","embeddable":true,"href":"https:\/\/icdp.ro\/ro\/wp-json\/wp\/v2\/categories?post=14198"},{"taxonomy":"post_tag","embeddable":true,"href":"https:\/\/icdp.ro\/ro\/wp-json\/wp\/v2\/tags?post=14198"}],"curies":[{"name":"wp","href":"https:\/\/api.w.org\/{rel}","templated":true}]}}