{"id":14171,"date":"2024-05-09T12:17:23","date_gmt":"2024-05-09T09:17:23","guid":{"rendered":"https:\/\/icdp.ro\/?page_id=14171"},"modified":"2024-05-09T12:21:51","modified_gmt":"2024-05-09T09:21:51","slug":"adaptabil-piersic","status":"publish","type":"page","link":"https:\/\/icdp.ro\/ro\/cercetare\/inmultirea-plantelor-pomicole\/resurse-genetice-si-ameliorarea-portaltoilor-pomicoli\/adaptabil-piersic\/","title":{"rendered":"ADAPTABIL (piersic)"},"content":{"rendered":"<p><strong>Anul omolog\u0103rii<\/strong>: 2000<br \/>\n<strong>Origine: <\/strong><em>Prunus besseyi x Prunus sp<br \/>\n<\/em>Portaltoi vegetativ pentru piersic \u015fi nectarin care prezint\u0103 urm\u0103toarele caracteristici:<\/p>\n<ul>\n<li style=\"list-style-type: none;\">\n<ul>\n<li>toleran\u0163\u0103 la boli foliare \u015fi Plum-pox;<\/li>\n<li>randament foarte bun la \u00eenmul\u0163irea prin buta\u015fi verzi (peste 90% \u00eenr\u0103d\u0103cinare);<\/li>\n<li>compatibilitate bun\u0103 cu soiurile de piersic \u015fi nectarin c\u0103rora \u00een livad\u0103 le imprim\u0103 vigoare mijlocie \u2013 mic\u0103 \u015fi o longevitate apreciabil\u0103 (18 \u2013 20 de ani).<\/li>\n<\/ul>\n<\/li>\n<\/ul>\n","protected":false},"excerpt":{"rendered":"<p>Anul omolog\u0103rii: 2000 Origine: Prunus besseyi x Prunus sp Portaltoi vegetativ pentru piersic \u015fi nectarin care prezint\u0103 urm\u0103toarele caracteristici: toleran\u0163\u0103 la boli foliare \u015fi Plum-pox; randament foarte bun la \u00eenmul\u0163irea prin buta\u015fi verzi (peste 90% \u00eenr\u0103d\u0103cinare); compatibilitate bun\u0103 cu soiurile de piersic \u015fi nectarin c\u0103rora \u00een livad\u0103 le imprim\u0103 vigoare mijlocie \u2013 mic\u0103 \u015fi o  [&#8230;]<\/p>\n","protected":false},"author":1,"featured_media":14172,"parent":14141,"menu_order":1,"comment_status":"closed","ping_status":"closed","template":"","meta":{"ngg_post_thumbnail":0,"footnotes":""},"categories":[67],"tags":[],"class_list":["post-14171","page","type-page","status-publish","has-post-thumbnail","hentry","category-portaltoi-vegetativi"],"_links":{"self":[{"href":"https:\/\/icdp.ro\/ro\/wp-json\/wp\/v2\/pages\/14171","targetHints":{"allow":["GET"]}}],"collection":[{"href":"https:\/\/icdp.ro\/ro\/wp-json\/wp\/v2\/pages"}],"about":[{"href":"https:\/\/icdp.ro\/ro\/wp-json\/wp\/v2\/types\/page"}],"author":[{"embeddable":true,"href":"https:\/\/icdp.ro\/ro\/wp-json\/wp\/v2\/users\/1"}],"replies":[{"embeddable":true,"href":"https:\/\/icdp.ro\/ro\/wp-json\/wp\/v2\/comments?post=14171"}],"version-history":[{"count":3,"href":"https:\/\/icdp.ro\/ro\/wp-json\/wp\/v2\/pages\/14171\/revisions"}],"predecessor-version":[{"id":14184,"href":"https:\/\/icdp.ro\/ro\/wp-json\/wp\/v2\/pages\/14171\/revisions\/14184"}],"up":[{"embeddable":true,"href":"https:\/\/icdp.ro\/ro\/wp-json\/wp\/v2\/pages\/14141"}],"wp:featuredmedia":[{"embeddable":true,"href":"https:\/\/icdp.ro\/ro\/wp-json\/wp\/v2\/media\/14172"}],"wp:attachment":[{"href":"https:\/\/icdp.ro\/ro\/wp-json\/wp\/v2\/media?parent=14171"}],"wp:term":[{"taxonomy":"category","embeddable":true,"href":"https:\/\/icdp.ro\/ro\/wp-json\/wp\/v2\/categories?post=14171"},{"taxonomy":"post_tag","embeddable":true,"href":"https:\/\/icdp.ro\/ro\/wp-json\/wp\/v2\/tags?post=14171"}],"curies":[{"name":"wp","href":"https:\/\/api.w.org\/{rel}","templated":true}]}}