{"id":14149,"date":"2024-05-09T11:32:14","date_gmt":"2024-05-09T08:32:14","guid":{"rendered":"https:\/\/icdp.ro\/?page_id=14149"},"modified":"2024-05-09T11:32:14","modified_gmt":"2024-05-09T08:32:14","slug":"mirobolan-c5","status":"publish","type":"page","link":"https:\/\/icdp.ro\/ro\/cercetare\/inmultirea-plantelor-pomicole\/resurse-genetice-si-ameliorarea-portaltoilor-pomicoli\/mirobolan-c5\/","title":{"rendered":"Mirobolan C5"},"content":{"rendered":"<p><strong>Anul omolog\u0103rii<\/strong>: 1999<br \/>\n<strong>Origine: <\/strong>selec\u0163ie din <em> cerasifera<br \/>\n<\/em>Portaltoi generativ pentru prun caracterizat prin:<\/p>\n<ul>\n<li style=\"list-style-type: none;\">\n<ul>\n<li>viguros ca semincer, productiv \u015fi tolerant la Plum-pox.<\/li>\n<li>fructele de culoare galben\u0103 se maturizeaz\u0103 foarte t\u00e2rziu (\u00eenceput de septembrie);<\/li>\n<li>\u00een \u015fcoala de puie\u0163i r\u0103s\u0103rirea este bun\u0103 \u015fi este tolerant la bolile foliare;<\/li>\n<li>\u00een livad\u0103 imprim\u0103 vigoare mare soiurilor altoite;<\/li>\n<li>este un portaltoi recomandat pentru soluri mai s\u0103race sau \u00een cazul replant\u0103rilor, precum \u015fi pentru livezi la care recoltarea se face mecanizat.<\/li>\n<\/ul>\n<\/li>\n<\/ul>\n","protected":false},"excerpt":{"rendered":"<p>Anul omolog\u0103rii: 1999 Origine: selec\u0163ie din cerasifera Portaltoi generativ pentru prun caracterizat prin: viguros ca semincer, productiv \u015fi tolerant la Plum-pox. fructele de culoare galben\u0103 se maturizeaz\u0103 foarte t\u00e2rziu (\u00eenceput de septembrie); \u00een \u015fcoala de puie\u0163i r\u0103s\u0103rirea este bun\u0103 \u015fi este tolerant la bolile foliare; \u00een livad\u0103 imprim\u0103 vigoare mare soiurilor altoite; este un portaltoi  [&#8230;]<\/p>\n","protected":false},"author":1,"featured_media":14150,"parent":14141,"menu_order":5,"comment_status":"closed","ping_status":"closed","template":"","meta":{"ngg_post_thumbnail":0,"footnotes":""},"categories":[66],"tags":[],"class_list":["post-14149","page","type-page","status-publish","has-post-thumbnail","hentry","category-portaltoi-generativi"],"_links":{"self":[{"href":"https:\/\/icdp.ro\/ro\/wp-json\/wp\/v2\/pages\/14149","targetHints":{"allow":["GET"]}}],"collection":[{"href":"https:\/\/icdp.ro\/ro\/wp-json\/wp\/v2\/pages"}],"about":[{"href":"https:\/\/icdp.ro\/ro\/wp-json\/wp\/v2\/types\/page"}],"author":[{"embeddable":true,"href":"https:\/\/icdp.ro\/ro\/wp-json\/wp\/v2\/users\/1"}],"replies":[{"embeddable":true,"href":"https:\/\/icdp.ro\/ro\/wp-json\/wp\/v2\/comments?post=14149"}],"version-history":[{"count":1,"href":"https:\/\/icdp.ro\/ro\/wp-json\/wp\/v2\/pages\/14149\/revisions"}],"predecessor-version":[{"id":14151,"href":"https:\/\/icdp.ro\/ro\/wp-json\/wp\/v2\/pages\/14149\/revisions\/14151"}],"up":[{"embeddable":true,"href":"https:\/\/icdp.ro\/ro\/wp-json\/wp\/v2\/pages\/14141"}],"wp:featuredmedia":[{"embeddable":true,"href":"https:\/\/icdp.ro\/ro\/wp-json\/wp\/v2\/media\/14150"}],"wp:attachment":[{"href":"https:\/\/icdp.ro\/ro\/wp-json\/wp\/v2\/media?parent=14149"}],"wp:term":[{"taxonomy":"category","embeddable":true,"href":"https:\/\/icdp.ro\/ro\/wp-json\/wp\/v2\/categories?post=14149"},{"taxonomy":"post_tag","embeddable":true,"href":"https:\/\/icdp.ro\/ro\/wp-json\/wp\/v2\/tags?post=14149"}],"curies":[{"name":"wp","href":"https:\/\/api.w.org\/{rel}","templated":true}]}}