{"id":14141,"date":"2024-05-08T20:35:39","date_gmt":"2024-05-08T17:35:39","guid":{"rendered":"https:\/\/icdp.ro\/?page_id=14141"},"modified":"2024-05-09T12:55:35","modified_gmt":"2024-05-09T09:55:35","slug":"resurse-genetice-si-ameliorarea-portaltoilor-pomicoli","status":"publish","type":"page","link":"https:\/\/icdp.ro\/ro\/cercetare\/inmultirea-plantelor-pomicole\/resurse-genetice-si-ameliorarea-portaltoilor-pomicoli\/","title":{"rendered":"Resurse genetice \u015fi ameliorarea portaltoilor pomicoli"},"content":{"rendered":"<p><strong><em>1.MEN\u0162INEREA \u0218I EXPLOATAREA BIODIVERSIT\u0102\u0162II POMICOLE<\/em><\/strong><\/p>\n<p><strong><em>&nbsp;<\/em><\/strong><strong><em>Obiective<\/em><\/strong><strong>:<br \/>\n<\/strong>Reorganizarea colec\u021biilor pomologice aflate \u00een declin;<br \/>\nCompletarea permanent\u0103 a colec\u0163iilor cu specii \u0219i soiuri noi din \u021bar\u0103 \u0219i str\u0103in\u0103tate;<br \/>\nEvaluarea genotipurilor;<br \/>\nIdentificarea de genitori poten\u021biali utili programelor de ameliorare;<br \/>\nIdentificarea <em>in situ<\/em> a unor genotipuri utile, colectarea \u0219i introducerea \u00een colec\u021bii pomologice.<\/p>\n<p><strong><em>Rezultate:<\/em><\/strong><\/p>\n<p><strong>Fondul de germoplasm\u0103 pentru ameliorarea portaltoilor existen\u021bi <\/strong><strong>la ICDP Pite\u015fti \u2013 M\u0103r\u0103cineni<\/strong><\/p>\n<div class=\"table-1\">\n<table width=\"616\">\n<tbody>\n<tr>\n<td width=\"107\"><strong>Specia<\/strong><\/td>\n<td width=\"125\"><strong>Nr.<\/strong><\/p>\n<p><strong>genotipuri<\/strong><\/td>\n<td width=\"384\"><strong>Caracteristici<\/strong><\/td>\n<\/tr>\n<tr>\n<td width=\"107\">M\u0102R<\/td>\n<td width=\"125\">51<\/td>\n<td width=\"384\">-Randamente bune la \u00eenmul\u0163irea vegetativ\u0103;<\/p>\n<p>-Vigoare mijlocie-mic\u0103, ancoraj bun \u00een sol, rezisten\u0163\u0103 la ger, exces de umiditate \u015fi secet\u0103;<\/p>\n<p>-Toleran\u021b\u0103 la focul bacterian (<em>Erwinia<\/em> <em>amylovora<\/em>), cancerul bacterian al coletului (<em>Phytophtora<\/em> <em>cactorum<\/em>), rap\u0103n (<em>Venturia inaequalis<\/em>), f\u0103inare (<em>Podosphaera leucotricha<\/em>)<\/td>\n<\/tr>\n<tr>\n<td width=\"107\">P\u0102R,<\/p>\n<p>GUTUI<\/td>\n<td width=\"125\">96<\/td>\n<td width=\"384\">-Randamente bune la \u00eenmul\u0163ire;<\/p>\n<p>-Vigoare mijlocie &#8211; mic\u0103<\/p>\n<p>-Rezisten\u0163\u0103 la ger, secet\u0103, exces de umiditate;<\/p>\n<p>-Rezisten\u0163\u0103\/toleran\u0163\u0103 la focul bacterian (<em>Erwinia<\/em> <em>amylovora<\/em>), puricele melifer (<em>Psylla<\/em> <em>spp.<\/em>), declinul p\u0103rului (<em>Phytoplasma pyri<\/em>);<\/td>\n<\/tr>\n<tr>\n<td width=\"107\">PRUN, PIERSIC,<\/p>\n<p>CAIS,<\/p>\n<p>MIGDAL<\/td>\n<td width=\"125\">128<\/td>\n<td width=\"384\">-Randamente bune la \u00eenmul\u0163ire;<\/p>\n<p>-Vigoare mijlocie-mic\u0103;<\/p>\n<p>-Rezisten\u0163\u0103\/toleran\u0163\u0103 la <em>Plum-pox<\/em>, cancerul r\u0103d\u0103cinii (<em>Agrobacterium tumephaciens<\/em>), b\u0103\u0219icarea frunzelor (<em>Taphrina dephormans)<\/em> \u0219i asfixia radicular\u0103<\/p>\n<p>-Rezisten\u0163\u0103 la ger, secet\u0103 \u015fi adaptabilitate pe o gam\u0103 larg\u0103 de soluri<\/td>\n<\/tr>\n<tr>\n<td width=\"107\">CIRE\u015e,<\/p>\n<p>VI\u015eIN<\/td>\n<td width=\"125\">26<\/td>\n<td width=\"384\">-Randamente bune la \u00eenmul\u0163ire;<\/p>\n<p>-Vigoare mijlocie-mic\u0103;<\/p>\n<p>-Rezisten\u0163\u0103 la ger, secet\u0103, exces de umiditate<\/p>\n<p>-Toleran\u0163\u0103 la antracnoz\u0103 (<em>Coccomyces hiemalis <\/em>sin.<em> Blumeriella jaapii)<\/em>.<\/td>\n<\/tr>\n<tr>\n<td width=\"107\"><strong>TOTAL<\/strong><\/td>\n<td width=\"125\"><strong>301<\/strong><\/td>\n<td width=\"384\"><strong>&nbsp;<\/strong><\/td>\n<\/tr>\n<\/tbody>\n<\/table>\n<\/div>\n<p>Cercet\u0103tori:<\/p>\n<p>Dr. ing. Silvia Nicolae \u2013 m\u0103r, p\u0103r, gutui \u2013 <a href=\"mailto:silvia_eu2001@yahoo.com\">silvia_eu2001@yahoo.com<\/a><br \/>\nDrd. ing. Mihai Chivu \u2013 prun, cais, piersic, cire\u0219, vi\u0219in &#8211; <a href=\"mailto:mihai_chivu7915@yahoo.com\">mihai_chivu7915@yahoo.com<\/a><\/p>\n<p>&nbsp;<\/p>\n<p><strong>2. CREAREA DE PORTALTOI ADAPTA\u0162I SOLURILOR DIN ROM\u00c2NIA<\/strong><\/p>\n<p><strong><em>Obiective<\/em><\/strong><strong>:<br \/>\n<\/strong>Ob\u0163inerea de portaltoi de vigoare redus\u0103, cu randamente mari la&nbsp; \u00eenmul\u0163irea vegetativ\u0103 \u0219i toleran\u021b\u0103 la atacul agen\u021bilor patogeni.<\/p>\n<p><strong><em>Rezultate:<br \/>\n<\/em><\/strong><strong><em>PORTALTOI GENERATIVI<\/em><\/strong><br \/>\n<div class=\"pt-cv-wrapper\"><div class=\"pt-cv-view pt-cv-grid pt-cv-colsys\" id=\"pt-cv-view-8a7580eh2e\"><div data-id=\"pt-cv-page-1\" class=\"pt-cv-page\" data-cvc=\"6\"><div class=\"col-md-2 col-sm-4 col-xs-6 pt-cv-content-item pt-cv-1-col\" ><div class='pt-cv-ifield'><a href=\"https:\/\/icdp.ro\/ro\/cercetare\/inmultirea-plantelor-pomicole\/resurse-genetice-si-ameliorarea-portaltoilor-pomicoli\/mirobolan-c5\/\" class=\"_self pt-cv-href-thumbnail pt-cv-thumb-default\" target=\"_self\" ><img decoding=\"async\" width=\"300\" height=\"300\" src=\"https:\/\/icdp.ro\/wp-content\/uploads\/2024\/05\/Mirobolan-C5.jpg\" class=\"pt-cv-thumbnail\" alt=\"\" srcset=\"https:\/\/icdp.ro\/wp-content\/uploads\/2024\/05\/Mirobolan-C5-12x12.jpg 12w, https:\/\/icdp.ro\/wp-content\/uploads\/2024\/05\/Mirobolan-C5-66x66.jpg 66w, https:\/\/icdp.ro\/wp-content\/uploads\/2024\/05\/Mirobolan-C5-150x150.jpg 150w, https:\/\/icdp.ro\/wp-content\/uploads\/2024\/05\/Mirobolan-C5-200x200.jpg 200w, https:\/\/icdp.ro\/wp-content\/uploads\/2024\/05\/Mirobolan-C5.jpg 300w\" sizes=\"(max-width: 300px) 100vw, 300px\" \/><\/a>\n<h6 class=\"pt-cv-title\"><a href=\"https:\/\/icdp.ro\/ro\/cercetare\/inmultirea-plantelor-pomicole\/resurse-genetice-si-ameliorarea-portaltoilor-pomicoli\/mirobolan-c5\/\" class=\"_self\" target=\"_self\" >Mirobolan C5<\/a><\/h6><\/div><\/div>\n<div class=\"col-md-2 col-sm-4 col-xs-6 pt-cv-content-item pt-cv-1-col\" ><div class='pt-cv-ifield'><a href=\"https:\/\/icdp.ro\/ro\/cercetare\/inmultirea-plantelor-pomicole\/resurse-genetice-si-ameliorarea-portaltoilor-pomicoli\/mirobolan-dwarf\/\" class=\"_self pt-cv-href-thumbnail pt-cv-thumb-default\" target=\"_self\" ><img decoding=\"async\" width=\"300\" height=\"300\" src=\"https:\/\/icdp.ro\/wp-content\/uploads\/2024\/05\/Mirobolan-dwarf.jpg\" class=\"pt-cv-thumbnail\" alt=\"\" srcset=\"https:\/\/icdp.ro\/wp-content\/uploads\/2024\/05\/Mirobolan-dwarf-12x12.jpg 12w, https:\/\/icdp.ro\/wp-content\/uploads\/2024\/05\/Mirobolan-dwarf-66x66.jpg 66w, https:\/\/icdp.ro\/wp-content\/uploads\/2024\/05\/Mirobolan-dwarf-150x150.jpg 150w, https:\/\/icdp.ro\/wp-content\/uploads\/2024\/05\/Mirobolan-dwarf-200x200.jpg 200w, https:\/\/icdp.ro\/wp-content\/uploads\/2024\/05\/Mirobolan-dwarf.jpg 300w\" sizes=\"(max-width: 300px) 100vw, 300px\" \/><\/a>\n<h6 class=\"pt-cv-title\"><a href=\"https:\/\/icdp.ro\/ro\/cercetare\/inmultirea-plantelor-pomicole\/resurse-genetice-si-ameliorarea-portaltoilor-pomicoli\/mirobolan-dwarf\/\" class=\"_self\" target=\"_self\" >Mirobolan dwarf<\/a><\/h6><\/div><\/div>\n<div class=\"col-md-2 col-sm-4 col-xs-6 pt-cv-content-item pt-cv-1-col\" ><div class='pt-cv-ifield'><a href=\"https:\/\/icdp.ro\/ro\/cercetare\/inmultirea-plantelor-pomicole\/resurse-genetice-si-ameliorarea-portaltoilor-pomicoli\/portavium\/\" class=\"_self pt-cv-href-thumbnail pt-cv-thumb-default\" target=\"_self\" ><img decoding=\"async\" width=\"300\" height=\"300\" src=\"https:\/\/icdp.ro\/wp-content\/uploads\/2024\/05\/Portavium-27-06-08.jpg\" class=\"pt-cv-thumbnail\" alt=\"\" srcset=\"https:\/\/icdp.ro\/wp-content\/uploads\/2024\/05\/Portavium-27-06-08-12x12.jpg 12w, https:\/\/icdp.ro\/wp-content\/uploads\/2024\/05\/Portavium-27-06-08-66x66.jpg 66w, https:\/\/icdp.ro\/wp-content\/uploads\/2024\/05\/Portavium-27-06-08-150x150.jpg 150w, https:\/\/icdp.ro\/wp-content\/uploads\/2024\/05\/Portavium-27-06-08-200x200.jpg 200w, https:\/\/icdp.ro\/wp-content\/uploads\/2024\/05\/Portavium-27-06-08.jpg 300w\" sizes=\"(max-width: 300px) 100vw, 300px\" \/><\/a>\n<h6 class=\"pt-cv-title\"><a href=\"https:\/\/icdp.ro\/ro\/cercetare\/inmultirea-plantelor-pomicole\/resurse-genetice-si-ameliorarea-portaltoilor-pomicoli\/portavium\/\" class=\"_self\" target=\"_self\" >Portavium<\/a><\/h6><\/div><\/div>\n<div class=\"col-md-2 col-sm-4 col-xs-6 pt-cv-content-item pt-cv-1-col\" ><div class='pt-cv-ifield'><a href=\"https:\/\/icdp.ro\/ro\/cercetare\/inmultirea-plantelor-pomicole\/resurse-genetice-si-ameliorarea-portaltoilor-pomicoli\/secular-r-m\/\" class=\"_self pt-cv-href-thumbnail pt-cv-thumb-default\" target=\"_self\" ><img decoding=\"async\" width=\"300\" height=\"300\" src=\"https:\/\/icdp.ro\/wp-content\/uploads\/2024\/05\/Secular-R-M.jpg\" class=\"pt-cv-thumbnail\" alt=\"\" srcset=\"https:\/\/icdp.ro\/wp-content\/uploads\/2024\/05\/Secular-R-M-12x12.jpg 12w, https:\/\/icdp.ro\/wp-content\/uploads\/2024\/05\/Secular-R-M-66x66.jpg 66w, https:\/\/icdp.ro\/wp-content\/uploads\/2024\/05\/Secular-R-M-150x150.jpg 150w, https:\/\/icdp.ro\/wp-content\/uploads\/2024\/05\/Secular-R-M-200x200.jpg 200w, https:\/\/icdp.ro\/wp-content\/uploads\/2024\/05\/Secular-R-M.jpg 300w\" sizes=\"(max-width: 300px) 100vw, 300px\" \/><\/a>\n<h6 class=\"pt-cv-title\"><a href=\"https:\/\/icdp.ro\/ro\/cercetare\/inmultirea-plantelor-pomicole\/resurse-genetice-si-ameliorarea-portaltoilor-pomicoli\/secular-r-m\/\" class=\"_self\" target=\"_self\" >Secular R-M<\/a><\/h6><\/div><\/div>\n<div class=\"col-md-2 col-sm-4 col-xs-6 pt-cv-content-item pt-cv-1-col\" ><div class='pt-cv-ifield'><a href=\"https:\/\/icdp.ro\/ro\/cercetare\/inmultirea-plantelor-pomicole\/resurse-genetice-si-ameliorarea-portaltoilor-pomicoli\/dacus\/\" class=\"_self pt-cv-href-thumbnail pt-cv-thumb-default\" target=\"_self\" ><img decoding=\"async\" width=\"300\" height=\"300\" src=\"https:\/\/icdp.ro\/wp-content\/uploads\/2024\/05\/Dacus.jpg\" class=\"pt-cv-thumbnail\" alt=\"\" srcset=\"https:\/\/icdp.ro\/wp-content\/uploads\/2024\/05\/Dacus-12x12.jpg 12w, https:\/\/icdp.ro\/wp-content\/uploads\/2024\/05\/Dacus-66x66.jpg 66w, https:\/\/icdp.ro\/wp-content\/uploads\/2024\/05\/Dacus-150x150.jpg 150w, https:\/\/icdp.ro\/wp-content\/uploads\/2024\/05\/Dacus-200x200.jpg 200w, https:\/\/icdp.ro\/wp-content\/uploads\/2024\/05\/Dacus.jpg 300w\" sizes=\"(max-width: 300px) 100vw, 300px\" \/><\/a>\n<h6 class=\"pt-cv-title\"><a href=\"https:\/\/icdp.ro\/ro\/cercetare\/inmultirea-plantelor-pomicole\/resurse-genetice-si-ameliorarea-portaltoilor-pomicoli\/dacus\/\" class=\"_self\" target=\"_self\" >Dacus<\/a><\/h6><\/div><\/div><\/div><\/div><\/div><\/p>\n<p>&nbsp;<\/p>\n<p><strong><em>PORTALTOI VEGETATIVI<br \/>\n<\/em><\/strong><div class=\"pt-cv-wrapper\"><div class=\"pt-cv-view pt-cv-grid pt-cv-colsys\" id=\"pt-cv-view-39cdfcaav0\"><div data-id=\"pt-cv-page-1\" class=\"pt-cv-page\" data-cvc=\"6\"><div class=\"col-md-2 col-sm-4 col-xs-6 pt-cv-content-item pt-cv-1-col\" ><div class='pt-cv-ifield'><a href=\"https:\/\/icdp.ro\/ro\/cercetare\/inmultirea-plantelor-pomicole\/resurse-genetice-si-ameliorarea-portaltoilor-pomicoli\/mirodad-1-prun\/\" class=\"_self pt-cv-href-thumbnail pt-cv-thumb-default\" target=\"_self\" ><img decoding=\"async\" width=\"300\" height=\"300\" src=\"https:\/\/icdp.ro\/wp-content\/uploads\/2024\/05\/Mirodad1-plantatie-mama-butasi-.jpg\" class=\"pt-cv-thumbnail\" alt=\"\" srcset=\"https:\/\/icdp.ro\/wp-content\/uploads\/2024\/05\/Mirodad1-plantatie-mama-butasi--12x12.jpg 12w, https:\/\/icdp.ro\/wp-content\/uploads\/2024\/05\/Mirodad1-plantatie-mama-butasi--66x66.jpg 66w, https:\/\/icdp.ro\/wp-content\/uploads\/2024\/05\/Mirodad1-plantatie-mama-butasi--150x150.jpg 150w, https:\/\/icdp.ro\/wp-content\/uploads\/2024\/05\/Mirodad1-plantatie-mama-butasi--200x200.jpg 200w, https:\/\/icdp.ro\/wp-content\/uploads\/2024\/05\/Mirodad1-plantatie-mama-butasi-.jpg 300w\" sizes=\"(max-width: 300px) 100vw, 300px\" \/><\/a>\n<h6 class=\"pt-cv-title\"><a href=\"https:\/\/icdp.ro\/ro\/cercetare\/inmultirea-plantelor-pomicole\/resurse-genetice-si-ameliorarea-portaltoilor-pomicoli\/mirodad-1-prun\/\" class=\"_self\" target=\"_self\" >MIRODAD 1 (prun)<\/a><\/h6><\/div><\/div>\n<div class=\"col-md-2 col-sm-4 col-xs-6 pt-cv-content-item pt-cv-1-col\" ><div class='pt-cv-ifield'><a href=\"https:\/\/icdp.ro\/ro\/cercetare\/inmultirea-plantelor-pomicole\/resurse-genetice-si-ameliorarea-portaltoilor-pomicoli\/adaptabil-piersic\/\" class=\"_self pt-cv-href-thumbnail pt-cv-thumb-default\" target=\"_self\" ><img decoding=\"async\" width=\"300\" height=\"300\" src=\"https:\/\/icdp.ro\/wp-content\/uploads\/2024\/05\/Adaptabil-plantatie-butasi.jpg\" class=\"pt-cv-thumbnail\" alt=\"\" srcset=\"https:\/\/icdp.ro\/wp-content\/uploads\/2024\/05\/Adaptabil-plantatie-butasi-12x12.jpg 12w, https:\/\/icdp.ro\/wp-content\/uploads\/2024\/05\/Adaptabil-plantatie-butasi-66x66.jpg 66w, https:\/\/icdp.ro\/wp-content\/uploads\/2024\/05\/Adaptabil-plantatie-butasi-150x150.jpg 150w, https:\/\/icdp.ro\/wp-content\/uploads\/2024\/05\/Adaptabil-plantatie-butasi-200x200.jpg 200w, https:\/\/icdp.ro\/wp-content\/uploads\/2024\/05\/Adaptabil-plantatie-butasi.jpg 300w\" sizes=\"(max-width: 300px) 100vw, 300px\" \/><\/a>\n<h6 class=\"pt-cv-title\"><a href=\"https:\/\/icdp.ro\/ro\/cercetare\/inmultirea-plantelor-pomicole\/resurse-genetice-si-ameliorarea-portaltoilor-pomicoli\/adaptabil-piersic\/\" class=\"_self\" target=\"_self\" >ADAPTABIL (piersic)<\/a><\/h6><\/div><\/div>\n<div class=\"col-md-2 col-sm-4 col-xs-6 pt-cv-content-item pt-cv-1-col\" ><div class='pt-cv-ifield'><a href=\"https:\/\/icdp.ro\/ro\/cercetare\/inmultirea-plantelor-pomicole\/resurse-genetice-si-ameliorarea-portaltoilor-pomicoli\/miroper-piersic\/\" class=\"_self pt-cv-href-thumbnail pt-cv-thumb-default\" target=\"_self\" ><img decoding=\"async\" width=\"300\" height=\"300\" src=\"https:\/\/icdp.ro\/wp-content\/uploads\/2024\/05\/Miroper-inflorit.jpg\" class=\"pt-cv-thumbnail\" alt=\"\" srcset=\"https:\/\/icdp.ro\/wp-content\/uploads\/2024\/05\/Miroper-inflorit-12x12.jpg 12w, https:\/\/icdp.ro\/wp-content\/uploads\/2024\/05\/Miroper-inflorit-66x66.jpg 66w, https:\/\/icdp.ro\/wp-content\/uploads\/2024\/05\/Miroper-inflorit-150x150.jpg 150w, https:\/\/icdp.ro\/wp-content\/uploads\/2024\/05\/Miroper-inflorit-200x200.jpg 200w, https:\/\/icdp.ro\/wp-content\/uploads\/2024\/05\/Miroper-inflorit.jpg 300w\" sizes=\"(max-width: 300px) 100vw, 300px\" \/><\/a>\n<h6 class=\"pt-cv-title\"><a href=\"https:\/\/icdp.ro\/ro\/cercetare\/inmultirea-plantelor-pomicole\/resurse-genetice-si-ameliorarea-portaltoilor-pomicoli\/miroper-piersic\/\" class=\"_self\" target=\"_self\" >MIROPER (piersic)<\/a><\/h6><\/div><\/div>\n<div class=\"col-md-2 col-sm-4 col-xs-6 pt-cv-content-item pt-cv-1-col\" ><div class='pt-cv-ifield'><a href=\"https:\/\/icdp.ro\/ro\/cercetare\/inmultirea-plantelor-pomicole\/resurse-genetice-si-ameliorarea-portaltoilor-pomicoli\/apricor-cais\/\" class=\"_self pt-cv-href-thumbnail pt-cv-thumb-default\" target=\"_self\" ><img decoding=\"async\" width=\"300\" height=\"300\" src=\"https:\/\/icdp.ro\/wp-content\/uploads\/2024\/05\/Apricor-plantatie-mama-butasi.jpg\" class=\"pt-cv-thumbnail\" alt=\"\" srcset=\"https:\/\/icdp.ro\/wp-content\/uploads\/2024\/05\/Apricor-plantatie-mama-butasi-12x12.jpg 12w, https:\/\/icdp.ro\/wp-content\/uploads\/2024\/05\/Apricor-plantatie-mama-butasi-66x66.jpg 66w, https:\/\/icdp.ro\/wp-content\/uploads\/2024\/05\/Apricor-plantatie-mama-butasi-150x150.jpg 150w, https:\/\/icdp.ro\/wp-content\/uploads\/2024\/05\/Apricor-plantatie-mama-butasi-200x200.jpg 200w, https:\/\/icdp.ro\/wp-content\/uploads\/2024\/05\/Apricor-plantatie-mama-butasi.jpg 300w\" sizes=\"(max-width: 300px) 100vw, 300px\" \/><\/a>\n<h6 class=\"pt-cv-title\"><a href=\"https:\/\/icdp.ro\/ro\/cercetare\/inmultirea-plantelor-pomicole\/resurse-genetice-si-ameliorarea-portaltoilor-pomicoli\/apricor-cais\/\" class=\"_self\" target=\"_self\" >APRICOR (cais)<\/a><\/h6><\/div><\/div>\n<div class=\"col-md-2 col-sm-4 col-xs-6 pt-cv-content-item pt-cv-1-col\" ><div class='pt-cv-ifield'><a href=\"https:\/\/icdp.ro\/ro\/cercetare\/inmultirea-plantelor-pomicole\/resurse-genetice-si-ameliorarea-portaltoilor-pomicoli\/baroc-cais\/\" class=\"_self pt-cv-href-thumbnail pt-cv-thumb-default\" target=\"_self\" ><img decoding=\"async\" width=\"300\" height=\"300\" src=\"https:\/\/icdp.ro\/wp-content\/uploads\/2024\/05\/Baroc-plantatie-mama-butasi.jpg\" class=\"pt-cv-thumbnail\" alt=\"\" srcset=\"https:\/\/icdp.ro\/wp-content\/uploads\/2024\/05\/Baroc-plantatie-mama-butasi-12x12.jpg 12w, https:\/\/icdp.ro\/wp-content\/uploads\/2024\/05\/Baroc-plantatie-mama-butasi-66x66.jpg 66w, https:\/\/icdp.ro\/wp-content\/uploads\/2024\/05\/Baroc-plantatie-mama-butasi-150x150.jpg 150w, https:\/\/icdp.ro\/wp-content\/uploads\/2024\/05\/Baroc-plantatie-mama-butasi-200x200.jpg 200w, https:\/\/icdp.ro\/wp-content\/uploads\/2024\/05\/Baroc-plantatie-mama-butasi.jpg 300w\" sizes=\"(max-width: 300px) 100vw, 300px\" \/><\/a>\n<h6 class=\"pt-cv-title\"><a href=\"https:\/\/icdp.ro\/ro\/cercetare\/inmultirea-plantelor-pomicole\/resurse-genetice-si-ameliorarea-portaltoilor-pomicoli\/baroc-cais\/\" class=\"_self\" target=\"_self\" >BAROC (cais)<\/a><\/h6><\/div><\/div>\n<div class=\"col-md-2 col-sm-4 col-xs-6 pt-cv-content-item pt-cv-1-col\" ><div class='pt-cv-ifield'><a href=\"https:\/\/icdp.ro\/ro\/cercetare\/inmultirea-plantelor-pomicole\/resurse-genetice-si-ameliorarea-portaltoilor-pomicoli\/ipc-2-cires\/\" class=\"_self pt-cv-href-thumbnail pt-cv-thumb-default\" target=\"_self\" ><img decoding=\"async\" width=\"300\" height=\"300\" src=\"https:\/\/icdp.ro\/wp-content\/uploads\/2024\/05\/IP-C2-plantatie-mama-butasi.jpg\" class=\"pt-cv-thumbnail\" alt=\"\" srcset=\"https:\/\/icdp.ro\/wp-content\/uploads\/2024\/05\/IP-C2-plantatie-mama-butasi-12x12.jpg 12w, https:\/\/icdp.ro\/wp-content\/uploads\/2024\/05\/IP-C2-plantatie-mama-butasi-66x66.jpg 66w, https:\/\/icdp.ro\/wp-content\/uploads\/2024\/05\/IP-C2-plantatie-mama-butasi-150x150.jpg 150w, https:\/\/icdp.ro\/wp-content\/uploads\/2024\/05\/IP-C2-plantatie-mama-butasi-200x200.jpg 200w, https:\/\/icdp.ro\/wp-content\/uploads\/2024\/05\/IP-C2-plantatie-mama-butasi.jpg 300w\" sizes=\"(max-width: 300px) 100vw, 300px\" \/><\/a>\n<h6 class=\"pt-cv-title\"><a href=\"https:\/\/icdp.ro\/ro\/cercetare\/inmultirea-plantelor-pomicole\/resurse-genetice-si-ameliorarea-portaltoilor-pomicoli\/ipc-2-cires\/\" class=\"_self\" target=\"_self\" >IPC 2 (cire\u0219)<\/a><\/h6><\/div><\/div>\n<div class=\"col-md-2 col-sm-4 col-xs-6 pt-cv-content-item pt-cv-1-col\" ><div class='pt-cv-ifield'><a href=\"https:\/\/icdp.ro\/ro\/cercetare\/inmultirea-plantelor-pomicole\/resurse-genetice-si-ameliorarea-portaltoilor-pomicoli\/ipc-3-cires\/\" class=\"_self pt-cv-href-thumbnail pt-cv-thumb-default\" target=\"_self\" ><img decoding=\"async\" width=\"300\" height=\"300\" src=\"https:\/\/icdp.ro\/wp-content\/uploads\/2024\/05\/ipc3.jpg\" class=\"pt-cv-thumbnail\" alt=\"\" srcset=\"https:\/\/icdp.ro\/wp-content\/uploads\/2024\/05\/ipc3-12x12.jpg 12w, https:\/\/icdp.ro\/wp-content\/uploads\/2024\/05\/ipc3-66x66.jpg 66w, https:\/\/icdp.ro\/wp-content\/uploads\/2024\/05\/ipc3-150x150.jpg 150w, https:\/\/icdp.ro\/wp-content\/uploads\/2024\/05\/ipc3-200x200.jpg 200w, https:\/\/icdp.ro\/wp-content\/uploads\/2024\/05\/ipc3.jpg 300w\" sizes=\"(max-width: 300px) 100vw, 300px\" \/><\/a>\n<h6 class=\"pt-cv-title\"><a href=\"https:\/\/icdp.ro\/ro\/cercetare\/inmultirea-plantelor-pomicole\/resurse-genetice-si-ameliorarea-portaltoilor-pomicoli\/ipc-3-cires\/\" class=\"_self\" target=\"_self\" >IPC 3 (cire\u0219)<\/a><\/h6><\/div><\/div>\n<div class=\"col-md-2 col-sm-4 col-xs-6 pt-cv-content-item pt-cv-1-col\" ><div class='pt-cv-ifield'><a href=\"https:\/\/icdp.ro\/ro\/cercetare\/inmultirea-plantelor-pomicole\/resurse-genetice-si-ameliorarea-portaltoilor-pomicoli\/ipc-4-cires\/\" class=\"_self pt-cv-href-thumbnail pt-cv-thumb-default\" target=\"_self\" ><img decoding=\"async\" width=\"300\" height=\"300\" src=\"https:\/\/icdp.ro\/wp-content\/uploads\/2024\/05\/IP-C4-plantatia-mama-butasi.jpg\" class=\"pt-cv-thumbnail\" alt=\"\" srcset=\"https:\/\/icdp.ro\/wp-content\/uploads\/2024\/05\/IP-C4-plantatia-mama-butasi-12x12.jpg 12w, https:\/\/icdp.ro\/wp-content\/uploads\/2024\/05\/IP-C4-plantatia-mama-butasi-66x66.jpg 66w, https:\/\/icdp.ro\/wp-content\/uploads\/2024\/05\/IP-C4-plantatia-mama-butasi-150x150.jpg 150w, https:\/\/icdp.ro\/wp-content\/uploads\/2024\/05\/IP-C4-plantatia-mama-butasi-200x200.jpg 200w, https:\/\/icdp.ro\/wp-content\/uploads\/2024\/05\/IP-C4-plantatia-mama-butasi.jpg 300w\" sizes=\"(max-width: 300px) 100vw, 300px\" \/><\/a>\n<h6 class=\"pt-cv-title\"><a href=\"https:\/\/icdp.ro\/ro\/cercetare\/inmultirea-plantelor-pomicole\/resurse-genetice-si-ameliorarea-portaltoilor-pomicoli\/ipc-4-cires\/\" class=\"_self\" target=\"_self\" >IPC 4 (cire\u0219)<\/a><\/h6><\/div><\/div>\n<div class=\"col-md-2 col-sm-4 col-xs-6 pt-cv-content-item pt-cv-1-col\" ><div class='pt-cv-ifield'><a href=\"https:\/\/icdp.ro\/ro\/cercetare\/inmultirea-plantelor-pomicole\/resurse-genetice-si-ameliorarea-portaltoilor-pomicoli\/ipc-5-cires\/\" class=\"_self pt-cv-href-thumbnail pt-cv-thumb-default\" target=\"_self\" ><img decoding=\"async\" width=\"300\" height=\"300\" src=\"https:\/\/icdp.ro\/wp-content\/uploads\/2024\/05\/IP-C5-plantatia-mama-de-butasi.jpg\" class=\"pt-cv-thumbnail\" alt=\"\" srcset=\"https:\/\/icdp.ro\/wp-content\/uploads\/2024\/05\/IP-C5-plantatia-mama-de-butasi-12x12.jpg 12w, https:\/\/icdp.ro\/wp-content\/uploads\/2024\/05\/IP-C5-plantatia-mama-de-butasi-66x66.jpg 66w, https:\/\/icdp.ro\/wp-content\/uploads\/2024\/05\/IP-C5-plantatia-mama-de-butasi-150x150.jpg 150w, https:\/\/icdp.ro\/wp-content\/uploads\/2024\/05\/IP-C5-plantatia-mama-de-butasi-200x200.jpg 200w, https:\/\/icdp.ro\/wp-content\/uploads\/2024\/05\/IP-C5-plantatia-mama-de-butasi.jpg 300w\" sizes=\"(max-width: 300px) 100vw, 300px\" \/><\/a>\n<h6 class=\"pt-cv-title\"><a href=\"https:\/\/icdp.ro\/ro\/cercetare\/inmultirea-plantelor-pomicole\/resurse-genetice-si-ameliorarea-portaltoilor-pomicoli\/ipc-5-cires\/\" class=\"_self\" target=\"_self\" >IPC 5 (cire\u0219)<\/a><\/h6><\/div><\/div>\n<div class=\"col-md-2 col-sm-4 col-xs-6 pt-cv-content-item pt-cv-1-col\" ><div class='pt-cv-ifield'><a href=\"https:\/\/icdp.ro\/ro\/cercetare\/inmultirea-plantelor-pomicole\/resurse-genetice-si-ameliorarea-portaltoilor-pomicoli\/ipc-8-cires\/\" class=\"_self pt-cv-href-thumbnail pt-cv-thumb-default\" target=\"_self\" ><img decoding=\"async\" width=\"300\" height=\"300\" src=\"https:\/\/icdp.ro\/wp-content\/uploads\/2024\/05\/IP-C8-plantatie-mama-butasi.jpg\" class=\"pt-cv-thumbnail\" alt=\"\" srcset=\"https:\/\/icdp.ro\/wp-content\/uploads\/2024\/05\/IP-C8-plantatie-mama-butasi-12x12.jpg 12w, https:\/\/icdp.ro\/wp-content\/uploads\/2024\/05\/IP-C8-plantatie-mama-butasi-66x66.jpg 66w, https:\/\/icdp.ro\/wp-content\/uploads\/2024\/05\/IP-C8-plantatie-mama-butasi-150x150.jpg 150w, https:\/\/icdp.ro\/wp-content\/uploads\/2024\/05\/IP-C8-plantatie-mama-butasi-200x200.jpg 200w, https:\/\/icdp.ro\/wp-content\/uploads\/2024\/05\/IP-C8-plantatie-mama-butasi.jpg 300w\" sizes=\"(max-width: 300px) 100vw, 300px\" \/><\/a>\n<h6 class=\"pt-cv-title\"><a href=\"https:\/\/icdp.ro\/ro\/cercetare\/inmultirea-plantelor-pomicole\/resurse-genetice-si-ameliorarea-portaltoilor-pomicoli\/ipc-8-cires\/\" class=\"_self\" target=\"_self\" >IPC 8 (cire\u0219)<\/a><\/h6><\/div><\/div><\/div><\/div><\/div><\/p>\n<p>Cercet\u0103tori:<br \/>\nDr. ing. Silvia Nicolae \u2013 m\u0103r, p\u0103r, gutui \u2013 <a href=\"mailto:silvia_eu2001@yahoo.com\">silvia_eu2001@yahoo.com<\/a><br \/>\nDrd. ing. Mihai Chivu \u2013 prun, cais, piersic, cire\u0219, vi\u0219in &#8211; <a href=\"mailto:mihai_chivu7915@yahoo.com\">mihai_chivu7915@yahoo.com<\/a><\/p>\n<p><strong> 3. MICROZONAREA SOIURILOR \u0218I PORTALTOILOR POMICOLI<\/strong><\/p>\n<p><strong><em>Obiective:<br \/>\n<\/em><\/strong>Evaluarea \u00eensu\u015firilor privind adaptabilitatea pedo-climatic\u0103 a unor portaltoi, \u00een culturi de concurs.<br \/>\nMonitorizarea comport\u0103rii portaltoilor \u00een diferite bazine pomicole \u015fi pe tipuri diferite de sol.<\/p>\n<p><strong><em>Rezultate:<br \/>\n<\/em><\/strong>&nbsp;-Microcultura de concus portaltoi prun;<br \/>\n&nbsp;-Cultur\u0103 orientare portaltoi prun;<br \/>\n&nbsp;-Planta\u021bie buta\u0219i autohtoni \u0219i str\u0103ini.<\/p>\n<p><strong>Cercet\u0103tori:<br \/>\n<\/strong>Dr. ing. Silvia Nicolae \u2013 m\u0103r, p\u0103r, gutui \u2013 <a href=\"mailto:silvia_eu2001@yahoo.com\">silvia_eu2001@yahoo.com<\/a><br \/>\nDrd. ing. Mihai Chivu \u2013 prun,&nbsp; cais, piersic &#8211; <a href=\"mailto:mihai_chivu7915@yahoo.com\">mihai_chivu7915@yahoo.com<\/a><\/p>\n","protected":false},"excerpt":{"rendered":"<p>1.MEN\u0162INEREA \u0218I EXPLOATAREA BIODIVERSIT\u0102\u0162II POMICOLE &nbsp;Obiective: Reorganizarea colec\u021biilor pomologice aflate \u00een declin; Completarea permanent\u0103 a colec\u0163iilor cu specii \u0219i soiuri noi din \u021bar\u0103 \u0219i str\u0103in\u0103tate; Evaluarea genotipurilor; Identificarea de genitori poten\u021biali utili programelor de ameliorare; Identificarea in situ a unor genotipuri utile, colectarea \u0219i introducerea \u00een colec\u021bii pomologice. Rezultate: Fondul de germoplasm\u0103 pentru ameliorarea portaltoilor  [&#8230;]<\/p>\n","protected":false},"author":1,"featured_media":0,"parent":10963,"menu_order":0,"comment_status":"closed","ping_status":"closed","template":"","meta":{"ngg_post_thumbnail":0,"footnotes":""},"categories":[],"tags":[],"class_list":["post-14141","page","type-page","status-publish","hentry"],"_links":{"self":[{"href":"https:\/\/icdp.ro\/ro\/wp-json\/wp\/v2\/pages\/14141","targetHints":{"allow":["GET"]}}],"collection":[{"href":"https:\/\/icdp.ro\/ro\/wp-json\/wp\/v2\/pages"}],"about":[{"href":"https:\/\/icdp.ro\/ro\/wp-json\/wp\/v2\/types\/page"}],"author":[{"embeddable":true,"href":"https:\/\/icdp.ro\/ro\/wp-json\/wp\/v2\/users\/1"}],"replies":[{"embeddable":true,"href":"https:\/\/icdp.ro\/ro\/wp-json\/wp\/v2\/comments?post=14141"}],"version-history":[{"count":10,"href":"https:\/\/icdp.ro\/ro\/wp-json\/wp\/v2\/pages\/14141\/revisions"}],"predecessor-version":[{"id":14209,"href":"https:\/\/icdp.ro\/ro\/wp-json\/wp\/v2\/pages\/14141\/revisions\/14209"}],"up":[{"embeddable":true,"href":"https:\/\/icdp.ro\/ro\/wp-json\/wp\/v2\/pages\/10963"}],"wp:attachment":[{"href":"https:\/\/icdp.ro\/ro\/wp-json\/wp\/v2\/media?parent=14141"}],"wp:term":[{"taxonomy":"category","embeddable":true,"href":"https:\/\/icdp.ro\/ro\/wp-json\/wp\/v2\/categories?post=14141"},{"taxonomy":"post_tag","embeddable":true,"href":"https:\/\/icdp.ro\/ro\/wp-json\/wp\/v2\/tags?post=14141"}],"curies":[{"name":"wp","href":"https:\/\/api.w.org\/{rel}","templated":true}]}}