{"id":14127,"date":"2024-05-08T19:40:44","date_gmt":"2024-05-08T16:40:44","guid":{"rendered":"https:\/\/icdp.ro\/?page_id=14127"},"modified":"2024-05-08T19:44:04","modified_gmt":"2024-05-08T16:44:04","slug":"producerea-si-mentinerea-plantelor-mama-pomicole-conform-legislatiei-in-vigoare","status":"publish","type":"page","link":"https:\/\/icdp.ro\/ro\/cercetare\/culturi-de-tesuturi-si-virologie\/producerea-si-mentinerea-plantelor-mama-pomicole-conform-legislatiei-in-vigoare\/","title":{"rendered":"Producerea \u0219i men\u021binerea plantelor mam\u0103 pomicole conform legisla\u021biei \u00een vigoare"},"content":{"rendered":"<p><strong><em>Obiective:<br \/>\n<\/em><\/strong>Ob\u0163inerea \u015fi exploatarea nucleelor de plante mam\u0103 autentice \u0219i indemne de organisme d\u0103un\u0103toare, necesare sectorului pepinieristic.<\/p>\n<p><span style=\"font-size: 14pt;\"><strong><em>Rezultate:<\/em><\/strong><\/span><\/p>\n<table style=\"border-collapse: collapse; width: 100%;\">\n<tbody>\n<tr>\n<td style=\"width: 33.3333%;\"><a href=\"https:\/\/icdp.ro\/wp-content\/uploads\/2024\/05\/IMG_20240419_113901-scaled.jpg\"><img decoding=\"async\" class=\"alignnone size-fusion-400 wp-image-14128\" src=\"https:\/\/icdp.ro\/wp-content\/uploads\/2024\/05\/IMG_20240419_113901-400x299.jpg\" alt=\"\" width=\"400\" height=\"299\" srcset=\"https:\/\/icdp.ro\/wp-content\/uploads\/2024\/05\/IMG_20240419_113901-16x12.jpg 16w, https:\/\/icdp.ro\/wp-content\/uploads\/2024\/05\/IMG_20240419_113901-200x150.jpg 200w, https:\/\/icdp.ro\/wp-content\/uploads\/2024\/05\/IMG_20240419_113901-300x224.jpg 300w, https:\/\/icdp.ro\/wp-content\/uploads\/2024\/05\/IMG_20240419_113901-400x299.jpg 400w, https:\/\/icdp.ro\/wp-content\/uploads\/2024\/05\/IMG_20240419_113901-600x449.jpg 600w, https:\/\/icdp.ro\/wp-content\/uploads\/2024\/05\/IMG_20240419_113901-768x574.jpg 768w, https:\/\/icdp.ro\/wp-content\/uploads\/2024\/05\/IMG_20240419_113901-800x598.jpg 800w, https:\/\/icdp.ro\/wp-content\/uploads\/2024\/05\/IMG_20240419_113901-1024x766.jpg 1024w, https:\/\/icdp.ro\/wp-content\/uploads\/2024\/05\/IMG_20240419_113901-1200x898.jpg 1200w, https:\/\/icdp.ro\/wp-content\/uploads\/2024\/05\/IMG_20240419_113901-1536x1149.jpg 1536w\" sizes=\"(max-width: 400px) 100vw, 400px\" \/><\/a><\/p>\n<p><strong>Biodepozitare<br \/>\n<\/strong><\/td>\n<td style=\"width: 33.3333%;\"><a href=\"https:\/\/icdp.ro\/wp-content\/uploads\/2024\/05\/IMG_20240419_112841-scaled.jpg\"><img decoding=\"async\" class=\"alignnone size-fusion-400 wp-image-14129\" src=\"https:\/\/icdp.ro\/wp-content\/uploads\/2024\/05\/IMG_20240419_112841-400x299.jpg\" alt=\"\" width=\"400\" height=\"299\" srcset=\"https:\/\/icdp.ro\/wp-content\/uploads\/2024\/05\/IMG_20240419_112841-16x12.jpg 16w, https:\/\/icdp.ro\/wp-content\/uploads\/2024\/05\/IMG_20240419_112841-200x150.jpg 200w, https:\/\/icdp.ro\/wp-content\/uploads\/2024\/05\/IMG_20240419_112841-300x224.jpg 300w, https:\/\/icdp.ro\/wp-content\/uploads\/2024\/05\/IMG_20240419_112841-400x299.jpg 400w, https:\/\/icdp.ro\/wp-content\/uploads\/2024\/05\/IMG_20240419_112841-600x449.jpg 600w, https:\/\/icdp.ro\/wp-content\/uploads\/2024\/05\/IMG_20240419_112841-768x574.jpg 768w, https:\/\/icdp.ro\/wp-content\/uploads\/2024\/05\/IMG_20240419_112841-800x598.jpg 800w, https:\/\/icdp.ro\/wp-content\/uploads\/2024\/05\/IMG_20240419_112841-1024x766.jpg 1024w, https:\/\/icdp.ro\/wp-content\/uploads\/2024\/05\/IMG_20240419_112841-1200x898.jpg 1200w, https:\/\/icdp.ro\/wp-content\/uploads\/2024\/05\/IMG_20240419_112841-1536x1149.jpg 1536w\" sizes=\"(max-width: 400px) 100vw, 400px\" \/><\/a><\/p>\n<p><strong>Nucleu Prebaz\u0103-Candidat<\/strong><\/td>\n<td style=\"width: 33.3333%;\"><a href=\"https:\/\/icdp.ro\/wp-content\/uploads\/2024\/05\/IMG_20240419_112641-scaled.jpg\"><img decoding=\"async\" class=\"alignnone size-fusion-400 wp-image-14130\" src=\"https:\/\/icdp.ro\/wp-content\/uploads\/2024\/05\/IMG_20240419_112641-400x299.jpg\" alt=\"\" width=\"400\" height=\"299\" srcset=\"https:\/\/icdp.ro\/wp-content\/uploads\/2024\/05\/IMG_20240419_112641-16x12.jpg 16w, https:\/\/icdp.ro\/wp-content\/uploads\/2024\/05\/IMG_20240419_112641-200x150.jpg 200w, https:\/\/icdp.ro\/wp-content\/uploads\/2024\/05\/IMG_20240419_112641-300x224.jpg 300w, https:\/\/icdp.ro\/wp-content\/uploads\/2024\/05\/IMG_20240419_112641-400x299.jpg 400w, https:\/\/icdp.ro\/wp-content\/uploads\/2024\/05\/IMG_20240419_112641-600x449.jpg 600w, https:\/\/icdp.ro\/wp-content\/uploads\/2024\/05\/IMG_20240419_112641-768x574.jpg 768w, https:\/\/icdp.ro\/wp-content\/uploads\/2024\/05\/IMG_20240419_112641-800x598.jpg 800w, https:\/\/icdp.ro\/wp-content\/uploads\/2024\/05\/IMG_20240419_112641-1024x766.jpg 1024w, https:\/\/icdp.ro\/wp-content\/uploads\/2024\/05\/IMG_20240419_112641-1200x898.jpg 1200w, https:\/\/icdp.ro\/wp-content\/uploads\/2024\/05\/IMG_20240419_112641-1536x1149.jpg 1536w\" sizes=\"(max-width: 400px) 100vw, 400px\" \/><\/a><\/p>\n<p><strong>Nucleu plante mam\u0103 Baz\u0103<\/strong><\/td>\n<\/tr>\n<\/tbody>\n<\/table>\n<p><em>CONSERVAREA&nbsp;<\/em><strong><em>FONDULUI DE MATERIAL BIOLOGIC LIBER DE VIRUSURI<\/em><\/strong><em>\u015eI PHYTOPLASME \u00ceN SCOPURI DE AMELIORARE \u015eI \u00ceNMUL\u0162IRE.<br \/>\n<strong>Num\u0103rul de genotipuri conservate in vitro<br \/>\n<\/strong><\/em><a href=\"https:\/\/icdp.ro\/wp-content\/uploads\/2024\/05\/grafic.png\"><img decoding=\"async\" class=\"alignnone wp-image-14134 size-fusion-800\" src=\"https:\/\/icdp.ro\/wp-content\/uploads\/2024\/05\/grafic-800x542.png\" alt=\"\" width=\"800\" height=\"542\" srcset=\"https:\/\/icdp.ro\/wp-content\/uploads\/2024\/05\/grafic-18x12.png 18w, https:\/\/icdp.ro\/wp-content\/uploads\/2024\/05\/grafic-200x136.png 200w, https:\/\/icdp.ro\/wp-content\/uploads\/2024\/05\/grafic-300x203.png 300w, https:\/\/icdp.ro\/wp-content\/uploads\/2024\/05\/grafic-400x271.png 400w, https:\/\/icdp.ro\/wp-content\/uploads\/2024\/05\/grafic-600x407.png 600w, https:\/\/icdp.ro\/wp-content\/uploads\/2024\/05\/grafic-768x521.png 768w, https:\/\/icdp.ro\/wp-content\/uploads\/2024\/05\/grafic-800x542.png 800w, https:\/\/icdp.ro\/wp-content\/uploads\/2024\/05\/grafic-1024x694.png 1024w, https:\/\/icdp.ro\/wp-content\/uploads\/2024\/05\/grafic-1200x813.png 1200w, https:\/\/icdp.ro\/wp-content\/uploads\/2024\/05\/grafic-1536x1041.png 1536w\" sizes=\"(max-width: 800px) 100vw, 800px\" \/><\/a><\/p>\n","protected":false},"excerpt":{"rendered":"<p>Obiective: Ob\u0163inerea \u015fi exploatarea nucleelor de plante mam\u0103 autentice \u0219i indemne de organisme d\u0103un\u0103toare, necesare sectorului pepinieristic. Rezultate: Biodepozitare Nucleu Prebaz\u0103-Candidat Nucleu plante mam\u0103 Baz\u0103 CONSERVAREA&nbsp;FONDULUI DE MATERIAL BIOLOGIC LIBER DE VIRUSURI\u015eI PHYTOPLASME \u00ceN SCOPURI DE AMELIORARE \u015eI \u00ceNMUL\u0162IRE. Num\u0103rul de genotipuri conservate in vitro<\/p>\n","protected":false},"author":1,"featured_media":0,"parent":12452,"menu_order":3,"comment_status":"closed","ping_status":"closed","template":"","meta":{"ngg_post_thumbnail":0,"footnotes":""},"categories":[],"tags":[],"class_list":["post-14127","page","type-page","status-publish","hentry"],"_links":{"self":[{"href":"https:\/\/icdp.ro\/ro\/wp-json\/wp\/v2\/pages\/14127","targetHints":{"allow":["GET"]}}],"collection":[{"href":"https:\/\/icdp.ro\/ro\/wp-json\/wp\/v2\/pages"}],"about":[{"href":"https:\/\/icdp.ro\/ro\/wp-json\/wp\/v2\/types\/page"}],"author":[{"embeddable":true,"href":"https:\/\/icdp.ro\/ro\/wp-json\/wp\/v2\/users\/1"}],"replies":[{"embeddable":true,"href":"https:\/\/icdp.ro\/ro\/wp-json\/wp\/v2\/comments?post=14127"}],"version-history":[{"count":5,"href":"https:\/\/icdp.ro\/ro\/wp-json\/wp\/v2\/pages\/14127\/revisions"}],"predecessor-version":[{"id":14136,"href":"https:\/\/icdp.ro\/ro\/wp-json\/wp\/v2\/pages\/14127\/revisions\/14136"}],"up":[{"embeddable":true,"href":"https:\/\/icdp.ro\/ro\/wp-json\/wp\/v2\/pages\/12452"}],"wp:attachment":[{"href":"https:\/\/icdp.ro\/ro\/wp-json\/wp\/v2\/media?parent=14127"}],"wp:term":[{"taxonomy":"category","embeddable":true,"href":"https:\/\/icdp.ro\/ro\/wp-json\/wp\/v2\/categories?post=14127"},{"taxonomy":"post_tag","embeddable":true,"href":"https:\/\/icdp.ro\/ro\/wp-json\/wp\/v2\/tags?post=14127"}],"curies":[{"name":"wp","href":"https:\/\/api.w.org\/{rel}","templated":true}]}}