{"id":14124,"date":"2024-05-08T19:37:12","date_gmt":"2024-05-08T16:37:12","guid":{"rendered":"https:\/\/icdp.ro\/?page_id=14124"},"modified":"2024-05-08T19:37:12","modified_gmt":"2024-05-08T16:37:12","slug":"cercetari-privind-stabilirea-protocoalelor-in-vederea-eliberarii-de-virusuri-pentru-obtinerea-plantelor-prebaza-candidat","status":"publish","type":"page","link":"https:\/\/icdp.ro\/ro\/cercetare\/culturi-de-tesuturi-si-virologie\/cercetari-privind-stabilirea-protocoalelor-in-vederea-eliberarii-de-virusuri-pentru-obtinerea-plantelor-prebaza-candidat\/","title":{"rendered":"Cercet\u0103ri privind stabilirea protocoalelor \u00een vederea eliber\u0103rii de virusuri pentru ob\u021binerea plantelor prebaz\u0103 \u2013 candidat"},"content":{"rendered":"<p><strong><em>Obiective<\/em><\/strong>:<br \/>\nIdentificarea unor secven\u021be tehnologice pentru ob\u021binerea unor plante libere de virusuri.<\/p>\n<p><strong><em>Rezultate:<br \/>\n<\/em><\/strong>Studii privind influen\u021ba dimensiunilor meristemului \u00een eliberarea de virusuri \u2013 capacitate de regenerare a inoculului;<\/p>\n","protected":false},"excerpt":{"rendered":"<p>Obiective: Identificarea unor secven\u021be tehnologice pentru ob\u021binerea unor plante libere de virusuri. Rezultate: Studii privind influen\u021ba dimensiunilor meristemului \u00een eliberarea de virusuri \u2013 capacitate de regenerare a inoculului;<\/p>\n","protected":false},"author":1,"featured_media":0,"parent":12452,"menu_order":0,"comment_status":"closed","ping_status":"closed","template":"","meta":{"ngg_post_thumbnail":0,"footnotes":""},"categories":[],"tags":[],"class_list":["post-14124","page","type-page","status-publish","hentry"],"_links":{"self":[{"href":"https:\/\/icdp.ro\/ro\/wp-json\/wp\/v2\/pages\/14124","targetHints":{"allow":["GET"]}}],"collection":[{"href":"https:\/\/icdp.ro\/ro\/wp-json\/wp\/v2\/pages"}],"about":[{"href":"https:\/\/icdp.ro\/ro\/wp-json\/wp\/v2\/types\/page"}],"author":[{"embeddable":true,"href":"https:\/\/icdp.ro\/ro\/wp-json\/wp\/v2\/users\/1"}],"replies":[{"embeddable":true,"href":"https:\/\/icdp.ro\/ro\/wp-json\/wp\/v2\/comments?post=14124"}],"version-history":[{"count":1,"href":"https:\/\/icdp.ro\/ro\/wp-json\/wp\/v2\/pages\/14124\/revisions"}],"predecessor-version":[{"id":14125,"href":"https:\/\/icdp.ro\/ro\/wp-json\/wp\/v2\/pages\/14124\/revisions\/14125"}],"up":[{"embeddable":true,"href":"https:\/\/icdp.ro\/ro\/wp-json\/wp\/v2\/pages\/12452"}],"wp:attachment":[{"href":"https:\/\/icdp.ro\/ro\/wp-json\/wp\/v2\/media?parent=14124"}],"wp:term":[{"taxonomy":"category","embeddable":true,"href":"https:\/\/icdp.ro\/ro\/wp-json\/wp\/v2\/categories?post=14124"},{"taxonomy":"post_tag","embeddable":true,"href":"https:\/\/icdp.ro\/ro\/wp-json\/wp\/v2\/tags?post=14124"}],"curies":[{"name":"wp","href":"https:\/\/api.w.org\/{rel}","templated":true}]}}