{"id":14061,"date":"2024-05-08T18:14:23","date_gmt":"2024-05-08T15:14:23","guid":{"rendered":"https:\/\/icdp.ro\/?page_id=14061"},"modified":"2024-05-08T19:14:12","modified_gmt":"2024-05-08T16:14:12","slug":"tehnici-de-inmultire-prin-culturi-de-tesuturi","status":"publish","type":"page","link":"https:\/\/icdp.ro\/ro\/cercetare\/culturi-de-tesuturi-si-virologie\/tehnici-de-inmultire-prin-culturi-de-tesuturi\/","title":{"rendered":"Tehnici de \u00eenmul\u0163ire prin culturi de \u021besuturi"},"content":{"rendered":"<p><strong>Obiective:<br \/>\n<\/strong>Cre\u015fterea randamentelor de \u00eenmul\u0163ire a plantelor pomicole, prin elaborarea unor tehnologii cu rentabilitate economic\u0103.<\/p>\n<p><strong>Rezultate:<br \/>\n<\/strong>Protocoale de lucru stabilite pentru producerea de&nbsp;material biologic&nbsp;prin culturi <em>in vitro;<\/em><\/p>\n<p><strong>SPECII \u015eI GENOTIPURI \u00ceNMUL\u021aITE DIN CULTURI&nbsp;<em>IN VITRO<\/em><\/strong><\/p>\n<div class=\"table-1\">\n<table>\n<tbody>\n<tr>\n<td width=\"42\">&nbsp;<strong>Nr. crt.<\/strong><\/td>\n<td width=\"132\"><strong>Specia<\/strong><\/td>\n<td width=\"426\"><strong>GENOTIPURI<\/strong><\/td>\n<\/tr>\n<tr>\n<td width=\"42\">1.<\/td>\n<td width=\"132\">M\u0103r<\/td>\n<td width=\"426\">M9, M26, M106<\/td>\n<\/tr>\n<tr>\n<td width=\"42\">2.<\/td>\n<td width=\"132\">P\u0103r<\/td>\n<td width=\"426\">Tile\u0219, S\u0103li\u0219te<\/td>\n<\/tr>\n<tr>\n<td width=\"42\">3.<\/td>\n<td width=\"132\">Prun<\/td>\n<td width=\"426\">Mirobolan dwarf<\/td>\n<\/tr>\n<tr>\n<td width=\"42\">4.<\/td>\n<td width=\"132\">Piersic<\/td>\n<td width=\"426\">Adaptabil<\/td>\n<\/tr>\n<tr>\n<td width=\"42\">5.<\/td>\n<td width=\"132\">Cais<\/td>\n<td width=\"426\">Apricor<\/td>\n<\/tr>\n<tr>\n<td width=\"42\">5.<\/td>\n<td width=\"132\">Cire\u015f<\/td>\n<td width=\"426\">IPC 2, IPC3, IPC5, IPC8<\/td>\n<\/tr>\n<tr>\n<td width=\"42\">6.<\/td>\n<td width=\"132\">C\u0103p\u015fun*<\/td>\n<td width=\"426\">Premial,&nbsp; Ireal, Sarom<\/td>\n<\/tr>\n<tr>\n<td width=\"42\">7.<\/td>\n<td width=\"132\">Zmeur<\/td>\n<td width=\"426\">Cayuga , Citria, Gustar, Opal, Ruvi, The Latham<\/td>\n<\/tr>\n<tr>\n<td width=\"42\">8.<\/td>\n<td width=\"132\">Mur<\/td>\n<td width=\"426\">Darrow, Thornfree<\/td>\n<\/tr>\n<tr>\n<td width=\"42\">9.<\/td>\n<td width=\"132\">Trandafir<\/td>\n<td width=\"426\">The Queen Elisabeth Rose, Mister Lincoln, Landora, Akito, Parade roz<\/td>\n<\/tr>\n<tr>\n<td width=\"42\">10.<\/td>\n<td width=\"132\">Aronia<\/td>\n<td width=\"426\">Melrom, Nero<\/td>\n<\/tr>\n<tr>\n<td width=\"42\">11.<\/td>\n<td width=\"132\">Lonicera<\/td>\n<td width=\"426\">Loni, Cera, Kami<\/td>\n<\/tr>\n<tr>\n<td width=\"42\">12.<\/td>\n<td width=\"132\">M\u0103ce\u015f<\/td>\n<td width=\"426\">Can<\/td>\n<\/tr>\n<\/tbody>\n<\/table>\n<p style=\"font-size: 10pt; line-height: 14px;\">Not\u0103 * = &#8211; anual specia c\u0103p\u015fun trece prin schema de certificare conform legisla\u0163iei \u00een vigoare pornind de la categoria biologic\u0103 PREBAZ\u0102 produs\u0103 in vitro \u00een vederea \u00eenfiin\u0163\u0103rii stolonieirei categoria biologic\u0103 BAZ\u0102 \u00een scop de comercializare \u015fi \u00eenmul\u0163ire.<\/p>\n<p><span style=\"font-size: 14pt;\"><strong><em>Micropropagare arbu\u0219ti fructiferi<\/em><\/strong><\/span><\/p>\n<style type=\"text\/css\">\n#foogallery-gallery-14084.fg-simple_portfolio { justify-content: flex-start; --fg-gutter: 6px; }\n#foogallery-gallery-14084.fg-simple_portfolio .fg-item { flex-basis: 250px; }<\/style>\n\t\t\t<div class=\"foogallery foogallery-container foogallery-simple_portfolio foogallery-lightbox-foogallery fg-simple_portfolio fg-ready fg-light fg-border-thin fg-shadow-outline fg-shadow-inset-small fg-loading-default fg-loaded-fade-in fg-caption-always fg-hover-fade fg-hover-zoom fg-caption-always\" id=\"foogallery-gallery-14084\" data-foogallery=\"{&quot;item&quot;:{&quot;showCaptionTitle&quot;:true,&quot;showCaptionDescription&quot;:true},&quot;lazy&quot;:true}\" data-foogallery-lightbox=\"{&quot;thumbs&quot;:&quot;bottom&quot;,&quot;thumbsCaptions&quot;:false,&quot;thumbsBestFit&quot;:false,&quot;thumbsSmall&quot;:false,&quot;thumbsCaptionsAlign&quot;:&quot;default&quot;,&quot;info&quot;:&quot;bottom&quot;,&quot;infoVisible&quot;:true,&quot;infoOverlay&quot;:true,&quot;infoAlign&quot;:&quot;default&quot;,&quot;transition&quot;:&quot;fade&quot;,&quot;hoverButtons&quot;:false,&quot;fitMedia&quot;:false,&quot;noScrollbars&quot;:true,&quot;preserveButtonSpace&quot;:true,&quot;buttons&quot;:{&quot;fullscreen&quot;:true,&quot;info&quot;:true,&quot;thumbs&quot;:false},&quot;video&quot;:{&quot;autoPlay&quot;:true}}\" style=\"--fg-title-line-clamp: 0; --fg-description-line-clamp: 0;\" >\n\t<div class=\"fg-item fg-type-image fg-idle\"><figure class=\"fg-item-inner\"><a href=\"https:\/\/icdp.ro\/wp-content\/uploads\/2024\/05\/aronia-scaled.jpg\" data-caption-title=\"MELROM (scoru\u0219 negru-aronia)\" data-attachment-id=\"14085\" class=\"foogallery-thumb fg-thumb\" data-type=\"image\"><span class=\"fg-image-wrap\"><img fetchpriority=\"high\" decoding=\"async\" title=\"MELROM (scoru\u0219 negru-aronia)\" class=\"bf-img skip-lazy fg-image\" height=\"200\" width=\"250\" data-src-fg=\"https:\/\/icdp.ro\/wp-content\/uploads\/cache\/2024\/05\/aronia-scaled\/3254145547.jpg\" src=\"data:image\/svg+xml,%3Csvg%20xmlns%3D%22http%3A%2F%2Fwww.w3.org%2F2000%2Fsvg%22%20width%3D%22250%22%20height%3D%22200%22%20viewBox%3D%220%200%20250%20200%22%3E%3C%2Fsvg%3E\" loading=\"eager\"><\/span><span class=\"fg-image-overlay\"><\/span><\/a><figcaption class=\"fg-caption\"><div class=\"fg-caption-inner\"><div class=\"fg-caption-title\">MELROM (scoru\u0219 negru-aronia)<\/div><\/div><\/figcaption><\/figure><div class=\"fg-loader\"><\/div><\/div><div class=\"fg-item fg-type-image fg-idle\"><figure class=\"fg-item-inner\"><a href=\"https:\/\/icdp.ro\/wp-content\/uploads\/2024\/05\/capsun-scaled.jpg\" data-caption-title=\"IREAL (c\u0103p\u0219un)\" data-attachment-id=\"14086\" class=\"foogallery-thumb fg-thumb\" data-type=\"image\"><span class=\"fg-image-wrap\"><img decoding=\"async\" title=\"IREAL (c\u0103p\u0219un)\" class=\"bf-img skip-lazy fg-image\" height=\"200\" width=\"250\" data-src-fg=\"https:\/\/icdp.ro\/wp-content\/uploads\/cache\/2024\/05\/capsun-scaled\/2710898591.jpg\" src=\"data:image\/svg+xml,%3Csvg%20xmlns%3D%22http%3A%2F%2Fwww.w3.org%2F2000%2Fsvg%22%20width%3D%22250%22%20height%3D%22200%22%20viewBox%3D%220%200%20250%20200%22%3E%3C%2Fsvg%3E\" loading=\"eager\"><\/span><span class=\"fg-image-overlay\"><\/span><\/a><figcaption class=\"fg-caption\"><div class=\"fg-caption-inner\"><div class=\"fg-caption-title\">IREAL (c\u0103p\u0219un)<\/div><\/div><\/figcaption><\/figure><div class=\"fg-loader\"><\/div><\/div><div class=\"fg-item fg-type-image fg-idle\"><figure class=\"fg-item-inner\"><a href=\"https:\/\/icdp.ro\/wp-content\/uploads\/2024\/05\/lonicera-scaled.jpg\" data-caption-title=\"LONI (lonicera)\" data-attachment-id=\"14087\" class=\"foogallery-thumb fg-thumb\" data-type=\"image\"><span class=\"fg-image-wrap\"><img decoding=\"async\" title=\"LONI (lonicera)\" class=\"bf-img skip-lazy fg-image\" height=\"200\" width=\"250\" data-src-fg=\"https:\/\/icdp.ro\/wp-content\/uploads\/cache\/2024\/05\/lonicera-scaled\/2477580680.jpg\" src=\"data:image\/svg+xml,%3Csvg%20xmlns%3D%22http%3A%2F%2Fwww.w3.org%2F2000%2Fsvg%22%20width%3D%22250%22%20height%3D%22200%22%20viewBox%3D%220%200%20250%20200%22%3E%3C%2Fsvg%3E\" loading=\"eager\"><\/span><span class=\"fg-image-overlay\"><\/span><\/a><figcaption class=\"fg-caption\"><div class=\"fg-caption-inner\"><div class=\"fg-caption-title\">LONI (lonicera)<\/div><\/div><\/figcaption><\/figure><div class=\"fg-loader\"><\/div><\/div><div class=\"fg-item fg-type-image fg-idle\"><figure class=\"fg-item-inner\"><a href=\"https:\/\/icdp.ro\/wp-content\/uploads\/2024\/05\/maces-can-scaled.jpg\" data-caption-title=\"CAN (m\u0103ce\u0219)\" data-attachment-id=\"14088\" class=\"foogallery-thumb fg-thumb\" data-type=\"image\"><span class=\"fg-image-wrap\"><img decoding=\"async\" title=\"CAN (m\u0103ce\u0219)\" class=\"bf-img skip-lazy fg-image\" height=\"200\" width=\"250\" data-src-fg=\"https:\/\/icdp.ro\/wp-content\/uploads\/cache\/2024\/05\/maces-can-scaled\/171335265.jpg\" src=\"data:image\/svg+xml,%3Csvg%20xmlns%3D%22http%3A%2F%2Fwww.w3.org%2F2000%2Fsvg%22%20width%3D%22250%22%20height%3D%22200%22%20viewBox%3D%220%200%20250%20200%22%3E%3C%2Fsvg%3E\" loading=\"eager\"><\/span><span class=\"fg-image-overlay\"><\/span><\/a><figcaption class=\"fg-caption\"><div class=\"fg-caption-inner\"><div class=\"fg-caption-title\">CAN (m\u0103ce\u0219)<\/div><\/div><\/figcaption><\/figure><div class=\"fg-loader\"><\/div><\/div><div class=\"fg-item fg-type-image fg-idle\"><figure class=\"fg-item-inner\"><a href=\"https:\/\/icdp.ro\/wp-content\/uploads\/2024\/05\/multiplicare-in-vitro-la-zmeur-scaled.jpg\" data-caption-title=\"CAYUGA (zmeur)\" data-attachment-id=\"14089\" class=\"foogallery-thumb fg-thumb\" data-type=\"image\"><span class=\"fg-image-wrap\"><img decoding=\"async\" title=\"CAYUGA (zmeur)\" class=\"bf-img skip-lazy fg-image\" height=\"200\" width=\"250\" data-src-fg=\"https:\/\/icdp.ro\/wp-content\/uploads\/cache\/2024\/05\/multiplicare-in-vitro-la-zmeur-scaled\/4125144541.jpg\" src=\"data:image\/svg+xml,%3Csvg%20xmlns%3D%22http%3A%2F%2Fwww.w3.org%2F2000%2Fsvg%22%20width%3D%22250%22%20height%3D%22200%22%20viewBox%3D%220%200%20250%20200%22%3E%3C%2Fsvg%3E\" loading=\"eager\"><\/span><span class=\"fg-image-overlay\"><\/span><\/a><figcaption class=\"fg-caption\"><div class=\"fg-caption-inner\"><div class=\"fg-caption-title\">CAYUGA (zmeur)<\/div><\/div><\/figcaption><\/figure><div class=\"fg-loader\"><\/div><\/div><div class=\"fg-item fg-type-image fg-idle\"><figure class=\"fg-item-inner\"><a href=\"https:\/\/icdp.ro\/wp-content\/uploads\/2024\/05\/mur-scaled.jpg\" data-caption-title=\"THORNFREE  (mur)\" data-attachment-id=\"14090\" class=\"foogallery-thumb fg-thumb\" data-type=\"image\"><span class=\"fg-image-wrap\"><img decoding=\"async\" title=\"THORNFREE  (mur)\" class=\"bf-img skip-lazy fg-image\" height=\"200\" width=\"250\" data-src-fg=\"https:\/\/icdp.ro\/wp-content\/uploads\/cache\/2024\/05\/mur-scaled\/1965500060.jpg\" src=\"data:image\/svg+xml,%3Csvg%20xmlns%3D%22http%3A%2F%2Fwww.w3.org%2F2000%2Fsvg%22%20width%3D%22250%22%20height%3D%22200%22%20viewBox%3D%220%200%20250%20200%22%3E%3C%2Fsvg%3E\" loading=\"eager\"><\/span><span class=\"fg-image-overlay\"><\/span><\/a><figcaption class=\"fg-caption\"><div class=\"fg-caption-inner\"><div class=\"fg-caption-title\">THORNFREE  (mur)<\/div><\/div><\/figcaption><\/figure><div class=\"fg-loader\"><\/div><\/div><\/div>\n<p>&nbsp;<\/p>\n<p><span style=\"font-size: 14pt;\"><strong><em>Micropropagare portaltoi<\/em><\/strong><\/span><\/p>\n<style type=\"text\/css\">\n#foogallery-gallery-14094.fg-simple_portfolio { justify-content: flex-start; --fg-gutter: 7px; }\n#foogallery-gallery-14094.fg-simple_portfolio .fg-item { flex-basis: 250px; }<\/style>\n\t\t\t<div class=\"foogallery foogallery-container foogallery-simple_portfolio foogallery-lightbox-foogallery fg-simple_portfolio fg-ready fg-light fg-border-thin fg-shadow-outline fg-loading-default fg-loaded-fade-in fg-caption-always fg-hover-fade fg-hover-zoom fg-caption-always\" id=\"foogallery-gallery-14094\" data-foogallery=\"{&quot;item&quot;:{&quot;showCaptionTitle&quot;:true,&quot;showCaptionDescription&quot;:true},&quot;lazy&quot;:true}\" data-foogallery-lightbox=\"{&quot;thumbs&quot;:&quot;bottom&quot;,&quot;thumbsCaptions&quot;:false,&quot;thumbsBestFit&quot;:false,&quot;thumbsSmall&quot;:false,&quot;thumbsCaptionsAlign&quot;:&quot;default&quot;,&quot;info&quot;:&quot;bottom&quot;,&quot;infoVisible&quot;:true,&quot;infoOverlay&quot;:true,&quot;infoAlign&quot;:&quot;default&quot;,&quot;transition&quot;:&quot;fade&quot;,&quot;hoverButtons&quot;:false,&quot;fitMedia&quot;:false,&quot;noScrollbars&quot;:true,&quot;preserveButtonSpace&quot;:true,&quot;buttons&quot;:{&quot;fullscreen&quot;:true,&quot;info&quot;:true,&quot;thumbs&quot;:false},&quot;video&quot;:{&quot;autoPlay&quot;:true}}\" style=\"--fg-title-line-clamp: 0; --fg-description-line-clamp: 0;\" >\n\t<div class=\"fg-item fg-type-image fg-idle\"><figure class=\"fg-item-inner\"><a href=\"https:\/\/icdp.ro\/wp-content\/uploads\/2024\/05\/DSC04037.jpg\" data-caption-title=\"IPC 2, IPC 3  (cire\u0219)\" data-attachment-id=\"14095\" class=\"foogallery-thumb fg-thumb\" data-type=\"image\"><span class=\"fg-image-wrap\"><img decoding=\"async\" title=\"IPC 2, IPC 3  (cire\u0219)\" class=\"bf-img skip-lazy fg-image\" height=\"200\" width=\"250\" data-src-fg=\"https:\/\/icdp.ro\/wp-content\/uploads\/cache\/2024\/05\/DSC04037\/887042384.jpg\" src=\"data:image\/svg+xml,%3Csvg%20xmlns%3D%22http%3A%2F%2Fwww.w3.org%2F2000%2Fsvg%22%20width%3D%22250%22%20height%3D%22200%22%20viewBox%3D%220%200%20250%20200%22%3E%3C%2Fsvg%3E\" loading=\"eager\"><\/span><span class=\"fg-image-overlay\"><\/span><\/a><figcaption class=\"fg-caption\"><div class=\"fg-caption-inner\"><div class=\"fg-caption-title\">IPC 2, IPC 3  (cire\u0219)<\/div><\/div><\/figcaption><\/figure><div class=\"fg-loader\"><\/div><\/div><div class=\"fg-item fg-type-image fg-idle\"><figure class=\"fg-item-inner\"><a href=\"https:\/\/icdp.ro\/wp-content\/uploads\/2024\/05\/P1020381.jpg\" data-caption-title=\"MIROBOLAN DWARF (prun)\" data-attachment-id=\"14096\" class=\"foogallery-thumb fg-thumb\" data-type=\"image\"><span class=\"fg-image-wrap\"><img decoding=\"async\" title=\"MIROBOLAN DWARF (prun)\" class=\"bf-img skip-lazy fg-image\" height=\"200\" width=\"250\" data-src-fg=\"https:\/\/icdp.ro\/wp-content\/uploads\/cache\/2024\/05\/P1020381\/1097060142.jpg\" src=\"data:image\/svg+xml,%3Csvg%20xmlns%3D%22http%3A%2F%2Fwww.w3.org%2F2000%2Fsvg%22%20width%3D%22250%22%20height%3D%22200%22%20viewBox%3D%220%200%20250%20200%22%3E%3C%2Fsvg%3E\" loading=\"eager\"><\/span><span class=\"fg-image-overlay\"><\/span><\/a><figcaption class=\"fg-caption\"><div class=\"fg-caption-inner\"><div class=\"fg-caption-title\">MIROBOLAN DWARF (prun)<\/div><\/div><\/figcaption><\/figure><div class=\"fg-loader\"><\/div><\/div><div class=\"fg-item fg-type-image fg-idle\"><figure class=\"fg-item-inner\"><a href=\"https:\/\/icdp.ro\/wp-content\/uploads\/2024\/05\/P1020389.jpg\" data-caption-title=\"ADAPTABIL (piersic)\" data-attachment-id=\"14097\" class=\"foogallery-thumb fg-thumb\" data-type=\"image\"><span class=\"fg-image-wrap\"><img decoding=\"async\" title=\"ADAPTABIL (piersic)\" class=\"bf-img skip-lazy fg-image\" height=\"200\" width=\"250\" data-src-fg=\"https:\/\/icdp.ro\/wp-content\/uploads\/cache\/2024\/05\/P1020389\/974544108.jpg\" src=\"data:image\/svg+xml,%3Csvg%20xmlns%3D%22http%3A%2F%2Fwww.w3.org%2F2000%2Fsvg%22%20width%3D%22250%22%20height%3D%22200%22%20viewBox%3D%220%200%20250%20200%22%3E%3C%2Fsvg%3E\" loading=\"eager\"><\/span><span class=\"fg-image-overlay\"><\/span><\/a><figcaption class=\"fg-caption\"><div class=\"fg-caption-inner\"><div class=\"fg-caption-title\">ADAPTABIL (piersic)<\/div><\/div><\/figcaption><\/figure><div class=\"fg-loader\"><\/div><\/div><div class=\"fg-item fg-type-image fg-idle\"><figure class=\"fg-item-inner\"><a href=\"https:\/\/icdp.ro\/wp-content\/uploads\/2024\/05\/P1040520.jpg\" data-caption-title=\"APRICOR (cais)\" data-attachment-id=\"14098\" class=\"foogallery-thumb fg-thumb\" data-type=\"image\"><span class=\"fg-image-wrap\"><img decoding=\"async\" title=\"APRICOR (cais)\" class=\"bf-img skip-lazy fg-image\" height=\"200\" width=\"250\" data-src-fg=\"https:\/\/icdp.ro\/wp-content\/uploads\/cache\/2024\/05\/P1040520\/4220976454.jpg\" src=\"data:image\/svg+xml,%3Csvg%20xmlns%3D%22http%3A%2F%2Fwww.w3.org%2F2000%2Fsvg%22%20width%3D%22250%22%20height%3D%22200%22%20viewBox%3D%220%200%20250%20200%22%3E%3C%2Fsvg%3E\" loading=\"eager\"><\/span><span class=\"fg-image-overlay\"><\/span><\/a><figcaption class=\"fg-caption\"><div class=\"fg-caption-inner\"><div class=\"fg-caption-title\">APRICOR (cais)<\/div><\/div><\/figcaption><\/figure><div class=\"fg-loader\"><\/div><\/div><div class=\"fg-item fg-type-image fg-idle\"><figure class=\"fg-item-inner\"><a href=\"https:\/\/icdp.ro\/wp-content\/uploads\/2024\/05\/P1060942.jpg\" data-caption-title=\"TILE\u0218 (p\u0103r)\" data-attachment-id=\"14099\" class=\"foogallery-thumb fg-thumb\" data-type=\"image\"><span class=\"fg-image-wrap\"><img decoding=\"async\" title=\"TILE\u0218 (p\u0103r)\" class=\"bf-img skip-lazy fg-image\" height=\"200\" width=\"250\" data-src-fg=\"https:\/\/icdp.ro\/wp-content\/uploads\/cache\/2024\/05\/P1060942\/2487121367.jpg\" src=\"data:image\/svg+xml,%3Csvg%20xmlns%3D%22http%3A%2F%2Fwww.w3.org%2F2000%2Fsvg%22%20width%3D%22250%22%20height%3D%22200%22%20viewBox%3D%220%200%20250%20200%22%3E%3C%2Fsvg%3E\" loading=\"eager\"><\/span><span class=\"fg-image-overlay\"><\/span><\/a><figcaption class=\"fg-caption\"><div class=\"fg-caption-inner\"><div class=\"fg-caption-title\">TILE\u0218 (p\u0103r)<\/div><\/div><\/figcaption><\/figure><div class=\"fg-loader\"><\/div><\/div><\/div>\n<p>&nbsp;<\/p>\n<p><strong><em><span style=\"font-size: 14pt;\">Embriocultur\u0103<\/span> <\/em><\/strong><\/p>\n<style type=\"text\/css\">\n#foogallery-gallery-14104 .fg-image { width: 300px; }\n#foogallery-gallery-14104 { --fg-gutter: 10px; }<\/style>\n\t\t\t<div class=\"foogallery foogallery-container foogallery-default foogallery-lightbox-foogallery fg-left fg-default fg-ready fg-light fg-border-thin fg-shadow-outline fg-loading-default fg-loaded-fade-in fg-caption-hover fg-hover-fade fg-hover-zoom\" id=\"foogallery-gallery-14104\" data-foogallery=\"{&quot;item&quot;:{&quot;showCaptionTitle&quot;:true,&quot;showCaptionDescription&quot;:true},&quot;lazy&quot;:true}\" data-foogallery-lightbox=\"{&quot;thumbs&quot;:&quot;bottom&quot;,&quot;thumbsCaptions&quot;:false,&quot;thumbsBestFit&quot;:false,&quot;thumbsSmall&quot;:false,&quot;thumbsCaptionsAlign&quot;:&quot;default&quot;,&quot;info&quot;:&quot;bottom&quot;,&quot;infoVisible&quot;:true,&quot;infoOverlay&quot;:true,&quot;infoAlign&quot;:&quot;default&quot;,&quot;transition&quot;:&quot;fade&quot;,&quot;hoverButtons&quot;:false,&quot;fitMedia&quot;:false,&quot;noScrollbars&quot;:true,&quot;preserveButtonSpace&quot;:true,&quot;buttons&quot;:{&quot;fullscreen&quot;:true,&quot;info&quot;:true,&quot;thumbs&quot;:false},&quot;video&quot;:{&quot;autoPlay&quot;:true}}\" style=\"--fg-title-line-clamp: 0; --fg-description-line-clamp: 0;\" >\n\t<div class=\"fg-item fg-type-image fg-idle\"><figure class=\"fg-item-inner\"><a href=\"https:\/\/icdp.ro\/wp-content\/uploads\/2024\/05\/P1080644.jpg\" data-attachment-id=\"14105\" data-type=\"image\" class=\"fg-thumb\"><span class=\"fg-image-wrap\"><img decoding=\"async\" width=\"300\" height=\"300\" class=\"skip-lazy fg-image\" data-src-fg=\"https:\/\/icdp.ro\/wp-content\/uploads\/cache\/2024\/05\/P1080644\/3869417957.jpg\" src=\"data:image\/svg+xml,%3Csvg%20xmlns%3D%22http%3A%2F%2Fwww.w3.org%2F2000%2Fsvg%22%20width%3D%22300%22%20height%3D%22300%22%20viewBox%3D%220%200%20300%20300%22%3E%3C%2Fsvg%3E\" loading=\"eager\"><\/span><span class=\"fg-image-overlay\"><\/span><\/a><\/figure><div class=\"fg-loader\"><\/div><\/div><div class=\"fg-item fg-type-image fg-idle\"><figure class=\"fg-item-inner\"><a href=\"https:\/\/icdp.ro\/wp-content\/uploads\/2024\/05\/P1080655.jpg\" data-attachment-id=\"14106\" data-type=\"image\" class=\"fg-thumb\"><span class=\"fg-image-wrap\"><img decoding=\"async\" width=\"300\" height=\"300\" class=\"skip-lazy fg-image\" data-src-fg=\"https:\/\/icdp.ro\/wp-content\/uploads\/cache\/2024\/05\/P1080655\/2489570832.jpg\" src=\"data:image\/svg+xml,%3Csvg%20xmlns%3D%22http%3A%2F%2Fwww.w3.org%2F2000%2Fsvg%22%20width%3D%22300%22%20height%3D%22300%22%20viewBox%3D%220%200%20300%20300%22%3E%3C%2Fsvg%3E\" loading=\"eager\"><\/span><span class=\"fg-image-overlay\"><\/span><\/a><\/figure><div class=\"fg-loader\"><\/div><\/div><div class=\"fg-item fg-type-image fg-idle\"><figure class=\"fg-item-inner\"><a href=\"https:\/\/icdp.ro\/wp-content\/uploads\/2024\/05\/P1080660.jpg\" data-attachment-id=\"14107\" data-type=\"image\" class=\"fg-thumb\"><span class=\"fg-image-wrap\"><img decoding=\"async\" width=\"300\" height=\"300\" class=\"skip-lazy fg-image\" data-src-fg=\"https:\/\/icdp.ro\/wp-content\/uploads\/cache\/2024\/05\/P1080660\/886163350.jpg\" src=\"data:image\/svg+xml,%3Csvg%20xmlns%3D%22http%3A%2F%2Fwww.w3.org%2F2000%2Fsvg%22%20width%3D%22300%22%20height%3D%22300%22%20viewBox%3D%220%200%20300%20300%22%3E%3C%2Fsvg%3E\" loading=\"eager\"><\/span><span class=\"fg-image-overlay\"><\/span><\/a><\/figure><div class=\"fg-loader\"><\/div><\/div><div class=\"fg-item fg-type-image fg-idle\"><figure class=\"fg-item-inner\"><a href=\"https:\/\/icdp.ro\/wp-content\/uploads\/2024\/05\/P1080684-scaled.jpg\" data-attachment-id=\"14108\" data-type=\"image\" class=\"fg-thumb\"><span class=\"fg-image-wrap\"><img decoding=\"async\" width=\"300\" height=\"300\" class=\"skip-lazy fg-image\" data-src-fg=\"https:\/\/icdp.ro\/wp-content\/uploads\/cache\/2024\/05\/P1080684-scaled\/3340249646.jpg\" src=\"data:image\/svg+xml,%3Csvg%20xmlns%3D%22http%3A%2F%2Fwww.w3.org%2F2000%2Fsvg%22%20width%3D%22300%22%20height%3D%22300%22%20viewBox%3D%220%200%20300%20300%22%3E%3C%2Fsvg%3E\" loading=\"eager\"><\/span><span class=\"fg-image-overlay\"><\/span><\/a><\/figure><div class=\"fg-loader\"><\/div><\/div><div class=\"fg-item fg-type-image fg-idle\"><figure class=\"fg-item-inner\"><a href=\"https:\/\/icdp.ro\/wp-content\/uploads\/2024\/05\/P1080688-scaled.jpg\" data-attachment-id=\"14109\" data-type=\"image\" class=\"fg-thumb\"><span class=\"fg-image-wrap\"><img decoding=\"async\" width=\"300\" height=\"300\" class=\"skip-lazy fg-image\" data-src-fg=\"https:\/\/icdp.ro\/wp-content\/uploads\/cache\/2024\/05\/P1080688-scaled\/2625815860.jpg\" src=\"data:image\/svg+xml,%3Csvg%20xmlns%3D%22http%3A%2F%2Fwww.w3.org%2F2000%2Fsvg%22%20width%3D%22300%22%20height%3D%22300%22%20viewBox%3D%220%200%20300%20300%22%3E%3C%2Fsvg%3E\" loading=\"eager\"><\/span><span class=\"fg-image-overlay\"><\/span><\/a><\/figure><div class=\"fg-loader\"><\/div><\/div><div class=\"fg-item fg-type-image fg-idle\"><figure class=\"fg-item-inner\"><a href=\"https:\/\/icdp.ro\/wp-content\/uploads\/2024\/05\/P1080692.jpg\" data-attachment-id=\"14110\" data-type=\"image\" class=\"fg-thumb\"><span class=\"fg-image-wrap\"><img decoding=\"async\" width=\"300\" height=\"300\" class=\"skip-lazy fg-image\" data-src-fg=\"https:\/\/icdp.ro\/wp-content\/uploads\/cache\/2024\/05\/P1080692\/1410893380.jpg\" src=\"data:image\/svg+xml,%3Csvg%20xmlns%3D%22http%3A%2F%2Fwww.w3.org%2F2000%2Fsvg%22%20width%3D%22300%22%20height%3D%22300%22%20viewBox%3D%220%200%20300%20300%22%3E%3C%2Fsvg%3E\" loading=\"eager\"><\/span><span class=\"fg-image-overlay\"><\/span><\/a><\/figure><div class=\"fg-loader\"><\/div><\/div><\/div>\n\n<p><strong>EMBRIOCULTUR\u0102 CIRE\u0218<\/strong><\/p>\n<\/div>\n","protected":false},"excerpt":{"rendered":"<p>Obiective: Cre\u015fterea randamentelor de \u00eenmul\u0163ire a plantelor pomicole, prin elaborarea unor tehnologii cu rentabilitate economic\u0103. Rezultate: Protocoale de lucru stabilite pentru producerea de&nbsp;material biologic&nbsp;prin culturi in vitro; SPECII \u015eI GENOTIPURI \u00ceNMUL\u021aITE DIN CULTURI&nbsp;IN VITRO &nbsp;Nr. crt. Specia GENOTIPURI 1. M\u0103r M9, M26, M106 2. P\u0103r Tile\u0219, S\u0103li\u0219te 3. Prun Mirobolan dwarf 4. Piersic Adaptabil 5.  [&#8230;]<\/p>\n","protected":false},"author":1,"featured_media":0,"parent":12452,"menu_order":1,"comment_status":"closed","ping_status":"closed","template":"","meta":{"ngg_post_thumbnail":0,"footnotes":""},"categories":[],"tags":[],"class_list":["post-14061","page","type-page","status-publish","hentry"],"_links":{"self":[{"href":"https:\/\/icdp.ro\/ro\/wp-json\/wp\/v2\/pages\/14061","targetHints":{"allow":["GET"]}}],"collection":[{"href":"https:\/\/icdp.ro\/ro\/wp-json\/wp\/v2\/pages"}],"about":[{"href":"https:\/\/icdp.ro\/ro\/wp-json\/wp\/v2\/types\/page"}],"author":[{"embeddable":true,"href":"https:\/\/icdp.ro\/ro\/wp-json\/wp\/v2\/users\/1"}],"replies":[{"embeddable":true,"href":"https:\/\/icdp.ro\/ro\/wp-json\/wp\/v2\/comments?post=14061"}],"version-history":[{"count":21,"href":"https:\/\/icdp.ro\/ro\/wp-json\/wp\/v2\/pages\/14061\/revisions"}],"predecessor-version":[{"id":14112,"href":"https:\/\/icdp.ro\/ro\/wp-json\/wp\/v2\/pages\/14061\/revisions\/14112"}],"up":[{"embeddable":true,"href":"https:\/\/icdp.ro\/ro\/wp-json\/wp\/v2\/pages\/12452"}],"wp:attachment":[{"href":"https:\/\/icdp.ro\/ro\/wp-json\/wp\/v2\/media?parent=14061"}],"wp:term":[{"taxonomy":"category","embeddable":true,"href":"https:\/\/icdp.ro\/ro\/wp-json\/wp\/v2\/categories?post=14061"},{"taxonomy":"post_tag","embeddable":true,"href":"https:\/\/icdp.ro\/ro\/wp-json\/wp\/v2\/tags?post=14061"}],"curies":[{"name":"wp","href":"https:\/\/api.w.org\/{rel}","templated":true}]}}