{"id":14033,"date":"2024-05-03T19:32:08","date_gmt":"2024-05-03T16:32:08","guid":{"rendered":"https:\/\/icdp.ro\/?page_id=14033"},"modified":"2024-05-03T19:32:08","modified_gmt":"2024-05-03T16:32:08","slug":"metode-si-secvente-de-inmultire-a-speciilor-si-soiurilor","status":"publish","type":"page","link":"https:\/\/icdp.ro\/ro\/cercetare\/arbusti-fructiferi-si-capsun\/metode-si-secvente-de-inmultire-a-speciilor-si-soiurilor\/","title":{"rendered":"Metode \u015fi secven\u0163e de \u00eenmul\u0163ire a speciilor \u015fi soiurilor"},"content":{"rendered":"<p><strong>Obiective <\/strong><\/p>\n<p>-Comportarea soiurilor de arbu\u015fti fructiferi \u00een procesul de \u00eenmul\u0163ire vegetativ\u0103 \u00een condi\u0163ii de c\u00e2mp \u015fi spa\u0163ii protejate.<br \/>\n-Metode eficiente de \u00eenmul\u0163ire a speciilor \u015fi soiurilor de arbu\u015fti fructiferi ( but\u0103\u015fire prin buta\u015fi lemnifica\u0163i, buta\u015fi verzi, marcotaj, altoire ).<br \/>\n-Elaborarea de verigi \u015fi secven\u0163e tehnologice \u015fi eficiente pentru ob\u0163inerea de material s\u0103ditor de calitate competitiv pe pia\u0163a UE.<\/p>\n<p>&nbsp;<\/p>\n<p><strong>Rezultate:<\/strong><\/p>\n<p>&#8211; Verigi tehnologice de \u00eenmul\u0163ire a genotipurilor noi de arbu\u015fti fructiferi .<br \/>\n&#8211; \u00cenmul\u0163irea genotipurilor noi de zmeur prin buta\u015fi verzi (plantarea buta\u015filor pe platouri de polistiren \u00een alveole umplute cu turb\u0103 \u015fi perlit \u00een p\u0103r\u0163i egale)<br \/>\n-Verigi tehnologice noi de multiplicare a clonelor libere de organisme d\u0103un\u0103toare pentru principalele specii de arbu\u015fti fructiferi.<\/p>\n","protected":false},"excerpt":{"rendered":"<p>Obiective -Comportarea soiurilor de arbu\u015fti fructiferi \u00een procesul de \u00eenmul\u0163ire vegetativ\u0103 \u00een condi\u0163ii de c\u00e2mp \u015fi spa\u0163ii protejate. -Metode eficiente de \u00eenmul\u0163ire a speciilor \u015fi soiurilor de arbu\u015fti fructiferi ( but\u0103\u015fire prin buta\u015fi lemnifica\u0163i, buta\u015fi verzi, marcotaj, altoire ). -Elaborarea de verigi \u015fi secven\u0163e tehnologice \u015fi eficiente pentru ob\u0163inerea de material s\u0103ditor de calitate competitiv  [&#8230;]<\/p>\n","protected":false},"author":1,"featured_media":0,"parent":10968,"menu_order":2,"comment_status":"closed","ping_status":"closed","template":"","meta":{"ngg_post_thumbnail":0,"footnotes":""},"categories":[],"tags":[],"class_list":["post-14033","page","type-page","status-publish","hentry"],"_links":{"self":[{"href":"https:\/\/icdp.ro\/ro\/wp-json\/wp\/v2\/pages\/14033","targetHints":{"allow":["GET"]}}],"collection":[{"href":"https:\/\/icdp.ro\/ro\/wp-json\/wp\/v2\/pages"}],"about":[{"href":"https:\/\/icdp.ro\/ro\/wp-json\/wp\/v2\/types\/page"}],"author":[{"embeddable":true,"href":"https:\/\/icdp.ro\/ro\/wp-json\/wp\/v2\/users\/1"}],"replies":[{"embeddable":true,"href":"https:\/\/icdp.ro\/ro\/wp-json\/wp\/v2\/comments?post=14033"}],"version-history":[{"count":1,"href":"https:\/\/icdp.ro\/ro\/wp-json\/wp\/v2\/pages\/14033\/revisions"}],"predecessor-version":[{"id":14034,"href":"https:\/\/icdp.ro\/ro\/wp-json\/wp\/v2\/pages\/14033\/revisions\/14034"}],"up":[{"embeddable":true,"href":"https:\/\/icdp.ro\/ro\/wp-json\/wp\/v2\/pages\/10968"}],"wp:attachment":[{"href":"https:\/\/icdp.ro\/ro\/wp-json\/wp\/v2\/media?parent=14033"}],"wp:term":[{"taxonomy":"category","embeddable":true,"href":"https:\/\/icdp.ro\/ro\/wp-json\/wp\/v2\/categories?post=14033"},{"taxonomy":"post_tag","embeddable":true,"href":"https:\/\/icdp.ro\/ro\/wp-json\/wp\/v2\/tags?post=14033"}],"curies":[{"name":"wp","href":"https:\/\/api.w.org\/{rel}","templated":true}]}}