{"id":14031,"date":"2024-05-03T19:31:12","date_gmt":"2024-05-03T16:31:12","guid":{"rendered":"https:\/\/icdp.ro\/?page_id=14031"},"modified":"2024-05-03T19:31:12","modified_gmt":"2024-05-03T16:31:12","slug":"sisteme-si-secvente-tehnologice-de-cultura-a-speciilor-si-soiurilor","status":"publish","type":"page","link":"https:\/\/icdp.ro\/ro\/cercetare\/arbusti-fructiferi-si-capsun\/sisteme-si-secvente-tehnologice-de-cultura-a-speciilor-si-soiurilor\/","title":{"rendered":"Sisteme \u015fi secven\u0163e tehnologice de cultur\u0103 a speciilor \u015fi soiurilor"},"content":{"rendered":"<p><strong>Obiective urm\u0103rite<\/strong><\/p>\n<p>&nbsp; &#8211; \u00cembun\u0103t\u0103\u0163irea sistemelor biotehnologice de&nbsp; \u00eenfiin\u0163are \u015fi exploatare a culturilor adaptate condi\u0163iilor climatice \u00een schimbare la speciile de arbu\u015fti fructiferi \u015fi c\u0103p\u015fun.<br \/>\n-Elaborarea de m\u0103suri de reducere a impactului negativ al schimb\u0103rilor climatice asupra plantelor (ar\u015fi\u0163e \u015fi geruri puternice, secet\u0103 pedologic\u0103 \u015fi atmosferic\u0103, boli \u015fi d\u0103un\u0103tori)<br \/>\n&#8211; Stabilirea m\u0103surilor de preg\u0103tire \u015fi amendare a solurilor pentru specii cu exigen\u0163e pedologice ridicate (afinul de cultur\u0103 ).<br \/>\n&nbsp;&#8211; Secven\u0163e tehnologice de fertilizare , irigare \u015fi combatere a bolilor \u015fi d\u0103un\u0103torilor cu num\u0103r redus de tratamente \u015fi produse pesticide cu grad de poluare redus pentru cultura \u00een regim organic.<br \/>\n&nbsp;&#8211; Sisteme \u015fi interven\u0163ii fitotehnice de conducere a plantelor \u00een scopul sporirii productivit\u0103\u0163ii fotosintetice, a calit\u0103\u0163ii fructelor , a dirij\u0103rii sezonului de recoltare \u015fi facilit\u0103rii recolt\u0103rii fructelor.<br \/>\n&nbsp;&#8211; &nbsp;Secven\u0163e eco-tehnologice de cultivare a afinului cu tufa \u00eenalt\u0103, zmeurului \u015fi coac\u0103zului negru.<\/p>\n<p><strong>Rezultate <\/strong><\/p>\n<p>-Tehnologia privind \u00eenfiin\u0163area \u015fi exploatarea culturii de m\u0103ce\u015f vitaminic &#8216;Can&#8217;&nbsp; (<em>Rosa canina, var. Inermispartial<\/em>).<br \/>\n<strong>&#8211;<\/strong>Verigile tehnologice privind \u00eenfiin\u0163area \u015fi exploatarea planta\u0163iilor <strong>intensive de zmeur<br \/>\n<\/strong>-Verigile tehnologice privind \u00eenfiin\u0163area \u015fi exploatarea planta\u0163iilor intensive de mur.<br \/>\n-Verigile tehnologice privind \u00eenfiin\u0163area \u015fi exploatarea planta\u0163iilor intensive ale afinului&nbsp; de cultur\u0103<em> (Vaccinium corymbosum L.)<br \/>\n<\/em>-Tehnologia privind \u00eenfiin\u0163area \u015fi exploatarea culturii de soc (<em>Sambucus nigra<\/em>)<br \/>\n-Tehnologia de re\u00e2ntinerire a planta\u0163iilor comerciale de <strong>coac\u0103z negru \u015fi afin<\/strong>.<br \/>\n-Tehnologia de cultur\u0103 a <strong>coac\u0103zului negru \u015fi ro\u015fu<\/strong>.<br \/>\n-Tehnologia de cultur\u0103 a c\u0103tinei albe&nbsp; <em>(Hippophae rhomnoides).<br \/>\n<\/em><strong>-Verigi tehnologice privind \u00eenfiin\u0163area \u015fi exploatarea planta\u0163iilor de m\u0103ce\u015f vitaminic, lonicera fructifer\u0103, scoru\u015ful negru (<em>Aronia melanocarpa<\/em>), corn ( <em>Cornus mas<\/em>).<\/strong><\/p>\n","protected":false},"excerpt":{"rendered":"<p>Obiective urm\u0103rite &nbsp; &#8211; \u00cembun\u0103t\u0103\u0163irea sistemelor biotehnologice de&nbsp; \u00eenfiin\u0163are \u015fi exploatare a culturilor adaptate condi\u0163iilor climatice \u00een schimbare la speciile de arbu\u015fti fructiferi \u015fi c\u0103p\u015fun. -Elaborarea de m\u0103suri de reducere a impactului negativ al schimb\u0103rilor climatice asupra plantelor (ar\u015fi\u0163e \u015fi geruri puternice, secet\u0103 pedologic\u0103 \u015fi atmosferic\u0103, boli \u015fi d\u0103un\u0103tori) &#8211; Stabilirea m\u0103surilor de preg\u0103tire \u015fi  [&#8230;]<\/p>\n","protected":false},"author":1,"featured_media":0,"parent":10968,"menu_order":1,"comment_status":"closed","ping_status":"closed","template":"","meta":{"ngg_post_thumbnail":0,"footnotes":""},"categories":[],"tags":[],"class_list":["post-14031","page","type-page","status-publish","hentry"],"_links":{"self":[{"href":"https:\/\/icdp.ro\/ro\/wp-json\/wp\/v2\/pages\/14031","targetHints":{"allow":["GET"]}}],"collection":[{"href":"https:\/\/icdp.ro\/ro\/wp-json\/wp\/v2\/pages"}],"about":[{"href":"https:\/\/icdp.ro\/ro\/wp-json\/wp\/v2\/types\/page"}],"author":[{"embeddable":true,"href":"https:\/\/icdp.ro\/ro\/wp-json\/wp\/v2\/users\/1"}],"replies":[{"embeddable":true,"href":"https:\/\/icdp.ro\/ro\/wp-json\/wp\/v2\/comments?post=14031"}],"version-history":[{"count":1,"href":"https:\/\/icdp.ro\/ro\/wp-json\/wp\/v2\/pages\/14031\/revisions"}],"predecessor-version":[{"id":14032,"href":"https:\/\/icdp.ro\/ro\/wp-json\/wp\/v2\/pages\/14031\/revisions\/14032"}],"up":[{"embeddable":true,"href":"https:\/\/icdp.ro\/ro\/wp-json\/wp\/v2\/pages\/10968"}],"wp:attachment":[{"href":"https:\/\/icdp.ro\/ro\/wp-json\/wp\/v2\/media?parent=14031"}],"wp:term":[{"taxonomy":"category","embeddable":true,"href":"https:\/\/icdp.ro\/ro\/wp-json\/wp\/v2\/categories?post=14031"},{"taxonomy":"post_tag","embeddable":true,"href":"https:\/\/icdp.ro\/ro\/wp-json\/wp\/v2\/tags?post=14031"}],"curies":[{"name":"wp","href":"https:\/\/api.w.org\/{rel}","templated":true}]}}