{"id":14023,"date":"2024-05-03T19:18:19","date_gmt":"2024-05-03T16:18:19","guid":{"rendered":"https:\/\/icdp.ro\/?page_id=14023"},"modified":"2024-05-03T19:27:57","modified_gmt":"2024-05-03T16:27:57","slug":"bordo","status":"publish","type":"page","link":"https:\/\/icdp.ro\/ro\/cercetare\/arbusti-fructiferi-si-capsun\/ameliorarea-genetica-a-soiurilor\/bordo\/","title":{"rendered":"BORDO"},"content":{"rendered":"<p>&nbsp;<\/p>\n<p><a href=\"https:\/\/icdp.ro\/wp-content\/uploads\/2024\/05\/Corn2-1.jpg\"><img decoding=\"async\" class=\"wp-image-14025 size-full alignright\" src=\"https:\/\/icdp.ro\/wp-content\/uploads\/2024\/05\/Corn2-1.jpg\" alt=\"\" width=\"342\" height=\"480\" srcset=\"https:\/\/icdp.ro\/wp-content\/uploads\/2024\/05\/Corn2-1-9x12.jpg 9w, https:\/\/icdp.ro\/wp-content\/uploads\/2024\/05\/Corn2-1-200x281.jpg 200w, https:\/\/icdp.ro\/wp-content\/uploads\/2024\/05\/Corn2-1-214x300.jpg 214w, https:\/\/icdp.ro\/wp-content\/uploads\/2024\/05\/Corn2-1.jpg 342w\" sizes=\"(max-width: 342px) 100vw, 342px\" \/><\/a>Autori: P. Mladin, Gh. Mladin, Coman Mihail, Ancu Irina, Silvia Nicolae.<br \/>\nOrigine: ob\u0163inut prin selec\u021bie din flora spontan\u0103.<br \/>\nAnul \u00eenregistr\u0103rii: 2013<\/p>\n<p>Caracteristicile \u015fi \u00eensu\u015firile principale pentru care se recomand\u0103:<br \/>\n&#8211; fructul mare, de culoare ro\u015fu-\u00eenchis spre bordo, cu o lungime de 2,32 cm, o grosime de 1,52 cm, av\u00e2nd o greutate medie de 2,70 grame. S\u00e2mburele c\u00e2nt\u0103re\u015fte 0,45 grame, iar pulpa 2,15 grame. Randamentul \u00een pulp\u0103 este 75%<br \/>\n&#8211; soiul Bordo este productiv \u0219i timpuriu av\u00e2nd o produc\u021bie cuprins\u0103 \u00eentre 15 \u0219i 20 kg\/plant\u0103.<br \/>\n&#8211; epoca de coacere: prima jum\u0103tate a lunii august<\/p>\n<p>&nbsp;<\/p>\n<p>&nbsp;<\/p>\n<p>&nbsp;<\/p>\n","protected":false},"excerpt":{"rendered":"<p>&nbsp; Autori: P. Mladin, Gh. Mladin, Coman Mihail, Ancu Irina, Silvia Nicolae. Origine: ob\u0163inut prin selec\u021bie din flora spontan\u0103. Anul \u00eenregistr\u0103rii: 2013 Caracteristicile \u015fi \u00eensu\u015firile principale pentru care se recomand\u0103: &#8211; fructul mare, de culoare ro\u015fu-\u00eenchis spre bordo, cu o lungime de 2,32 cm, o grosime de 1,52 cm, av\u00e2nd o greutate medie de 2,70  [&#8230;]<\/p>\n","protected":false},"author":1,"featured_media":14024,"parent":13781,"menu_order":45,"comment_status":"closed","ping_status":"closed","template":"","meta":{"ngg_post_thumbnail":0,"footnotes":""},"categories":[65],"tags":[],"class_list":["post-14023","page","type-page","status-publish","has-post-thumbnail","hentry","category-corn"],"_links":{"self":[{"href":"https:\/\/icdp.ro\/ro\/wp-json\/wp\/v2\/pages\/14023","targetHints":{"allow":["GET"]}}],"collection":[{"href":"https:\/\/icdp.ro\/ro\/wp-json\/wp\/v2\/pages"}],"about":[{"href":"https:\/\/icdp.ro\/ro\/wp-json\/wp\/v2\/types\/page"}],"author":[{"embeddable":true,"href":"https:\/\/icdp.ro\/ro\/wp-json\/wp\/v2\/users\/1"}],"replies":[{"embeddable":true,"href":"https:\/\/icdp.ro\/ro\/wp-json\/wp\/v2\/comments?post=14023"}],"version-history":[{"count":1,"href":"https:\/\/icdp.ro\/ro\/wp-json\/wp\/v2\/pages\/14023\/revisions"}],"predecessor-version":[{"id":14026,"href":"https:\/\/icdp.ro\/ro\/wp-json\/wp\/v2\/pages\/14023\/revisions\/14026"}],"up":[{"embeddable":true,"href":"https:\/\/icdp.ro\/ro\/wp-json\/wp\/v2\/pages\/13781"}],"wp:featuredmedia":[{"embeddable":true,"href":"https:\/\/icdp.ro\/ro\/wp-json\/wp\/v2\/media\/14024"}],"wp:attachment":[{"href":"https:\/\/icdp.ro\/ro\/wp-json\/wp\/v2\/media?parent=14023"}],"wp:term":[{"taxonomy":"category","embeddable":true,"href":"https:\/\/icdp.ro\/ro\/wp-json\/wp\/v2\/categories?post=14023"},{"taxonomy":"post_tag","embeddable":true,"href":"https:\/\/icdp.ro\/ro\/wp-json\/wp\/v2\/tags?post=14023"}],"curies":[{"name":"wp","href":"https:\/\/api.w.org\/{rel}","templated":true}]}}