{"id":14019,"date":"2024-05-03T19:16:10","date_gmt":"2024-05-03T16:16:10","guid":{"rendered":"https:\/\/icdp.ro\/?page_id=14019"},"modified":"2024-05-03T19:16:10","modified_gmt":"2024-05-03T16:16:10","slug":"arges-1","status":"publish","type":"page","link":"https:\/\/icdp.ro\/ro\/cercetare\/arbusti-fructiferi-si-capsun\/ameliorarea-genetica-a-soiurilor\/arges-1\/","title":{"rendered":"ARGE\u0218 1"},"content":{"rendered":"<p>&nbsp;<\/p>\n<p><a href=\"https:\/\/icdp.ro\/wp-content\/uploads\/2024\/05\/arges-1-1-scaled.jpg\"><img decoding=\"async\" class=\"wp-image-14021 size-fusion-400 alignright\" src=\"https:\/\/icdp.ro\/wp-content\/uploads\/2024\/05\/arges-1-1-400x300.jpg\" alt=\"\" width=\"400\" height=\"300\" srcset=\"https:\/\/icdp.ro\/wp-content\/uploads\/2024\/05\/arges-1-1-16x12.jpg 16w, https:\/\/icdp.ro\/wp-content\/uploads\/2024\/05\/arges-1-1-200x150.jpg 200w, https:\/\/icdp.ro\/wp-content\/uploads\/2024\/05\/arges-1-1-300x225.jpg 300w, https:\/\/icdp.ro\/wp-content\/uploads\/2024\/05\/arges-1-1-400x300.jpg 400w, https:\/\/icdp.ro\/wp-content\/uploads\/2024\/05\/arges-1-1-600x450.jpg 600w, https:\/\/icdp.ro\/wp-content\/uploads\/2024\/05\/arges-1-1-768x576.jpg 768w, https:\/\/icdp.ro\/wp-content\/uploads\/2024\/05\/arges-1-1-800x600.jpg 800w, https:\/\/icdp.ro\/wp-content\/uploads\/2024\/05\/arges-1-1-1024x768.jpg 1024w, https:\/\/icdp.ro\/wp-content\/uploads\/2024\/05\/arges-1-1-1200x900.jpg 1200w, https:\/\/icdp.ro\/wp-content\/uploads\/2024\/05\/arges-1-1-1536x1152.jpg 1536w\" sizes=\"(max-width: 400px) 100vw, 400px\" \/><\/a>Autori: &#8211;<br \/>\nProvenien\u0163a: Selec\u0163ie din popula\u0163ii&nbsp; de trandafir din&nbsp; flora spontan\u0103.<br \/>\nAnul \u00eenregistr\u0103rii<strong>: <\/strong>1957<\/p>\n<p>Caracteristicile \u015fi \u00eensu\u015firile principale pentru care se recomand\u0103:<\/p>\n<ul>\n<li>productivitate ridicat\u0103, 2 tone petale\/ha, \u00een anii 6-7 de la plantare ;<\/li>\n<li>precocitate de fructificare, \u00een anul al 2-lea de la plantare;<\/li>\n<li>rezisten\u0163a la f\u0103inare \u00een planta\u0163iile pentru flori.<\/li>\n<\/ul>\n<p>Alte \u00eensu\u015firi:<\/p>\n<ul>\n<li>tufe de vigoare mare, cu numeroase tulpini cu sarmen\u021bi;<\/li>\n<li>maturarea fructelor \u00een a doua jum\u0103tate a lunii septembrie;<\/li>\n<\/ul>\n<p>Utilizare mixt\u0103: consum \u00een stare proasp\u0103t\u0103 a fructelor, prelucrare sub form\u0103 de suc, jeleu, dulcea\u0163\u0103,&nbsp; si in industria cosmetic\u0103.<\/p>\n<p>&nbsp;<\/p>\n<p>&nbsp;<\/p>\n<p>&nbsp;<\/p>\n<p>&nbsp;<\/p>\n","protected":false},"excerpt":{"rendered":"<p>&nbsp; Autori: &#8211; Provenien\u0163a: Selec\u0163ie din popula\u0163ii&nbsp; de trandafir din&nbsp; flora spontan\u0103. Anul \u00eenregistr\u0103rii: 1957 Caracteristicile \u015fi \u00eensu\u015firile principale pentru care se recomand\u0103: productivitate ridicat\u0103, 2 tone petale\/ha, \u00een anii 6-7 de la plantare ; precocitate de fructificare, \u00een anul al 2-lea de la plantare; rezisten\u0163a la f\u0103inare \u00een planta\u0163iile pentru flori. Alte \u00eensu\u015firi: tufe  [&#8230;]<\/p>\n","protected":false},"author":1,"featured_media":14020,"parent":13781,"menu_order":44,"comment_status":"closed","ping_status":"closed","template":"","meta":{"ngg_post_thumbnail":0,"footnotes":""},"categories":[64],"tags":[],"class_list":["post-14019","page","type-page","status-publish","has-post-thumbnail","hentry","category-maces-si-trandafir"],"_links":{"self":[{"href":"https:\/\/icdp.ro\/ro\/wp-json\/wp\/v2\/pages\/14019","targetHints":{"allow":["GET"]}}],"collection":[{"href":"https:\/\/icdp.ro\/ro\/wp-json\/wp\/v2\/pages"}],"about":[{"href":"https:\/\/icdp.ro\/ro\/wp-json\/wp\/v2\/types\/page"}],"author":[{"embeddable":true,"href":"https:\/\/icdp.ro\/ro\/wp-json\/wp\/v2\/users\/1"}],"replies":[{"embeddable":true,"href":"https:\/\/icdp.ro\/ro\/wp-json\/wp\/v2\/comments?post=14019"}],"version-history":[{"count":1,"href":"https:\/\/icdp.ro\/ro\/wp-json\/wp\/v2\/pages\/14019\/revisions"}],"predecessor-version":[{"id":14022,"href":"https:\/\/icdp.ro\/ro\/wp-json\/wp\/v2\/pages\/14019\/revisions\/14022"}],"up":[{"embeddable":true,"href":"https:\/\/icdp.ro\/ro\/wp-json\/wp\/v2\/pages\/13781"}],"wp:featuredmedia":[{"embeddable":true,"href":"https:\/\/icdp.ro\/ro\/wp-json\/wp\/v2\/media\/14020"}],"wp:attachment":[{"href":"https:\/\/icdp.ro\/ro\/wp-json\/wp\/v2\/media?parent=14019"}],"wp:term":[{"taxonomy":"category","embeddable":true,"href":"https:\/\/icdp.ro\/ro\/wp-json\/wp\/v2\/categories?post=14019"},{"taxonomy":"post_tag","embeddable":true,"href":"https:\/\/icdp.ro\/ro\/wp-json\/wp\/v2\/tags?post=14019"}],"curies":[{"name":"wp","href":"https:\/\/api.w.org\/{rel}","templated":true}]}}