{"id":14013,"date":"2024-05-03T19:13:43","date_gmt":"2024-05-03T16:13:43","guid":{"rendered":"https:\/\/icdp.ro\/?page_id=14013"},"modified":"2024-05-03T19:13:43","modified_gmt":"2024-05-03T16:13:43","slug":"can","status":"publish","type":"page","link":"https:\/\/icdp.ro\/ro\/cercetare\/arbusti-fructiferi-si-capsun\/ameliorarea-genetica-a-soiurilor\/can\/","title":{"rendered":"CAN"},"content":{"rendered":"<p>&nbsp;<\/p>\n<p><a href=\"https:\/\/icdp.ro\/wp-content\/uploads\/2024\/05\/Can-1-scaled.jpg\"><img decoding=\"async\" class=\"wp-image-14015 size-fusion-400 alignright\" src=\"https:\/\/icdp.ro\/wp-content\/uploads\/2024\/05\/Can-1-400x300.jpg\" alt=\"\" width=\"400\" height=\"300\" srcset=\"https:\/\/icdp.ro\/wp-content\/uploads\/2024\/05\/Can-1-16x12.jpg 16w, https:\/\/icdp.ro\/wp-content\/uploads\/2024\/05\/Can-1-200x150.jpg 200w, https:\/\/icdp.ro\/wp-content\/uploads\/2024\/05\/Can-1-300x225.jpg 300w, https:\/\/icdp.ro\/wp-content\/uploads\/2024\/05\/Can-1-400x300.jpg 400w, https:\/\/icdp.ro\/wp-content\/uploads\/2024\/05\/Can-1-600x450.jpg 600w, https:\/\/icdp.ro\/wp-content\/uploads\/2024\/05\/Can-1-768x576.jpg 768w, https:\/\/icdp.ro\/wp-content\/uploads\/2024\/05\/Can-1-800x600.jpg 800w, https:\/\/icdp.ro\/wp-content\/uploads\/2024\/05\/Can-1-1024x768.jpg 1024w, https:\/\/icdp.ro\/wp-content\/uploads\/2024\/05\/Can-1-1200x900.jpg 1200w, https:\/\/icdp.ro\/wp-content\/uploads\/2024\/05\/Can-1-1536x1152.jpg 1536w\" sizes=\"(max-width: 400px) 100vw, 400px\" \/><\/a>Autori: Paulina Mladin, Gh. Mladin<br \/>\nProvenien\u0163a: Selec\u0163ie clonal\u0103 din popula\u0163ii&nbsp; de m\u0103ce\u015f din&nbsp; flora spontan\u0103.<br \/>\nAnul \u00eenregistr\u0103rii<strong>: <\/strong>1996<\/p>\n<p>Caracteristicile \u015fi \u00eensu\u015firile principale pentru care se recomand\u0103:<\/p>\n<ul>\n<li>productivitate ridicat\u0103, 4,5-5,0 kg\/tuf\u0103, \u00een anii 4-5 de la plantare ;<\/li>\n<li>precocitate de fructificare, 0,5 \u2013 2,8 kg \/ tuf\u0103 \u00een anul al 2-lea de la plantare;<\/li>\n<li>lipsa de ghimpi pe dou\u0103 treimi din lungimea tulpinilor ( partea superioar\u0103) ;<\/li>\n<li>fructele mari , \u00een medie 2,4-3,4 g, dispuse \u00een raceme \u00een num\u0103r mare&nbsp; 5-12, cu randament \u00een pulp\u0103 de 75%, foarte bogate \u00een vitamina C (450,16 mg\/ 100 g fruct proasp\u0103t) \u015fi substan\u0163\u0103 uscat\u0103 ( 34,83 %)\u015fi mediu \u00een aciditate ( 2,50% acid malic) ;<\/li>\n<li>rezisten\u0163a la f\u0103inare \u00een planta\u0163iile pentru fructe.<\/li>\n<\/ul>\n<p>Alte \u00eensu\u015firi:<\/p>\n<ul>\n<li>tufe de vigoare mare, cu numeroase tulpini, f\u0103r\u0103 ghimpi \u00een partea superioar\u0103;<\/li>\n<li>maturarea fructelor \u00een a doua jum\u0103tate a lunii septembrie;<\/li>\n<li>sensibilitate la f\u0103inare \u00een pepinier\u0103.<\/li>\n<\/ul>\n<p>Utilizare mixt\u0103: consum \u00een stare proasp\u0103t\u0103, prelucrare sub form\u0103 de suc, jeleu, dulcea\u0163\u0103, gem.<\/p>\n<p>&nbsp;<\/p>\n<p>&nbsp;<\/p>\n<p>&nbsp;<\/p>\n<p>&nbsp;<\/p>\n","protected":false},"excerpt":{"rendered":"<p>&nbsp; Autori: Paulina Mladin, Gh. Mladin Provenien\u0163a: Selec\u0163ie clonal\u0103 din popula\u0163ii&nbsp; de m\u0103ce\u015f din&nbsp; flora spontan\u0103. Anul \u00eenregistr\u0103rii: 1996 Caracteristicile \u015fi \u00eensu\u015firile principale pentru care se recomand\u0103: productivitate ridicat\u0103, 4,5-5,0 kg\/tuf\u0103, \u00een anii 4-5 de la plantare ; precocitate de fructificare, 0,5 \u2013 2,8 kg \/ tuf\u0103 \u00een anul al 2-lea de la plantare; lipsa  [&#8230;]<\/p>\n","protected":false},"author":1,"featured_media":14014,"parent":13781,"menu_order":43,"comment_status":"closed","ping_status":"closed","template":"","meta":{"ngg_post_thumbnail":0,"footnotes":""},"categories":[64],"tags":[],"class_list":["post-14013","page","type-page","status-publish","has-post-thumbnail","hentry","category-maces-si-trandafir"],"_links":{"self":[{"href":"https:\/\/icdp.ro\/ro\/wp-json\/wp\/v2\/pages\/14013","targetHints":{"allow":["GET"]}}],"collection":[{"href":"https:\/\/icdp.ro\/ro\/wp-json\/wp\/v2\/pages"}],"about":[{"href":"https:\/\/icdp.ro\/ro\/wp-json\/wp\/v2\/types\/page"}],"author":[{"embeddable":true,"href":"https:\/\/icdp.ro\/ro\/wp-json\/wp\/v2\/users\/1"}],"replies":[{"embeddable":true,"href":"https:\/\/icdp.ro\/ro\/wp-json\/wp\/v2\/comments?post=14013"}],"version-history":[{"count":1,"href":"https:\/\/icdp.ro\/ro\/wp-json\/wp\/v2\/pages\/14013\/revisions"}],"predecessor-version":[{"id":14016,"href":"https:\/\/icdp.ro\/ro\/wp-json\/wp\/v2\/pages\/14013\/revisions\/14016"}],"up":[{"embeddable":true,"href":"https:\/\/icdp.ro\/ro\/wp-json\/wp\/v2\/pages\/13781"}],"wp:featuredmedia":[{"embeddable":true,"href":"https:\/\/icdp.ro\/ro\/wp-json\/wp\/v2\/media\/14014"}],"wp:attachment":[{"href":"https:\/\/icdp.ro\/ro\/wp-json\/wp\/v2\/media?parent=14013"}],"wp:term":[{"taxonomy":"category","embeddable":true,"href":"https:\/\/icdp.ro\/ro\/wp-json\/wp\/v2\/categories?post=14013"},{"taxonomy":"post_tag","embeddable":true,"href":"https:\/\/icdp.ro\/ro\/wp-json\/wp\/v2\/tags?post=14013"}],"curies":[{"name":"wp","href":"https:\/\/api.w.org\/{rel}","templated":true}]}}