{"id":13997,"date":"2024-05-03T19:05:01","date_gmt":"2024-05-03T16:05:01","guid":{"rendered":"https:\/\/icdp.ro\/?page_id=13997"},"modified":"2024-05-06T18:07:21","modified_gmt":"2024-05-06T15:07:21","slug":"melrom","status":"publish","type":"page","link":"https:\/\/icdp.ro\/ro\/cercetare\/arbusti-fructiferi-si-capsun\/ameliorarea-genetica-a-soiurilor\/melrom\/","title":{"rendered":"MELROM"},"content":{"rendered":"<p>&nbsp;<\/p>\n<p><a href=\"https:\/\/icdp.ro\/wp-content\/uploads\/2024\/05\/IMG_melrom-aronia-1-rotated.jpg\"><img decoding=\"async\" class=\"wp-image-13999 size-fusion-400 alignright\" src=\"https:\/\/icdp.ro\/wp-content\/uploads\/2024\/05\/IMG_melrom-aronia-1-400x533.jpg\" alt=\"\" width=\"400\" height=\"533\" srcset=\"https:\/\/icdp.ro\/wp-content\/uploads\/2024\/05\/IMG_melrom-aronia-1-9x12.jpg 9w, https:\/\/icdp.ro\/wp-content\/uploads\/2024\/05\/IMG_melrom-aronia-1-200x267.jpg 200w, https:\/\/icdp.ro\/wp-content\/uploads\/2024\/05\/IMG_melrom-aronia-1-225x300.jpg 225w, https:\/\/icdp.ro\/wp-content\/uploads\/2024\/05\/IMG_melrom-aronia-1-400x533.jpg 400w, https:\/\/icdp.ro\/wp-content\/uploads\/2024\/05\/IMG_melrom-aronia-1-rotated.jpg 480w\" sizes=\"(max-width: 400px) 100vw, 400px\" \/><\/a><\/p>\n<p>Autori: Ancu Irina, Mladin Gheorghe, Sturzeanu Monica, Coman Mihail, Isac Valentina<br \/>\nOrigine: soi autohton, ob\u021binut prin hibridarea liber\u0103 a soiului Nero<br \/>\nAnul \u00eenregistr\u0103rii: 2018<\/p>\n<p>Caracteristicile \u015fi \u00eensu\u015firile principale pentru care se recomand\u0103:<\/p>\n<p>&nbsp; &nbsp; &nbsp;&#8211; se caracterizeaz\u0103 prin vigoarea mare a tufei cu cre\u015ftere globuloas\u0103, tulpini cu ramifica\u0163ie mare.<br \/>\n&nbsp; &nbsp; &nbsp;&#8211; perioada de maturare \u00een prima jum\u0103tate a lunii august.<br \/>\n&nbsp; &nbsp; &nbsp;&#8211; are o productivitate ridicat\u0103, produc\u0163iile \u00een plin\u0103 perioad\u0103 de fructificare fiind cuprinse \u00eentre 7 \u0219i 10 kg\/tuf\u0103.<br \/>\n&nbsp; &nbsp; &nbsp;&#8211; fructele de tip bac\u0103 sunt de m\u0103rime mijlocie \u2013 mare, de culoare negru violet, de form\u0103 rotund\u0103, cu con\u0163inut ridicat \u00een substan\u021b\u0103 uscat\u0103 solubil\u0103 24,14%. Soiul Melrom se caracterizeaz\u0103 printr-un con\u0163inut ridicat \u00een antociani.<br \/>\n&nbsp; &nbsp; &#8211; fructul mare cu pulpa bordo \u00eenchis la maturitate , av\u00e2nd o greutate medie de 0,77 grame.<br \/>\n&nbsp; &nbsp; &nbsp;&#8211; perioada de recoltare prelungindu-se 4-6 s\u0103pt\u0103m\u00e2ni deoarece fructele coapte nu cad dup\u0103 plant\u0103, se men\u021bin pe tuf\u0103 p\u00e2n\u0103 toamna t\u00e2rziu.<\/p>\n<p>Recomand\u0103ri : se recomand\u0103 a fi cultivat pe soluri fertile sau cu fertilitate medie. Fructele pot fi uscate, apoi rehidratate \u00een timpul iernii \u0219i folosite la fel ca cele proaspete.<\/p>\n<p>&nbsp;<\/p>\n<p>&nbsp;<\/p>\n<p>&nbsp;<\/p>\n","protected":false},"excerpt":{"rendered":"<p>&nbsp; Autori: Ancu Irina, Mladin Gheorghe, Sturzeanu Monica, Coman Mihail, Isac Valentina Origine: soi autohton, ob\u021binut prin hibridarea liber\u0103 a soiului Nero Anul \u00eenregistr\u0103rii: 2018 Caracteristicile \u015fi \u00eensu\u015firile principale pentru care se recomand\u0103: &nbsp; &nbsp; &nbsp;&#8211; se caracterizeaz\u0103 prin vigoarea mare a tufei cu cre\u015ftere globuloas\u0103, tulpini cu ramifica\u0163ie mare. &nbsp; &nbsp; &nbsp;&#8211; perioada de  [&#8230;]<\/p>\n","protected":false},"author":1,"featured_media":13998,"parent":13781,"menu_order":40,"comment_status":"closed","ping_status":"closed","template":"","meta":{"ngg_post_thumbnail":0,"footnotes":""},"categories":[62],"tags":[],"class_list":["post-13997","page","type-page","status-publish","has-post-thumbnail","hentry","category-aronia"],"_links":{"self":[{"href":"https:\/\/icdp.ro\/ro\/wp-json\/wp\/v2\/pages\/13997","targetHints":{"allow":["GET"]}}],"collection":[{"href":"https:\/\/icdp.ro\/ro\/wp-json\/wp\/v2\/pages"}],"about":[{"href":"https:\/\/icdp.ro\/ro\/wp-json\/wp\/v2\/types\/page"}],"author":[{"embeddable":true,"href":"https:\/\/icdp.ro\/ro\/wp-json\/wp\/v2\/users\/1"}],"replies":[{"embeddable":true,"href":"https:\/\/icdp.ro\/ro\/wp-json\/wp\/v2\/comments?post=13997"}],"version-history":[{"count":4,"href":"https:\/\/icdp.ro\/ro\/wp-json\/wp\/v2\/pages\/13997\/revisions"}],"predecessor-version":[{"id":14054,"href":"https:\/\/icdp.ro\/ro\/wp-json\/wp\/v2\/pages\/13997\/revisions\/14054"}],"up":[{"embeddable":true,"href":"https:\/\/icdp.ro\/ro\/wp-json\/wp\/v2\/pages\/13781"}],"wp:featuredmedia":[{"embeddable":true,"href":"https:\/\/icdp.ro\/ro\/wp-json\/wp\/v2\/media\/13998"}],"wp:attachment":[{"href":"https:\/\/icdp.ro\/ro\/wp-json\/wp\/v2\/media?parent=13997"}],"wp:term":[{"taxonomy":"category","embeddable":true,"href":"https:\/\/icdp.ro\/ro\/wp-json\/wp\/v2\/categories?post=13997"},{"taxonomy":"post_tag","embeddable":true,"href":"https:\/\/icdp.ro\/ro\/wp-json\/wp\/v2\/tags?post=13997"}],"curies":[{"name":"wp","href":"https:\/\/api.w.org\/{rel}","templated":true}]}}