{"id":13989,"date":"2024-05-03T18:59:25","date_gmt":"2024-05-03T15:59:25","guid":{"rendered":"https:\/\/icdp.ro\/?page_id=13989"},"modified":"2024-05-03T18:59:25","modified_gmt":"2024-05-03T15:59:25","slug":"kami","status":"publish","type":"page","link":"https:\/\/icdp.ro\/ro\/cercetare\/arbusti-fructiferi-si-capsun\/ameliorarea-genetica-a-soiurilor\/kami\/","title":{"rendered":"KAMI"},"content":{"rendered":"<p>&nbsp;<\/p>\n<p><a href=\"https:\/\/icdp.ro\/wp-content\/uploads\/2024\/05\/Kami-1.jpg\"><img decoding=\"async\" class=\"wp-image-13991 size-fusion-400 alignright\" src=\"https:\/\/icdp.ro\/wp-content\/uploads\/2024\/05\/Kami-1-400x400.jpg\" alt=\"\" width=\"400\" height=\"400\" srcset=\"https:\/\/icdp.ro\/wp-content\/uploads\/2024\/05\/Kami-1-12x12.jpg 12w, https:\/\/icdp.ro\/wp-content\/uploads\/2024\/05\/Kami-1-66x66.jpg 66w, https:\/\/icdp.ro\/wp-content\/uploads\/2024\/05\/Kami-1-150x150.jpg 150w, https:\/\/icdp.ro\/wp-content\/uploads\/2024\/05\/Kami-1-200x200.jpg 200w, https:\/\/icdp.ro\/wp-content\/uploads\/2024\/05\/Kami-1-300x300.jpg 300w, https:\/\/icdp.ro\/wp-content\/uploads\/2024\/05\/Kami-1-400x400.jpg 400w, https:\/\/icdp.ro\/wp-content\/uploads\/2024\/05\/Kami-1.jpg 591w\" sizes=\"(max-width: 400px) 100vw, 400px\" \/><\/a>Autori<strong>: <\/strong>Gh. Mladin, Paulina Mladin<br \/>\nProvenien\u0163a<strong>: <\/strong>Hibridare liber\u0103 a biotipului Nr. 57 &#8211;<em> Lonicera caerulea<\/em> var. <em>edulis<\/em><strong> \u2013<\/strong><em>kamtschatica<br \/>\n<\/em>Anul \u00eenregistr\u0103rii<strong>: <\/strong>2012.<\/p>\n<p>Caracteristicile \u015fi \u00eensu\u015firile principale pentru care se recomand\u0103:<\/p>\n<ul>\n<li>productivitate, \u00een medie 1,5-2,5 kg\/tuf\u0103,<\/li>\n<li>maturare extratimpurie \u015fi e\u015falonat\u0103 a fructelor, de la jum\u0103tatea lunii mai p\u00e2n\u0103 la \u00eenceputul lunii iunie.<\/li>\n<li>fructele lungi, de culoare albastr\u0103, cu gust dulce-migdalat, de m\u0103rime mare, 0,9-1,3 g, au un con\u0163inut biochimic bogat : acid ascorbic 60,2 mg\/100 g fruct proasp\u0103t, zaharuri totale 7,09%, pectine 0,35%, taninuri 0,25%, substan\u0163\u0103 uscat\u0103 solubil\u0103 14,3% \u015fi substan\u0163e minerale 0,68%.&nbsp;&nbsp;&nbsp;&nbsp;&nbsp;&nbsp;&nbsp;<\/li>\n<li>tufe de vigoare mare<\/li>\n<\/ul>\n<p>Utilizare mixt\u0103: consum \u00een stare proasp\u0103t\u0103, prelucrare sub form\u0103 de suc, jeleu, dulcea\u0163\u0103, gem.<\/p>\n<p>&nbsp;<\/p>\n<p>&nbsp;<\/p>\n<p>&nbsp;<\/p>\n<p>&nbsp;<\/p>\n","protected":false},"excerpt":{"rendered":"<p>&nbsp; Autori: Gh. Mladin, Paulina Mladin Provenien\u0163a: Hibridare liber\u0103 a biotipului Nr. 57 &#8211; Lonicera caerulea var. edulis \u2013kamtschatica Anul \u00eenregistr\u0103rii: 2012. Caracteristicile \u015fi \u00eensu\u015firile principale pentru care se recomand\u0103: productivitate, \u00een medie 1,5-2,5 kg\/tuf\u0103, maturare extratimpurie \u015fi e\u015falonat\u0103 a fructelor, de la jum\u0103tatea lunii mai p\u00e2n\u0103 la \u00eenceputul lunii iunie. fructele lungi, de culoare  [&#8230;]<\/p>\n","protected":false},"author":1,"featured_media":13990,"parent":13781,"menu_order":38,"comment_status":"closed","ping_status":"closed","template":"","meta":{"ngg_post_thumbnail":0,"footnotes":""},"categories":[61],"tags":[],"class_list":["post-13989","page","type-page","status-publish","has-post-thumbnail","hentry","category-lonicera"],"_links":{"self":[{"href":"https:\/\/icdp.ro\/ro\/wp-json\/wp\/v2\/pages\/13989","targetHints":{"allow":["GET"]}}],"collection":[{"href":"https:\/\/icdp.ro\/ro\/wp-json\/wp\/v2\/pages"}],"about":[{"href":"https:\/\/icdp.ro\/ro\/wp-json\/wp\/v2\/types\/page"}],"author":[{"embeddable":true,"href":"https:\/\/icdp.ro\/ro\/wp-json\/wp\/v2\/users\/1"}],"replies":[{"embeddable":true,"href":"https:\/\/icdp.ro\/ro\/wp-json\/wp\/v2\/comments?post=13989"}],"version-history":[{"count":1,"href":"https:\/\/icdp.ro\/ro\/wp-json\/wp\/v2\/pages\/13989\/revisions"}],"predecessor-version":[{"id":13992,"href":"https:\/\/icdp.ro\/ro\/wp-json\/wp\/v2\/pages\/13989\/revisions\/13992"}],"up":[{"embeddable":true,"href":"https:\/\/icdp.ro\/ro\/wp-json\/wp\/v2\/pages\/13781"}],"wp:featuredmedia":[{"embeddable":true,"href":"https:\/\/icdp.ro\/ro\/wp-json\/wp\/v2\/media\/13990"}],"wp:attachment":[{"href":"https:\/\/icdp.ro\/ro\/wp-json\/wp\/v2\/media?parent=13989"}],"wp:term":[{"taxonomy":"category","embeddable":true,"href":"https:\/\/icdp.ro\/ro\/wp-json\/wp\/v2\/categories?post=13989"},{"taxonomy":"post_tag","embeddable":true,"href":"https:\/\/icdp.ro\/ro\/wp-json\/wp\/v2\/tags?post=13989"}],"curies":[{"name":"wp","href":"https:\/\/api.w.org\/{rel}","templated":true}]}}