{"id":13981,"date":"2024-05-03T18:57:29","date_gmt":"2024-05-03T15:57:29","guid":{"rendered":"https:\/\/icdp.ro\/?page_id=13981"},"modified":"2024-05-03T18:58:18","modified_gmt":"2024-05-03T15:58:18","slug":"cera","status":"publish","type":"page","link":"https:\/\/icdp.ro\/ro\/cercetare\/arbusti-fructiferi-si-capsun\/ameliorarea-genetica-a-soiurilor\/cera\/","title":{"rendered":"CERA"},"content":{"rendered":"<p>&nbsp;<\/p>\n<p><a href=\"https:\/\/icdp.ro\/wp-content\/uploads\/2024\/05\/Cera-1.jpg\"><img decoding=\"async\" class=\"wp-image-13983 size-fusion-400 alignright\" src=\"https:\/\/icdp.ro\/wp-content\/uploads\/2024\/05\/Cera-1-400x400.jpg\" alt=\"\" width=\"400\" height=\"400\" srcset=\"https:\/\/icdp.ro\/wp-content\/uploads\/2024\/05\/Cera-1-12x12.jpg 12w, https:\/\/icdp.ro\/wp-content\/uploads\/2024\/05\/Cera-1-66x66.jpg 66w, https:\/\/icdp.ro\/wp-content\/uploads\/2024\/05\/Cera-1-150x150.jpg 150w, https:\/\/icdp.ro\/wp-content\/uploads\/2024\/05\/Cera-1-200x200.jpg 200w, https:\/\/icdp.ro\/wp-content\/uploads\/2024\/05\/Cera-1-300x300.jpg 300w, https:\/\/icdp.ro\/wp-content\/uploads\/2024\/05\/Cera-1-400x400.jpg 400w, https:\/\/icdp.ro\/wp-content\/uploads\/2024\/05\/Cera-1.jpg 591w\" sizes=\"(max-width: 400px) 100vw, 400px\" \/><\/a>Autori<strong>: <\/strong>Gh. Mladin, Paulina Mladin<br \/>\nProvenien\u0163a<strong>:<\/strong> Hibridare liber\u0103 a biotipului Nr. 87 &#8211; <em>Lonicera caerulea<\/em> var. <em>edulis<\/em><strong> \u2013<\/strong><em>kamtschatica<br \/>\n<\/em>Anul \u00eenregistr\u0103rii<strong>: <\/strong>2006.<\/p>\n<p>Caracteristicile \u015fi \u00eensu\u015firile principale pentru care se recomand\u0103:<\/p>\n<ul>\n<li>maturarea extratimpurie, \u00eencep\u00e2nd de la jum\u0103tatea lunii mai p\u00e2n\u0103 la \u00eenceputul lunii iunie;<\/li>\n<li>fructele de m\u0103rime mijlocie 0,7-0,9 g, gust dulce-acri\u015for, pruinate, con\u0163inut ridicat \u00een vitamina C (66,0 mg \/ 100 g fruct proasp\u0103t);<\/li>\n<li>rezisten\u0163a la ger.<\/li>\n<\/ul>\n<p>Alte \u00eensu\u015firi:<\/p>\n<ul>\n<li>productivitatea mijlocie, \u00een medie 1,5-2,5 kg\/tuf\u0103 ;<\/li>\n<li>tufe de vigoare mijlocie.<\/li>\n<\/ul>\n<p>Utilizare mixt\u0103: consum \u00een stare proasp\u0103t\u0103, prelucrare sub form\u0103 de suc, jeleu, dulcea\u0163\u0103, gem.<\/p>\n<p>&nbsp;<\/p>\n<p>&nbsp;<\/p>\n<p>&nbsp;<\/p>\n<p>&nbsp;<\/p>\n","protected":false},"excerpt":{"rendered":"<p>&nbsp; Autori: Gh. Mladin, Paulina Mladin Provenien\u0163a: Hibridare liber\u0103 a biotipului Nr. 87 &#8211; Lonicera caerulea var. edulis \u2013kamtschatica Anul \u00eenregistr\u0103rii: 2006. Caracteristicile \u015fi \u00eensu\u015firile principale pentru care se recomand\u0103: maturarea extratimpurie, \u00eencep\u00e2nd de la jum\u0103tatea lunii mai p\u00e2n\u0103 la \u00eenceputul lunii iunie; fructele de m\u0103rime mijlocie 0,7-0,9 g, gust dulce-acri\u015for, pruinate, con\u0163inut ridicat \u00een  [&#8230;]<\/p>\n","protected":false},"author":1,"featured_media":13982,"parent":13781,"menu_order":37,"comment_status":"closed","ping_status":"closed","template":"","meta":{"ngg_post_thumbnail":0,"footnotes":""},"categories":[61],"tags":[],"class_list":["post-13981","page","type-page","status-publish","has-post-thumbnail","hentry","category-lonicera"],"_links":{"self":[{"href":"https:\/\/icdp.ro\/ro\/wp-json\/wp\/v2\/pages\/13981","targetHints":{"allow":["GET"]}}],"collection":[{"href":"https:\/\/icdp.ro\/ro\/wp-json\/wp\/v2\/pages"}],"about":[{"href":"https:\/\/icdp.ro\/ro\/wp-json\/wp\/v2\/types\/page"}],"author":[{"embeddable":true,"href":"https:\/\/icdp.ro\/ro\/wp-json\/wp\/v2\/users\/1"}],"replies":[{"embeddable":true,"href":"https:\/\/icdp.ro\/ro\/wp-json\/wp\/v2\/comments?post=13981"}],"version-history":[{"count":3,"href":"https:\/\/icdp.ro\/ro\/wp-json\/wp\/v2\/pages\/13981\/revisions"}],"predecessor-version":[{"id":13988,"href":"https:\/\/icdp.ro\/ro\/wp-json\/wp\/v2\/pages\/13981\/revisions\/13988"}],"up":[{"embeddable":true,"href":"https:\/\/icdp.ro\/ro\/wp-json\/wp\/v2\/pages\/13781"}],"wp:featuredmedia":[{"embeddable":true,"href":"https:\/\/icdp.ro\/ro\/wp-json\/wp\/v2\/media\/13982"}],"wp:attachment":[{"href":"https:\/\/icdp.ro\/ro\/wp-json\/wp\/v2\/media?parent=13981"}],"wp:term":[{"taxonomy":"category","embeddable":true,"href":"https:\/\/icdp.ro\/ro\/wp-json\/wp\/v2\/categories?post=13981"},{"taxonomy":"post_tag","embeddable":true,"href":"https:\/\/icdp.ro\/ro\/wp-json\/wp\/v2\/tags?post=13981"}],"curies":[{"name":"wp","href":"https:\/\/api.w.org\/{rel}","templated":true}]}}