{"id":13967,"date":"2024-05-03T18:52:33","date_gmt":"2024-05-03T15:52:33","guid":{"rendered":"https:\/\/icdp.ro\/?page_id=13967"},"modified":"2024-05-03T18:52:33","modified_gmt":"2024-05-03T15:52:33","slug":"pitesti-2","status":"publish","type":"page","link":"https:\/\/icdp.ro\/ro\/cercetare\/arbusti-fructiferi-si-capsun\/ameliorarea-genetica-a-soiurilor\/pitesti-2\/","title":{"rendered":"PITE\u015eTI -2"},"content":{"rendered":"<p>&nbsp;<\/p>\n<p><a href=\"https:\/\/icdp.ro\/wp-content\/uploads\/2024\/05\/Pitesti-2-1.jpg\"><img decoding=\"async\" class=\"wp-image-13969 size-fusion-400 alignright\" src=\"https:\/\/icdp.ro\/wp-content\/uploads\/2024\/05\/Pitesti-2-1-400x400.jpg\" alt=\"\" width=\"400\" height=\"400\" srcset=\"https:\/\/icdp.ro\/wp-content\/uploads\/2024\/05\/Pitesti-2-1-12x12.jpg 12w, https:\/\/icdp.ro\/wp-content\/uploads\/2024\/05\/Pitesti-2-1-66x66.jpg 66w, https:\/\/icdp.ro\/wp-content\/uploads\/2024\/05\/Pitesti-2-1-150x150.jpg 150w, https:\/\/icdp.ro\/wp-content\/uploads\/2024\/05\/Pitesti-2-1-200x200.jpg 200w, https:\/\/icdp.ro\/wp-content\/uploads\/2024\/05\/Pitesti-2-1-300x300.jpg 300w, https:\/\/icdp.ro\/wp-content\/uploads\/2024\/05\/Pitesti-2-1-400x400.jpg 400w, https:\/\/icdp.ro\/wp-content\/uploads\/2024\/05\/Pitesti-2-1.jpg 591w\" sizes=\"(max-width: 400px) 100vw, 400px\" \/><\/a>Autori<strong>: <\/strong>Paulina Mladin , Gh. Mladin<br \/>\nProvenien\u0163a: Selec\u0163ie clonal\u0103 din popula\u0163ii din flora spontan\u0103 de <em>Hippophae rhamnoides<\/em> L. var. <em>carpatica.<br \/>\n<\/em>Anul \u00eenregistr\u0103rii<strong>: <\/strong>2006<\/p>\n<p>Caracteristicile \u015fi \u00eensu\u015firile principale pentru care se recomand\u0103:<\/p>\n<ul>\n<li>productivitate ridicat\u0103 ( \u00een anii 4-6 dup\u0103 plantare produc\u0163ia atinge 12-14 t\/ha, \u00een cultur\u0103 clasic\u0103 \u015fi f\u0103r\u0103 interven\u0163ii \u00een coroana pomului) \u015fi precocitate de fructificare;<\/li>\n<li>con\u0163inut biochimic al fructelor: foarte bogat \u00een vitamina E , 20,400 mg \u03b1 \u2013 tocoferol \/ 100 g fruct proasp\u0103t \u015fi bogat&nbsp; \u00een vitamina A &#8211; 4648,02 \u03bcg \u03b2- caroten \/ 100 g fruct proasp\u0103t.<\/li>\n<\/ul>\n<p>Alte \u00eensu\u015firi:<\/p>\n<ul>\n<li>epoca de maturare septembrie &#8211; octombrie, iar recoltarea se face p\u00e2n\u0103 la venirea brumelor;<\/li>\n<li>vigoarea plantei: mijlocie \u2013 mare, coroan\u0103 dens\u0103, cu ramuri cu&nbsp; spini sub\u0163iri \u015fi flexibili;<\/li>\n<li>fructe mici, de culoare portocalie la maturitatea deplin\u0103.<\/li>\n<\/ul>\n<p>&nbsp;<\/p>\n<p>&nbsp;<\/p>\n<p>&nbsp;<\/p>\n<p>&nbsp;<\/p>\n","protected":false},"excerpt":{"rendered":"<p>&nbsp; Autori: Paulina Mladin , Gh. Mladin Provenien\u0163a: Selec\u0163ie clonal\u0103 din popula\u0163ii din flora spontan\u0103 de Hippophae rhamnoides L. var. carpatica. Anul \u00eenregistr\u0103rii: 2006 Caracteristicile \u015fi \u00eensu\u015firile principale pentru care se recomand\u0103: productivitate ridicat\u0103 ( \u00een anii 4-6 dup\u0103 plantare produc\u0163ia atinge 12-14 t\/ha, \u00een cultur\u0103 clasic\u0103 \u015fi f\u0103r\u0103 interven\u0163ii \u00een coroana pomului) \u015fi precocitate  [&#8230;]<\/p>\n","protected":false},"author":1,"featured_media":13968,"parent":13781,"menu_order":34,"comment_status":"closed","ping_status":"closed","template":"","meta":{"ngg_post_thumbnail":0,"footnotes":""},"categories":[60],"tags":[],"class_list":["post-13967","page","type-page","status-publish","has-post-thumbnail","hentry","category-catina"],"_links":{"self":[{"href":"https:\/\/icdp.ro\/ro\/wp-json\/wp\/v2\/pages\/13967","targetHints":{"allow":["GET"]}}],"collection":[{"href":"https:\/\/icdp.ro\/ro\/wp-json\/wp\/v2\/pages"}],"about":[{"href":"https:\/\/icdp.ro\/ro\/wp-json\/wp\/v2\/types\/page"}],"author":[{"embeddable":true,"href":"https:\/\/icdp.ro\/ro\/wp-json\/wp\/v2\/users\/1"}],"replies":[{"embeddable":true,"href":"https:\/\/icdp.ro\/ro\/wp-json\/wp\/v2\/comments?post=13967"}],"version-history":[{"count":2,"href":"https:\/\/icdp.ro\/ro\/wp-json\/wp\/v2\/pages\/13967\/revisions"}],"predecessor-version":[{"id":13971,"href":"https:\/\/icdp.ro\/ro\/wp-json\/wp\/v2\/pages\/13967\/revisions\/13971"}],"up":[{"embeddable":true,"href":"https:\/\/icdp.ro\/ro\/wp-json\/wp\/v2\/pages\/13781"}],"wp:featuredmedia":[{"embeddable":true,"href":"https:\/\/icdp.ro\/ro\/wp-json\/wp\/v2\/media\/13968"}],"wp:attachment":[{"href":"https:\/\/icdp.ro\/ro\/wp-json\/wp\/v2\/media?parent=13967"}],"wp:term":[{"taxonomy":"category","embeddable":true,"href":"https:\/\/icdp.ro\/ro\/wp-json\/wp\/v2\/categories?post=13967"},{"taxonomy":"post_tag","embeddable":true,"href":"https:\/\/icdp.ro\/ro\/wp-json\/wp\/v2\/tags?post=13967"}],"curies":[{"name":"wp","href":"https:\/\/api.w.org\/{rel}","templated":true}]}}