{"id":13962,"date":"2024-05-03T18:51:18","date_gmt":"2024-05-03T15:51:18","guid":{"rendered":"https:\/\/icdp.ro\/?page_id=13962"},"modified":"2024-05-03T18:51:18","modified_gmt":"2024-05-03T15:51:18","slug":"pitesti-1","status":"publish","type":"page","link":"https:\/\/icdp.ro\/ro\/cercetare\/arbusti-fructiferi-si-capsun\/ameliorarea-genetica-a-soiurilor\/pitesti-1\/","title":{"rendered":"PITE\u015eTI \u2013 1"},"content":{"rendered":"<p>&nbsp;<\/p>\n<p><a href=\"https:\/\/icdp.ro\/wp-content\/uploads\/2024\/05\/Pitesti-1-pl.cu-fr-1.jpg\"><img decoding=\"async\" class=\"wp-image-13964 size-fusion-400 alignright\" src=\"https:\/\/icdp.ro\/wp-content\/uploads\/2024\/05\/Pitesti-1-pl.cu-fr-1-400x630.jpg\" alt=\"\" width=\"400\" height=\"630\" srcset=\"https:\/\/icdp.ro\/wp-content\/uploads\/2024\/05\/Pitesti-1-pl.cu-fr-1-8x12.jpg 8w, https:\/\/icdp.ro\/wp-content\/uploads\/2024\/05\/Pitesti-1-pl.cu-fr-1-191x300.jpg 191w, https:\/\/icdp.ro\/wp-content\/uploads\/2024\/05\/Pitesti-1-pl.cu-fr-1-200x315.jpg 200w, https:\/\/icdp.ro\/wp-content\/uploads\/2024\/05\/Pitesti-1-pl.cu-fr-1-400x630.jpg 400w, https:\/\/icdp.ro\/wp-content\/uploads\/2024\/05\/Pitesti-1-pl.cu-fr-1-600x945.jpg 600w, https:\/\/icdp.ro\/wp-content\/uploads\/2024\/05\/Pitesti-1-pl.cu-fr-1-650x1024.jpg 650w, https:\/\/icdp.ro\/wp-content\/uploads\/2024\/05\/Pitesti-1-pl.cu-fr-1-768x1209.jpg 768w, https:\/\/icdp.ro\/wp-content\/uploads\/2024\/05\/Pitesti-1-pl.cu-fr-1-800x1260.jpg 800w, https:\/\/icdp.ro\/wp-content\/uploads\/2024\/05\/Pitesti-1-pl.cu-fr-1-975x1536.jpg 975w, https:\/\/icdp.ro\/wp-content\/uploads\/2024\/05\/Pitesti-1-pl.cu-fr-1.jpg 1016w\" sizes=\"(max-width: 400px) 100vw, 400px\" \/><\/a>Autori<strong>: <\/strong>Paulina Mladin, Gh. Mladin.<br \/>\nProvenien\u0163a<strong>: <\/strong>Selec\u0163ie clonal\u0103 din popula\u0163ii din flora spontan\u0103 de <em>Hippophae rhamnoides<\/em> L. var. <em>carpatica.<br \/>\n<\/em>Anul \u00eenregistr\u0103rii<strong>: <\/strong>2006.<\/p>\n<p>Caracteristicile \u015fi \u00eensu\u015firile principale pentru care se recomand\u0103:<\/p>\n<ul>\n<li>productivitate ridicat\u0103 (\u00een anii 4-6 dup\u0103 plantare produc\u0163ia atinge 10-12 t\/ha, \u00een cultur\u0103 clasic\u0103 \u015fi f\u0103r\u0103 interven\u0163ii \u00een coroana pomului) \u015fi precocitate de fructificare;<\/li>\n<li>con\u0163inut biochimic al fructelor ridicat: \u00een vitamina A &#8211; 4854,65\u03bcg\/100 g fruct proasp\u0103t (\u03b2-caroten ) \u015fi vitamina C 79,2 mg\/100 g fruct proasp\u0103t;<\/li>\n<li>fructe mari, de culoare portocalie la maturitatea deplin\u0103.<\/li>\n<\/ul>\n<p>Alte \u00eensu\u015firi:<\/p>\n<ul>\n<li>epoca de maturare &#8211; octombrie, iar recoltarea se face p\u00e2n\u0103 la venirea brumelor;<\/li>\n<li>vigoarea plantei: mijlocie \u2013 mare, coroan\u0103 relativ rar\u0103, spini mari, lungi \u015fi rari.<\/li>\n<\/ul>\n<p>&nbsp;<\/p>\n<p>&nbsp;<\/p>\n<p>&nbsp;<\/p>\n<p>&nbsp;<\/p>\n","protected":false},"excerpt":{"rendered":"<p>&nbsp; Autori: Paulina Mladin, Gh. Mladin. Provenien\u0163a: Selec\u0163ie clonal\u0103 din popula\u0163ii din flora spontan\u0103 de Hippophae rhamnoides L. var. carpatica. Anul \u00eenregistr\u0103rii: 2006. Caracteristicile \u015fi \u00eensu\u015firile principale pentru care se recomand\u0103: productivitate ridicat\u0103 (\u00een anii 4-6 dup\u0103 plantare produc\u0163ia atinge 10-12 t\/ha, \u00een cultur\u0103 clasic\u0103 \u015fi f\u0103r\u0103 interven\u0163ii \u00een coroana pomului) \u015fi precocitate de fructificare;  [&#8230;]<\/p>\n","protected":false},"author":1,"featured_media":13963,"parent":13781,"menu_order":33,"comment_status":"closed","ping_status":"closed","template":"","meta":{"ngg_post_thumbnail":0,"footnotes":""},"categories":[60],"tags":[],"class_list":["post-13962","page","type-page","status-publish","has-post-thumbnail","hentry","category-catina"],"_links":{"self":[{"href":"https:\/\/icdp.ro\/ro\/wp-json\/wp\/v2\/pages\/13962","targetHints":{"allow":["GET"]}}],"collection":[{"href":"https:\/\/icdp.ro\/ro\/wp-json\/wp\/v2\/pages"}],"about":[{"href":"https:\/\/icdp.ro\/ro\/wp-json\/wp\/v2\/types\/page"}],"author":[{"embeddable":true,"href":"https:\/\/icdp.ro\/ro\/wp-json\/wp\/v2\/users\/1"}],"replies":[{"embeddable":true,"href":"https:\/\/icdp.ro\/ro\/wp-json\/wp\/v2\/comments?post=13962"}],"version-history":[{"count":2,"href":"https:\/\/icdp.ro\/ro\/wp-json\/wp\/v2\/pages\/13962\/revisions"}],"predecessor-version":[{"id":13966,"href":"https:\/\/icdp.ro\/ro\/wp-json\/wp\/v2\/pages\/13962\/revisions\/13966"}],"up":[{"embeddable":true,"href":"https:\/\/icdp.ro\/ro\/wp-json\/wp\/v2\/pages\/13781"}],"wp:featuredmedia":[{"embeddable":true,"href":"https:\/\/icdp.ro\/ro\/wp-json\/wp\/v2\/media\/13963"}],"wp:attachment":[{"href":"https:\/\/icdp.ro\/ro\/wp-json\/wp\/v2\/media?parent=13962"}],"wp:term":[{"taxonomy":"category","embeddable":true,"href":"https:\/\/icdp.ro\/ro\/wp-json\/wp\/v2\/categories?post=13962"},{"taxonomy":"post_tag","embeddable":true,"href":"https:\/\/icdp.ro\/ro\/wp-json\/wp\/v2\/tags?post=13962"}],"curies":[{"name":"wp","href":"https:\/\/api.w.org\/{rel}","templated":true}]}}