{"id":13941,"date":"2024-05-03T18:33:47","date_gmt":"2024-05-03T15:33:47","guid":{"rendered":"https:\/\/icdp.ro\/?page_id=13941"},"modified":"2024-05-03T18:33:47","modified_gmt":"2024-05-03T15:33:47","slug":"vely","status":"publish","type":"page","link":"https:\/\/icdp.ro\/ro\/cercetare\/arbusti-fructiferi-si-capsun\/ameliorarea-genetica-a-soiurilor\/vely\/","title":{"rendered":"VELY"},"content":{"rendered":"<p>&nbsp;<\/p>\n<p><a href=\"https:\/\/icdp.ro\/wp-content\/uploads\/2024\/05\/soiul-Vely-a-1.jpg\"><img decoding=\"async\" class=\"wp-image-13943 size-fusion-400 alignright\" src=\"https:\/\/icdp.ro\/wp-content\/uploads\/2024\/05\/soiul-Vely-a-1-400x242.jpg\" alt=\"\" width=\"400\" height=\"242\" srcset=\"https:\/\/icdp.ro\/wp-content\/uploads\/2024\/05\/soiul-Vely-a-1-18x12.jpg 18w, https:\/\/icdp.ro\/wp-content\/uploads\/2024\/05\/soiul-Vely-a-1-200x121.jpg 200w, https:\/\/icdp.ro\/wp-content\/uploads\/2024\/05\/soiul-Vely-a-1-300x182.jpg 300w, https:\/\/icdp.ro\/wp-content\/uploads\/2024\/05\/soiul-Vely-a-1-400x242.jpg 400w, https:\/\/icdp.ro\/wp-content\/uploads\/2024\/05\/soiul-Vely-a-1-600x363.jpg 600w, https:\/\/icdp.ro\/wp-content\/uploads\/2024\/05\/soiul-Vely-a-1-768x465.jpg 768w, https:\/\/icdp.ro\/wp-content\/uploads\/2024\/05\/soiul-Vely-a-1-800x484.jpg 800w, https:\/\/icdp.ro\/wp-content\/uploads\/2024\/05\/soiul-Vely-a-1-1024x620.jpg 1024w, https:\/\/icdp.ro\/wp-content\/uploads\/2024\/05\/soiul-Vely-a-1-1200x726.jpg 1200w, https:\/\/icdp.ro\/wp-content\/uploads\/2024\/05\/soiul-Vely-a-1-1536x929.jpg 1536w, https:\/\/icdp.ro\/wp-content\/uploads\/2024\/05\/soiul-Vely-a-1.jpg 1600w\" sizes=\"(max-width: 400px) 100vw, 400px\" \/><\/a>Autor: Paulina Mladin<br \/>\nOriginea: hibridare controlat\u0103 a soiurilor Veten x Glen Lyon.<br \/>\nAnul \u00eenregistr\u0103rii: 2008.<\/p>\n<p>Caracteristicile \u015fi \u00eensu\u015firile principale pentru care se recomand\u0103:<br \/>\n&nbsp; &#8211;&nbsp; este un soi remontant, fructific\u00e2nd \u00een acela\u015fi sezon de vegeta\u0163ie pe tulpini de 2 ani \u015fi pe tulpini de 1 an;<br \/>\n&nbsp;&nbsp;&#8211; perioada de maturare pe tulpinile de 2 ani \u2013 mijlocie \u2013prima jum\u0103tate a lunii iulie ;<br \/>\n&nbsp; &#8211; perioada de maturare pe tulpinile de 1 an este mijlocie &#8211; mijlocul lunii august p\u00e2n\u0103 la sf\u00e2r\u015fit de septembrie ;<br \/>\n&nbsp; &#8211;&nbsp; productivitatea \u00een sezonul de var\u0103 este \u00een medie de 0,9-1,0 kg \/ m.l. la o densitate a tulpinilor de 8 tulpini\/ m.l.( 3,0-3,3 t \/ha), iar cea de toamn\u0103 de 1,5-1,7 kg \/ m.l. (4,95 \u2013 5,6 t \/ ha) ;&nbsp;&nbsp;<br \/>\n&#8211; fructe mijlocii\u2013mari, de culoare ro\u015fie intens\u0103, purpurie la supramaturare, cu luci slab, calit\u0103\u0163i organoleptice bune, gust dulce-acidulat, cu arom\u0103 mijlocie;<\/p>\n<p>Alte \u00eensu\u015firi:<\/p>\n<p>&nbsp; &#8211;&nbsp; vigoarea mijlocie a plantei, tulpini \u00eenalte \u015fi moderat de groase \u015fi cu portul drept, cu capacitate mijlocie de drajonare (emitere a noilor tulpini);<br \/>\n&nbsp; &#8211;&nbsp; rezisten\u0163\u0103 mijlocie la ger.<\/p>\n<p>Utilizare : consum \u00een stare proasp\u0103t\u0103, prelucrare sub form\u0103 de sucuri, jeleu, \u00een cofet\u0103rii \u2013 patiserii \u015fi congelare.<\/p>\n<p>&nbsp;<\/p>\n<p>&nbsp;<\/p>\n<p>&nbsp;<\/p>\n<p>&nbsp;<\/p>\n","protected":false},"excerpt":{"rendered":"<p>&nbsp; Autor: Paulina Mladin Originea: hibridare controlat\u0103 a soiurilor Veten x Glen Lyon. Anul \u00eenregistr\u0103rii: 2008. Caracteristicile \u015fi \u00eensu\u015firile principale pentru care se recomand\u0103: &nbsp; &#8211;&nbsp; este un soi remontant, fructific\u00e2nd \u00een acela\u015fi sezon de vegeta\u0163ie pe tulpini de 2 ani \u015fi pe tulpini de 1 an; &nbsp;&nbsp;&#8211; perioada de maturare pe tulpinile de 2  [&#8230;]<\/p>\n","protected":false},"author":1,"featured_media":13942,"parent":13781,"menu_order":29,"comment_status":"closed","ping_status":"closed","template":"","meta":{"ngg_post_thumbnail":0,"footnotes":""},"categories":[58],"tags":[],"class_list":["post-13941","page","type-page","status-publish","has-post-thumbnail","hentry","category-zmeur"],"_links":{"self":[{"href":"https:\/\/icdp.ro\/ro\/wp-json\/wp\/v2\/pages\/13941","targetHints":{"allow":["GET"]}}],"collection":[{"href":"https:\/\/icdp.ro\/ro\/wp-json\/wp\/v2\/pages"}],"about":[{"href":"https:\/\/icdp.ro\/ro\/wp-json\/wp\/v2\/types\/page"}],"author":[{"embeddable":true,"href":"https:\/\/icdp.ro\/ro\/wp-json\/wp\/v2\/users\/1"}],"replies":[{"embeddable":true,"href":"https:\/\/icdp.ro\/ro\/wp-json\/wp\/v2\/comments?post=13941"}],"version-history":[{"count":1,"href":"https:\/\/icdp.ro\/ro\/wp-json\/wp\/v2\/pages\/13941\/revisions"}],"predecessor-version":[{"id":13944,"href":"https:\/\/icdp.ro\/ro\/wp-json\/wp\/v2\/pages\/13941\/revisions\/13944"}],"up":[{"embeddable":true,"href":"https:\/\/icdp.ro\/ro\/wp-json\/wp\/v2\/pages\/13781"}],"wp:featuredmedia":[{"embeddable":true,"href":"https:\/\/icdp.ro\/ro\/wp-json\/wp\/v2\/media\/13942"}],"wp:attachment":[{"href":"https:\/\/icdp.ro\/ro\/wp-json\/wp\/v2\/media?parent=13941"}],"wp:term":[{"taxonomy":"category","embeddable":true,"href":"https:\/\/icdp.ro\/ro\/wp-json\/wp\/v2\/categories?post=13941"},{"taxonomy":"post_tag","embeddable":true,"href":"https:\/\/icdp.ro\/ro\/wp-json\/wp\/v2\/tags?post=13941"}],"curies":[{"name":"wp","href":"https:\/\/api.w.org\/{rel}","templated":true}]}}