{"id":13937,"date":"2024-05-03T18:31:44","date_gmt":"2024-05-03T15:31:44","guid":{"rendered":"https:\/\/icdp.ro\/?page_id=13937"},"modified":"2024-05-03T18:31:44","modified_gmt":"2024-05-03T15:31:44","slug":"star","status":"publish","type":"page","link":"https:\/\/icdp.ro\/ro\/cercetare\/arbusti-fructiferi-si-capsun\/ameliorarea-genetica-a-soiurilor\/star\/","title":{"rendered":"STAR"},"content":{"rendered":"<p>&nbsp;<\/p>\n<p><a href=\"https:\/\/icdp.ro\/wp-content\/uploads\/2024\/05\/star-1-scaled.jpg\"><img decoding=\"async\" class=\"wp-image-13939 size-fusion-400 alignright\" src=\"https:\/\/icdp.ro\/wp-content\/uploads\/2024\/05\/star-1-400x266.jpg\" alt=\"\" width=\"400\" height=\"266\" srcset=\"https:\/\/icdp.ro\/wp-content\/uploads\/2024\/05\/star-1-18x12.jpg 18w, https:\/\/icdp.ro\/wp-content\/uploads\/2024\/05\/star-1-200x133.jpg 200w, https:\/\/icdp.ro\/wp-content\/uploads\/2024\/05\/star-1-300x200.jpg 300w, https:\/\/icdp.ro\/wp-content\/uploads\/2024\/05\/star-1-400x266.jpg 400w, https:\/\/icdp.ro\/wp-content\/uploads\/2024\/05\/star-1-600x399.jpg 600w, https:\/\/icdp.ro\/wp-content\/uploads\/2024\/05\/star-1-768x511.jpg 768w, https:\/\/icdp.ro\/wp-content\/uploads\/2024\/05\/star-1-800x532.jpg 800w, https:\/\/icdp.ro\/wp-content\/uploads\/2024\/05\/star-1-1024x681.jpg 1024w, https:\/\/icdp.ro\/wp-content\/uploads\/2024\/05\/star-1-1200x799.jpg 1200w, https:\/\/icdp.ro\/wp-content\/uploads\/2024\/05\/star-1-1536x1022.jpg 1536w\" sizes=\"(max-width: 400px) 100vw, 400px\" \/><\/a>Autori: Paulina Mladin, Gh. Mladin<br \/>\nOriginea: hibridare controlat\u0103 a genitorilor Citria \u00d7 necunoscut.<br \/>\nAnul omolog\u0103rii: 2000.<br \/>\nCaracteristicile \u015fi \u00eensu\u015firile principale pentru care se recomand\u0103:<br \/>\n&nbsp;<strong>&nbsp;<\/strong>&#8211; timpurietatea matur\u0103rii fructelor, odat\u0103 cu soiul Citria;<br \/>\n&nbsp;&#8211; productivitate ridicat\u0103, 8-10 t \/ha.<\/p>\n<p>Alte \u00eensu\u015firi:<br \/>\n&#8211; fructul este de m\u0103rime mare &#8211; mijlocie, de form\u0103 conic-alungit\u0103, de culoare ro\u015fie aprins, la maturarea deplin\u0103, cu calit\u0103\u0163i organoleptice bune;<br \/>\n&nbsp;&#8211; formeaz\u0103 tulpini \u00eenalte, groase, cu v\u00e2rful arcuit, cu drajonare mijlocie;<br \/>\n&nbsp;&#8211; prezint\u0103 rezisten\u0163\u0103 bun\u0103 \u2013 mijlocie la ger \u015fi toleran\u0163\u0103 la boli. &nbsp;<\/p>\n<p>Utilizare : consum \u00een stare proasp\u0103t\u0103, prelucrare sub form\u0103 de sucuri.<\/p>\n<p>&nbsp;<\/p>\n<p>&nbsp;<\/p>\n<p>&nbsp;<\/p>\n<p>&nbsp;<\/p>\n","protected":false},"excerpt":{"rendered":"<p>&nbsp; Autori: Paulina Mladin, Gh. Mladin Originea: hibridare controlat\u0103 a genitorilor Citria \u00d7 necunoscut. Anul omolog\u0103rii: 2000. Caracteristicile \u015fi \u00eensu\u015firile principale pentru care se recomand\u0103: &nbsp;&nbsp;&#8211; timpurietatea matur\u0103rii fructelor, odat\u0103 cu soiul Citria; &nbsp;&#8211; productivitate ridicat\u0103, 8-10 t \/ha. Alte \u00eensu\u015firi: &#8211; fructul este de m\u0103rime mare &#8211; mijlocie, de form\u0103 conic-alungit\u0103, de culoare ro\u015fie  [&#8230;]<\/p>\n","protected":false},"author":1,"featured_media":13938,"parent":13781,"menu_order":28,"comment_status":"closed","ping_status":"closed","template":"","meta":{"ngg_post_thumbnail":0,"footnotes":""},"categories":[58],"tags":[],"class_list":["post-13937","page","type-page","status-publish","has-post-thumbnail","hentry","category-zmeur"],"_links":{"self":[{"href":"https:\/\/icdp.ro\/ro\/wp-json\/wp\/v2\/pages\/13937","targetHints":{"allow":["GET"]}}],"collection":[{"href":"https:\/\/icdp.ro\/ro\/wp-json\/wp\/v2\/pages"}],"about":[{"href":"https:\/\/icdp.ro\/ro\/wp-json\/wp\/v2\/types\/page"}],"author":[{"embeddable":true,"href":"https:\/\/icdp.ro\/ro\/wp-json\/wp\/v2\/users\/1"}],"replies":[{"embeddable":true,"href":"https:\/\/icdp.ro\/ro\/wp-json\/wp\/v2\/comments?post=13937"}],"version-history":[{"count":1,"href":"https:\/\/icdp.ro\/ro\/wp-json\/wp\/v2\/pages\/13937\/revisions"}],"predecessor-version":[{"id":13940,"href":"https:\/\/icdp.ro\/ro\/wp-json\/wp\/v2\/pages\/13937\/revisions\/13940"}],"up":[{"embeddable":true,"href":"https:\/\/icdp.ro\/ro\/wp-json\/wp\/v2\/pages\/13781"}],"wp:featuredmedia":[{"embeddable":true,"href":"https:\/\/icdp.ro\/ro\/wp-json\/wp\/v2\/media\/13938"}],"wp:attachment":[{"href":"https:\/\/icdp.ro\/ro\/wp-json\/wp\/v2\/media?parent=13937"}],"wp:term":[{"taxonomy":"category","embeddable":true,"href":"https:\/\/icdp.ro\/ro\/wp-json\/wp\/v2\/categories?post=13937"},{"taxonomy":"post_tag","embeddable":true,"href":"https:\/\/icdp.ro\/ro\/wp-json\/wp\/v2\/tags?post=13937"}],"curies":[{"name":"wp","href":"https:\/\/api.w.org\/{rel}","templated":true}]}}