{"id":13934,"date":"2024-05-03T18:29:58","date_gmt":"2024-05-03T15:29:58","guid":{"rendered":"https:\/\/icdp.ro\/?page_id=13934"},"modified":"2024-05-03T18:29:58","modified_gmt":"2024-05-03T15:29:58","slug":"ruvi","status":"publish","type":"page","link":"https:\/\/icdp.ro\/ro\/cercetare\/arbusti-fructiferi-si-capsun\/ameliorarea-genetica-a-soiurilor\/ruvi\/","title":{"rendered":"RUVI"},"content":{"rendered":"<p>&nbsp;<\/p>\n<p><a href=\"https:\/\/icdp.ro\/wp-content\/uploads\/2024\/05\/Ruvi.jpg\"><img decoding=\"async\" class=\"wp-image-13935 size-fusion-400 alignright\" src=\"https:\/\/icdp.ro\/wp-content\/uploads\/2024\/05\/Ruvi-400x400.jpg\" alt=\"\" width=\"400\" height=\"400\" srcset=\"https:\/\/icdp.ro\/wp-content\/uploads\/2024\/05\/Ruvi-12x12.jpg 12w, https:\/\/icdp.ro\/wp-content\/uploads\/2024\/05\/Ruvi-66x66.jpg 66w, https:\/\/icdp.ro\/wp-content\/uploads\/2024\/05\/Ruvi-150x150.jpg 150w, https:\/\/icdp.ro\/wp-content\/uploads\/2024\/05\/Ruvi-200x200.jpg 200w, https:\/\/icdp.ro\/wp-content\/uploads\/2024\/05\/Ruvi-300x300.jpg 300w, https:\/\/icdp.ro\/wp-content\/uploads\/2024\/05\/Ruvi-400x400.jpg 400w, https:\/\/icdp.ro\/wp-content\/uploads\/2024\/05\/Ruvi-600x600.jpg 600w, https:\/\/icdp.ro\/wp-content\/uploads\/2024\/05\/Ruvi-768x768.jpg 768w, https:\/\/icdp.ro\/wp-content\/uploads\/2024\/05\/Ruvi-800x800.jpg 800w, https:\/\/icdp.ro\/wp-content\/uploads\/2024\/05\/Ruvi.jpg 942w\" sizes=\"(max-width: 400px) 100vw, 400px\" \/><\/a>Autori: Paulina Mladin, Gh. Mladin<br \/>\nOriginea: hibridare controlat\u0103 a soiurilor Rubin bulg\u0103resc \u00d7 Viking.<br \/>\nAnul \u00eenregistr\u0103rii: 1996.<br \/>\nCaracteristicile \u015fi \u00eensu\u015firile principale pentru care se recomand\u0103:<br \/>\n&nbsp;&nbsp;&nbsp;&nbsp; &#8211; este un soi de productivitate ridicat\u0103, 8-12 t \/ha, \u00een anii c\u00e2nd nu este afectat de ger;<br \/>\n&nbsp;&nbsp;&nbsp;&nbsp; &#8211; prezint\u0103 fructe de calitate foarte bun\u0103 : fructul de m\u0103rime mare \u015fi foarte mare, de form\u0103 conic-alungit\u0103, de culoare ro\u015fie aprins, la maturarea deplin\u0103, cu calit\u0103\u0163i organoleptice bune;<br \/>\n&nbsp;&nbsp;&nbsp;&nbsp; &#8211; toleran\u0163\u0103 la boli \u015fi d\u0103un\u0103tori.<\/p>\n<p>Alte \u00eensu\u015firi:<\/p>\n<ul>\n<li>formeaz\u0103 tulpini \u00eenalte, groase, cu v\u00e2rful arcuit, cu drajonare mijlocie;<\/li>\n<li>este un soi de sezon mijlociu, matur\u00e2ndu-se la 5-7 zile dup\u0103 soiul Cayuga;<\/li>\n<li>tolerant la boli \u015fi d\u0103un\u0103tori ;<\/li>\n<li>rezisten\u0163\u0103 mijlocie la ger.<\/li>\n<\/ul>\n<p>Utilizare : consum \u00een stare proasp\u0103t\u0103, prelucrare sub form\u0103 de sucuri, jeleu, \u00een cofet\u0103rii \u2013 patiserii \u015fi congelare.<\/p>\n<p>&nbsp;<\/p>\n<p>&nbsp;<\/p>\n<p>&nbsp;<\/p>\n<p>&nbsp;<\/p>\n","protected":false},"excerpt":{"rendered":"<p>&nbsp; Autori: Paulina Mladin, Gh. Mladin Originea: hibridare controlat\u0103 a soiurilor Rubin bulg\u0103resc \u00d7 Viking. Anul \u00eenregistr\u0103rii: 1996. Caracteristicile \u015fi \u00eensu\u015firile principale pentru care se recomand\u0103: &nbsp;&nbsp;&nbsp;&nbsp; &#8211; este un soi de productivitate ridicat\u0103, 8-12 t \/ha, \u00een anii c\u00e2nd nu este afectat de ger; &nbsp;&nbsp;&nbsp;&nbsp; &#8211; prezint\u0103 fructe de calitate foarte bun\u0103 : fructul  [&#8230;]<\/p>\n","protected":false},"author":1,"featured_media":13935,"parent":13781,"menu_order":27,"comment_status":"closed","ping_status":"closed","template":"","meta":{"ngg_post_thumbnail":0,"footnotes":""},"categories":[58],"tags":[],"class_list":["post-13934","page","type-page","status-publish","has-post-thumbnail","hentry","category-zmeur"],"_links":{"self":[{"href":"https:\/\/icdp.ro\/ro\/wp-json\/wp\/v2\/pages\/13934","targetHints":{"allow":["GET"]}}],"collection":[{"href":"https:\/\/icdp.ro\/ro\/wp-json\/wp\/v2\/pages"}],"about":[{"href":"https:\/\/icdp.ro\/ro\/wp-json\/wp\/v2\/types\/page"}],"author":[{"embeddable":true,"href":"https:\/\/icdp.ro\/ro\/wp-json\/wp\/v2\/users\/1"}],"replies":[{"embeddable":true,"href":"https:\/\/icdp.ro\/ro\/wp-json\/wp\/v2\/comments?post=13934"}],"version-history":[{"count":1,"href":"https:\/\/icdp.ro\/ro\/wp-json\/wp\/v2\/pages\/13934\/revisions"}],"predecessor-version":[{"id":13936,"href":"https:\/\/icdp.ro\/ro\/wp-json\/wp\/v2\/pages\/13934\/revisions\/13936"}],"up":[{"embeddable":true,"href":"https:\/\/icdp.ro\/ro\/wp-json\/wp\/v2\/pages\/13781"}],"wp:featuredmedia":[{"embeddable":true,"href":"https:\/\/icdp.ro\/ro\/wp-json\/wp\/v2\/media\/13935"}],"wp:attachment":[{"href":"https:\/\/icdp.ro\/ro\/wp-json\/wp\/v2\/media?parent=13934"}],"wp:term":[{"taxonomy":"category","embeddable":true,"href":"https:\/\/icdp.ro\/ro\/wp-json\/wp\/v2\/categories?post=13934"},{"taxonomy":"post_tag","embeddable":true,"href":"https:\/\/icdp.ro\/ro\/wp-json\/wp\/v2\/tags?post=13934"}],"curies":[{"name":"wp","href":"https:\/\/api.w.org\/{rel}","templated":true}]}}