{"id":13930,"date":"2024-05-03T18:10:47","date_gmt":"2024-05-03T15:10:47","guid":{"rendered":"https:\/\/icdp.ro\/?page_id=13930"},"modified":"2024-05-03T18:10:47","modified_gmt":"2024-05-03T15:10:47","slug":"opal","status":"publish","type":"page","link":"https:\/\/icdp.ro\/ro\/cercetare\/arbusti-fructiferi-si-capsun\/ameliorarea-genetica-a-soiurilor\/opal\/","title":{"rendered":"OPAL"},"content":{"rendered":"<p>&nbsp;<\/p>\n<p><a href=\"https:\/\/icdp.ro\/wp-content\/uploads\/2024\/05\/Opal-1-scaled.jpg\"><img decoding=\"async\" class=\"wp-image-13932 size-fusion-400 alignright\" src=\"https:\/\/icdp.ro\/wp-content\/uploads\/2024\/05\/Opal-1-400x312.jpg\" alt=\"\" width=\"400\" height=\"312\" srcset=\"https:\/\/icdp.ro\/wp-content\/uploads\/2024\/05\/Opal-1-15x12.jpg 15w, https:\/\/icdp.ro\/wp-content\/uploads\/2024\/05\/Opal-1-200x156.jpg 200w, https:\/\/icdp.ro\/wp-content\/uploads\/2024\/05\/Opal-1-300x234.jpg 300w, https:\/\/icdp.ro\/wp-content\/uploads\/2024\/05\/Opal-1-400x312.jpg 400w, https:\/\/icdp.ro\/wp-content\/uploads\/2024\/05\/Opal-1-600x468.jpg 600w, https:\/\/icdp.ro\/wp-content\/uploads\/2024\/05\/Opal-1-768x599.jpg 768w, https:\/\/icdp.ro\/wp-content\/uploads\/2024\/05\/Opal-1-800x624.jpg 800w, https:\/\/icdp.ro\/wp-content\/uploads\/2024\/05\/Opal-1-1024x799.jpg 1024w, https:\/\/icdp.ro\/wp-content\/uploads\/2024\/05\/Opal-1-1200x936.jpg 1200w, https:\/\/icdp.ro\/wp-content\/uploads\/2024\/05\/Opal-1-1536x1198.jpg 1536w\" sizes=\"(max-width: 400px) 100vw, 400px\" \/><\/a>Autor: Paulina Mladin<br \/>\nOriginea: hibridare controlat\u0103 a soiurilor Heritage \u00d7 &nbsp;Zewa Herbsternte.<br \/>\nAnul \u00eenregistr\u0103rii: 2003.<br \/>\nCaracteristicile \u015fi \u00eensu\u015firile principale pentru care se recomand\u0103:<\/p>\n<ul>\n<li>soi remontant cu dou\u0103 sezoane de fructificare: \u00eenceputul lunii iulie \u015fi august &#8211; septembrie;<\/li>\n<li>fructe de calitate bun\u0103: mari \u2013 mijlocii, de form\u0103 conic\u0103, ro\u015fu aprins, aspectuoase, gustoase \u015fi aromate;<\/li>\n<li>produc\u0163ia de var\u0103 este secundar\u0103, de 3-4 t \/ ha, iar produc\u0163ia principal\u0103 se ob\u0163ine toamna, \u00een medie 4-6 t \/ ha, recoltate \u00een 5-7 reprize.<\/li>\n<\/ul>\n<p>Alte \u00eensu\u015firi:<br \/>\n&nbsp; &#8211; formeaz\u0103 tufe de vigoare mijlocie, cu tulpini \u00eenalte \u015fi cre\u015ftere erect\u0103, cu foarte pu\u0163ini sarmen\u0163i, cu&nbsp; capacitate mare de drajonare, uneori excesiv\u0103;<br \/>\n&nbsp; &#8211; este rezistent la rugin\u0103, p\u0103tarea brun\u0103 a l\u0103starilor \u015fi tolerant la septorioz\u0103 \u015fi arsura bacterian\u0103 .\u00cen perioadele cu umiditate atmosferic\u0103 ridicat\u0103 fructele sunt atacate de <em>Botrytis cinerea<\/em>;<br \/>\n&nbsp; &#8211; prezint\u0103 rezisten\u0163\u0103 mijlocie la ger, tulpinile fiind afectate de temperaturi mai sc\u0103zute de -18\u00baC \u015fi o rezisten\u0163\u0103 mijlocie la secet\u0103.<\/p>\n<p>Utilizare : consum \u00een stare proasp\u0103t\u0103 \u015fi prelucrare sub form\u0103 de dulcea\u0163\u0103, gem, sucuri, jeleu, \u00een cofet\u0103rii \u2013 patiserii.<\/p>\n<p>&nbsp;<\/p>\n<p>&nbsp;<\/p>\n<p>&nbsp;<\/p>\n<p>&nbsp;<\/p>\n","protected":false},"excerpt":{"rendered":"<p>&nbsp; Autor: Paulina Mladin Originea: hibridare controlat\u0103 a soiurilor Heritage \u00d7 &nbsp;Zewa Herbsternte. Anul \u00eenregistr\u0103rii: 2003. Caracteristicile \u015fi \u00eensu\u015firile principale pentru care se recomand\u0103: soi remontant cu dou\u0103 sezoane de fructificare: \u00eenceputul lunii iulie \u015fi august &#8211; septembrie; fructe de calitate bun\u0103: mari \u2013 mijlocii, de form\u0103 conic\u0103, ro\u015fu aprins, aspectuoase, gustoase \u015fi aromate; produc\u0163ia  [&#8230;]<\/p>\n","protected":false},"author":1,"featured_media":13931,"parent":13781,"menu_order":26,"comment_status":"closed","ping_status":"closed","template":"","meta":{"ngg_post_thumbnail":0,"footnotes":""},"categories":[58],"tags":[],"class_list":["post-13930","page","type-page","status-publish","has-post-thumbnail","hentry","category-zmeur"],"_links":{"self":[{"href":"https:\/\/icdp.ro\/ro\/wp-json\/wp\/v2\/pages\/13930","targetHints":{"allow":["GET"]}}],"collection":[{"href":"https:\/\/icdp.ro\/ro\/wp-json\/wp\/v2\/pages"}],"about":[{"href":"https:\/\/icdp.ro\/ro\/wp-json\/wp\/v2\/types\/page"}],"author":[{"embeddable":true,"href":"https:\/\/icdp.ro\/ro\/wp-json\/wp\/v2\/users\/1"}],"replies":[{"embeddable":true,"href":"https:\/\/icdp.ro\/ro\/wp-json\/wp\/v2\/comments?post=13930"}],"version-history":[{"count":1,"href":"https:\/\/icdp.ro\/ro\/wp-json\/wp\/v2\/pages\/13930\/revisions"}],"predecessor-version":[{"id":13933,"href":"https:\/\/icdp.ro\/ro\/wp-json\/wp\/v2\/pages\/13930\/revisions\/13933"}],"up":[{"embeddable":true,"href":"https:\/\/icdp.ro\/ro\/wp-json\/wp\/v2\/pages\/13781"}],"wp:featuredmedia":[{"embeddable":true,"href":"https:\/\/icdp.ro\/ro\/wp-json\/wp\/v2\/media\/13931"}],"wp:attachment":[{"href":"https:\/\/icdp.ro\/ro\/wp-json\/wp\/v2\/media?parent=13930"}],"wp:term":[{"taxonomy":"category","embeddable":true,"href":"https:\/\/icdp.ro\/ro\/wp-json\/wp\/v2\/categories?post=13930"},{"taxonomy":"post_tag","embeddable":true,"href":"https:\/\/icdp.ro\/ro\/wp-json\/wp\/v2\/tags?post=13930"}],"curies":[{"name":"wp","href":"https:\/\/api.w.org\/{rel}","templated":true}]}}