{"id":13926,"date":"2024-05-03T18:02:38","date_gmt":"2024-05-03T15:02:38","guid":{"rendered":"https:\/\/icdp.ro\/?page_id=13926"},"modified":"2024-05-03T18:02:38","modified_gmt":"2024-05-03T15:02:38","slug":"gustar","status":"publish","type":"page","link":"https:\/\/icdp.ro\/ro\/cercetare\/arbusti-fructiferi-si-capsun\/ameliorarea-genetica-a-soiurilor\/gustar\/","title":{"rendered":"GUSTAR"},"content":{"rendered":"<p>&nbsp;<\/p>\n<p><a href=\"https:\/\/icdp.ro\/wp-content\/uploads\/2024\/05\/Gustar01-1.jpg\"><img decoding=\"async\" class=\"wp-image-13928 size-fusion-400 alignright\" src=\"https:\/\/icdp.ro\/wp-content\/uploads\/2024\/05\/Gustar01-1-400x300.jpg\" alt=\"\" width=\"400\" height=\"300\" srcset=\"https:\/\/icdp.ro\/wp-content\/uploads\/2024\/05\/Gustar01-1-16x12.jpg 16w, https:\/\/icdp.ro\/wp-content\/uploads\/2024\/05\/Gustar01-1-200x150.jpg 200w, https:\/\/icdp.ro\/wp-content\/uploads\/2024\/05\/Gustar01-1-300x225.jpg 300w, https:\/\/icdp.ro\/wp-content\/uploads\/2024\/05\/Gustar01-1-400x300.jpg 400w, https:\/\/icdp.ro\/wp-content\/uploads\/2024\/05\/Gustar01-1-600x450.jpg 600w, https:\/\/icdp.ro\/wp-content\/uploads\/2024\/05\/Gustar01-1.jpg 640w\" sizes=\"(max-width: 400px) 100vw, 400px\" \/><\/a>Autori: Paulina Mladin, Gh. Mladin<br \/>\nOriginea: hibridare controlat\u0103 a soiurilor Babye Leto \u00d7 Lyulin.<br \/>\nAnul \u00eenregistr\u0103rii: 2003<\/p>\n<p>Caracteristicile \u015fi \u00eensu\u015firile principale pentru care se recomand\u0103:<br \/>\n&nbsp; &#8211;&nbsp; este un soi remontant, fructific\u00e2nd \u00een acela\u015fi sezon de vegeta\u0163ie pe tulpini de 2 ani \u015fi pe tulpini de 1 an;<br \/>\n&nbsp;&#8211; perioada de maturare pe tulpinile de 2 ani sf\u00e2r\u015fit de iunie \u2013 \u00eenceput de iulie ;<br \/>\n&nbsp;&#8211; perioada de maturare pe tulpinile de 1 an este mijlocie &#8211; mijlocul lunii august p\u00e2n\u0103 la sf\u00e2r\u015fit de septembrie ;<br \/>\n&nbsp;&#8211;&nbsp; productivitatea \u00een sezonul de var\u0103 este \u00een medie de&nbsp; 3,0-4,0 t \/ha, iar cea de toamn\u0103 de 4,0 \u2013 5,0 t \/ ha ;&nbsp;&nbsp;&nbsp;<br \/>\n&nbsp;&#8211; fructele sunt de m\u0103rime mijlocie spre mare, 2,5-3,2 g, de form\u0103 sfero &#8211; conic\u0103, de culoare ro\u015fie intens\u0103, ferme, calit\u0103\u0163i organoleptice bune, gustoase, aromate, consistente; produc\u0163ia de toamn\u0103 poate s\u0103 creasc\u0103 la 5-6 t \/ha dac\u0103 se renun\u0163\u0103 la produc\u0163ia de var\u0103 prin t\u0103ierea tulpinilor fructifere ale anului anterior.<\/p>\n<p>Alte \u00eensu\u015firi:<\/p>\n<ul>\n<li>planta este de vigoare mijlocie, cu tulpini \u00eenalte cu tendin\u0163\u0103 de ramificare, l\u0103stari fructiferi medii p\u00e2n\u0103 la lungi;<\/li>\n<li>rezisten\u0163\u0103 la boli \u015fi d\u0103un\u0103tori<strong> &#8211; <\/strong>tolerant la bolile specifice, sensibil la <em>Botrytis cinerea<\/em> \u00een perioadele cu umiditate atmosferic\u0103 ridicat\u0103;<\/li>\n<li>rezisten\u0163\u0103 relativ bun\u0103 la ger, suport\u00e2nd temperaturi minime de p\u00e2n\u0103 la -18&#8230;- 19<sup>0<\/sup><\/li>\n<\/ul>\n<p>Utilizare: consum \u00een stare proasp\u0103t\u0103, prelucrare sub form\u0103 de sucuri, jeleu, \u00een cofet\u0103rii \u2013 patiserii \u015fi congelare.<\/p>\n<p>&nbsp;<\/p>\n<p>&nbsp;<\/p>\n<p>&nbsp;<\/p>\n<p>&nbsp;<\/p>\n","protected":false},"excerpt":{"rendered":"<p>&nbsp; Autori: Paulina Mladin, Gh. Mladin Originea: hibridare controlat\u0103 a soiurilor Babye Leto \u00d7 Lyulin. Anul \u00eenregistr\u0103rii: 2003 Caracteristicile \u015fi \u00eensu\u015firile principale pentru care se recomand\u0103: &nbsp; &#8211;&nbsp; este un soi remontant, fructific\u00e2nd \u00een acela\u015fi sezon de vegeta\u0163ie pe tulpini de 2 ani \u015fi pe tulpini de 1 an; &nbsp;&#8211; perioada de maturare pe tulpinile  [&#8230;]<\/p>\n","protected":false},"author":1,"featured_media":13927,"parent":13781,"menu_order":25,"comment_status":"closed","ping_status":"closed","template":"","meta":{"ngg_post_thumbnail":0,"footnotes":""},"categories":[58],"tags":[],"class_list":["post-13926","page","type-page","status-publish","has-post-thumbnail","hentry","category-zmeur"],"_links":{"self":[{"href":"https:\/\/icdp.ro\/ro\/wp-json\/wp\/v2\/pages\/13926","targetHints":{"allow":["GET"]}}],"collection":[{"href":"https:\/\/icdp.ro\/ro\/wp-json\/wp\/v2\/pages"}],"about":[{"href":"https:\/\/icdp.ro\/ro\/wp-json\/wp\/v2\/types\/page"}],"author":[{"embeddable":true,"href":"https:\/\/icdp.ro\/ro\/wp-json\/wp\/v2\/users\/1"}],"replies":[{"embeddable":true,"href":"https:\/\/icdp.ro\/ro\/wp-json\/wp\/v2\/comments?post=13926"}],"version-history":[{"count":1,"href":"https:\/\/icdp.ro\/ro\/wp-json\/wp\/v2\/pages\/13926\/revisions"}],"predecessor-version":[{"id":13929,"href":"https:\/\/icdp.ro\/ro\/wp-json\/wp\/v2\/pages\/13926\/revisions\/13929"}],"up":[{"embeddable":true,"href":"https:\/\/icdp.ro\/ro\/wp-json\/wp\/v2\/pages\/13781"}],"wp:featuredmedia":[{"embeddable":true,"href":"https:\/\/icdp.ro\/ro\/wp-json\/wp\/v2\/media\/13927"}],"wp:attachment":[{"href":"https:\/\/icdp.ro\/ro\/wp-json\/wp\/v2\/media?parent=13926"}],"wp:term":[{"taxonomy":"category","embeddable":true,"href":"https:\/\/icdp.ro\/ro\/wp-json\/wp\/v2\/categories?post=13926"},{"taxonomy":"post_tag","embeddable":true,"href":"https:\/\/icdp.ro\/ro\/wp-json\/wp\/v2\/tags?post=13926"}],"curies":[{"name":"wp","href":"https:\/\/api.w.org\/{rel}","templated":true}]}}