{"id":13920,"date":"2024-05-03T17:59:52","date_gmt":"2024-05-03T14:59:52","guid":{"rendered":"https:\/\/icdp.ro\/?page_id=13920"},"modified":"2024-05-03T17:59:52","modified_gmt":"2024-05-03T14:59:52","slug":"citria","status":"publish","type":"page","link":"https:\/\/icdp.ro\/ro\/cercetare\/arbusti-fructiferi-si-capsun\/ameliorarea-genetica-a-soiurilor\/citria\/","title":{"rendered":"CITRIA"},"content":{"rendered":"<p>&nbsp;<\/p>\n<p><a href=\"https:\/\/icdp.ro\/wp-content\/uploads\/2024\/05\/Citria-1.jpg\"><img decoding=\"async\" class=\"wp-image-13922 size-fusion-400 alignright\" src=\"https:\/\/icdp.ro\/wp-content\/uploads\/2024\/05\/Citria-1-400x400.jpg\" alt=\"\" width=\"400\" height=\"400\" srcset=\"https:\/\/icdp.ro\/wp-content\/uploads\/2024\/05\/Citria-1-12x12.jpg 12w, https:\/\/icdp.ro\/wp-content\/uploads\/2024\/05\/Citria-1-66x66.jpg 66w, https:\/\/icdp.ro\/wp-content\/uploads\/2024\/05\/Citria-1-150x150.jpg 150w, https:\/\/icdp.ro\/wp-content\/uploads\/2024\/05\/Citria-1-200x200.jpg 200w, https:\/\/icdp.ro\/wp-content\/uploads\/2024\/05\/Citria-1-300x300.jpg 300w, https:\/\/icdp.ro\/wp-content\/uploads\/2024\/05\/Citria-1-400x400.jpg 400w, https:\/\/icdp.ro\/wp-content\/uploads\/2024\/05\/Citria-1.jpg 591w\" sizes=\"(max-width: 400px) 100vw, 400px\" \/><\/a>Autori: Paulina Mladin , Gh. Mladin<br \/>\nOriginea: hibridare controlat\u0103 a soiurilor Cayuga \u00d7 Necunoscut.<br \/>\nAnul \u00eenregistr\u0103rii: 1996.<\/p>\n<p>Caracteristicile \u015fi \u00eensu\u015firile principale pentru care se recomand\u0103:<br \/>\n&#8211; Este un soi cu fruct galben apreciat pentru c\u00e2teva calit\u0103\u0163i de excep\u0163ie, cum sunt: timpurietatea matur\u0103rii fructelor, gustul foarte armonizat al fructelor: dulce-acidulat \u015fi bine aromat, fructificare abundent\u0103 \u0219i rezisten\u0163\u0103 la ger.<\/p>\n<p>Alte \u00eensu\u015firi:<br \/>\n<strong>&nbsp;<\/strong>&#8211; formeaz\u0103 tulpini cu portul erect \u015fi v\u00e2rful u\u015for arcuit. \u00cen toamnele lungi fructific\u0103 pe v\u00e2rful tulpinilor anuale, pe o lungime de v\u00e2rf de 10-25 cm;<br \/>\n<strong>&nbsp; <\/strong>&#8211; maturarea fructelor este mai timpurie cu 1-3 zile fa\u0163\u0103 de soiul Cayuga. \u00cen zonele sudice \u00eencepe maturarea din decada a 2- a a lunii iunie \u015fi se caracterizeaz\u0103 printr-o mare concentrare a coacerii, necesit\u00e2nd 3 maxim 4 recolt\u0103ri;<br \/>\n<strong>&nbsp;<\/strong>&#8211; fructele sunt de m\u0103rime mijlocie, pe plantele tinere sunt chiar mari, de form\u0103 sferic\u0103 sau sfero-conic\u0103, de culoare galben\u0103 la maturitatea de recoltare \u015fi orange la supramaturare;<br \/>\n&nbsp;&#8211; fructific\u0103 abundent \u00eenc\u0103 din anul al 3-lea de la plantare, produc\u0163iile ating 8-10 t \/ha;<br \/>\n<strong>&nbsp;<\/strong>&#8211; este tolerant la bolile \u015fi d\u0103un\u0103torii specifici.<\/p>\n<p>Utilizare : consum \u00een stare proasp\u0103t\u0103 \u015fi prelucrare sub form\u0103 de dulcea\u0163\u0103, gem, la ob\u0163inerea de iaurturi, \u00een cofet\u0103rii, patiserii.<\/p>\n<p>&nbsp;<\/p>\n<p>&nbsp;<\/p>\n<p>&nbsp;<\/p>\n<p>&nbsp;<\/p>\n","protected":false},"excerpt":{"rendered":"<p>&nbsp; Autori: Paulina Mladin , Gh. Mladin Originea: hibridare controlat\u0103 a soiurilor Cayuga \u00d7 Necunoscut. Anul \u00eenregistr\u0103rii: 1996. Caracteristicile \u015fi \u00eensu\u015firile principale pentru care se recomand\u0103: &#8211; Este un soi cu fruct galben apreciat pentru c\u00e2teva calit\u0103\u0163i de excep\u0163ie, cum sunt: timpurietatea matur\u0103rii fructelor, gustul foarte armonizat al fructelor: dulce-acidulat \u015fi bine aromat, fructificare abundent\u0103  [&#8230;]<\/p>\n","protected":false},"author":1,"featured_media":13921,"parent":13781,"menu_order":24,"comment_status":"closed","ping_status":"closed","template":"","meta":{"ngg_post_thumbnail":0,"footnotes":""},"categories":[58],"tags":[],"class_list":["post-13920","page","type-page","status-publish","has-post-thumbnail","hentry","category-zmeur"],"_links":{"self":[{"href":"https:\/\/icdp.ro\/ro\/wp-json\/wp\/v2\/pages\/13920","targetHints":{"allow":["GET"]}}],"collection":[{"href":"https:\/\/icdp.ro\/ro\/wp-json\/wp\/v2\/pages"}],"about":[{"href":"https:\/\/icdp.ro\/ro\/wp-json\/wp\/v2\/types\/page"}],"author":[{"embeddable":true,"href":"https:\/\/icdp.ro\/ro\/wp-json\/wp\/v2\/users\/1"}],"replies":[{"embeddable":true,"href":"https:\/\/icdp.ro\/ro\/wp-json\/wp\/v2\/comments?post=13920"}],"version-history":[{"count":1,"href":"https:\/\/icdp.ro\/ro\/wp-json\/wp\/v2\/pages\/13920\/revisions"}],"predecessor-version":[{"id":13923,"href":"https:\/\/icdp.ro\/ro\/wp-json\/wp\/v2\/pages\/13920\/revisions\/13923"}],"up":[{"embeddable":true,"href":"https:\/\/icdp.ro\/ro\/wp-json\/wp\/v2\/pages\/13781"}],"wp:featuredmedia":[{"embeddable":true,"href":"https:\/\/icdp.ro\/ro\/wp-json\/wp\/v2\/media\/13921"}],"wp:attachment":[{"href":"https:\/\/icdp.ro\/ro\/wp-json\/wp\/v2\/media?parent=13920"}],"wp:term":[{"taxonomy":"category","embeddable":true,"href":"https:\/\/icdp.ro\/ro\/wp-json\/wp\/v2\/categories?post=13920"},{"taxonomy":"post_tag","embeddable":true,"href":"https:\/\/icdp.ro\/ro\/wp-json\/wp\/v2\/tags?post=13920"}],"curies":[{"name":"wp","href":"https:\/\/api.w.org\/{rel}","templated":true}]}}