{"id":13916,"date":"2024-05-03T17:57:16","date_gmt":"2024-05-03T14:57:16","guid":{"rendered":"https:\/\/icdp.ro\/?page_id=13916"},"modified":"2024-05-03T17:57:16","modified_gmt":"2024-05-03T14:57:16","slug":"virens","status":"publish","type":"page","link":"https:\/\/icdp.ro\/ro\/cercetare\/arbusti-fructiferi-si-capsun\/ameliorarea-genetica-a-soiurilor\/virens\/","title":{"rendered":"VIRENS"},"content":{"rendered":"<p>&nbsp;<\/p>\n<p><a href=\"https:\/\/icdp.ro\/wp-content\/uploads\/2024\/05\/virens-1.jpg\"><img decoding=\"async\" class=\"wp-image-13918 size-fusion-400 alignright\" src=\"https:\/\/icdp.ro\/wp-content\/uploads\/2024\/05\/virens-1-400x533.jpg\" alt=\"\" width=\"400\" height=\"533\" srcset=\"https:\/\/icdp.ro\/wp-content\/uploads\/2024\/05\/virens-1-9x12.jpg 9w, https:\/\/icdp.ro\/wp-content\/uploads\/2024\/05\/virens-1-200x267.jpg 200w, https:\/\/icdp.ro\/wp-content\/uploads\/2024\/05\/virens-1-225x300.jpg 225w, https:\/\/icdp.ro\/wp-content\/uploads\/2024\/05\/virens-1-400x533.jpg 400w, https:\/\/icdp.ro\/wp-content\/uploads\/2024\/05\/virens-1-600x800.jpg 600w, https:\/\/icdp.ro\/wp-content\/uploads\/2024\/05\/virens-1.jpg 640w\" sizes=\"(max-width: 400px) 100vw, 400px\" \/><\/a>Autor: Paulina Mladin<br \/>\nOriginea : hibridare liber\u0103 a soiului Malahit.<br \/>\nAnul \u00eenregistr\u0103rii: 2007.<\/p>\n<p>Caracteristicile \u015fi \u00eensu\u015firile principale pentru care se recomand\u0103:<\/p>\n<ul>\n<li>productivitate ridicat\u0103, 3,5-4,0 kg \/ tuf\u0103;<\/li>\n<li>calitate superioar\u0103 a fructelor \u2013 fructe de m\u0103rime mijlocie (\u00een medie 5,0 g), ovoid alungit\u0103, de culoare galben\u0103 &#8211; verzuie, cu gust dulce-acidulat \u015fi arom\u0103 pronun\u0163at\u0103.;<\/li>\n<li>rezisten\u0163\u0103 la f\u0103inare.<\/li>\n<\/ul>\n<p>Alte \u00eensu\u015firi:<\/p>\n<ul>\n<li>tufa de form\u0103 globuloas\u0103, deas\u0103, cu tulpini semierecte cu tendin\u0163\u0103 de arcuire, cu ghimpi scur\u0163i \u015fi rari;<\/li>\n<li>maturarea fructelor a 2-a jum\u0103tate a lunii iunie.<\/li>\n<\/ul>\n<p>Utilizare : consum \u00een stare proasp\u0103t\u0103, prelucrare sub form\u0103 de jeleu, compot,&nbsp; \u00een cofet\u0103rii \u2013 patiserii.<\/p>\n<p>&nbsp;<\/p>\n<p>&nbsp;<\/p>\n<p>&nbsp;<\/p>\n<p>&nbsp;<\/p>\n","protected":false},"excerpt":{"rendered":"<p>&nbsp; Autor: Paulina Mladin Originea : hibridare liber\u0103 a soiului Malahit. Anul \u00eenregistr\u0103rii: 2007. Caracteristicile \u015fi \u00eensu\u015firile principale pentru care se recomand\u0103: productivitate ridicat\u0103, 3,5-4,0 kg \/ tuf\u0103; calitate superioar\u0103 a fructelor \u2013 fructe de m\u0103rime mijlocie (\u00een medie 5,0 g), ovoid alungit\u0103, de culoare galben\u0103 &#8211; verzuie, cu gust dulce-acidulat \u015fi arom\u0103 pronun\u0163at\u0103.; rezisten\u0163\u0103  [&#8230;]<\/p>\n","protected":false},"author":1,"featured_media":13917,"parent":13781,"menu_order":23,"comment_status":"closed","ping_status":"closed","template":"","meta":{"ngg_post_thumbnail":0,"footnotes":""},"categories":[57],"tags":[],"class_list":["post-13916","page","type-page","status-publish","has-post-thumbnail","hentry","category-agris"],"_links":{"self":[{"href":"https:\/\/icdp.ro\/ro\/wp-json\/wp\/v2\/pages\/13916","targetHints":{"allow":["GET"]}}],"collection":[{"href":"https:\/\/icdp.ro\/ro\/wp-json\/wp\/v2\/pages"}],"about":[{"href":"https:\/\/icdp.ro\/ro\/wp-json\/wp\/v2\/types\/page"}],"author":[{"embeddable":true,"href":"https:\/\/icdp.ro\/ro\/wp-json\/wp\/v2\/users\/1"}],"replies":[{"embeddable":true,"href":"https:\/\/icdp.ro\/ro\/wp-json\/wp\/v2\/comments?post=13916"}],"version-history":[{"count":1,"href":"https:\/\/icdp.ro\/ro\/wp-json\/wp\/v2\/pages\/13916\/revisions"}],"predecessor-version":[{"id":13919,"href":"https:\/\/icdp.ro\/ro\/wp-json\/wp\/v2\/pages\/13916\/revisions\/13919"}],"up":[{"embeddable":true,"href":"https:\/\/icdp.ro\/ro\/wp-json\/wp\/v2\/pages\/13781"}],"wp:featuredmedia":[{"embeddable":true,"href":"https:\/\/icdp.ro\/ro\/wp-json\/wp\/v2\/media\/13917"}],"wp:attachment":[{"href":"https:\/\/icdp.ro\/ro\/wp-json\/wp\/v2\/media?parent=13916"}],"wp:term":[{"taxonomy":"category","embeddable":true,"href":"https:\/\/icdp.ro\/ro\/wp-json\/wp\/v2\/categories?post=13916"},{"taxonomy":"post_tag","embeddable":true,"href":"https:\/\/icdp.ro\/ro\/wp-json\/wp\/v2\/tags?post=13916"}],"curies":[{"name":"wp","href":"https:\/\/api.w.org\/{rel}","templated":true}]}}