{"id":13906,"date":"2024-05-03T15:14:30","date_gmt":"2024-05-03T12:14:30","guid":{"rendered":"https:\/\/icdp.ro\/?page_id=13906"},"modified":"2024-05-03T15:14:30","modified_gmt":"2024-05-03T12:14:30","slug":"ronix","status":"publish","type":"page","link":"https:\/\/icdp.ro\/ro\/cercetare\/arbusti-fructiferi-si-capsun\/ameliorarea-genetica-a-soiurilor\/ronix\/","title":{"rendered":"RONIX"},"content":{"rendered":"<p>&nbsp;<\/p>\n<p><a href=\"https:\/\/icdp.ro\/wp-content\/uploads\/2024\/05\/Ronix-01-1.jpg\"><img decoding=\"async\" class=\"wp-image-13908 size-fusion-400 alignright\" src=\"https:\/\/icdp.ro\/wp-content\/uploads\/2024\/05\/Ronix-01-1-400x620.jpg\" alt=\"\" width=\"400\" height=\"620\" srcset=\"https:\/\/icdp.ro\/wp-content\/uploads\/2024\/05\/Ronix-01-1-8x12.jpg 8w, https:\/\/icdp.ro\/wp-content\/uploads\/2024\/05\/Ronix-01-1-194x300.jpg 194w, https:\/\/icdp.ro\/wp-content\/uploads\/2024\/05\/Ronix-01-1-200x310.jpg 200w, https:\/\/icdp.ro\/wp-content\/uploads\/2024\/05\/Ronix-01-1-400x620.jpg 400w, https:\/\/icdp.ro\/wp-content\/uploads\/2024\/05\/Ronix-01-1-600x930.jpg 600w, https:\/\/icdp.ro\/wp-content\/uploads\/2024\/05\/Ronix-01-1-660x1024.jpg 660w, https:\/\/icdp.ro\/wp-content\/uploads\/2024\/05\/Ronix-01-1-768x1191.jpg 768w, https:\/\/icdp.ro\/wp-content\/uploads\/2024\/05\/Ronix-01-1-800x1240.jpg 800w, https:\/\/icdp.ro\/wp-content\/uploads\/2024\/05\/Ronix-01-1-991x1536.jpg 991w, https:\/\/icdp.ro\/wp-content\/uploads\/2024\/05\/Ronix-01-1.jpg 1032w\" sizes=\"(max-width: 400px) 100vw, 400px\" \/><\/a>Autori: Paulina Mladin, Gh. Mladin<br \/>\nOrigine: hibridarea controlat\u0103 a soiurilor Tsema \u00d7 Kantata 50.<br \/>\nAnul \u00eenregistr\u0103rii: 2000.<\/p>\n<p>Caracteristicile \u015fi \u00eensu\u015firile principale pentru care se recomand\u0103<br \/>\n&#8211; fructificare abundent\u0103,&nbsp; 4-5 kg \/tuf\u0103 \u00een plin\u0103 rodire;<br \/>\n&#8211; rezisten\u0163\u0103 la f\u0103inare \u015fi rugin\u0103, toleran\u0163\u0103 la antracnoz\u0103<em>;<br \/>\n<\/em>&#8211; rezisten\u0163a bacelor la scuturare \u015fi u\u015furin\u0163a recolt\u0103rii.<\/p>\n<p>Alte \u00eensu\u015firi:<br \/>\n&nbsp;&nbsp;&nbsp;&nbsp;&nbsp; &#8211; tufe de vigoare mijlocie-mare<em>;<br \/>\n<\/em>&nbsp;&nbsp;&nbsp;&nbsp;&nbsp; &#8211; maturarea t\u00e2rzie a fructelor &#8211; mijlocul ultimei decade a lunii iulie;<br \/>\n&nbsp;&nbsp;&nbsp;&nbsp;&nbsp; &#8211; fructe cu con\u0163inut biochimic ridicat: zaharuri (p\u00e2n\u0103 la 10,58 g%), aciditate 3,30-3,2 g%, vitamina C peste 140 mg %.<\/p>\n<p>Utilizare : prelucrare, congelare \u015fi deshidratare.<\/p>\n<p>&nbsp;<\/p>\n<p>&nbsp;<\/p>\n<p>&nbsp;<\/p>\n<p>&nbsp;<\/p>\n","protected":false},"excerpt":{"rendered":"<p>&nbsp; Autori: Paulina Mladin, Gh. Mladin Origine: hibridarea controlat\u0103 a soiurilor Tsema \u00d7 Kantata 50. Anul \u00eenregistr\u0103rii: 2000. Caracteristicile \u015fi \u00eensu\u015firile principale pentru care se recomand\u0103 &#8211; fructificare abundent\u0103,&nbsp; 4-5 kg \/tuf\u0103 \u00een plin\u0103 rodire; &#8211; rezisten\u0163\u0103 la f\u0103inare \u015fi rugin\u0103, toleran\u0163\u0103 la antracnoz\u0103; &#8211; rezisten\u0163a bacelor la scuturare \u015fi u\u015furin\u0163a recolt\u0103rii. Alte \u00eensu\u015firi: &nbsp;&nbsp;&nbsp;&nbsp;&nbsp;  [&#8230;]<\/p>\n","protected":false},"author":1,"featured_media":13907,"parent":13781,"menu_order":21,"comment_status":"closed","ping_status":"closed","template":"","meta":{"ngg_post_thumbnail":0,"footnotes":""},"categories":[56],"tags":[],"class_list":["post-13906","page","type-page","status-publish","has-post-thumbnail","hentry","category-coacaz-negru"],"_links":{"self":[{"href":"https:\/\/icdp.ro\/ro\/wp-json\/wp\/v2\/pages\/13906","targetHints":{"allow":["GET"]}}],"collection":[{"href":"https:\/\/icdp.ro\/ro\/wp-json\/wp\/v2\/pages"}],"about":[{"href":"https:\/\/icdp.ro\/ro\/wp-json\/wp\/v2\/types\/page"}],"author":[{"embeddable":true,"href":"https:\/\/icdp.ro\/ro\/wp-json\/wp\/v2\/users\/1"}],"replies":[{"embeddable":true,"href":"https:\/\/icdp.ro\/ro\/wp-json\/wp\/v2\/comments?post=13906"}],"version-history":[{"count":1,"href":"https:\/\/icdp.ro\/ro\/wp-json\/wp\/v2\/pages\/13906\/revisions"}],"predecessor-version":[{"id":13909,"href":"https:\/\/icdp.ro\/ro\/wp-json\/wp\/v2\/pages\/13906\/revisions\/13909"}],"up":[{"embeddable":true,"href":"https:\/\/icdp.ro\/ro\/wp-json\/wp\/v2\/pages\/13781"}],"wp:featuredmedia":[{"embeddable":true,"href":"https:\/\/icdp.ro\/ro\/wp-json\/wp\/v2\/media\/13907"}],"wp:attachment":[{"href":"https:\/\/icdp.ro\/ro\/wp-json\/wp\/v2\/media?parent=13906"}],"wp:term":[{"taxonomy":"category","embeddable":true,"href":"https:\/\/icdp.ro\/ro\/wp-json\/wp\/v2\/categories?post=13906"},{"taxonomy":"post_tag","embeddable":true,"href":"https:\/\/icdp.ro\/ro\/wp-json\/wp\/v2\/tags?post=13906"}],"curies":[{"name":"wp","href":"https:\/\/api.w.org\/{rel}","templated":true}]}}