{"id":13894,"date":"2024-05-03T15:10:17","date_gmt":"2024-05-03T12:10:17","guid":{"rendered":"https:\/\/icdp.ro\/?page_id=13894"},"modified":"2024-05-03T15:10:57","modified_gmt":"2024-05-03T12:10:57","slug":"padina","status":"publish","type":"page","link":"https:\/\/icdp.ro\/ro\/cercetare\/arbusti-fructiferi-si-capsun\/ameliorarea-genetica-a-soiurilor\/padina\/","title":{"rendered":"PADINA"},"content":{"rendered":"<p>&nbsp;<\/p>\n<p><a href=\"https:\/\/icdp.ro\/wp-content\/uploads\/2024\/05\/Padina-1-scaled.jpg\"><img decoding=\"async\" class=\"wp-image-13896 size-fusion-400 alignright\" src=\"https:\/\/icdp.ro\/wp-content\/uploads\/2024\/05\/Padina-1-400x266.jpg\" alt=\"\" width=\"400\" height=\"266\" srcset=\"https:\/\/icdp.ro\/wp-content\/uploads\/2024\/05\/Padina-1-18x12.jpg 18w, https:\/\/icdp.ro\/wp-content\/uploads\/2024\/05\/Padina-1-200x133.jpg 200w, https:\/\/icdp.ro\/wp-content\/uploads\/2024\/05\/Padina-1-300x200.jpg 300w, https:\/\/icdp.ro\/wp-content\/uploads\/2024\/05\/Padina-1-400x266.jpg 400w, https:\/\/icdp.ro\/wp-content\/uploads\/2024\/05\/Padina-1-600x399.jpg 600w, https:\/\/icdp.ro\/wp-content\/uploads\/2024\/05\/Padina-1-768x511.jpg 768w, https:\/\/icdp.ro\/wp-content\/uploads\/2024\/05\/Padina-1-800x532.jpg 800w, https:\/\/icdp.ro\/wp-content\/uploads\/2024\/05\/Padina-1-1024x681.jpg 1024w, https:\/\/icdp.ro\/wp-content\/uploads\/2024\/05\/Padina-1-1200x799.jpg 1200w, https:\/\/icdp.ro\/wp-content\/uploads\/2024\/05\/Padina-1-1536x1022.jpg 1536w\" sizes=\"(max-width: 400px) 100vw, 400px\" \/><\/a>Autor: Paulina Mladin<br \/>\nOrigine: hibridare controlat\u0103 a elitelor 5\/24-77 \u00d7 2\/50-79.&nbsp;&nbsp;&nbsp;<br \/>\nAnul \u00eenregistr\u0103rii: 2004.<\/p>\n<p>Caracteristicile \u015fi \u00eensu\u015firile principale pentru care se recomand\u0103:<br \/>\n&nbsp;&nbsp; &#8211; rezisten\u0163\u0103 poligenic\u0103 la bolile foliare rugin\u0103, f\u0103inare \u015fi antracnoz\u0103;&nbsp;<br \/>\n&nbsp;&nbsp; &#8211; productivitatea ridicat\u0103, 2,5-3,5 kg\/tuf\u0103;<br \/>\n&nbsp;&nbsp; &#8211; calitatea fructelor: bace mari, de peste 1,0 g, aspectuoase, cu con\u0163inut ridicat \u00een vitamina C, peste 170 mg%,<\/p>\n<p>Alte \u00eensu\u015firi:<br \/>\n&nbsp;&nbsp; &#8211; perioada de maturare a fructelor: la \u00eenceputul lunii iulie, fiind de epoc\u0103 mijlocie;<br \/>\n&nbsp;&nbsp; &#8211; tufe de vigoare mijlocie.<\/p>\n<p>Utilizare : prelucrare, consum \u00een stare proasp\u0103t\u0103, congelare \u015fi deshidratare.<\/p>\n<p>&nbsp;<\/p>\n<p>&nbsp;<\/p>\n<p>&nbsp;<\/p>\n<p>&nbsp;<\/p>\n","protected":false},"excerpt":{"rendered":"<p>&nbsp; Autor: Paulina Mladin Origine: hibridare controlat\u0103 a elitelor 5\/24-77 \u00d7 2\/50-79.&nbsp;&nbsp;&nbsp; Anul \u00eenregistr\u0103rii: 2004. Caracteristicile \u015fi \u00eensu\u015firile principale pentru care se recomand\u0103: &nbsp;&nbsp; &#8211; rezisten\u0163\u0103 poligenic\u0103 la bolile foliare rugin\u0103, f\u0103inare \u015fi antracnoz\u0103;&nbsp; &nbsp;&nbsp; &#8211; productivitatea ridicat\u0103, 2,5-3,5 kg\/tuf\u0103; &nbsp;&nbsp; &#8211; calitatea fructelor: bace mari, de peste 1,0 g, aspectuoase, cu con\u0163inut ridicat \u00een  [&#8230;]<\/p>\n","protected":false},"author":1,"featured_media":13895,"parent":13781,"menu_order":19,"comment_status":"closed","ping_status":"closed","template":"","meta":{"ngg_post_thumbnail":0,"footnotes":""},"categories":[56],"tags":[],"class_list":["post-13894","page","type-page","status-publish","has-post-thumbnail","hentry","category-coacaz-negru"],"_links":{"self":[{"href":"https:\/\/icdp.ro\/ro\/wp-json\/wp\/v2\/pages\/13894","targetHints":{"allow":["GET"]}}],"collection":[{"href":"https:\/\/icdp.ro\/ro\/wp-json\/wp\/v2\/pages"}],"about":[{"href":"https:\/\/icdp.ro\/ro\/wp-json\/wp\/v2\/types\/page"}],"author":[{"embeddable":true,"href":"https:\/\/icdp.ro\/ro\/wp-json\/wp\/v2\/users\/1"}],"replies":[{"embeddable":true,"href":"https:\/\/icdp.ro\/ro\/wp-json\/wp\/v2\/comments?post=13894"}],"version-history":[{"count":5,"href":"https:\/\/icdp.ro\/ro\/wp-json\/wp\/v2\/pages\/13894\/revisions"}],"predecessor-version":[{"id":13901,"href":"https:\/\/icdp.ro\/ro\/wp-json\/wp\/v2\/pages\/13894\/revisions\/13901"}],"up":[{"embeddable":true,"href":"https:\/\/icdp.ro\/ro\/wp-json\/wp\/v2\/pages\/13781"}],"wp:featuredmedia":[{"embeddable":true,"href":"https:\/\/icdp.ro\/ro\/wp-json\/wp\/v2\/media\/13895"}],"wp:attachment":[{"href":"https:\/\/icdp.ro\/ro\/wp-json\/wp\/v2\/media?parent=13894"}],"wp:term":[{"taxonomy":"category","embeddable":true,"href":"https:\/\/icdp.ro\/ro\/wp-json\/wp\/v2\/categories?post=13894"},{"taxonomy":"post_tag","embeddable":true,"href":"https:\/\/icdp.ro\/ro\/wp-json\/wp\/v2\/tags?post=13894"}],"curies":[{"name":"wp","href":"https:\/\/api.w.org\/{rel}","templated":true}]}}