{"id":13885,"date":"2024-05-03T15:06:20","date_gmt":"2024-05-03T12:06:20","guid":{"rendered":"https:\/\/icdp.ro\/?page_id=13885"},"modified":"2024-05-03T15:06:20","modified_gmt":"2024-05-03T12:06:20","slug":"deea","status":"publish","type":"page","link":"https:\/\/icdp.ro\/ro\/cercetare\/arbusti-fructiferi-si-capsun\/ameliorarea-genetica-a-soiurilor\/deea\/","title":{"rendered":"DEEA"},"content":{"rendered":"<p>&nbsp;<\/p>\n<p><a href=\"https:\/\/icdp.ro\/wp-content\/uploads\/2024\/05\/Deea-1-1.jpg\"><img decoding=\"async\" class=\"wp-image-13887 size-fusion-400 alignright\" src=\"https:\/\/icdp.ro\/wp-content\/uploads\/2024\/05\/Deea-1-1-400x260.jpg\" alt=\"\" width=\"400\" height=\"260\" srcset=\"https:\/\/icdp.ro\/wp-content\/uploads\/2024\/05\/Deea-1-1-18x12.jpg 18w, https:\/\/icdp.ro\/wp-content\/uploads\/2024\/05\/Deea-1-1-200x130.jpg 200w, https:\/\/icdp.ro\/wp-content\/uploads\/2024\/05\/Deea-1-1-300x195.jpg 300w, https:\/\/icdp.ro\/wp-content\/uploads\/2024\/05\/Deea-1-1-400x260.jpg 400w, https:\/\/icdp.ro\/wp-content\/uploads\/2024\/05\/Deea-1-1-600x390.jpg 600w, https:\/\/icdp.ro\/wp-content\/uploads\/2024\/05\/Deea-1-1-768x500.jpg 768w, https:\/\/icdp.ro\/wp-content\/uploads\/2024\/05\/Deea-1-1-800x521.jpg 800w, https:\/\/icdp.ro\/wp-content\/uploads\/2024\/05\/Deea-1-1-1024x666.jpg 1024w, https:\/\/icdp.ro\/wp-content\/uploads\/2024\/05\/Deea-1-1-1200x781.jpg 1200w, https:\/\/icdp.ro\/wp-content\/uploads\/2024\/05\/Deea-1-1-1536x999.jpg 1536w, https:\/\/icdp.ro\/wp-content\/uploads\/2024\/05\/Deea-1-1.jpg 1600w\" sizes=\"(max-width: 400px) 100vw, 400px\" \/><\/a>Autori: Paulina Mladin , Gh. Mladin<br \/>\nOrigine: hibridarea controlat\u0103 a soiurilor Tsema \u00d7 Kantata 50.<br \/>\nAnul \u00eenregistr\u0103rii: 2000.<\/p>\n<p>Caracteristicile \u015fi \u00eensu\u015firile principale pentru care se recomand\u0103:<br \/>\n&#8211; rezisten\u0163\u0103 la principalele boli \u2013 rugin\u0103 \u015fi f\u0103inare, toleran\u0163\u0103 la antracnoz\u0103;<br \/>\n&#8211; produc\u0163ii asigurate anual, \u00een medie 2,5-4,0 kg\/tuf\u0103;<br \/>\n&#8211; calitatea superioar\u0103 a fructelor: m\u0103rime, culoare, maturare uniform\u0103, aspect comercial;<br \/>\n&#8211; m\u0103rimea ciorchinilor \u015fi u\u015furin\u0163a recolt\u0103rii;<br \/>\n&#8211; indice de autofertilitate ridicat 50-52%.<\/p>\n<p>Alte \u00eensu\u015firi:<br \/>\n&#8211; rezisten\u0163\u0103 la scuturare a bacelor;<br \/>\n&#8211; maturare timpurie, sf\u00e2r\u015fitul lunii iunie;<\/p>\n<p>Utilizare : prelucrare, consum \u00een stare proasp\u0103t\u0103, congelare \u015fi deshidratare.<\/p>\n<p>&nbsp;<\/p>\n<p>&nbsp;<\/p>\n<p>&nbsp;<\/p>\n<p>&nbsp;<\/p>\n","protected":false},"excerpt":{"rendered":"<p>&nbsp; Autori: Paulina Mladin , Gh. Mladin Origine: hibridarea controlat\u0103 a soiurilor Tsema \u00d7 Kantata 50. Anul \u00eenregistr\u0103rii: 2000. Caracteristicile \u015fi \u00eensu\u015firile principale pentru care se recomand\u0103: &#8211; rezisten\u0163\u0103 la principalele boli \u2013 rugin\u0103 \u015fi f\u0103inare, toleran\u0163\u0103 la antracnoz\u0103; &#8211; produc\u0163ii asigurate anual, \u00een medie 2,5-4,0 kg\/tuf\u0103; &#8211; calitatea superioar\u0103 a fructelor: m\u0103rime, culoare, maturare  [&#8230;]<\/p>\n","protected":false},"author":1,"featured_media":13886,"parent":13781,"menu_order":17,"comment_status":"closed","ping_status":"closed","template":"","meta":{"ngg_post_thumbnail":0,"footnotes":""},"categories":[56],"tags":[],"class_list":["post-13885","page","type-page","status-publish","has-post-thumbnail","hentry","category-coacaz-negru"],"_links":{"self":[{"href":"https:\/\/icdp.ro\/ro\/wp-json\/wp\/v2\/pages\/13885","targetHints":{"allow":["GET"]}}],"collection":[{"href":"https:\/\/icdp.ro\/ro\/wp-json\/wp\/v2\/pages"}],"about":[{"href":"https:\/\/icdp.ro\/ro\/wp-json\/wp\/v2\/types\/page"}],"author":[{"embeddable":true,"href":"https:\/\/icdp.ro\/ro\/wp-json\/wp\/v2\/users\/1"}],"replies":[{"embeddable":true,"href":"https:\/\/icdp.ro\/ro\/wp-json\/wp\/v2\/comments?post=13885"}],"version-history":[{"count":1,"href":"https:\/\/icdp.ro\/ro\/wp-json\/wp\/v2\/pages\/13885\/revisions"}],"predecessor-version":[{"id":13888,"href":"https:\/\/icdp.ro\/ro\/wp-json\/wp\/v2\/pages\/13885\/revisions\/13888"}],"up":[{"embeddable":true,"href":"https:\/\/icdp.ro\/ro\/wp-json\/wp\/v2\/pages\/13781"}],"wp:featuredmedia":[{"embeddable":true,"href":"https:\/\/icdp.ro\/ro\/wp-json\/wp\/v2\/media\/13886"}],"wp:attachment":[{"href":"https:\/\/icdp.ro\/ro\/wp-json\/wp\/v2\/media?parent=13885"}],"wp:term":[{"taxonomy":"category","embeddable":true,"href":"https:\/\/icdp.ro\/ro\/wp-json\/wp\/v2\/categories?post=13885"},{"taxonomy":"post_tag","embeddable":true,"href":"https:\/\/icdp.ro\/ro\/wp-json\/wp\/v2\/tags?post=13885"}],"curies":[{"name":"wp","href":"https:\/\/api.w.org\/{rel}","templated":true}]}}