{"id":13868,"date":"2024-05-03T14:38:41","date_gmt":"2024-05-03T11:38:41","guid":{"rendered":"https:\/\/icdp.ro\/?page_id=13868"},"modified":"2024-05-03T14:38:53","modified_gmt":"2024-05-03T11:38:53","slug":"simultan","status":"publish","type":"page","link":"https:\/\/icdp.ro\/ro\/cercetare\/arbusti-fructiferi-si-capsun\/ameliorarea-genetica-a-soiurilor\/simultan\/","title":{"rendered":"SIMULTAN"},"content":{"rendered":"<p>&nbsp;<\/p>\n<p><a href=\"https:\/\/icdp.ro\/wp-content\/uploads\/2024\/05\/Simultan-ext_5-1-scaled.jpg\"><img decoding=\"async\" class=\"wp-image-13870 size-fusion-400 alignright\" src=\"https:\/\/icdp.ro\/wp-content\/uploads\/2024\/05\/Simultan-ext_5-1-400x266.jpg\" alt=\"\" width=\"400\" height=\"266\" srcset=\"https:\/\/icdp.ro\/wp-content\/uploads\/2024\/05\/Simultan-ext_5-1-18x12.jpg 18w, https:\/\/icdp.ro\/wp-content\/uploads\/2024\/05\/Simultan-ext_5-1-200x133.jpg 200w, https:\/\/icdp.ro\/wp-content\/uploads\/2024\/05\/Simultan-ext_5-1-300x200.jpg 300w, https:\/\/icdp.ro\/wp-content\/uploads\/2024\/05\/Simultan-ext_5-1-400x266.jpg 400w, https:\/\/icdp.ro\/wp-content\/uploads\/2024\/05\/Simultan-ext_5-1-600x399.jpg 600w, https:\/\/icdp.ro\/wp-content\/uploads\/2024\/05\/Simultan-ext_5-1-768x511.jpg 768w, https:\/\/icdp.ro\/wp-content\/uploads\/2024\/05\/Simultan-ext_5-1-800x532.jpg 800w, https:\/\/icdp.ro\/wp-content\/uploads\/2024\/05\/Simultan-ext_5-1-1024x681.jpg 1024w, https:\/\/icdp.ro\/wp-content\/uploads\/2024\/05\/Simultan-ext_5-1-1200x799.jpg 1200w, https:\/\/icdp.ro\/wp-content\/uploads\/2024\/05\/Simultan-ext_5-1-1536x1022.jpg 1536w\" sizes=\"(max-width: 400px) 100vw, 400px\" \/><\/a>Autor: Paulina Mladin<br \/>\nOrigine: hibridare liber\u0103 a soiului Spartan.<br \/>\nAnul \u00eenregistr\u0103rii: 2001<br \/>\nCaracteristicile \u015fi \u00eensu\u015firile principale pentru care se recomand\u0103:<br \/>\n&nbsp;&#8211;&nbsp; maturare timpurie, odat\u0103 cu soiurile Weymouth \u015fi Duke, dureaz\u0103 circa 1 lun\u0103 de zile, 25 iunie-25 iulie;<br \/>\n&nbsp;&#8211; gradul ridicat de concentrare a coacerii fructelor \u00een ciorchine \u015fi pe tuf\u0103 foarte mare , necesit\u00e2nd dou\u0103 maxim trei recolt\u0103ri ;<br \/>\n&nbsp;&#8211; calitatea superioar\u0103 a fructelor: m\u0103rime mijlocie, culoare albastru deschis cu mult\u0103 pruin\u0103, calit\u0103\u0163i organoleptice foarte bune, rezisten\u0163\u0103 la transport \u015fi p\u0103strare.<\/p>\n<p>Alte \u00eensu\u015firi:<br \/>\n&#8211;&nbsp; vigoarea plantei: mare, tufe \u00eenalte \u015fi largi;<br \/>\n&#8211;&nbsp; productivitatea : \u00een medie 2,5-4,0&nbsp; kg \/ tuf\u0103;<br \/>\n&nbsp;&#8211; durata de p\u0103strare \u00een stare proasp\u0103t\u0103 a fructelor: 9-10 zile la temperatura de 1-4 <sup>0<\/sup>C, cu pierdere \u00een greutate de 3-5%;<br \/>\n&nbsp;&#8211; con\u0163inut ridicat \u00een : vitamina C (45,26 mg\/100 g fruct proasp\u0103t), substan\u0163\u0103 uscat\u0103 solubil\u0103: (14,22- 16,70 % Brix), polifenoli totali (3670,0 mg\/kg catechin\u0103, metoda Folin-Cioc\u00e2lteu) \u015fi antociani totali ( 4303,32 mk \/kg, HPLC).<\/p>\n<p>Utilizare mixt\u0103: consum \u00een stare proasp\u0103t\u0103, prelucrare \u015fi congelare.<\/p>\n<p>&nbsp;<\/p>\n<p>&nbsp;<\/p>\n<p>&nbsp;<\/p>\n<p>&nbsp;<\/p>\n","protected":false},"excerpt":{"rendered":"<p>&nbsp; Autor: Paulina Mladin Origine: hibridare liber\u0103 a soiului Spartan. Anul \u00eenregistr\u0103rii: 2001 Caracteristicile \u015fi \u00eensu\u015firile principale pentru care se recomand\u0103: &nbsp;&#8211;&nbsp; maturare timpurie, odat\u0103 cu soiurile Weymouth \u015fi Duke, dureaz\u0103 circa 1 lun\u0103 de zile, 25 iunie-25 iulie; &nbsp;&#8211; gradul ridicat de concentrare a coacerii fructelor \u00een ciorchine \u015fi pe tuf\u0103 foarte mare ,  [&#8230;]<\/p>\n","protected":false},"author":1,"featured_media":13869,"parent":13781,"menu_order":14,"comment_status":"closed","ping_status":"closed","template":"","meta":{"ngg_post_thumbnail":0,"footnotes":""},"categories":[55],"tags":[],"class_list":["post-13868","page","type-page","status-publish","has-post-thumbnail","hentry","category-afin"],"_links":{"self":[{"href":"https:\/\/icdp.ro\/ro\/wp-json\/wp\/v2\/pages\/13868","targetHints":{"allow":["GET"]}}],"collection":[{"href":"https:\/\/icdp.ro\/ro\/wp-json\/wp\/v2\/pages"}],"about":[{"href":"https:\/\/icdp.ro\/ro\/wp-json\/wp\/v2\/types\/page"}],"author":[{"embeddable":true,"href":"https:\/\/icdp.ro\/ro\/wp-json\/wp\/v2\/users\/1"}],"replies":[{"embeddable":true,"href":"https:\/\/icdp.ro\/ro\/wp-json\/wp\/v2\/comments?post=13868"}],"version-history":[{"count":3,"href":"https:\/\/icdp.ro\/ro\/wp-json\/wp\/v2\/pages\/13868\/revisions"}],"predecessor-version":[{"id":13873,"href":"https:\/\/icdp.ro\/ro\/wp-json\/wp\/v2\/pages\/13868\/revisions\/13873"}],"up":[{"embeddable":true,"href":"https:\/\/icdp.ro\/ro\/wp-json\/wp\/v2\/pages\/13781"}],"wp:featuredmedia":[{"embeddable":true,"href":"https:\/\/icdp.ro\/ro\/wp-json\/wp\/v2\/media\/13869"}],"wp:attachment":[{"href":"https:\/\/icdp.ro\/ro\/wp-json\/wp\/v2\/media?parent=13868"}],"wp:term":[{"taxonomy":"category","embeddable":true,"href":"https:\/\/icdp.ro\/ro\/wp-json\/wp\/v2\/categories?post=13868"},{"taxonomy":"post_tag","embeddable":true,"href":"https:\/\/icdp.ro\/ro\/wp-json\/wp\/v2\/tags?post=13868"}],"curies":[{"name":"wp","href":"https:\/\/api.w.org\/{rel}","templated":true}]}}