{"id":13858,"date":"2024-05-03T14:35:07","date_gmt":"2024-05-03T11:35:07","guid":{"rendered":"https:\/\/icdp.ro\/?page_id=13858"},"modified":"2024-05-06T15:09:19","modified_gmt":"2024-05-06T12:09:19","slug":"prod","status":"publish","type":"page","link":"https:\/\/icdp.ro\/ro\/cercetare\/arbusti-fructiferi-si-capsun\/ameliorarea-genetica-a-soiurilor\/prod\/","title":{"rendered":"PROD"},"content":{"rendered":"<p>&nbsp;<\/p>\n<p><a href=\"https:\/\/icdp.ro\/wp-content\/uploads\/2024\/05\/PROD_01-1-scaled.jpg\"><img decoding=\"async\" class=\"wp-image-13860 size-fusion-400 alignright\" src=\"https:\/\/icdp.ro\/wp-content\/uploads\/2024\/05\/PROD_01-1-400x225.jpg\" alt=\"\" width=\"400\" height=\"225\" srcset=\"https:\/\/icdp.ro\/wp-content\/uploads\/2024\/05\/PROD_01-1-18x10.jpg 18w, https:\/\/icdp.ro\/wp-content\/uploads\/2024\/05\/PROD_01-1-200x113.jpg 200w, https:\/\/icdp.ro\/wp-content\/uploads\/2024\/05\/PROD_01-1-300x169.jpg 300w, https:\/\/icdp.ro\/wp-content\/uploads\/2024\/05\/PROD_01-1-400x225.jpg 400w, https:\/\/icdp.ro\/wp-content\/uploads\/2024\/05\/PROD_01-1-600x338.jpg 600w, https:\/\/icdp.ro\/wp-content\/uploads\/2024\/05\/PROD_01-1-768x432.jpg 768w, https:\/\/icdp.ro\/wp-content\/uploads\/2024\/05\/PROD_01-1-800x450.jpg 800w, https:\/\/icdp.ro\/wp-content\/uploads\/2024\/05\/PROD_01-1-1024x576.jpg 1024w, https:\/\/icdp.ro\/wp-content\/uploads\/2024\/05\/PROD_01-1-1200x675.jpg 1200w, https:\/\/icdp.ro\/wp-content\/uploads\/2024\/05\/PROD_01-1-1536x864.jpg 1536w\" sizes=\"(max-width: 400px) 100vw, 400px\" \/><\/a><\/p>\n<p>Autor: Paulina Mladin<br \/>\nOrigine: hibridare liber\u0103 a soiului Patriot.<br \/>\nAnul \u00eenregistr\u0103rii: 2008<br \/>\nCaracteristicile \u015fi \u00eensu\u015firile principale pentru care se recomand\u0103:<br \/>\n&#8211; productivitatea ridicat\u0103, \u00een medie 4,0 kg \/ tuf\u0103;<br \/>\n&#8211; durata de p\u0103strare \u00een stare proasp\u0103t\u0103:8 -10 zile la temperatura de 1-4 <sup>0<\/sup>C;<br \/>\n&#8211; calitatea fructelor : bace de m\u0103rime mijlocie, de culoare albastr\u0103, cu pruin\u0103 puternic\u0103, ferme, cu calit\u0103\u0163i organoleptice bune, con\u0163inut ridicat \u00een vitamina C (57,2 mg \/ 100 g fruct proasp\u0103t), substan\u0163\u0103 uscat\u0103:12,21 -15,0 % Brix \u015fi aciditate (1,20 -1,41 %).<\/p>\n<p>Alte \u00eensu\u015firi:<br \/>\n&#8211; perioada de maturare: \u00eenceputul lunii iulie-\u00eenceputul lunii august, soi de sezon mijlociu;<br \/>\n&#8211; formeaz\u0103 tufe de m\u0103rime mijlocie, largi, cu tulpini relativ flexibile;<br \/>\nUtilizare mixt\u0103: consum \u00een stare proasp\u0103t\u0103, prelucrare \u015fi congelare.<\/p>\n<p>&nbsp;<\/p>\n<p>&nbsp;<\/p>\n<p>&nbsp;<\/p>\n","protected":false},"excerpt":{"rendered":"<p>&nbsp; Autor: Paulina Mladin Origine: hibridare liber\u0103 a soiului Patriot. Anul \u00eenregistr\u0103rii: 2008 Caracteristicile \u015fi \u00eensu\u015firile principale pentru care se recomand\u0103: &#8211; productivitatea ridicat\u0103, \u00een medie 4,0 kg \/ tuf\u0103; &#8211; durata de p\u0103strare \u00een stare proasp\u0103t\u0103:8 -10 zile la temperatura de 1-4 0C; &#8211; calitatea fructelor : bace de m\u0103rime mijlocie, de culoare albastr\u0103,  [&#8230;]<\/p>\n","protected":false},"author":1,"featured_media":13859,"parent":13781,"menu_order":12,"comment_status":"closed","ping_status":"closed","template":"","meta":{"ngg_post_thumbnail":0,"footnotes":""},"categories":[55],"tags":[],"class_list":["post-13858","page","type-page","status-publish","has-post-thumbnail","hentry","category-afin"],"_links":{"self":[{"href":"https:\/\/icdp.ro\/ro\/wp-json\/wp\/v2\/pages\/13858","targetHints":{"allow":["GET"]}}],"collection":[{"href":"https:\/\/icdp.ro\/ro\/wp-json\/wp\/v2\/pages"}],"about":[{"href":"https:\/\/icdp.ro\/ro\/wp-json\/wp\/v2\/types\/page"}],"author":[{"embeddable":true,"href":"https:\/\/icdp.ro\/ro\/wp-json\/wp\/v2\/users\/1"}],"replies":[{"embeddable":true,"href":"https:\/\/icdp.ro\/ro\/wp-json\/wp\/v2\/comments?post=13858"}],"version-history":[{"count":5,"href":"https:\/\/icdp.ro\/ro\/wp-json\/wp\/v2\/pages\/13858\/revisions"}],"predecessor-version":[{"id":14051,"href":"https:\/\/icdp.ro\/ro\/wp-json\/wp\/v2\/pages\/13858\/revisions\/14051"}],"up":[{"embeddable":true,"href":"https:\/\/icdp.ro\/ro\/wp-json\/wp\/v2\/pages\/13781"}],"wp:featuredmedia":[{"embeddable":true,"href":"https:\/\/icdp.ro\/ro\/wp-json\/wp\/v2\/media\/13859"}],"wp:attachment":[{"href":"https:\/\/icdp.ro\/ro\/wp-json\/wp\/v2\/media?parent=13858"}],"wp:term":[{"taxonomy":"category","embeddable":true,"href":"https:\/\/icdp.ro\/ro\/wp-json\/wp\/v2\/categories?post=13858"},{"taxonomy":"post_tag","embeddable":true,"href":"https:\/\/icdp.ro\/ro\/wp-json\/wp\/v2\/tags?post=13858"}],"curies":[{"name":"wp","href":"https:\/\/api.w.org\/{rel}","templated":true}]}}