{"id":13828,"date":"2024-05-03T14:25:39","date_gmt":"2024-05-03T11:25:39","guid":{"rendered":"https:\/\/icdp.ro\/?page_id=13828"},"modified":"2024-05-03T14:26:46","modified_gmt":"2024-05-03T11:26:46","slug":"augusta","status":"publish","type":"page","link":"https:\/\/icdp.ro\/ro\/cercetare\/arbusti-fructiferi-si-capsun\/ameliorarea-genetica-a-soiurilor\/augusta\/","title":{"rendered":"AUGUSTA"},"content":{"rendered":"<p>&nbsp;<\/p>\n<p><a href=\"https:\/\/icdp.ro\/wp-content\/uploads\/2024\/05\/Augusta-ext-1-scaled.jpg\"><img decoding=\"async\" class=\"wp-image-13830 size-fusion-400 alignright\" src=\"https:\/\/icdp.ro\/wp-content\/uploads\/2024\/05\/Augusta-ext-1-400x266.jpg\" alt=\"\" width=\"400\" height=\"266\" srcset=\"https:\/\/icdp.ro\/wp-content\/uploads\/2024\/05\/Augusta-ext-1-18x12.jpg 18w, https:\/\/icdp.ro\/wp-content\/uploads\/2024\/05\/Augusta-ext-1-200x133.jpg 200w, https:\/\/icdp.ro\/wp-content\/uploads\/2024\/05\/Augusta-ext-1-300x200.jpg 300w, https:\/\/icdp.ro\/wp-content\/uploads\/2024\/05\/Augusta-ext-1-400x266.jpg 400w, https:\/\/icdp.ro\/wp-content\/uploads\/2024\/05\/Augusta-ext-1-600x399.jpg 600w, https:\/\/icdp.ro\/wp-content\/uploads\/2024\/05\/Augusta-ext-1-768x511.jpg 768w, https:\/\/icdp.ro\/wp-content\/uploads\/2024\/05\/Augusta-ext-1-800x532.jpg 800w, https:\/\/icdp.ro\/wp-content\/uploads\/2024\/05\/Augusta-ext-1-1024x681.jpg 1024w, https:\/\/icdp.ro\/wp-content\/uploads\/2024\/05\/Augusta-ext-1-1200x799.jpg 1200w, https:\/\/icdp.ro\/wp-content\/uploads\/2024\/05\/Augusta-ext-1-1536x1022.jpg 1536w\" sizes=\"(max-width: 400px) 100vw, 400px\" \/><\/a>Originea soiului: ob\u0163inut prin hibridare controlat\u0103 a soiurilor Berkeley \u00d7 Bluecrop.<br \/>\nAutor: Paulina Mladin.<br \/>\nAnul \u00eenregistr\u0103rii:1999.<br \/>\nCaracteristicile \u015fi \u00eensu\u015firile principale pentru care se recomand\u0103:<br \/>\n&#8211; productivitate mare \u015fi constant\u0103: 2,5-4,5 kg \/tuf\u0103;<br \/>\n&#8211; maturarea t\u00e2rzie, complet\u00e2nd sezonul afinelor t\u00e2rzii \u00eempreun\u0103 cu soiul tardiv Coville, a doua jum\u0103tate a lunii iulie \u2013 prima jum\u0103tate a lunii august;<br \/>\n&#8211; vigoare mare a tufelor;<br \/>\n&#8211; calitate superioar\u0103 a fructelor: aspect comercial atr\u0103g\u0103tor prin culoare bleu deschis cu pruin\u0103 persistent\u0103, con\u021binut ridicat \u00een componente biochimice: vitamina C 48,4 mg %, zaharuri totale 10,52%, aciditate 1,06%; destina\u0163ie mixt\u0103: consum \u00een stare proasp\u0103t\u0103 \u015fi prelucrare.<\/p>\n<p>Alte \u00eensu\u0219iri:<\/p>\n<p>&nbsp; &#8211; tufele viguroase, cu port \u00eenalt;<br \/>\n&nbsp; &#8211; gustul acidulat-dulce \u015fi aromat al fructelor;<br \/>\n&nbsp; &#8211; coacerea destul de e\u015falonat\u0103 a bacelor \u00een ciorchine \u015fi pe tuf\u0103, cu un sezon de recoltare de circa 1,5 luni.<\/p>\n<p>Utilizare mixt\u0103: consum \u00een stare proasp\u0103t\u0103, prelucrare \u015fi congelare.&nbsp;&nbsp;&nbsp;&nbsp;<\/p>\n<p>&nbsp;<\/p>\n<p>&nbsp;<\/p>\n<p>&nbsp;<\/p>\n","protected":false},"excerpt":{"rendered":"<p>&nbsp; Originea soiului: ob\u0163inut prin hibridare controlat\u0103 a soiurilor Berkeley \u00d7 Bluecrop. Autor: Paulina Mladin. Anul \u00eenregistr\u0103rii:1999. Caracteristicile \u015fi \u00eensu\u015firile principale pentru care se recomand\u0103: &#8211; productivitate mare \u015fi constant\u0103: 2,5-4,5 kg \/tuf\u0103; &#8211; maturarea t\u00e2rzie, complet\u00e2nd sezonul afinelor t\u00e2rzii \u00eempreun\u0103 cu soiul tardiv Coville, a doua jum\u0103tate a lunii iulie \u2013 prima jum\u0103tate a  [&#8230;]<\/p>\n","protected":false},"author":1,"featured_media":13829,"parent":13781,"menu_order":7,"comment_status":"closed","ping_status":"closed","template":"","meta":{"ngg_post_thumbnail":0,"footnotes":""},"categories":[55],"tags":[],"class_list":["post-13828","page","type-page","status-publish","has-post-thumbnail","hentry","category-afin"],"_links":{"self":[{"href":"https:\/\/icdp.ro\/ro\/wp-json\/wp\/v2\/pages\/13828","targetHints":{"allow":["GET"]}}],"collection":[{"href":"https:\/\/icdp.ro\/ro\/wp-json\/wp\/v2\/pages"}],"about":[{"href":"https:\/\/icdp.ro\/ro\/wp-json\/wp\/v2\/types\/page"}],"author":[{"embeddable":true,"href":"https:\/\/icdp.ro\/ro\/wp-json\/wp\/v2\/users\/1"}],"replies":[{"embeddable":true,"href":"https:\/\/icdp.ro\/ro\/wp-json\/wp\/v2\/comments?post=13828"}],"version-history":[{"count":3,"href":"https:\/\/icdp.ro\/ro\/wp-json\/wp\/v2\/pages\/13828\/revisions"}],"predecessor-version":[{"id":13835,"href":"https:\/\/icdp.ro\/ro\/wp-json\/wp\/v2\/pages\/13828\/revisions\/13835"}],"up":[{"embeddable":true,"href":"https:\/\/icdp.ro\/ro\/wp-json\/wp\/v2\/pages\/13781"}],"wp:featuredmedia":[{"embeddable":true,"href":"https:\/\/icdp.ro\/ro\/wp-json\/wp\/v2\/media\/13829"}],"wp:attachment":[{"href":"https:\/\/icdp.ro\/ro\/wp-json\/wp\/v2\/media?parent=13828"}],"wp:term":[{"taxonomy":"category","embeddable":true,"href":"https:\/\/icdp.ro\/ro\/wp-json\/wp\/v2\/categories?post=13828"},{"taxonomy":"post_tag","embeddable":true,"href":"https:\/\/icdp.ro\/ro\/wp-json\/wp\/v2\/tags?post=13828"}],"curies":[{"name":"wp","href":"https:\/\/api.w.org\/{rel}","templated":true}]}}