{"id":13816,"date":"2024-05-03T14:20:31","date_gmt":"2024-05-03T11:20:31","guid":{"rendered":"https:\/\/icdp.ro\/?page_id=13816"},"modified":"2024-05-03T14:20:38","modified_gmt":"2024-05-03T11:20:38","slug":"real","status":"publish","type":"page","link":"https:\/\/icdp.ro\/ro\/cercetare\/arbusti-fructiferi-si-capsun\/ameliorarea-genetica-a-soiurilor\/real\/","title":{"rendered":"REAL"},"content":{"rendered":"<p><a href=\"https:\/\/icdp.ro\/wp-content\/uploads\/2024\/05\/Real-1.jpg\"><img decoding=\"async\" class=\"wp-image-13818 size-fusion-400 alignright\" src=\"https:\/\/icdp.ro\/wp-content\/uploads\/2024\/05\/Real-1-400x266.jpg\" alt=\"\" width=\"400\" height=\"266\" srcset=\"https:\/\/icdp.ro\/wp-content\/uploads\/2024\/05\/Real-1-18x12.jpg 18w, https:\/\/icdp.ro\/wp-content\/uploads\/2024\/05\/Real-1-200x133.jpg 200w, https:\/\/icdp.ro\/wp-content\/uploads\/2024\/05\/Real-1-300x199.jpg 300w, https:\/\/icdp.ro\/wp-content\/uploads\/2024\/05\/Real-1-400x266.jpg 400w, https:\/\/icdp.ro\/wp-content\/uploads\/2024\/05\/Real-1-600x399.jpg 600w, https:\/\/icdp.ro\/wp-content\/uploads\/2024\/05\/Real-1-768x510.jpg 768w, https:\/\/icdp.ro\/wp-content\/uploads\/2024\/05\/Real-1-800x531.jpg 800w, https:\/\/icdp.ro\/wp-content\/uploads\/2024\/05\/Real-1-1024x680.jpg 1024w, https:\/\/icdp.ro\/wp-content\/uploads\/2024\/05\/Real-1-1200x797.jpg 1200w, https:\/\/icdp.ro\/wp-content\/uploads\/2024\/05\/Real-1-1536x1020.jpg 1536w\" sizes=\"(max-width: 400px) 100vw, 400px\" \/><\/a><\/p>\n<p>Autor<strong>: <\/strong>M. Coman<br \/>\nOriginea: hibridare controlat\u0103 a soiurilor Premial \u00d7 Brio.<br \/>\nAnul \u00eenregistr\u0103rii<strong>: <\/strong>1998.<br \/>\nCaracteristicile \u015fi \u00eensu\u015firile principale pentru care se recomand\u0103:<\/p>\n<ul>\n<li>productivitate ridicat\u0103;<\/li>\n<li>calitatea superioar\u0103 a fructelor: fructe de m\u0103rime mijlocie, form\u0103 conic &#8211; alungit\u0103, cu aspect atr\u0103g\u0103tor datorit\u0103 culorii (ro\u015fu intens), pulpa are fermitate mijlocie, gustul bun.<\/li>\n<\/ul>\n<p>Alte \u00eensu\u015firi<strong>:<\/strong><\/p>\n<ul>\n<li>soi de zi scurt\u0103;<\/li>\n<li>sezon de coacere mijlociu;<\/li>\n<li>vigoare mare, tuf\u0103 dens\u0103, necesit\u0103 la plantare distan\u0163\u0103 mai mare de 70 cm \u00eentre r\u00e2nduri.<\/li>\n<\/ul>\n<p>Utilizare mixt\u0103: consum \u00een stare proasp\u0103t\u0103 \u015fi prelucrare.<\/p>\n<p>&nbsp;<\/p>\n<p>&nbsp;<\/p>\n","protected":false},"excerpt":{"rendered":"<p>Autor: M. Coman Originea: hibridare controlat\u0103 a soiurilor Premial \u00d7 Brio. Anul \u00eenregistr\u0103rii: 1998. Caracteristicile \u015fi \u00eensu\u015firile principale pentru care se recomand\u0103: productivitate ridicat\u0103; calitatea superioar\u0103 a fructelor: fructe de m\u0103rime mijlocie, form\u0103 conic &#8211; alungit\u0103, cu aspect atr\u0103g\u0103tor datorit\u0103 culorii (ro\u015fu intens), pulpa are fermitate mijlocie, gustul bun. Alte \u00eensu\u015firi: soi de zi scurt\u0103;  [&#8230;]<\/p>\n","protected":false},"author":1,"featured_media":13817,"parent":13781,"menu_order":5,"comment_status":"closed","ping_status":"closed","template":"","meta":{"ngg_post_thumbnail":0,"footnotes":""},"categories":[54],"tags":[],"class_list":["post-13816","page","type-page","status-publish","has-post-thumbnail","hentry","category-capsun"],"_links":{"self":[{"href":"https:\/\/icdp.ro\/ro\/wp-json\/wp\/v2\/pages\/13816","targetHints":{"allow":["GET"]}}],"collection":[{"href":"https:\/\/icdp.ro\/ro\/wp-json\/wp\/v2\/pages"}],"about":[{"href":"https:\/\/icdp.ro\/ro\/wp-json\/wp\/v2\/types\/page"}],"author":[{"embeddable":true,"href":"https:\/\/icdp.ro\/ro\/wp-json\/wp\/v2\/users\/1"}],"replies":[{"embeddable":true,"href":"https:\/\/icdp.ro\/ro\/wp-json\/wp\/v2\/comments?post=13816"}],"version-history":[{"count":3,"href":"https:\/\/icdp.ro\/ro\/wp-json\/wp\/v2\/pages\/13816\/revisions"}],"predecessor-version":[{"id":13821,"href":"https:\/\/icdp.ro\/ro\/wp-json\/wp\/v2\/pages\/13816\/revisions\/13821"}],"up":[{"embeddable":true,"href":"https:\/\/icdp.ro\/ro\/wp-json\/wp\/v2\/pages\/13781"}],"wp:featuredmedia":[{"embeddable":true,"href":"https:\/\/icdp.ro\/ro\/wp-json\/wp\/v2\/media\/13817"}],"wp:attachment":[{"href":"https:\/\/icdp.ro\/ro\/wp-json\/wp\/v2\/media?parent=13816"}],"wp:term":[{"taxonomy":"category","embeddable":true,"href":"https:\/\/icdp.ro\/ro\/wp-json\/wp\/v2\/categories?post=13816"},{"taxonomy":"post_tag","embeddable":true,"href":"https:\/\/icdp.ro\/ro\/wp-json\/wp\/v2\/tags?post=13816"}],"curies":[{"name":"wp","href":"https:\/\/api.w.org\/{rel}","templated":true}]}}