{"id":13812,"date":"2024-05-03T14:18:22","date_gmt":"2024-05-03T11:18:22","guid":{"rendered":"https:\/\/icdp.ro\/?page_id=13812"},"modified":"2024-05-03T14:18:22","modified_gmt":"2024-05-03T11:18:22","slug":"premial","status":"publish","type":"page","link":"https:\/\/icdp.ro\/ro\/cercetare\/arbusti-fructiferi-si-capsun\/ameliorarea-genetica-a-soiurilor\/premial\/","title":{"rendered":"PREMIAL"},"content":{"rendered":"<p><a href=\"https:\/\/icdp.ro\/wp-content\/uploads\/2024\/05\/Premial-1.jpg\"><img decoding=\"async\" class=\"wp-image-13814 size-fusion-400 alignright\" src=\"https:\/\/icdp.ro\/wp-content\/uploads\/2024\/05\/Premial-1-400x274.jpg\" alt=\"\" width=\"400\" height=\"274\" srcset=\"https:\/\/icdp.ro\/wp-content\/uploads\/2024\/05\/Premial-1-18x12.jpg 18w, https:\/\/icdp.ro\/wp-content\/uploads\/2024\/05\/Premial-1-200x137.jpg 200w, https:\/\/icdp.ro\/wp-content\/uploads\/2024\/05\/Premial-1-300x206.jpg 300w, https:\/\/icdp.ro\/wp-content\/uploads\/2024\/05\/Premial-1-400x274.jpg 400w, https:\/\/icdp.ro\/wp-content\/uploads\/2024\/05\/Premial-1-600x412.jpg 600w, https:\/\/icdp.ro\/wp-content\/uploads\/2024\/05\/Premial-1-768x527.jpg 768w, https:\/\/icdp.ro\/wp-content\/uploads\/2024\/05\/Premial-1-800x549.jpg 800w, https:\/\/icdp.ro\/wp-content\/uploads\/2024\/05\/Premial-1-1024x703.jpg 1024w, https:\/\/icdp.ro\/wp-content\/uploads\/2024\/05\/Premial-1.jpg 1080w\" sizes=\"(max-width: 400px) 100vw, 400px\" \/><\/a><\/p>\n<p>Autori<strong>: <\/strong>Al. Teodorescu, M. Coman, G. Teodorescu<br \/>\nOriginea<strong>: <\/strong>polenizare liber\u0103 a selec\u0163iei NJ 306.<br \/>\nAnul \u00eenregistr\u0103rii<strong>: <\/strong>1989.<br \/>\nCaracteristicile \u015fi \u00eensu\u015firile principale pentru care se recomand\u0103:<\/p>\n<ul>\n<li>perioada de maturare foarte timpurie;<\/li>\n<li>calitatea fructelor: m\u0103rime mare &#8211; medie, conic globuloase, de culoare ro\u015fu aprins, fermitate mijlocie, gust foarte bun,aromate;<\/li>\n<li>pretabilitatea la cultura \u00een c\u00e2mp deschis.<\/li>\n<\/ul>\n<p>Alte \u00eensu\u015firi:<\/p>\n<ul>\n<li>soi de zi scurt\u0103;<\/li>\n<li>productivitate mijlocie;<\/li>\n<li>tufe de vigoare mare, cu frunzi\u015f bogat, cu port erect.<\/li>\n<\/ul>\n<p>Utilizare: consum \u00een stare proasp\u0103t\u0103 \u015fi prelucrare.<\/p>\n<p>&nbsp;<\/p>\n","protected":false},"excerpt":{"rendered":"<p>Autori: Al. Teodorescu, M. Coman, G. Teodorescu Originea: polenizare liber\u0103 a selec\u0163iei NJ 306. Anul \u00eenregistr\u0103rii: 1989. Caracteristicile \u015fi \u00eensu\u015firile principale pentru care se recomand\u0103: perioada de maturare foarte timpurie; calitatea fructelor: m\u0103rime mare &#8211; medie, conic globuloase, de culoare ro\u015fu aprins, fermitate mijlocie, gust foarte bun,aromate; pretabilitatea la cultura \u00een c\u00e2mp deschis. Alte \u00eensu\u015firi:  [&#8230;]<\/p>\n","protected":false},"author":1,"featured_media":13813,"parent":13781,"menu_order":4,"comment_status":"closed","ping_status":"closed","template":"","meta":{"ngg_post_thumbnail":0,"footnotes":""},"categories":[54],"tags":[],"class_list":["post-13812","page","type-page","status-publish","has-post-thumbnail","hentry","category-capsun"],"_links":{"self":[{"href":"https:\/\/icdp.ro\/ro\/wp-json\/wp\/v2\/pages\/13812","targetHints":{"allow":["GET"]}}],"collection":[{"href":"https:\/\/icdp.ro\/ro\/wp-json\/wp\/v2\/pages"}],"about":[{"href":"https:\/\/icdp.ro\/ro\/wp-json\/wp\/v2\/types\/page"}],"author":[{"embeddable":true,"href":"https:\/\/icdp.ro\/ro\/wp-json\/wp\/v2\/users\/1"}],"replies":[{"embeddable":true,"href":"https:\/\/icdp.ro\/ro\/wp-json\/wp\/v2\/comments?post=13812"}],"version-history":[{"count":1,"href":"https:\/\/icdp.ro\/ro\/wp-json\/wp\/v2\/pages\/13812\/revisions"}],"predecessor-version":[{"id":13815,"href":"https:\/\/icdp.ro\/ro\/wp-json\/wp\/v2\/pages\/13812\/revisions\/13815"}],"up":[{"embeddable":true,"href":"https:\/\/icdp.ro\/ro\/wp-json\/wp\/v2\/pages\/13781"}],"wp:featuredmedia":[{"embeddable":true,"href":"https:\/\/icdp.ro\/ro\/wp-json\/wp\/v2\/media\/13813"}],"wp:attachment":[{"href":"https:\/\/icdp.ro\/ro\/wp-json\/wp\/v2\/media?parent=13812"}],"wp:term":[{"taxonomy":"category","embeddable":true,"href":"https:\/\/icdp.ro\/ro\/wp-json\/wp\/v2\/categories?post=13812"},{"taxonomy":"post_tag","embeddable":true,"href":"https:\/\/icdp.ro\/ro\/wp-json\/wp\/v2\/tags?post=13812"}],"curies":[{"name":"wp","href":"https:\/\/api.w.org\/{rel}","templated":true}]}}