{"id":13806,"date":"2024-05-03T14:16:48","date_gmt":"2024-05-03T11:16:48","guid":{"rendered":"https:\/\/icdp.ro\/?page_id=13806"},"modified":"2024-05-03T14:16:58","modified_gmt":"2024-05-03T11:16:58","slug":"magic","status":"publish","type":"page","link":"https:\/\/icdp.ro\/ro\/cercetare\/arbusti-fructiferi-si-capsun\/ameliorarea-genetica-a-soiurilor\/magic\/","title":{"rendered":"MAGIC"},"content":{"rendered":"<p><a href=\"https:\/\/icdp.ro\/wp-content\/uploads\/2024\/05\/Magic-1-scaled.jpg\"><img decoding=\"async\" class=\"wp-image-13808 size-fusion-400 alignright\" src=\"https:\/\/icdp.ro\/wp-content\/uploads\/2024\/05\/Magic-1-400x226.jpg\" alt=\"\" width=\"400\" height=\"226\" srcset=\"https:\/\/icdp.ro\/wp-content\/uploads\/2024\/05\/Magic-1-18x10.jpg 18w, https:\/\/icdp.ro\/wp-content\/uploads\/2024\/05\/Magic-1-200x113.jpg 200w, https:\/\/icdp.ro\/wp-content\/uploads\/2024\/05\/Magic-1-300x170.jpg 300w, https:\/\/icdp.ro\/wp-content\/uploads\/2024\/05\/Magic-1-400x226.jpg 400w, https:\/\/icdp.ro\/wp-content\/uploads\/2024\/05\/Magic-1-600x340.jpg 600w, https:\/\/icdp.ro\/wp-content\/uploads\/2024\/05\/Magic-1-768x435.jpg 768w, https:\/\/icdp.ro\/wp-content\/uploads\/2024\/05\/Magic-1-800x453.jpg 800w, https:\/\/icdp.ro\/wp-content\/uploads\/2024\/05\/Magic-1-1024x580.jpg 1024w, https:\/\/icdp.ro\/wp-content\/uploads\/2024\/05\/Magic-1-1200x679.jpg 1200w, https:\/\/icdp.ro\/wp-content\/uploads\/2024\/05\/Magic-1-1536x870.jpg 1536w\" sizes=\"(max-width: 400px) 100vw, 400px\" \/><\/a><\/p>\n<p>Autor<strong>: <\/strong>M. Coman<br \/>\nOriginea: hibridare controlat\u0103 a soiurilor Cardinal \u00d7 MDUS 4044.<br \/>\nAnul \u00eenregistr\u0103rii<strong>: <\/strong>1998<br \/>\nCaracteristicile \u015fi \u00eensu\u015firile principale pentru care se recomand\u0103:<\/p>\n<ul>\n<li>productivitate ridicat\u0103;<\/li>\n<li>calitatea superioar\u0103 a fructelor: fructe mari, conic obloid, de culoare ro\u015fu deschis \u015fi fermitate mijlocie, gust bun \u015fi echilibrat.<\/li>\n<\/ul>\n<p>Alte \u00eensu\u015firi<strong>:<\/strong><\/p>\n<ul>\n<li>soi de zi scurt\u0103;<\/li>\n<li>sezon de coacere mijlociu;<\/li>\n<li>un soi cu exigen\u0163e mai ridicate pentru tipul de sol \u015fi necesarul de ap\u0103.<\/li>\n<\/ul>\n<p>Utilizare: \u00een principal consum \u00een stare proasp\u0103t\u0103.<\/p>\n<p>&nbsp;<\/p>\n","protected":false},"excerpt":{"rendered":"<p>Autor: M. Coman Originea: hibridare controlat\u0103 a soiurilor Cardinal \u00d7 MDUS 4044. Anul \u00eenregistr\u0103rii: 1998 Caracteristicile \u015fi \u00eensu\u015firile principale pentru care se recomand\u0103: productivitate ridicat\u0103; calitatea superioar\u0103 a fructelor: fructe mari, conic obloid, de culoare ro\u015fu deschis \u015fi fermitate mijlocie, gust bun \u015fi echilibrat. Alte \u00eensu\u015firi: soi de zi scurt\u0103; sezon de coacere mijlociu; un  [&#8230;]<\/p>\n","protected":false},"author":1,"featured_media":13807,"parent":13781,"menu_order":3,"comment_status":"closed","ping_status":"closed","template":"","meta":{"ngg_post_thumbnail":0,"footnotes":""},"categories":[54],"tags":[],"class_list":["post-13806","page","type-page","status-publish","has-post-thumbnail","hentry","category-capsun"],"_links":{"self":[{"href":"https:\/\/icdp.ro\/ro\/wp-json\/wp\/v2\/pages\/13806","targetHints":{"allow":["GET"]}}],"collection":[{"href":"https:\/\/icdp.ro\/ro\/wp-json\/wp\/v2\/pages"}],"about":[{"href":"https:\/\/icdp.ro\/ro\/wp-json\/wp\/v2\/types\/page"}],"author":[{"embeddable":true,"href":"https:\/\/icdp.ro\/ro\/wp-json\/wp\/v2\/users\/1"}],"replies":[{"embeddable":true,"href":"https:\/\/icdp.ro\/ro\/wp-json\/wp\/v2\/comments?post=13806"}],"version-history":[{"count":3,"href":"https:\/\/icdp.ro\/ro\/wp-json\/wp\/v2\/pages\/13806\/revisions"}],"predecessor-version":[{"id":13811,"href":"https:\/\/icdp.ro\/ro\/wp-json\/wp\/v2\/pages\/13806\/revisions\/13811"}],"up":[{"embeddable":true,"href":"https:\/\/icdp.ro\/ro\/wp-json\/wp\/v2\/pages\/13781"}],"wp:featuredmedia":[{"embeddable":true,"href":"https:\/\/icdp.ro\/ro\/wp-json\/wp\/v2\/media\/13807"}],"wp:attachment":[{"href":"https:\/\/icdp.ro\/ro\/wp-json\/wp\/v2\/media?parent=13806"}],"wp:term":[{"taxonomy":"category","embeddable":true,"href":"https:\/\/icdp.ro\/ro\/wp-json\/wp\/v2\/categories?post=13806"},{"taxonomy":"post_tag","embeddable":true,"href":"https:\/\/icdp.ro\/ro\/wp-json\/wp\/v2\/tags?post=13806"}],"curies":[{"name":"wp","href":"https:\/\/api.w.org\/{rel}","templated":true}]}}