{"id":13802,"date":"2024-05-03T14:15:18","date_gmt":"2024-05-03T11:15:18","guid":{"rendered":"https:\/\/icdp.ro\/?page_id=13802"},"modified":"2024-05-03T14:15:18","modified_gmt":"2024-05-03T11:15:18","slug":"ireal","status":"publish","type":"page","link":"https:\/\/icdp.ro\/ro\/cercetare\/arbusti-fructiferi-si-capsun\/ameliorarea-genetica-a-soiurilor\/ireal\/","title":{"rendered":"IREAL"},"content":{"rendered":"<p><a href=\"https:\/\/icdp.ro\/wp-content\/uploads\/2024\/05\/Ireal-1.jpg\"><img decoding=\"async\" class=\"wp-image-13804 size-fusion-400 alignright\" src=\"https:\/\/icdp.ro\/wp-content\/uploads\/2024\/05\/Ireal-1-400x216.jpg\" alt=\"\" width=\"400\" height=\"216\" srcset=\"https:\/\/icdp.ro\/wp-content\/uploads\/2024\/05\/Ireal-1-18x10.jpg 18w, https:\/\/icdp.ro\/wp-content\/uploads\/2024\/05\/Ireal-1-200x108.jpg 200w, https:\/\/icdp.ro\/wp-content\/uploads\/2024\/05\/Ireal-1-300x162.jpg 300w, https:\/\/icdp.ro\/wp-content\/uploads\/2024\/05\/Ireal-1-400x216.jpg 400w, https:\/\/icdp.ro\/wp-content\/uploads\/2024\/05\/Ireal-1-600x323.jpg 600w, https:\/\/icdp.ro\/wp-content\/uploads\/2024\/05\/Ireal-1-768x414.jpg 768w, https:\/\/icdp.ro\/wp-content\/uploads\/2024\/05\/Ireal-1-800x431.jpg 800w, https:\/\/icdp.ro\/wp-content\/uploads\/2024\/05\/Ireal-1-1024x552.jpg 1024w, https:\/\/icdp.ro\/wp-content\/uploads\/2024\/05\/Ireal-1-1200x647.jpg 1200w, https:\/\/icdp.ro\/wp-content\/uploads\/2024\/05\/Ireal-1-1536x828.jpg 1536w\" sizes=\"(max-width: 400px) 100vw, 400px\" \/><\/a><\/p>\n<p>Originea: hibridare controlat\u0103&nbsp; a soiurilor Queen Elisa \u00d7 Real<br \/>\nAnul \u00eenregistr\u0103rii: 2019<br \/>\nCaracteristicile \u015fi \u00eensu\u015firile principale pentru care se recomand\u0103:<\/p>\n<p>&#8211; fructele sunt mari (20-25g), conice, de culoare ro\u0219u aprins, lucioase, ferme \u0219i aromate. Produce \u00een mod constant \u00eentre 550-700 g pe plant\u0103.<br \/>\n&#8211; epoca de maturare este \u00een a doua decad\u0103 a lunii mai odat\u0103 cu soiul Real.<br \/>\n&#8211; prezint\u0103 prezint\u0103 sensibilitate la <em>Mycosphaerella fragariae<\/em> \u0219i toleran\u0163\u0103 la<em> Botrytis cinerea<\/em>.<\/p>\n<p>Fructele proaspete sunt destinate consumului \u00een stare proasp\u0103t\u0103, pentru sucuri, gemuri, dulce\u0163uri, jeleuri \u0219i congelare.<\/p>\n<p>&nbsp;<\/p>\n","protected":false},"excerpt":{"rendered":"<p>Originea: hibridare controlat\u0103&nbsp; a soiurilor Queen Elisa \u00d7 Real Anul \u00eenregistr\u0103rii: 2019 Caracteristicile \u015fi \u00eensu\u015firile principale pentru care se recomand\u0103: &#8211; fructele sunt mari (20-25g), conice, de culoare ro\u0219u aprins, lucioase, ferme \u0219i aromate. Produce \u00een mod constant \u00eentre 550-700 g pe plant\u0103. &#8211; epoca de maturare este \u00een a doua decad\u0103 a lunii mai  [&#8230;]<\/p>\n","protected":false},"author":1,"featured_media":13803,"parent":13781,"menu_order":2,"comment_status":"closed","ping_status":"closed","template":"","meta":{"ngg_post_thumbnail":0,"footnotes":""},"categories":[54],"tags":[],"class_list":["post-13802","page","type-page","status-publish","has-post-thumbnail","hentry","category-capsun"],"_links":{"self":[{"href":"https:\/\/icdp.ro\/ro\/wp-json\/wp\/v2\/pages\/13802","targetHints":{"allow":["GET"]}}],"collection":[{"href":"https:\/\/icdp.ro\/ro\/wp-json\/wp\/v2\/pages"}],"about":[{"href":"https:\/\/icdp.ro\/ro\/wp-json\/wp\/v2\/types\/page"}],"author":[{"embeddable":true,"href":"https:\/\/icdp.ro\/ro\/wp-json\/wp\/v2\/users\/1"}],"replies":[{"embeddable":true,"href":"https:\/\/icdp.ro\/ro\/wp-json\/wp\/v2\/comments?post=13802"}],"version-history":[{"count":1,"href":"https:\/\/icdp.ro\/ro\/wp-json\/wp\/v2\/pages\/13802\/revisions"}],"predecessor-version":[{"id":13805,"href":"https:\/\/icdp.ro\/ro\/wp-json\/wp\/v2\/pages\/13802\/revisions\/13805"}],"up":[{"embeddable":true,"href":"https:\/\/icdp.ro\/ro\/wp-json\/wp\/v2\/pages\/13781"}],"wp:featuredmedia":[{"embeddable":true,"href":"https:\/\/icdp.ro\/ro\/wp-json\/wp\/v2\/media\/13803"}],"wp:attachment":[{"href":"https:\/\/icdp.ro\/ro\/wp-json\/wp\/v2\/media?parent=13802"}],"wp:term":[{"taxonomy":"category","embeddable":true,"href":"https:\/\/icdp.ro\/ro\/wp-json\/wp\/v2\/categories?post=13802"},{"taxonomy":"post_tag","embeddable":true,"href":"https:\/\/icdp.ro\/ro\/wp-json\/wp\/v2\/tags?post=13802"}],"curies":[{"name":"wp","href":"https:\/\/api.w.org\/{rel}","templated":true}]}}