{"id":13789,"date":"2024-05-03T14:07:29","date_gmt":"2024-05-03T11:07:29","guid":{"rendered":"https:\/\/icdp.ro\/?page_id=13789"},"modified":"2024-05-03T14:10:44","modified_gmt":"2024-05-03T11:10:44","slug":"coral","status":"publish","type":"page","link":"https:\/\/icdp.ro\/ro\/cercetare\/arbusti-fructiferi-si-capsun\/ameliorarea-genetica-a-soiurilor\/coral\/","title":{"rendered":"CORAL"},"content":{"rendered":"<p><a href=\"https:\/\/icdp.ro\/wp-content\/uploads\/2024\/05\/DSC09925.jpg\"><img decoding=\"async\" class=\"size-fusion-400 wp-image-13791 alignright\" src=\"https:\/\/icdp.ro\/wp-content\/uploads\/2024\/05\/DSC09925-400x266.jpg\" alt=\"\" width=\"400\" height=\"266\" srcset=\"https:\/\/icdp.ro\/wp-content\/uploads\/2024\/05\/DSC09925-18x12.jpg 18w, https:\/\/icdp.ro\/wp-content\/uploads\/2024\/05\/DSC09925-200x133.jpg 200w, https:\/\/icdp.ro\/wp-content\/uploads\/2024\/05\/DSC09925-300x199.jpg 300w, https:\/\/icdp.ro\/wp-content\/uploads\/2024\/05\/DSC09925-400x266.jpg 400w, https:\/\/icdp.ro\/wp-content\/uploads\/2024\/05\/DSC09925-600x399.jpg 600w, https:\/\/icdp.ro\/wp-content\/uploads\/2024\/05\/DSC09925-768x510.jpg 768w, https:\/\/icdp.ro\/wp-content\/uploads\/2024\/05\/DSC09925-800x531.jpg 800w, https:\/\/icdp.ro\/wp-content\/uploads\/2024\/05\/DSC09925-1024x680.jpg 1024w, https:\/\/icdp.ro\/wp-content\/uploads\/2024\/05\/DSC09925-1200x797.jpg 1200w, https:\/\/icdp.ro\/wp-content\/uploads\/2024\/05\/DSC09925-1536x1020.jpg 1536w\" sizes=\"(max-width: 400px) 100vw, 400px\" \/><\/a><\/p>\n<p>Autor<strong>: <\/strong>M. Coman<br \/>\nOriginea: hibridare controlat\u0103 a genotipurilor (Sunrise \u00d7 Gorella) \u00d7 Early Glow.<br \/>\nAnul \u00eenregistr\u0103rii<strong>: <\/strong>1993<br \/>\nCaracteristicile \u015fi \u00eensu\u015firile principale pentru care se recomand\u0103:<\/p>\n<ul>\n<li>productivitate ridicat\u0103;<\/li>\n<li>perioada de maturare semitimpurie, la 2-3 zile dup\u0103 soiul Premial;<\/li>\n<li>calitatea superioar\u0103 a fructelor: m\u0103rime mare &#8211; mijlocie, conic globuloase spre cordiforme, de culoare purpurie, cu pulpa colorat\u0103 \u00een ro\u015fu \u00eenchis, cu fermitate bun\u0103, arom\u0103 pl\u0103cut\u0103, con\u0163inut ridicat \u00een s.u., zah\u0103r \u015fi acid ascorbic;<\/li>\n<li>pretabilitatea la cultura \u00een c\u00e2mp deschis \u015fi cultur\u0103 protejat\u0103.<\/li>\n<\/ul>\n<p>Alte \u00eensu\u015firi:<\/p>\n<ul>\n<li>soi de zi scurt\u0103;<\/li>\n<li>tufe de vigoare mare.<\/li>\n<\/ul>\n<p>Utilizare: consum \u00een stare proasp\u0103t\u0103,&nbsp; prelucrare \u015fi congelare.<\/p>\n","protected":false},"excerpt":{"rendered":"<p>Autor: M. Coman Originea: hibridare controlat\u0103 a genotipurilor (Sunrise \u00d7 Gorella) \u00d7 Early Glow. Anul \u00eenregistr\u0103rii: 1993 Caracteristicile \u015fi \u00eensu\u015firile principale pentru care se recomand\u0103: productivitate ridicat\u0103; perioada de maturare semitimpurie, la 2-3 zile dup\u0103 soiul Premial; calitatea superioar\u0103 a fructelor: m\u0103rime mare &#8211; mijlocie, conic globuloase spre cordiforme, de culoare purpurie, cu pulpa colorat\u0103  [&#8230;]<\/p>\n","protected":false},"author":1,"featured_media":13790,"parent":13781,"menu_order":0,"comment_status":"closed","ping_status":"closed","template":"","meta":{"ngg_post_thumbnail":0,"footnotes":""},"categories":[54],"tags":[],"class_list":["post-13789","page","type-page","status-publish","has-post-thumbnail","hentry","category-capsun"],"_links":{"self":[{"href":"https:\/\/icdp.ro\/ro\/wp-json\/wp\/v2\/pages\/13789","targetHints":{"allow":["GET"]}}],"collection":[{"href":"https:\/\/icdp.ro\/ro\/wp-json\/wp\/v2\/pages"}],"about":[{"href":"https:\/\/icdp.ro\/ro\/wp-json\/wp\/v2\/types\/page"}],"author":[{"embeddable":true,"href":"https:\/\/icdp.ro\/ro\/wp-json\/wp\/v2\/users\/1"}],"replies":[{"embeddable":true,"href":"https:\/\/icdp.ro\/ro\/wp-json\/wp\/v2\/comments?post=13789"}],"version-history":[{"count":4,"href":"https:\/\/icdp.ro\/ro\/wp-json\/wp\/v2\/pages\/13789\/revisions"}],"predecessor-version":[{"id":13795,"href":"https:\/\/icdp.ro\/ro\/wp-json\/wp\/v2\/pages\/13789\/revisions\/13795"}],"up":[{"embeddable":true,"href":"https:\/\/icdp.ro\/ro\/wp-json\/wp\/v2\/pages\/13781"}],"wp:featuredmedia":[{"embeddable":true,"href":"https:\/\/icdp.ro\/ro\/wp-json\/wp\/v2\/media\/13790"}],"wp:attachment":[{"href":"https:\/\/icdp.ro\/ro\/wp-json\/wp\/v2\/media?parent=13789"}],"wp:term":[{"taxonomy":"category","embeddable":true,"href":"https:\/\/icdp.ro\/ro\/wp-json\/wp\/v2\/categories?post=13789"},{"taxonomy":"post_tag","embeddable":true,"href":"https:\/\/icdp.ro\/ro\/wp-json\/wp\/v2\/tags?post=13789"}],"curies":[{"name":"wp","href":"https:\/\/api.w.org\/{rel}","templated":true}]}}