{"id":13538,"date":"2023-09-26T11:37:14","date_gmt":"2023-09-26T08:37:14","guid":{"rendered":"https:\/\/icdp.ro\/?page_id=13538"},"modified":"2023-09-26T11:37:14","modified_gmt":"2023-09-26T08:37:14","slug":"obiective","status":"publish","type":"page","link":"https:\/\/icdp.ro\/ro\/cercetare\/proiecte-nationale\/plan-sectorial-madr\/ader-6-3-23\/obiective\/","title":{"rendered":"Obiective"},"content":{"rendered":"<h5>Obiective<\/h5>\n<p>&#8211; Monitorizarea culturilor privind corela\u021bia dintre stresul hidric \u0219i nutri\u021bional cuantificat de indicatorii fluorescen\u021bei clorofilei aparatului foliar al pomilor, imaginile multispectrale \u0219i tr\u0103s\u0103turile fiziologice ale speciilor pomicole, interpretate cu ajutorul unor modele fizice de transfer radiativ;&nbsp;<br \/>\n&#8211; Modelele matematice de transfer radiativ bazate fizic (indicii de vegeta\u021bie), generate \u00een cadrul proiectului, vor fi utilizate pentru a crea sisteme informatice destinate estim\u0103rii st\u0103rii fiziologice a plantelor, intensit\u0103\u021bii stresului abiotic timpuriu \u0219i ajust\u0103rii \u00een timp util a programelor de fertirigare;<br \/>\n&#8211; Ghid practic privind utilizarea solu\u021biilor inovative rezultate \u00een cadrul proiectului.<\/p>\n<p>&nbsp;<\/p>\n","protected":false},"excerpt":{"rendered":"<p>Obiective &#8211; Monitorizarea culturilor privind corela\u021bia dintre stresul hidric \u0219i nutri\u021bional cuantificat de indicatorii fluorescen\u021bei clorofilei aparatului foliar al pomilor, imaginile multispectrale \u0219i tr\u0103s\u0103turile fiziologice ale speciilor pomicole, interpretate cu ajutorul unor modele fizice de transfer radiativ;&nbsp; &#8211; Modelele matematice de transfer radiativ bazate fizic (indicii de vegeta\u021bie), generate \u00een cadrul proiectului, vor fi utilizate  [&#8230;]<\/p>\n","protected":false},"author":1,"featured_media":0,"parent":13532,"menu_order":2,"comment_status":"closed","ping_status":"closed","template":"","meta":{"ngg_post_thumbnail":0,"footnotes":""},"categories":[],"tags":[],"class_list":["post-13538","page","type-page","status-publish","hentry"],"_links":{"self":[{"href":"https:\/\/icdp.ro\/ro\/wp-json\/wp\/v2\/pages\/13538","targetHints":{"allow":["GET"]}}],"collection":[{"href":"https:\/\/icdp.ro\/ro\/wp-json\/wp\/v2\/pages"}],"about":[{"href":"https:\/\/icdp.ro\/ro\/wp-json\/wp\/v2\/types\/page"}],"author":[{"embeddable":true,"href":"https:\/\/icdp.ro\/ro\/wp-json\/wp\/v2\/users\/1"}],"replies":[{"embeddable":true,"href":"https:\/\/icdp.ro\/ro\/wp-json\/wp\/v2\/comments?post=13538"}],"version-history":[{"count":1,"href":"https:\/\/icdp.ro\/ro\/wp-json\/wp\/v2\/pages\/13538\/revisions"}],"predecessor-version":[{"id":13539,"href":"https:\/\/icdp.ro\/ro\/wp-json\/wp\/v2\/pages\/13538\/revisions\/13539"}],"up":[{"embeddable":true,"href":"https:\/\/icdp.ro\/ro\/wp-json\/wp\/v2\/pages\/13532"}],"wp:attachment":[{"href":"https:\/\/icdp.ro\/ro\/wp-json\/wp\/v2\/media?parent=13538"}],"wp:term":[{"taxonomy":"category","embeddable":true,"href":"https:\/\/icdp.ro\/ro\/wp-json\/wp\/v2\/categories?post=13538"},{"taxonomy":"post_tag","embeddable":true,"href":"https:\/\/icdp.ro\/ro\/wp-json\/wp\/v2\/tags?post=13538"}],"curies":[{"name":"wp","href":"https:\/\/api.w.org\/{rel}","templated":true}]}}