{"id":13534,"date":"2023-09-26T11:34:16","date_gmt":"2023-09-26T08:34:16","guid":{"rendered":"https:\/\/icdp.ro\/?page_id=13534"},"modified":"2023-09-26T11:34:16","modified_gmt":"2023-09-26T08:34:16","slug":"rezumat","status":"publish","type":"page","link":"https:\/\/icdp.ro\/ro\/cercetare\/proiecte-nationale\/plan-sectorial-madr\/ader-6-3-23\/rezumat\/","title":{"rendered":"Rezumat"},"content":{"rendered":"<h5>Rezumat<\/h5>\n<p>Spre deosebire de metodele clasice, tehnologiile noi, precum sistemele de m\u0103surare (detec\u021bia multispectral\u0103) \u0219i controlul cu sisteme inteligente de producere a energiei regenerabile (sisteme fotovoltaice), vor aduce beneficii suplimentare legate de acurate\u021bea determin\u0103rilor \u0219i reducerea st\u0103rii de stress abiotic a culturilor. Protec\u021bia asigurat\u0103 de panourile fotovoltaice semitransparente, creeaz\u0103 un microclimat controlat de temperatur\u0103, lumin\u0103 \u0219i umiditate. \u00cen plus, sistemul alimenteaz\u0103 energetic at\u00e2t echipamentele de fertirigare, c\u00e2t \u0219i platforma hardware-software destinat\u0103 monitoriz\u0103rii SMART a tehnologiilor aplicate \u0219i a condi\u021biilor climatice pentru anticiparea \u0219i diminuarea efectelor negative.<\/p>\n<p>Cercet\u0103rile vor urm\u0103ri exploatarea sustenabil\u0103 a planta\u021biilor pomicole, const\u00e2nd \u00een sporirea productivit\u0103\u021bii concomitent cu eficientizarea utiliz\u0103rii resurselor de ap\u0103 \u0219i nutrien\u021bi, reducerea stresului abiotic al plantelor \u0219i asigurarea autonomiei energetice a sistemelor de implementare \u0219i control a programelor tehnologice.&nbsp; \u00cen acest context, sistemele fotovoltaice creeaz\u0103 culturilor un mediu protejat prin reducerea temperaturii, radia\u021biei solare directe \u0219i men\u021binerea unui nivel mai ridicat de umiditate, asigur\u00e2nd autonomia energetic\u0103 a sistemelor de implementare-control a fertirig\u0103rii \u0219i a sistemelor de monitorizare a principalilor indicatori climatici.<\/p>\n","protected":false},"excerpt":{"rendered":"<p>Rezumat Spre deosebire de metodele clasice, tehnologiile noi, precum sistemele de m\u0103surare (detec\u021bia multispectral\u0103) \u0219i controlul cu sisteme inteligente de producere a energiei regenerabile (sisteme fotovoltaice), vor aduce beneficii suplimentare legate de acurate\u021bea determin\u0103rilor \u0219i reducerea st\u0103rii de stress abiotic a culturilor. Protec\u021bia asigurat\u0103 de panourile fotovoltaice semitransparente, creeaz\u0103 un microclimat controlat de temperatur\u0103, lumin\u0103  [&#8230;]<\/p>\n","protected":false},"author":1,"featured_media":0,"parent":13532,"menu_order":0,"comment_status":"closed","ping_status":"closed","template":"","meta":{"ngg_post_thumbnail":0,"footnotes":""},"categories":[],"tags":[],"class_list":["post-13534","page","type-page","status-publish","hentry"],"_links":{"self":[{"href":"https:\/\/icdp.ro\/ro\/wp-json\/wp\/v2\/pages\/13534","targetHints":{"allow":["GET"]}}],"collection":[{"href":"https:\/\/icdp.ro\/ro\/wp-json\/wp\/v2\/pages"}],"about":[{"href":"https:\/\/icdp.ro\/ro\/wp-json\/wp\/v2\/types\/page"}],"author":[{"embeddable":true,"href":"https:\/\/icdp.ro\/ro\/wp-json\/wp\/v2\/users\/1"}],"replies":[{"embeddable":true,"href":"https:\/\/icdp.ro\/ro\/wp-json\/wp\/v2\/comments?post=13534"}],"version-history":[{"count":1,"href":"https:\/\/icdp.ro\/ro\/wp-json\/wp\/v2\/pages\/13534\/revisions"}],"predecessor-version":[{"id":13535,"href":"https:\/\/icdp.ro\/ro\/wp-json\/wp\/v2\/pages\/13534\/revisions\/13535"}],"up":[{"embeddable":true,"href":"https:\/\/icdp.ro\/ro\/wp-json\/wp\/v2\/pages\/13532"}],"wp:attachment":[{"href":"https:\/\/icdp.ro\/ro\/wp-json\/wp\/v2\/media?parent=13534"}],"wp:term":[{"taxonomy":"category","embeddable":true,"href":"https:\/\/icdp.ro\/ro\/wp-json\/wp\/v2\/categories?post=13534"},{"taxonomy":"post_tag","embeddable":true,"href":"https:\/\/icdp.ro\/ro\/wp-json\/wp\/v2\/tags?post=13534"}],"curies":[{"name":"wp","href":"https:\/\/api.w.org\/{rel}","templated":true}]}}