{"id":13520,"date":"2023-09-26T11:27:53","date_gmt":"2023-09-26T08:27:53","guid":{"rendered":"https:\/\/icdp.ro\/?page_id=13520"},"modified":"2023-09-26T11:27:53","modified_gmt":"2023-09-26T08:27:53","slug":"rezumat","status":"publish","type":"page","link":"https:\/\/icdp.ro\/ro\/cercetare\/proiecte-nationale\/plan-sectorial-madr\/ader-6-3-3\/rezumat\/","title":{"rendered":"Rezumat"},"content":{"rendered":"<h5>Rezumat<\/h5>\n<p>Propunerea de proiect reprezint\u0103 o abordare complex\u0103, adaptat\u0103 impactului real al factorilor climatici \u00een pomicultur\u0103 folosind teoria probabilit\u0103\u021bilor pentru cuantificarea factorilor de risc, precum \u0219i modele regresionale bazate pe datele fenologice, climatice \u0219i de sol livrate de institu\u021biile de cercetare din domeniu.<\/p>\n<p>Proiectul stabile\u0219te 12 indicatori de favorabilitate pedoclimatic\u0103 \u00een loc de 8 aplica\u021bi la zonarea precedent\u0103. Proiectul \u00ee\u0219i propune s\u0103 actualizeze \u0219i s\u0103 extinde baza de date climatice, stabilirea arealelor cu risc crescut de d\u0103unare a organelor florale prin \u00eenghe\u021buri t\u00e2rzii, prin aplicarea brevetului OSIM A\/01248\/2010 \u0219i stabilirea favorabilit\u0103\u021bii globale a terenurilor pentru speciile pomicole.<\/p>\n<p>Ghidul practic rezultat va fi utilizat \u00een fundamentarea normelor de aplicare a programelor de restructurare\/reconversie a planta\u021biilor pomicole din Rom\u00e2nia.<\/p>\n","protected":false},"excerpt":{"rendered":"<p>Rezumat Propunerea de proiect reprezint\u0103 o abordare complex\u0103, adaptat\u0103 impactului real al factorilor climatici \u00een pomicultur\u0103 folosind teoria probabilit\u0103\u021bilor pentru cuantificarea factorilor de risc, precum \u0219i modele regresionale bazate pe datele fenologice, climatice \u0219i de sol livrate de institu\u021biile de cercetare din domeniu. Proiectul stabile\u0219te 12 indicatori de favorabilitate pedoclimatic\u0103 \u00een loc de 8 aplica\u021bi  [&#8230;]<\/p>\n","protected":false},"author":1,"featured_media":0,"parent":13518,"menu_order":0,"comment_status":"closed","ping_status":"closed","template":"","meta":{"ngg_post_thumbnail":0,"footnotes":""},"categories":[],"tags":[],"class_list":["post-13520","page","type-page","status-publish","hentry"],"_links":{"self":[{"href":"https:\/\/icdp.ro\/ro\/wp-json\/wp\/v2\/pages\/13520","targetHints":{"allow":["GET"]}}],"collection":[{"href":"https:\/\/icdp.ro\/ro\/wp-json\/wp\/v2\/pages"}],"about":[{"href":"https:\/\/icdp.ro\/ro\/wp-json\/wp\/v2\/types\/page"}],"author":[{"embeddable":true,"href":"https:\/\/icdp.ro\/ro\/wp-json\/wp\/v2\/users\/1"}],"replies":[{"embeddable":true,"href":"https:\/\/icdp.ro\/ro\/wp-json\/wp\/v2\/comments?post=13520"}],"version-history":[{"count":1,"href":"https:\/\/icdp.ro\/ro\/wp-json\/wp\/v2\/pages\/13520\/revisions"}],"predecessor-version":[{"id":13521,"href":"https:\/\/icdp.ro\/ro\/wp-json\/wp\/v2\/pages\/13520\/revisions\/13521"}],"up":[{"embeddable":true,"href":"https:\/\/icdp.ro\/ro\/wp-json\/wp\/v2\/pages\/13518"}],"wp:attachment":[{"href":"https:\/\/icdp.ro\/ro\/wp-json\/wp\/v2\/media?parent=13520"}],"wp:term":[{"taxonomy":"category","embeddable":true,"href":"https:\/\/icdp.ro\/ro\/wp-json\/wp\/v2\/categories?post=13520"},{"taxonomy":"post_tag","embeddable":true,"href":"https:\/\/icdp.ro\/ro\/wp-json\/wp\/v2\/tags?post=13520"}],"curies":[{"name":"wp","href":"https:\/\/api.w.org\/{rel}","templated":true}]}}